{"id":7637,"date":"2023-07-24T13:45:43","date_gmt":"2023-07-24T11:45:43","guid":{"rendered":"https:\/\/www.limodor.com\/ch\/equipe\/"},"modified":"2024-12-06T13:52:35","modified_gmt":"2024-12-06T12:52:35","slug":"equipe","status":"publish","type":"page","link":"https:\/\/www.limodor.com\/ch\/fr\/a-propos-de-nous\/equipe\/","title":{"rendered":"\u00c9quipe"},"content":{"rendered":"\n\t<section class=\"section wave\" id=\"section_158356589\">\n\t\t<div class=\"section-bg fill\" >\n\t\t\t<img loading=\"lazy\" decoding=\"async\" width=\"2560\" height=\"1707\" src=\"https:\/\/www.limodor.com\/ch\/wp-content\/uploads\/sites\/3\/2023\/10\/23.10.18.-limodor-ebikon-MAT01392-scaled.jpg\" class=\"bg attachment-original size-original\" alt=\"\" \/>\t\t\t\t\t\t\n\t\t\t\n\n\t\t<\/div>\n\n\t\t\n\n\t\t<div class=\"section-content relative\">\n\t\t\t\n\n\n\t\t<\/div>\n\n\t\t\n<style>\n#section_158356589 {\n  padding-top: 0px;\n  padding-bottom: 0px;\n  min-height: 50vh;\n}\n<\/style>\n\t<\/section>\n\t\n\n\t<section class=\"section section-space\" id=\"section_409396747\">\n\t\t<div class=\"section-bg fill\" >\n\t\t\t\t\t\t\t\t\t\n\t\t\t\n\n\t\t<\/div>\n\n\t\t\n\n\t\t<div class=\"section-content relative\">\n\t\t\t\n\n<div class=\"row row-collapse align-center\"  id=\"row-44257981\">\n\n\n\t<div id=\"col-1541782865\" class=\"col medium-8 small-12 large-8\"  >\n\t\t\t\t<div class=\"col-inner text-center\"  >\n\t\t\t\n\t\t\t\n\n<h1>\u00c9quipe<\/h1>\n<p>Nos clients, installateurs et partenaires dans le commerce de gros ou dans les bureaux d&rsquo;architecture et de planification nous connaissent comme \u00e9tant comp\u00e9tents et orient\u00e9s vers le service. Mais nous sommes \u00e9galement simples, sans pr\u00e9tention et coll\u00e9giaux. Tout comme nous nous traitons les uns les autres au sein de l&rsquo;entreprise. Nous sommes des hommes et des femmes sympathiques, cr\u00e9atifs et pragmatiques, dans lesquels on se sent bien. D&rsquo;\u00e9gal \u00e0 \u00e9gal, dans tous les services. La qualit\u00e9 \u00e0 tous les niveaux : c&rsquo;est ce que repr\u00e9sentent nos produits, mais aussi les personnes qui se trouvent derri\u00e8re.     <\/p>\n\n\t\t<\/div>\n\t\t\t\t\t<\/div>\n\n\t\n\n<\/div>\n\n\t\t<\/div>\n\n\t\t\n<style>\n#section_409396747 {\n  padding-top: 0px;\n  padding-bottom: 0px;\n}\n<\/style>\n\t<\/section>\n\t<div class=\"e5-team-container\"><div class=\"e5-team-departments-container\"><div class=\"e5-headline-height\">&nbsp;<\/div><div class=\"e5-departments\"><div class=\"e5-department e5-department-active e5-pointer\" data-name=\"Direction de l'entreprise\"><span class=\"e5-department-name\">Direction de l'entreprise<\/span><span class=\"e5-department-button e5-department-button-active\"><\/span><\/div><div class=\"e5-employees-container-mobile e5-hide-desktop\" data-category-name=\"Direction de l'entreprise\"><div id =\"7671\" class=\"e5-employee-card\" data-category-sources=\"Direction de l'entreprise\" data-categories=\"Direction de l'entreprise\"><img decoding=\"async\" class=\"e5-employee-image\" src=\"https:\/\/www.limodor.com\/ch\/wp-content\/uploads\/sites\/3\/2023\/11\/Ursin_Schlosser.jpg\"\/><div class=\"e5-employee-name\">Ursin Schlosser<\/div><div class=\"e5-employee-role\">Directeur g\u00e9n\u00e9ral<\/div><\/div><div id =\"7669\" class=\"e5-employee-card\" data-category-sources=\"Direction de l'entreprise\" data-categories=\"Direction de l'entreprise\"><img decoding=\"async\" class=\"e5-employee-image\" src=\"https:\/\/www.limodor.com\/ch\/wp-content\/uploads\/sites\/3\/2023\/11\/Alain_Buschor.jpg\"\/><div class=\"e5-employee-name\">Alain Buschor<\/div><div class=\"e5-employee-role\">Directeur des ventes et du marketing<\/div><\/div><\/div><div class=\"e5-department e5-pointer\" data-name=\"Service ext\u00e9rieur\"><span class=\"e5-department-name\">Service ext\u00e9rieur<\/span><span class=\"e5-department-button e5-department-button-inactive\"><\/span><\/div><div class=\"e5-employees-container-mobile e5-hide-desktop\" data-category-name=\"Service ext\u00e9rieur\"><div id =\"268\" class=\"e5-employee-card e5-hide-employee\" data-category-sources=\"Service ext\u00e9rieur\" data-categories=\"Service ext\u00e9rieur\"><img decoding=\"async\" class=\"e5-employee-image\" src=\"https:\/\/www.limodor.com\/ch\/wp-content\/uploads\/sites\/3\/2023\/11\/Leo_Casanova.jpg\"\/><div class=\"e5-employee-name\">Leo Casanova<\/div><div class=\"e5-employee-role\">Conseiller technique de vente<\/div><div class=\"e5-employee-contact-container\"><img decoding=\"async\" class=\"e5-employee-conatact-icon\" src=\"https:\/\/www.limodor.com\/ch\/wp-content\/mu-plugins\/limodor\/images\/telephone.svg\" \/><a class=\"e5-employee-contact\" href=\"callto:+41 79 265 97 97\">+41 79 265 97 97<\/a><\/div><div class=\"e5-employee-cantons\"><b>Cantons: <\/b>AI \u00b7 AR \u00b7 GL \u00b7 GR \u00b7 SG \u00b7 SZ \u00b7 TI \u00b7 TG<\/div><\/div><div id =\"7665\" class=\"e5-employee-card e5-hide-employee\" data-category-sources=\"Service ext\u00e9rieur\" data-categories=\"Service ext\u00e9rieur\"><img decoding=\"async\" class=\"e5-employee-image\" src=\"https:\/\/www.limodor.com\/ch\/wp-content\/uploads\/sites\/3\/2023\/11\/Profilbild-Mann.jpg\"\/><div class=\"e5-employee-name\">Swen M\u00fclhauser<\/div><div class=\"e5-employee-role\">Conseiller technique de vente<\/div><div class=\"e5-employee-contact-container\"><img decoding=\"async\" class=\"e5-employee-conatact-icon\" src=\"https:\/\/www.limodor.com\/ch\/wp-content\/mu-plugins\/limodor\/images\/telephone.svg\" \/><a class=\"e5-employee-contact\" href=\"callto:+41 79 265 90 90\">+41 79 265 90 90<\/a><\/div><div class=\"e5-employee-cantons\"><b>Cantons: <\/b>BE \u00b7 FR \u00b7 GE \u00b7 JU \u00b7 NE \u00b7 SO \u00b7 VD \u00b7 VS<\/div><\/div><div id =\"7663\" class=\"e5-employee-card e5-hide-employee\" data-category-sources=\"Service ext\u00e9rieur\" data-categories=\"Service ext\u00e9rieur\"><img decoding=\"async\" class=\"e5-employee-image\" src=\"https:\/\/www.limodor.com\/ch\/wp-content\/uploads\/sites\/3\/2024\/03\/Muhamet-Kqiku-hell.jpg\"\/><div class=\"e5-employee-name\">Muhamet Kqiku<\/div><div class=\"e5-employee-role\">Conseiller technique de vente<\/div><div class=\"e5-employee-contact-container\"><img decoding=\"async\" class=\"e5-employee-conatact-icon\" src=\"https:\/\/www.limodor.com\/ch\/wp-content\/mu-plugins\/limodor\/images\/telephone.svg\" \/><a class=\"e5-employee-contact\" href=\"callto:+41 79 265 95 95\">+41 79 265 95 95<\/a><\/div><div class=\"e5-employee-cantons\"><b>Cantons: <\/b>AG \u00b7 BL \u00b7 BS \u00b7 LU \u00b7 NW \u00b7 OW \u00b7 SH \u00b7 UR \u00b7 ZG \u00b7 ZH <\/div><\/div><\/div><div class=\"e5-department e5-pointer\" data-name=\"Service interne\"><span class=\"e5-department-name\">Service interne<\/span><span class=\"e5-department-button e5-department-button-inactive\"><\/span><\/div><div class=\"e5-employees-container-mobile e5-hide-desktop\" data-category-name=\"Service interne\"><div id =\"8884\" class=\"e5-employee-card e5-hide-employee\" data-category-sources=\"Service interne\" data-categories=\"Service interne\"><img decoding=\"async\" class=\"e5-employee-image\" src=\"https:\/\/www.limodor.com\/ch\/wp-content\/uploads\/sites\/3\/2023\/11\/Christian-Hartmann.jpg\"\/><div class=\"e5-employee-name\">Christian Hartmann<\/div><div class=\"e5-employee-role\">conseiller technique de vente au service interne<\/div><div class=\"e5-employee-contact-container\"><img decoding=\"async\" class=\"e5-employee-conatact-icon\" src=\"https:\/\/www.limodor.com\/ch\/wp-content\/mu-plugins\/limodor\/images\/email.svg\" \/><a class=\"e5-employee-contact\" href=\"mailto:verkauf@limodor.ch\">verkauf@limodor.ch<\/a><\/div><div class=\"e5-employee-contact-container\"><img decoding=\"async\" class=\"e5-employee-conatact-icon\" src=\"https:\/\/www.limodor.com\/ch\/wp-content\/mu-plugins\/limodor\/images\/telephone.svg\" \/><a class=\"e5-employee-contact\" href=\"callto:0800 65 42 42\">0800 65 42 42<\/a><\/div><\/div><div id =\"8886\" class=\"e5-employee-card e5-hide-employee\" data-category-sources=\"Service interne\" data-categories=\"Service interne\"><img decoding=\"async\" class=\"e5-employee-image\" src=\"https:\/\/www.limodor.com\/ch\/wp-content\/uploads\/sites\/3\/2023\/11\/Trajko_Klepov.jpg\"\/><div class=\"e5-employee-name\">Trajko Klepov<\/div><div class=\"e5-employee-role\">conseiller technique de vente au service interne<\/div><div class=\"e5-employee-contact-container\"><img decoding=\"async\" class=\"e5-employee-conatact-icon\" src=\"https:\/\/www.limodor.com\/ch\/wp-content\/mu-plugins\/limodor\/images\/email.svg\" \/><a class=\"e5-employee-contact\" href=\"mailto:verkauf@limodor.ch\">verkauf@limodor.ch<\/a><\/div><div class=\"e5-employee-contact-container\"><img decoding=\"async\" class=\"e5-employee-conatact-icon\" src=\"https:\/\/www.limodor.com\/ch\/wp-content\/mu-plugins\/limodor\/images\/telephone.svg\" \/><a class=\"e5-employee-contact\" href=\"callto:0800 65 42 42\">0800 65 42 42<\/a><\/div><\/div><\/div><\/div><\/div><div class=\"e5-team-employees-container e5-hide-mobile\"><div class=\"e5-headline-height\"><div class=\"e5-headline\">Direction de l'entreprise<\/div><div class=\"e5-underline\"><\/div><\/div><div class=\"e5-employees-container\"><div id =\"7671\" class=\"e5-employee-card\" data-category-sources=\"Direction de l'entreprise,Service ext\u00e9rieur,Service interne\" data-categories=\"Direction de l'entreprise\"><img decoding=\"async\" class=\"e5-employee-image\" src=\"https:\/\/www.limodor.com\/ch\/wp-content\/uploads\/sites\/3\/2023\/11\/Ursin_Schlosser.jpg\"\/><div class=\"e5-employee-name\">Ursin Schlosser<\/div><div class=\"e5-employee-role\">Directeur g\u00e9n\u00e9ral<\/div><\/div><div id =\"8884\" class=\"e5-employee-card e5-hide-employee\" data-category-sources=\"Direction de l'entreprise,Service ext\u00e9rieur,Service interne\" data-categories=\"Service interne\"><img decoding=\"async\" class=\"e5-employee-image\" src=\"https:\/\/www.limodor.com\/ch\/wp-content\/uploads\/sites\/3\/2023\/11\/Christian-Hartmann.jpg\"\/><div class=\"e5-employee-name\">Christian Hartmann<\/div><div class=\"e5-employee-role\">conseiller technique de vente au service interne<\/div><div class=\"e5-employee-contact-container\"><img decoding=\"async\" class=\"e5-employee-conatact-icon\" src=\"https:\/\/www.limodor.com\/ch\/wp-content\/mu-plugins\/limodor\/images\/email.svg\" \/><a class=\"e5-employee-contact\" href=\"mailto:verkauf@limodor.ch\">verkauf@limodor.ch<\/a><\/div><div class=\"e5-employee-contact-container\"><img decoding=\"async\" class=\"e5-employee-conatact-icon\" src=\"https:\/\/www.limodor.com\/ch\/wp-content\/mu-plugins\/limodor\/images\/telephone.svg\" \/><a class=\"e5-employee-contact\" href=\"callto:0800 65 42 42\">0800 65 42 42<\/a><\/div><\/div><div id =\"268\" class=\"e5-employee-card e5-hide-employee\" data-category-sources=\"Direction de l'entreprise,Service ext\u00e9rieur,Service interne\" data-categories=\"Service ext\u00e9rieur\"><img decoding=\"async\" class=\"e5-employee-image\" src=\"https:\/\/www.limodor.com\/ch\/wp-content\/uploads\/sites\/3\/2023\/11\/Leo_Casanova.jpg\"\/><div class=\"e5-employee-name\">Leo Casanova<\/div><div class=\"e5-employee-role\">Conseiller technique de vente<\/div><div class=\"e5-employee-contact-container\"><img decoding=\"async\" class=\"e5-employee-conatact-icon\" src=\"https:\/\/www.limodor.com\/ch\/wp-content\/mu-plugins\/limodor\/images\/telephone.svg\" \/><a class=\"e5-employee-contact\" href=\"callto:+41 79 265 97 97\">+41 79 265 97 97<\/a><\/div><div class=\"e5-employee-cantons\"><b>Cantons: <\/b>AI \u00b7 AR \u00b7 GL \u00b7 GR \u00b7 SG \u00b7 SZ \u00b7 TI \u00b7 TG<\/div><\/div><div id =\"8886\" class=\"e5-employee-card e5-hide-employee\" data-category-sources=\"Direction de l'entreprise,Service ext\u00e9rieur,Service interne\" data-categories=\"Service interne\"><img decoding=\"async\" class=\"e5-employee-image\" src=\"https:\/\/www.limodor.com\/ch\/wp-content\/uploads\/sites\/3\/2023\/11\/Trajko_Klepov.jpg\"\/><div class=\"e5-employee-name\">Trajko Klepov<\/div><div class=\"e5-employee-role\">conseiller technique de vente au service interne<\/div><div class=\"e5-employee-contact-container\"><img decoding=\"async\" class=\"e5-employee-conatact-icon\" src=\"https:\/\/www.limodor.com\/ch\/wp-content\/mu-plugins\/limodor\/images\/email.svg\" \/><a class=\"e5-employee-contact\" href=\"mailto:verkauf@limodor.ch\">verkauf@limodor.ch<\/a><\/div><div class=\"e5-employee-contact-container\"><img decoding=\"async\" class=\"e5-employee-conatact-icon\" src=\"https:\/\/www.limodor.com\/ch\/wp-content\/mu-plugins\/limodor\/images\/telephone.svg\" \/><a class=\"e5-employee-contact\" href=\"callto:0800 65 42 42\">0800 65 42 42<\/a><\/div><\/div><div id =\"7665\" class=\"e5-employee-card e5-hide-employee\" data-category-sources=\"Direction de l'entreprise,Service ext\u00e9rieur,Service interne\" data-categories=\"Service ext\u00e9rieur\"><img decoding=\"async\" class=\"e5-employee-image\" src=\"https:\/\/www.limodor.com\/ch\/wp-content\/uploads\/sites\/3\/2023\/11\/Profilbild-Mann.jpg\"\/><div class=\"e5-employee-name\">Swen M\u00fclhauser<\/div><div class=\"e5-employee-role\">Conseiller technique de vente<\/div><div class=\"e5-employee-contact-container\"><img decoding=\"async\" class=\"e5-employee-conatact-icon\" src=\"https:\/\/www.limodor.com\/ch\/wp-content\/mu-plugins\/limodor\/images\/telephone.svg\" \/><a class=\"e5-employee-contact\" href=\"callto:+41 79 265 90 90\">+41 79 265 90 90<\/a><\/div><div class=\"e5-employee-cantons\"><b>Cantons: <\/b>BE \u00b7 FR \u00b7 GE \u00b7 JU \u00b7 NE \u00b7 SO \u00b7 VD \u00b7 VS<\/div><\/div><div id =\"7663\" class=\"e5-employee-card e5-hide-employee\" data-category-sources=\"Direction de l'entreprise,Service ext\u00e9rieur,Service interne\" data-categories=\"Service ext\u00e9rieur\"><img decoding=\"async\" class=\"e5-employee-image\" src=\"https:\/\/www.limodor.com\/ch\/wp-content\/uploads\/sites\/3\/2024\/03\/Muhamet-Kqiku-hell.jpg\"\/><div class=\"e5-employee-name\">Muhamet Kqiku<\/div><div class=\"e5-employee-role\">Conseiller technique de vente<\/div><div class=\"e5-employee-contact-container\"><img decoding=\"async\" class=\"e5-employee-conatact-icon\" src=\"https:\/\/www.limodor.com\/ch\/wp-content\/mu-plugins\/limodor\/images\/telephone.svg\" \/><a class=\"e5-employee-contact\" href=\"callto:+41 79 265 95 95\">+41 79 265 95 95<\/a><\/div><div class=\"e5-employee-cantons\"><b>Cantons: <\/b>AG \u00b7 BL \u00b7 BS \u00b7 LU \u00b7 NW \u00b7 OW \u00b7 SH \u00b7 UR \u00b7 ZG \u00b7 ZH <\/div><\/div><div id =\"7669\" class=\"e5-employee-card\" data-category-sources=\"Direction de l'entreprise,Service ext\u00e9rieur,Service interne\" data-categories=\"Direction de l'entreprise\"><img decoding=\"async\" class=\"e5-employee-image\" src=\"https:\/\/www.limodor.com\/ch\/wp-content\/uploads\/sites\/3\/2023\/11\/Alain_Buschor.jpg\"\/><div class=\"e5-employee-name\">Alain Buschor<\/div><div class=\"e5-employee-role\">Directeur des ventes et du marketing<\/div><\/div><\/div><\/div><\/div>\n\t<section class=\"section section-space\" id=\"section_1104033730\">\n\t\t<div class=\"section-bg fill\" >\n\t\t\t\t\t\t\t\t\t\n\t\t\t\n\n\t\t<\/div>\n\n\t\t\n\n\t\t<div class=\"section-content relative\">\n\t\t\t\n\n\n\t<section class=\"section\" id=\"section_773965702\">\n\t\t<div class=\"section-bg fill\" >\n\t\t\t\t\t\t\t\t\t\n\t\t\t\n\n\t\t<\/div>\n\n\t\t\n\n\t\t<div class=\"section-content relative\">\n\t\t\t\n\n<div class=\"row row-collapse align-center\"  id=\"row-1357150902\">\n\n\n\t<div id=\"col-356441379\" class=\"col medium-8 small-12 large-8\"  >\n\t\t\t\t<div class=\"col-inner text-center\"  >\n\t\t\t\n\t\t\t\n\n\t<div id=\"text-3677418973\" class=\"text\">\n\t\t\n\n<h3 class=\"uppercase\">Faire partie de l'\u00e9quipe<\/h3>\n<p>A la recherche d'un emploi ou d'un changement ? Ou \u00e0 la recherche d'une place d'apprentissage ? Alors, lisez la suite ! Car chez nous, les super jobs sont \u00e0 l'honneur. Tout le monde le dit ? Alors lisez la suite et faites la diff\u00e9rence. V\u00e9rifier s'il y a un Limodorien dans votre c\u0153ur et votre cerveau. Quelqu'un qui veut faire bouger les choses et se sentir bien chez nous. En tout cas, nous le sommes par conviction, la plupart d'entre nous depuis de nombreuses ann\u00e9es.        <\/p>\n\t\t\n<style>\n#text-3677418973 {\n  text-align: center;\n}\n<\/style>\n\t<\/div>\n\t\n<div class=\"row\"  id=\"row-1648023423\">\n\n\n\t<div id=\"col-1533599087\" class=\"col centerButton small-12 large-12\"  >\n\t\t\t\t<div class=\"col-inner\"  >\n\t\t\t\n\t\t\t\n\n<a href=\"https:\/\/www.limodor.com\/ch\/fr\/a-propos-de-nous\/emplois\/\" class=\"button primary\"  style=\"border-radius:10px;\">\n\t\t<span>Trouver un emploi<\/span>\n\t<\/a>\n\n\n\n\t\t<\/div>\n\t\t\t\t\t<\/div>\n\n\t\n\n<\/div>\n\n\t\t<\/div>\n\t\t\t\t\t<\/div>\n\n\t\n\n<\/div>\n\n\t\t<\/div>\n\n\t\t\n<style>\n#section_773965702 {\n  padding-top: 0px;\n  padding-bottom: 0px;\n}\n<\/style>\n\t<\/section>\n\t\n\n\n\t\t<\/div>\n\n\t\t\n<style>\n#section_1104033730 {\n  padding-top: 0px;\n  padding-bottom: 0px;\n}\n<\/style>\n\t<\/section>\n\t","protected":false},"excerpt":{"rendered":"","protected":false},"author":1,"featured_media":0,"parent":7643,"menu_order":0,"comment_status":"closed","ping_status":"closed","template":"page-blank.php","meta":{"_acf_changed":false,"footnotes":""},"class_list":["post-7637","page","type-page","status-publish","hentry"],"acf":[],"yoast_head":"<!-- This site is optimized with the Yoast SEO plugin v24.8.1 - https:\/\/yoast.com\/wordpress\/plugins\/seo\/ -->\n<title>\u00c9quipe - LIMODOR<\/title>\n<meta name=\"description\" content=\"Vous pouvez compter sur nous. Nous mettons tout en \u0153uvre pour que vous soyez satisfait de nos services 24 heures sur 24.\" \/>\n<meta name=\"robots\" content=\"index, follow, max-snippet:-1, max-image-preview:large, max-video-preview:-1\" \/>\n<link rel=\"canonical\" href=\"https:\/\/www.limodor.com\/ch\/fr\/a-propos-de-nous\/equipe\/\" \/>\n<meta property=\"og:locale\" content=\"fr_FR\" \/>\n<meta property=\"og:type\" content=\"article\" \/>\n<meta property=\"og:title\" content=\"\u00c9quipe - LIMODOR\" \/>\n<meta property=\"og:description\" content=\"Vous pouvez compter sur nous. Nous mettons tout en \u0153uvre pour que vous soyez satisfait de nos services 24 heures sur 24.\" \/>\n<meta property=\"og:url\" content=\"https:\/\/www.limodor.com\/ch\/fr\/a-propos-de-nous\/equipe\/\" \/>\n<meta property=\"og:site_name\" content=\"Limodor CH\" \/>\n<meta property=\"article:modified_time\" content=\"2024-12-06T12:52:35+00:00\" \/>\n<meta name=\"twitter:card\" content=\"summary_large_image\" \/>\n<meta name=\"twitter:label1\" content=\"Dur\u00e9e de lecture estim\u00e9e\" \/>\n\t<meta name=\"twitter:data1\" content=\"1 minute\" \/>\n<script type=\"application\/ld+json\" class=\"yoast-schema-graph\">{\"@context\":\"https:\/\/schema.org\",\"@graph\":[{\"@type\":\"WebPage\",\"@id\":\"https:\/\/www.limodor.com\/ch\/fr\/a-propos-de-nous\/equipe\/\",\"url\":\"https:\/\/www.limodor.com\/ch\/fr\/a-propos-de-nous\/equipe\/\",\"name\":\"\u00c9quipe - LIMODOR\",\"isPartOf\":{\"@id\":\"https:\/\/www.limodor.com\/ch\/fr\/#website\"},\"datePublished\":\"2023-07-24T11:45:43+00:00\",\"dateModified\":\"2024-12-06T12:52:35+00:00\",\"description\":\"Vous pouvez compter sur nous. Nous mettons tout en \u0153uvre pour que vous soyez satisfait de nos services 24 heures sur 24.\",\"breadcrumb\":{\"@id\":\"https:\/\/www.limodor.com\/ch\/fr\/a-propos-de-nous\/equipe\/#breadcrumb\"},\"inLanguage\":\"fr-FR\",\"potentialAction\":[{\"@type\":\"ReadAction\",\"target\":[\"https:\/\/www.limodor.com\/ch\/fr\/a-propos-de-nous\/equipe\/\"]}]},{\"@type\":\"BreadcrumbList\",\"@id\":\"https:\/\/www.limodor.com\/ch\/fr\/a-propos-de-nous\/equipe\/#breadcrumb\",\"itemListElement\":[{\"@type\":\"ListItem\",\"position\":1,\"name\":\"Startseite\",\"item\":\"https:\/\/www.limodor.com\/ch\/fr\/\"},{\"@type\":\"ListItem\",\"position\":2,\"name\":\"\u00c0 propos de nous\",\"item\":\"https:\/\/www.limodor.com\/ch\/fr\/a-propos-de-nous\/\"},{\"@type\":\"ListItem\",\"position\":3,\"name\":\"\u00c9quipe\"}]},{\"@type\":\"WebSite\",\"@id\":\"https:\/\/www.limodor.com\/ch\/fr\/#website\",\"url\":\"https:\/\/www.limodor.com\/ch\/fr\/\",\"name\":\"Limodor CH\",\"description\":\"\",\"potentialAction\":[{\"@type\":\"SearchAction\",\"target\":{\"@type\":\"EntryPoint\",\"urlTemplate\":\"https:\/\/www.limodor.com\/ch\/fr\/?s={search_term_string}\"},\"query-input\":{\"@type\":\"PropertyValueSpecification\",\"valueRequired\":true,\"valueName\":\"search_term_string\"}}],\"inLanguage\":\"fr-FR\"}]}<\/script>\n<!-- \/ Yoast SEO plugin. -->","yoast_head_json":{"title":"\u00c9quipe - LIMODOR","description":"Vous pouvez compter sur nous. Nous mettons tout en \u0153uvre pour que vous soyez satisfait de nos services 24 heures sur 24.","robots":{"index":"index","follow":"follow","max-snippet":"max-snippet:-1","max-image-preview":"max-image-preview:large","max-video-preview":"max-video-preview:-1"},"canonical":"https:\/\/www.limodor.com\/ch\/fr\/a-propos-de-nous\/equipe\/","og_locale":"fr_FR","og_type":"article","og_title":"\u00c9quipe - LIMODOR","og_description":"Vous pouvez compter sur nous. Nous mettons tout en \u0153uvre pour que vous soyez satisfait de nos services 24 heures sur 24.","og_url":"https:\/\/www.limodor.com\/ch\/fr\/a-propos-de-nous\/equipe\/","og_site_name":"Limodor CH","article_modified_time":"2024-12-06T12:52:35+00:00","twitter_card":"summary_large_image","twitter_misc":{"Dur\u00e9e de lecture estim\u00e9e":"1 minute"},"schema":{"@context":"https:\/\/schema.org","@graph":[{"@type":"WebPage","@id":"https:\/\/www.limodor.com\/ch\/fr\/a-propos-de-nous\/equipe\/","url":"https:\/\/www.limodor.com\/ch\/fr\/a-propos-de-nous\/equipe\/","name":"\u00c9quipe - LIMODOR","isPartOf":{"@id":"https:\/\/www.limodor.com\/ch\/fr\/#website"},"datePublished":"2023-07-24T11:45:43+00:00","dateModified":"2024-12-06T12:52:35+00:00","description":"Vous pouvez compter sur nous. Nous mettons tout en \u0153uvre pour que vous soyez satisfait de nos services 24 heures sur 24.","breadcrumb":{"@id":"https:\/\/www.limodor.com\/ch\/fr\/a-propos-de-nous\/equipe\/#breadcrumb"},"inLanguage":"fr-FR","potentialAction":[{"@type":"ReadAction","target":["https:\/\/www.limodor.com\/ch\/fr\/a-propos-de-nous\/equipe\/"]}]},{"@type":"BreadcrumbList","@id":"https:\/\/www.limodor.com\/ch\/fr\/a-propos-de-nous\/equipe\/#breadcrumb","itemListElement":[{"@type":"ListItem","position":1,"name":"Startseite","item":"https:\/\/www.limodor.com\/ch\/fr\/"},{"@type":"ListItem","position":2,"name":"\u00c0 propos de nous","item":"https:\/\/www.limodor.com\/ch\/fr\/a-propos-de-nous\/"},{"@type":"ListItem","position":3,"name":"\u00c9quipe"}]},{"@type":"WebSite","@id":"https:\/\/www.limodor.com\/ch\/fr\/#website","url":"https:\/\/www.limodor.com\/ch\/fr\/","name":"Limodor CH","description":"","potentialAction":[{"@type":"SearchAction","target":{"@type":"EntryPoint","urlTemplate":"https:\/\/www.limodor.com\/ch\/fr\/?s={search_term_string}"},"query-input":{"@type":"PropertyValueSpecification","valueRequired":true,"valueName":"search_term_string"}}],"inLanguage":"fr-FR"}]}},"_links":{"self":[{"href":"https:\/\/www.limodor.com\/ch\/fr\/wp-json\/wp\/v2\/pages\/7637","targetHints":{"allow":["GET"]}}],"collection":[{"href":"https:\/\/www.limodor.com\/ch\/fr\/wp-json\/wp\/v2\/pages"}],"about":[{"href":"https:\/\/www.limodor.com\/ch\/fr\/wp-json\/wp\/v2\/types\/page"}],"author":[{"embeddable":true,"href":"https:\/\/www.limodor.com\/ch\/fr\/wp-json\/wp\/v2\/users\/1"}],"replies":[{"embeddable":true,"href":"https:\/\/www.limodor.com\/ch\/fr\/wp-json\/wp\/v2\/comments?post=7637"}],"version-history":[{"count":1,"href":"https:\/\/www.limodor.com\/ch\/fr\/wp-json\/wp\/v2\/pages\/7637\/revisions"}],"predecessor-version":[{"id":7638,"href":"https:\/\/www.limodor.com\/ch\/fr\/wp-json\/wp\/v2\/pages\/7637\/revisions\/7638"}],"up":[{"embeddable":true,"href":"https:\/\/www.limodor.com\/ch\/fr\/wp-json\/wp\/v2\/pages\/7643"}],"wp:attachment":[{"href":"https:\/\/www.limodor.com\/ch\/fr\/wp-json\/wp\/v2\/media?parent=7637"}],"curies":[{"name":"wp","href":"https:\/\/api.w.org\/{rel}","templated":true}]}}