{"id":7653,"date":"2023-07-13T16:22:32","date_gmt":"2023-07-13T14:22:32","guid":{"rendered":"https:\/\/www.limodor.com\/ch\/ce-quil-faut-savoir\/"},"modified":"2024-12-18T15:01:10","modified_gmt":"2024-12-18T14:01:10","slug":"ce-quil-faut-savoir","status":"publish","type":"page","link":"https:\/\/www.limodor.com\/ch\/fr\/ce-quil-faut-savoir\/","title":{"rendered":"Ce qu&rsquo;il faut savoir"},"content":{"rendered":"\n\t<section class=\"section wave\" id=\"section_175798365\">\n\t\t<div class=\"section-bg fill\" >\n\t\t\t<img loading=\"lazy\" decoding=\"async\" width=\"2000\" height=\"1333\" src=\"https:\/\/www.limodor.com\/ch\/wp-content\/uploads\/sites\/3\/2023\/09\/Realsituation_3.jpg\" class=\"bg attachment-original size-original\" alt=\"\" \/>\t\t\t\t\t\t\n\t\t\t\n\n\t\t<\/div>\n\n\t\t\n\n\t\t<div class=\"section-content relative\">\n\t\t\t\n\n\n\t\t<\/div>\n\n\t\t\n<style>\n#section_175798365 {\n  padding-top: 0px;\n  padding-bottom: 0px;\n  min-height: 50vh;\n}\n#section_175798365 .section-bg img {\n  object-position: 0% 55%;\n}\n@media (min-width:850px) {\n  #section_175798365 {\n    min-height: 75vh;\n  }\n}\n<\/style>\n\t<\/section>\n\t\n\n\t<section class=\"section section-space\" id=\"section_929753692\">\n\t\t<div class=\"section-bg fill\" >\n\t\t\t\t\t\t\t\t\t\n\t\t\t\n\n\t\t<\/div>\n\n\t\t\n\n\t\t<div class=\"section-content relative\">\n\t\t\t\n\n<div class=\"row row-collapse align-center\"  id=\"row-1027720904\">\n\n\n\t<div id=\"col-1421910668\" class=\"col medium-8 small-12 large-8\"  >\n\t\t\t\t<div class=\"col-inner text-center\"  >\n\t\t\t\n\t\t\t\n\n<h1>Ce qu&rsquo;il faut savoir<\/h1>\n<p>Tous les produits LIMODOR sont simples \u00e0 utiliser et faciles \u00e0 installer. Cela garantit de l&rsquo;air frais pour tout le monde sans trop d&rsquo;efforts. Toutes les r\u00e9ponses aux FAQ, tendances et solutions d&rsquo;avenir sont disponibles ici.  <\/p>\n\n\t\t<\/div>\n\t\t\t\t\t<\/div>\n\n\t\n\n<\/div>\n\n\t\t<\/div>\n\n\t\t\n<style>\n#section_929753692 {\n  padding-top: 0px;\n  padding-bottom: 0px;\n}\n<\/style>\n\t<\/section>\n\t\n\n\t<section class=\"section section-space\" id=\"section_383339337\">\n\t\t<div class=\"section-bg fill\" >\n\t\t\t\t\t\t\t\t\t\n\t\t\t\n\n\t\t<\/div>\n\n\t\t\n\n\t\t<div class=\"section-content relative\">\n\t\t\t\n\n<div class=\"row row-collapse align-middle\"  id=\"row-2325780\">\n\n\n\t<div id=\"col-665514255\" class=\"col medium-6 small-12 large-6\"  >\n\t\t\t\t<div class=\"col-inner\"  >\n\t\t\t\n\t\t\t\n\n<h3>FAQ<\/h3>\n<p>Toutes les r\u00e9ponses concernant nos solutions de ventilation \u00e9prouv\u00e9es, nos syst\u00e8mes et nos services en un coup d&rsquo;\u0153il.<\/p>\n<a href=\"https:\/\/www.limodor.com\/ch\/fr\/faq-2\/\" class=\"button primary is-outline\"  style=\"border-radius:10px;\">\n\t\t<span>en savoir plus<\/span>\n\t<\/a>\n\n\n\n\t\t<\/div>\n\t\t\t\t\n<style>\n#col-665514255 > .col-inner {\n  padding: 20px 15px 0px 15px;\n}\n@media (min-width:550px) {\n  #col-665514255 > .col-inner {\n    padding: 0px 40px 0px 0px;\n  }\n}\n<\/style>\n\t<\/div>\n\n\t\n\n\t<div id=\"col-1037085842\" class=\"col medium-6 small-12 large-6 medium-col-first\"  >\n\t\t\t\t<div class=\"col-inner\"  >\n\t\t\t\n\t\t\t\n\n\t<div class=\"img has-hover rounded-edges x md-x lg-x y md-y lg-y\" id=\"image_2012898389\">\n\t\t\t\t\t\t\t\t<div class=\"img-inner image-cover dark\" style=\"padding-top:56.25%;\">\n\t\t\t<img loading=\"lazy\" decoding=\"async\" width=\"2000\" height=\"1333\" src=\"https:\/\/www.limodor.com\/ch\/wp-content\/uploads\/sites\/3\/2023\/09\/realsituation_6.jpg\" class=\"attachment-original size-original\" alt=\"\" srcset=\"https:\/\/www.limodor.com\/ch\/wp-content\/uploads\/sites\/3\/2023\/09\/realsituation_6.jpg 2000w, https:\/\/www.limodor.com\/ch\/wp-content\/uploads\/sites\/3\/2023\/09\/realsituation_6-300x200.jpg 300w, https:\/\/www.limodor.com\/ch\/wp-content\/uploads\/sites\/3\/2023\/09\/realsituation_6-1024x682.jpg 1024w, https:\/\/www.limodor.com\/ch\/wp-content\/uploads\/sites\/3\/2023\/09\/realsituation_6-768x512.jpg 768w, https:\/\/www.limodor.com\/ch\/wp-content\/uploads\/sites\/3\/2023\/09\/realsituation_6-1536x1024.jpg 1536w, https:\/\/www.limodor.com\/ch\/wp-content\/uploads\/sites\/3\/2023\/09\/realsituation_6-510x340.jpg 510w\" sizes=\"auto, (max-width: 2000px) 100vw, 2000px\" \/>\t\t\t\t\t\t\n\t\t\t\t\t<\/div>\n\t\t\t\t\t\t\t\t\n<style>\n#image_2012898389 {\n  width: 100%;\n}\n<\/style>\n\t<\/div>\n\t\n\n\n\t\t<\/div>\n\t\t\t\t\t<\/div>\n\n\t\n\n<\/div>\n\n\t\t<\/div>\n\n\t\t\n<style>\n#section_383339337 {\n  padding-top: 0px;\n  padding-bottom: 0px;\n}\n<\/style>\n\t<\/section>\n\t\n\n\t<section class=\"section\" id=\"section_224278831\">\n\t\t<div class=\"section-bg fill\" >\n\t\t\t\t\t\t\t\t\t\n\t\t\t\n\n\t\t<\/div>\n\n\t\t\n\n\t\t<div class=\"section-content relative\">\n\t\t\t\n\n<div class=\"row row-collapse row-full-width\"  id=\"row-640271951\">\n\n\n\t<div id=\"col-828005681\" class=\"col medium-8 small-12 large-8\"  >\n\t\t\t\t<div class=\"col-inner\"  >\n\t\t\t\n\t\t\t\n\n<div class=\"e5-news-slider-container\"><div class=\"e5-slider-elements owl-carousel owl-theme\"><div class=\"e5-slider-element-container\"><div class=\"e5-slider-element\"><div class=\"e5-slider-img\"><a href=\"https:\/\/www.limodor.com\/ch\/fr\/2026\/03\/31\/immeuble-dhabitation-sagi-muhlibachpark-a-ebikon-3\/\"><div class=\"slider-img\" style=\"background-image: url(https:\/\/www.limodor.com\/ch\/wp-content\/uploads\/sites\/3\/2026\/04\/Peter-Paul-Strasse-Mauren_8-scaled.jpg);\"><\/div><\/a><\/div><div class=\"e5-slider-content\"><div class=\"e5-slider-title\"><span>Immeuble d'habitation Sagi-M\u00fchlibachpark \u00e0 Ebikon<\/span><\/div><div class=\"e5-slider-text\"><span>Le complexe r\u00e9sidentiel Birchweid \u00e0 Uetikon am See comprend plusieurs immeuble...<\/span><\/div><div class=\"e5-slider-button\"><a class=\"button primary is-outline\" href=\"https:\/\/www.limodor.com\/ch\/fr\/2026\/03\/31\/immeuble-dhabitation-sagi-muhlibachpark-a-ebikon-3\/\"><span>Lire la suite<\/span><\/a><\/div><\/div><\/div><\/div><div class=\"e5-slider-element-container\"><div class=\"e5-slider-element\"><div class=\"e5-slider-img\"><a href=\"https:\/\/www.limodor.com\/ch\/fr\/2025\/12\/22\/immeuble-dhabitation-sagi-muhlibachpark-a-ebikon-2\/\"><div class=\"slider-img\" style=\"background-image: url(https:\/\/www.limodor.com\/ch\/wp-content\/uploads\/sites\/3\/2025\/12\/MFH-Kelberweid-Nendeln_02.jpg);\"><\/div><\/a><\/div><div class=\"e5-slider-content\"><div class=\"e5-slider-title\"><span>Immeuble d'habitation Sagi-M\u00fchlibachpark \u00e0 Ebikon<\/span><\/div><div class=\"e5-slider-text\"><span>Le complexe r\u00e9sidentiel Birchweid \u00e0 Uetikon am See comprend plusieurs immeuble...<\/span><\/div><div class=\"e5-slider-button\"><a class=\"button primary is-outline\" href=\"https:\/\/www.limodor.com\/ch\/fr\/2025\/12\/22\/immeuble-dhabitation-sagi-muhlibachpark-a-ebikon-2\/\"><span>Lire la suite<\/span><\/a><\/div><\/div><\/div><\/div><div class=\"e5-slider-element-container\"><div class=\"e5-slider-element\"><div class=\"e5-slider-img\"><a href=\"https:\/\/www.limodor.com\/ch\/fr\/2025\/09\/29\/immeuble-dhabitation-sagi-muhlibachpark-a-ebikon\/\"><div class=\"slider-img\" style=\"background-image: url(https:\/\/www.limodor.com\/ch\/wp-content\/uploads\/sites\/3\/2025\/09\/MFH-am-Giessen_Vaduz_01.jpg);\"><\/div><\/a><\/div><div class=\"e5-slider-content\"><div class=\"e5-slider-title\"><span>Immeuble d'habitation Sagi-M\u00fchlibachpark \u00e0 Ebikon<\/span><\/div><div class=\"e5-slider-text\"><span>Le complexe r\u00e9sidentiel Birchweid \u00e0 Uetikon am See comprend plusieurs immeuble...<\/span><\/div><div class=\"e5-slider-button\"><a class=\"button primary is-outline\" href=\"https:\/\/www.limodor.com\/ch\/fr\/2025\/09\/29\/immeuble-dhabitation-sagi-muhlibachpark-a-ebikon\/\"><span>Lire la suite<\/span><\/a><\/div><\/div><\/div><\/div><div class=\"e5-slider-element-container\"><div class=\"e5-slider-element\"><div class=\"e5-slider-img\"><a href=\"https:\/\/www.limodor.com\/ch\/fr\/2025\/03\/30\/immeubles-dhabitation-usterstrasse-127-et-129-a-wetzikon\/\"><div class=\"slider-img\" style=\"background-image: url(https:\/\/www.limodor.com\/ch\/wp-content\/uploads\/sites\/3\/2025\/03\/24.06.18.-Usterstrasse-127-Wetzikon-ZH-DJI_20240618072701_0410_D_MATSVIEW.jpg);\"><\/div><\/a><\/div><div class=\"e5-slider-content\"><div class=\"e5-slider-title\"><span>Immeubles d'habitation Usterstrasse 127 et 129 \u00e0 Wetzikon<\/span><\/div><div class=\"e5-slider-text\"><span>L'ensemble r\u00e9sidentiel de l'Usterstrasse 127 et 129 \u00e0 Wetzikon comprend deux i...<\/span><\/div><div class=\"e5-slider-button\"><a class=\"button primary is-outline\" href=\"https:\/\/www.limodor.com\/ch\/fr\/2025\/03\/30\/immeubles-dhabitation-usterstrasse-127-et-129-a-wetzikon\/\"><span>Lire la suite<\/span><\/a><\/div><\/div><\/div><\/div><div class=\"e5-slider-element-container\"><div class=\"e5-slider-element\"><div class=\"e5-slider-img\"><a href=\"https:\/\/www.limodor.com\/ch\/fr\/2025\/03\/30\/immeuble-dhabitation-birchweid-a-uetikon-am-see\/\"><div class=\"slider-img\" style=\"background-image: url(https:\/\/www.limodor.com\/ch\/wp-content\/uploads\/sites\/3\/2025\/03\/231030-limodor-uetikon-am-see-musterwohnung-MAT02238-HDR.jpg);\"><\/div><\/a><\/div><div class=\"e5-slider-content\"><div class=\"e5-slider-title\"><span>Immeuble d'habitation Birchweid \u00e0 Uetikon am See<\/span><\/div><div class=\"e5-slider-text\"><span>Le complexe r\u00e9sidentiel Birchweid \u00e0 Uetikon am See comprend plusieurs immeuble...<\/span><\/div><div class=\"e5-slider-button\"><a class=\"button primary is-outline\" href=\"https:\/\/www.limodor.com\/ch\/fr\/2025\/03\/30\/immeuble-dhabitation-birchweid-a-uetikon-am-see\/\"><span>Lire la suite<\/span><\/a><\/div><\/div><\/div><\/div><\/div><div class=\"e5-slider-navigation\"><img decoding=\"async\" alt=\"Pfeil links\" class=\"arrow-left\" src=\"https:\/\/www.limodor.com\/ch\/wp-content\/mu-plugins\/limodor\/images\/right-arrow.svg\" \/><img decoding=\"async\" alt=\"Pfeil rechts\" class=\"arrow-right\" src=\"https:\/\/www.limodor.com\/ch\/wp-content\/mu-plugins\/limodor\/images\/right-arrow.svg\" \/><\/div><\/div>\n\n\n\t\t<\/div>\n\t\t\t\t\t<\/div>\n\n\t\n\n\t<div id=\"col-1289288281\" class=\"col medium-4 small-12 large-4 small-col-first\"  >\n\t\t\t\t<div class=\"col-inner\"  >\n\t\t\t\n\t\t\t\n\n<h2>News<\/h2>\n<p>Ob smarte Innovationen, Trend, Produktneuheit, Interessantes aus dem LIMODOR-Team \u2013 alles kurz und knackig hier zu finden.<\/p>\n<a href=\"\/ch\/news\" class=\"button primary is-outline\"  style=\"border-radius:10px;\">\n\t\t<span>lire plus<\/span>\n\t<\/a>\n\n\n\n\t\t<\/div>\n\t\t\t\t\n<style>\n#col-1289288281 > .col-inner {\n  padding: 0px 20px 0px 20px;\n  margin: 0px 0px 35px 0px;\n}\n@media (min-width:550px) {\n  #col-1289288281 > .col-inner {\n    padding: 0px 50px 0px 40px;\n  }\n}\n@media (min-width:850px) {\n  #col-1289288281 > .col-inner {\n    padding: 0px 60px 0px 60px;\n  }\n}\n<\/style>\n\t<\/div>\n\n\t\n\n<\/div>\n\n\t\t<\/div>\n\n\t\t\n<style>\n#section_224278831 {\n  padding-top: 30px;\n  padding-bottom: 30px;\n}\n<\/style>\n\t<\/section>\n\t\n\n\t<section class=\"section section-bottom-space\" id=\"section_1952991287\">\n\t\t<div class=\"section-bg fill\" >\n\t\t\t\t\t\t\t\t\t\n\t\t\t\n\n\t\t<\/div>\n\n\t\t\n\n\t\t<div class=\"section-content relative\">\n\t\t\t\n\n\n\t<section class=\"section\" id=\"section_1151060550\">\n\t\t<div class=\"section-bg fill\" >\n\t\t\t\t\t\t\t\t\t\n\t\t\t\n\n\t\t<\/div>\n\n\t\t\n\n\t\t<div class=\"section-content relative\">\n\t\t\t\n\n<div class=\"row row-collapse align-center\"  id=\"row-642288674\">\n\n\n\t<div id=\"col-1934031423\" class=\"col medium-8 small-12 large-8\"  >\n\t\t\t\t<div class=\"col-inner text-center\"  >\n\t\t\t\n\t\t\t\n\n\t<div id=\"text-3042592822\" class=\"text\">\n\t\t\n\n<h3 class=\"uppercase\">Contactez maintenant et respirez<\/h3>\n<p>Vivre sensiblement mieux avec le bon partenaire pour toutes les questions relatives \u00e0 l'air frais. N'h\u00e9sitez pas \u00e0 nous contacter. <\/p>\n\t\t\n<style>\n#text-3042592822 {\n  text-align: center;\n}\n<\/style>\n\t<\/div>\n\t\n\t<div id=\"gap-751778477\" class=\"gap-element clearfix\" style=\"display:block; height:auto;\">\n\t\t\n<style>\n#gap-751778477 {\n  padding-top: 15px;\n}\n<\/style>\n\t<\/div>\n\t\n\n<div class=\"row\"  id=\"row-228674461\">\n\n\n\t<div id=\"col-2113224280\" class=\"col centerButton small-12 large-12\"  >\n\t\t\t\t<div class=\"col-inner\"  >\n\t\t\t\n\t\t\t\n\n<a href=\"https:\/\/www.limodor.com\/ch\/fr\/contact\/\" class=\"button primary\"  style=\"border-radius:10px;\">\n\t\t<span>demander<\/span>\n\t<\/a>\n\n\n\n\t\t<\/div>\n\t\t\t\t\t<\/div>\n\n\t\n\n<\/div>\n\n\t\t<\/div>\n\t\t\t\t\n<style>\n#col-1934031423 > .col-inner {\n  padding: 0px 20px 0px 20px;\n}\n<\/style>\n\t<\/div>\n\n\t\n\n<\/div>\n\n\t\t<\/div>\n\n\t\t\n<style>\n#section_1151060550 {\n  padding-top: 0px;\n  padding-bottom: 0px;\n}\n<\/style>\n\t<\/section>\n\t\n\n\n\t\t<\/div>\n\n\t\t\n<style>\n#section_1952991287 {\n  padding-top: 0px;\n  padding-bottom: 0px;\n}\n<\/style>\n\t<\/section>\n\t","protected":false},"excerpt":{"rendered":"","protected":false},"author":1,"featured_media":0,"parent":0,"menu_order":0,"comment_status":"closed","ping_status":"closed","template":"page-blank.php","meta":{"_acf_changed":false,"footnotes":""},"class_list":["post-7653","page","type-page","status-publish","hentry"],"acf":[],"yoast_head":"<!-- This site is optimized with the Yoast SEO plugin v24.8.1 - https:\/\/yoast.com\/wordpress\/plugins\/seo\/ -->\n<title>Ce qu&#039;il faut savoir - LIMODOR<\/title>\n<meta name=\"robots\" content=\"index, follow, max-snippet:-1, max-image-preview:large, max-video-preview:-1\" \/>\n<link rel=\"canonical\" href=\"https:\/\/www.limodor.com\/ch\/fr\/ce-quil-faut-savoir\/\" \/>\n<meta property=\"og:locale\" content=\"fr_FR\" \/>\n<meta property=\"og:type\" content=\"article\" \/>\n<meta property=\"og:title\" content=\"Ce qu&#039;il faut savoir - LIMODOR\" \/>\n<meta property=\"og:url\" content=\"https:\/\/www.limodor.com\/ch\/fr\/ce-quil-faut-savoir\/\" \/>\n<meta property=\"og:site_name\" content=\"Limodor CH\" \/>\n<meta property=\"article:modified_time\" content=\"2024-12-18T14:01:10+00:00\" \/>\n<meta name=\"twitter:card\" content=\"summary_large_image\" \/>\n<meta name=\"twitter:label1\" content=\"Dur\u00e9e de lecture estim\u00e9e\" \/>\n\t<meta name=\"twitter:data1\" content=\"1 minute\" \/>\n<script type=\"application\/ld+json\" class=\"yoast-schema-graph\">{\"@context\":\"https:\/\/schema.org\",\"@graph\":[{\"@type\":\"WebPage\",\"@id\":\"https:\/\/www.limodor.com\/ch\/fr\/ce-quil-faut-savoir\/\",\"url\":\"https:\/\/www.limodor.com\/ch\/fr\/ce-quil-faut-savoir\/\",\"name\":\"Ce qu'il faut savoir - LIMODOR\",\"isPartOf\":{\"@id\":\"https:\/\/www.limodor.com\/ch\/fr\/#website\"},\"datePublished\":\"2023-07-13T14:22:32+00:00\",\"dateModified\":\"2024-12-18T14:01:10+00:00\",\"breadcrumb\":{\"@id\":\"https:\/\/www.limodor.com\/ch\/fr\/ce-quil-faut-savoir\/#breadcrumb\"},\"inLanguage\":\"fr-FR\",\"potentialAction\":[{\"@type\":\"ReadAction\",\"target\":[\"https:\/\/www.limodor.com\/ch\/fr\/ce-quil-faut-savoir\/\"]}]},{\"@type\":\"BreadcrumbList\",\"@id\":\"https:\/\/www.limodor.com\/ch\/fr\/ce-quil-faut-savoir\/#breadcrumb\",\"itemListElement\":[{\"@type\":\"ListItem\",\"position\":1,\"name\":\"Startseite\",\"item\":\"https:\/\/www.limodor.com\/ch\/fr\/\"},{\"@type\":\"ListItem\",\"position\":2,\"name\":\"Ce qu&rsquo;il faut savoir\"}]},{\"@type\":\"WebSite\",\"@id\":\"https:\/\/www.limodor.com\/ch\/fr\/#website\",\"url\":\"https:\/\/www.limodor.com\/ch\/fr\/\",\"name\":\"Limodor CH\",\"description\":\"\",\"potentialAction\":[{\"@type\":\"SearchAction\",\"target\":{\"@type\":\"EntryPoint\",\"urlTemplate\":\"https:\/\/www.limodor.com\/ch\/fr\/?s={search_term_string}\"},\"query-input\":{\"@type\":\"PropertyValueSpecification\",\"valueRequired\":true,\"valueName\":\"search_term_string\"}}],\"inLanguage\":\"fr-FR\"}]}<\/script>\n<!-- \/ Yoast SEO plugin. -->","yoast_head_json":{"title":"Ce qu'il faut savoir - LIMODOR","robots":{"index":"index","follow":"follow","max-snippet":"max-snippet:-1","max-image-preview":"max-image-preview:large","max-video-preview":"max-video-preview:-1"},"canonical":"https:\/\/www.limodor.com\/ch\/fr\/ce-quil-faut-savoir\/","og_locale":"fr_FR","og_type":"article","og_title":"Ce qu'il faut savoir - LIMODOR","og_url":"https:\/\/www.limodor.com\/ch\/fr\/ce-quil-faut-savoir\/","og_site_name":"Limodor CH","article_modified_time":"2024-12-18T14:01:10+00:00","twitter_card":"summary_large_image","twitter_misc":{"Dur\u00e9e de lecture estim\u00e9e":"1 minute"},"schema":{"@context":"https:\/\/schema.org","@graph":[{"@type":"WebPage","@id":"https:\/\/www.limodor.com\/ch\/fr\/ce-quil-faut-savoir\/","url":"https:\/\/www.limodor.com\/ch\/fr\/ce-quil-faut-savoir\/","name":"Ce qu'il faut savoir - LIMODOR","isPartOf":{"@id":"https:\/\/www.limodor.com\/ch\/fr\/#website"},"datePublished":"2023-07-13T14:22:32+00:00","dateModified":"2024-12-18T14:01:10+00:00","breadcrumb":{"@id":"https:\/\/www.limodor.com\/ch\/fr\/ce-quil-faut-savoir\/#breadcrumb"},"inLanguage":"fr-FR","potentialAction":[{"@type":"ReadAction","target":["https:\/\/www.limodor.com\/ch\/fr\/ce-quil-faut-savoir\/"]}]},{"@type":"BreadcrumbList","@id":"https:\/\/www.limodor.com\/ch\/fr\/ce-quil-faut-savoir\/#breadcrumb","itemListElement":[{"@type":"ListItem","position":1,"name":"Startseite","item":"https:\/\/www.limodor.com\/ch\/fr\/"},{"@type":"ListItem","position":2,"name":"Ce qu&rsquo;il faut savoir"}]},{"@type":"WebSite","@id":"https:\/\/www.limodor.com\/ch\/fr\/#website","url":"https:\/\/www.limodor.com\/ch\/fr\/","name":"Limodor CH","description":"","potentialAction":[{"@type":"SearchAction","target":{"@type":"EntryPoint","urlTemplate":"https:\/\/www.limodor.com\/ch\/fr\/?s={search_term_string}"},"query-input":{"@type":"PropertyValueSpecification","valueRequired":true,"valueName":"search_term_string"}}],"inLanguage":"fr-FR"}]}},"_links":{"self":[{"href":"https:\/\/www.limodor.com\/ch\/fr\/wp-json\/wp\/v2\/pages\/7653","targetHints":{"allow":["GET"]}}],"collection":[{"href":"https:\/\/www.limodor.com\/ch\/fr\/wp-json\/wp\/v2\/pages"}],"about":[{"href":"https:\/\/www.limodor.com\/ch\/fr\/wp-json\/wp\/v2\/types\/page"}],"author":[{"embeddable":true,"href":"https:\/\/www.limodor.com\/ch\/fr\/wp-json\/wp\/v2\/users\/1"}],"replies":[{"embeddable":true,"href":"https:\/\/www.limodor.com\/ch\/fr\/wp-json\/wp\/v2\/comments?post=7653"}],"version-history":[{"count":4,"href":"https:\/\/www.limodor.com\/ch\/fr\/wp-json\/wp\/v2\/pages\/7653\/revisions"}],"predecessor-version":[{"id":8975,"href":"https:\/\/www.limodor.com\/ch\/fr\/wp-json\/wp\/v2\/pages\/7653\/revisions\/8975"}],"wp:attachment":[{"href":"https:\/\/www.limodor.com\/ch\/fr\/wp-json\/wp\/v2\/media?parent=7653"}],"curies":[{"name":"wp","href":"https:\/\/api.w.org\/{rel}","templated":true}]}}