{"id":8890,"date":"2023-08-25T14:16:58","date_gmt":"2023-08-25T12:16:58","guid":{"rendered":"https:\/\/www.limodor.com\/ch\/mentions-legales\/"},"modified":"2025-05-08T08:27:59","modified_gmt":"2025-05-08T06:27:59","slug":"mentions-legales","status":"publish","type":"page","link":"https:\/\/www.limodor.com\/ch\/fr\/mentions-legales\/","title":{"rendered":"Mentions l\u00e9gales"},"content":{"rendered":"\n\t<section class=\"section section-space\" id=\"section_679385550\">\n\t\t<div class=\"section-bg fill\" >\n\t\t\t\t\t\t\t\t\t\n\t\t\t\n\n\t\t<\/div>\n\n\t\t\n\n\t\t<div class=\"section-content relative\">\n\t\t\t\n\n<div class=\"row\"  id=\"row-1724107750\">\n\n\n\t<div id=\"col-2121627755\" class=\"col small-12 large-12\"  >\n\t\t\t\t<div class=\"col-inner\"  >\n\t\t\t\n\t\t\t\n\n<h1>Mentions l\u00e9gales<\/h1>\n<h3>Personne autoris\u00e9e \u00e0 repr\u00e9senter l&rsquo;entreprise<\/h3>\n<h4>LIMODOR L\u00fcftungstechnik AG<\/h4>\n<p>Zielstrasse 13<br>9050 Appenzell<br>Suisse<\/p>\n<p><strong>Comment nous contacter<br><\/strong>T\u00e9l\u00e9phone : <a href=\"tel:+41717884242\">+41 71 788 42 42<\/a><br>E-mail : <a href=\"mailto:verkauf@limodor.ch\">verkauf@limodor.ch<\/a><br><a href=\"http:\/\/www.limodor.ch\">www.limodor.ch<\/a><\/p>\n<p><strong>CH-Handelsregister-Nr.<\/strong><br>CH-310.3.002.985-3<\/p>\n<p><strong>N\u00b0 de TVA<\/strong><br>CHE-314.289.558<\/p>\n<p><strong>Clause de non-responsabilit\u00e9<\/strong><\/p>\n<p>LIMODOR L\u00fcftungstechnik AG ne garantit pas l&rsquo;actualit\u00e9, l&rsquo;exactitude et l&rsquo;exhaustivit\u00e9 des informations fournies sur ce site. Il en va de m\u00eame pour le contenu des sites web externes auxquels il est fait r\u00e9f\u00e9rence directement ou indirectement au moyen de ce que l&rsquo;on appelle des hyperliens. LIMODOR L\u00fcftungstechnik AG se r\u00e9serve le droit de modifier ou de compl\u00e9ter le contenu de son site Internet sans pr\u00e9avis. Nous attirons votre attention sur le fait que toutes les informations figurant sur ce site sont fournies sans garantie et que toute responsabilit\u00e9 des auteurs ou de la soci\u00e9t\u00e9 anonyme pour des dommages (directs ou indirects) est exclue.   <\/p>\n\n\t\t<\/div>\n\t\t\t\t\t<\/div>\n\n\t\n\n<\/div>\n\n\t\t<\/div>\n\n\t\t\n<style>\n#section_679385550 {\n  padding-top: 0px;\n  padding-bottom: 0px;\n}\n<\/style>\n\t<\/section>\n\t","protected":false},"excerpt":{"rendered":"","protected":false},"author":1,"featured_media":0,"parent":0,"menu_order":0,"comment_status":"closed","ping_status":"closed","template":"page-blank.php","meta":{"_acf_changed":false,"footnotes":""},"class_list":["post-8890","page","type-page","status-publish","hentry"],"acf":[],"yoast_head":"<!-- This site is optimized with the Yoast SEO plugin v24.8.1 - https:\/\/yoast.com\/wordpress\/plugins\/seo\/ -->\n<title>Mentions l\u00e9gales - LIMODOR<\/title>\n<meta name=\"robots\" content=\"noindex, nofollow\" \/>\n<meta property=\"og:locale\" content=\"fr_FR\" \/>\n<meta property=\"og:type\" content=\"article\" \/>\n<meta property=\"og:title\" content=\"Mentions l\u00e9gales - LIMODOR\" \/>\n<meta property=\"og:url\" content=\"https:\/\/www.limodor.com\/ch\/fr\/mentions-legales\/\" \/>\n<meta property=\"og:site_name\" content=\"Limodor CH\" \/>\n<meta property=\"article:modified_time\" content=\"2025-05-08T06:27:59+00:00\" \/>\n<meta name=\"twitter:card\" content=\"summary_large_image\" \/>\n<meta name=\"twitter:label1\" content=\"Dur\u00e9e de lecture estim\u00e9e\" \/>\n\t<meta name=\"twitter:data1\" content=\"1 minute\" \/>\n<script type=\"application\/ld+json\" class=\"yoast-schema-graph\">{\"@context\":\"https:\/\/schema.org\",\"@graph\":[{\"@type\":\"WebPage\",\"@id\":\"https:\/\/www.limodor.com\/ch\/fr\/mentions-legales\/\",\"url\":\"https:\/\/www.limodor.com\/ch\/fr\/mentions-legales\/\",\"name\":\"Mentions l\u00e9gales - LIMODOR\",\"isPartOf\":{\"@id\":\"https:\/\/www.limodor.com\/ch\/fr\/#website\"},\"datePublished\":\"2023-08-25T12:16:58+00:00\",\"dateModified\":\"2025-05-08T06:27:59+00:00\",\"breadcrumb\":{\"@id\":\"https:\/\/www.limodor.com\/ch\/fr\/mentions-legales\/#breadcrumb\"},\"inLanguage\":\"fr-FR\",\"potentialAction\":[{\"@type\":\"ReadAction\",\"target\":[\"https:\/\/www.limodor.com\/ch\/fr\/mentions-legales\/\"]}]},{\"@type\":\"BreadcrumbList\",\"@id\":\"https:\/\/www.limodor.com\/ch\/fr\/mentions-legales\/#breadcrumb\",\"itemListElement\":[{\"@type\":\"ListItem\",\"position\":1,\"name\":\"Startseite\",\"item\":\"https:\/\/www.limodor.com\/ch\/fr\/\"},{\"@type\":\"ListItem\",\"position\":2,\"name\":\"Mentions l\u00e9gales\"}]},{\"@type\":\"WebSite\",\"@id\":\"https:\/\/www.limodor.com\/ch\/fr\/#website\",\"url\":\"https:\/\/www.limodor.com\/ch\/fr\/\",\"name\":\"Limodor CH\",\"description\":\"\",\"potentialAction\":[{\"@type\":\"SearchAction\",\"target\":{\"@type\":\"EntryPoint\",\"urlTemplate\":\"https:\/\/www.limodor.com\/ch\/fr\/?s={search_term_string}\"},\"query-input\":{\"@type\":\"PropertyValueSpecification\",\"valueRequired\":true,\"valueName\":\"search_term_string\"}}],\"inLanguage\":\"fr-FR\"}]}<\/script>\n<!-- \/ Yoast SEO plugin. -->","yoast_head_json":{"title":"Mentions l\u00e9gales - LIMODOR","robots":{"index":"noindex","follow":"nofollow"},"og_locale":"fr_FR","og_type":"article","og_title":"Mentions l\u00e9gales - LIMODOR","og_url":"https:\/\/www.limodor.com\/ch\/fr\/mentions-legales\/","og_site_name":"Limodor CH","article_modified_time":"2025-05-08T06:27:59+00:00","twitter_card":"summary_large_image","twitter_misc":{"Dur\u00e9e de lecture estim\u00e9e":"1 minute"},"schema":{"@context":"https:\/\/schema.org","@graph":[{"@type":"WebPage","@id":"https:\/\/www.limodor.com\/ch\/fr\/mentions-legales\/","url":"https:\/\/www.limodor.com\/ch\/fr\/mentions-legales\/","name":"Mentions l\u00e9gales - LIMODOR","isPartOf":{"@id":"https:\/\/www.limodor.com\/ch\/fr\/#website"},"datePublished":"2023-08-25T12:16:58+00:00","dateModified":"2025-05-08T06:27:59+00:00","breadcrumb":{"@id":"https:\/\/www.limodor.com\/ch\/fr\/mentions-legales\/#breadcrumb"},"inLanguage":"fr-FR","potentialAction":[{"@type":"ReadAction","target":["https:\/\/www.limodor.com\/ch\/fr\/mentions-legales\/"]}]},{"@type":"BreadcrumbList","@id":"https:\/\/www.limodor.com\/ch\/fr\/mentions-legales\/#breadcrumb","itemListElement":[{"@type":"ListItem","position":1,"name":"Startseite","item":"https:\/\/www.limodor.com\/ch\/fr\/"},{"@type":"ListItem","position":2,"name":"Mentions l\u00e9gales"}]},{"@type":"WebSite","@id":"https:\/\/www.limodor.com\/ch\/fr\/#website","url":"https:\/\/www.limodor.com\/ch\/fr\/","name":"Limodor CH","description":"","potentialAction":[{"@type":"SearchAction","target":{"@type":"EntryPoint","urlTemplate":"https:\/\/www.limodor.com\/ch\/fr\/?s={search_term_string}"},"query-input":{"@type":"PropertyValueSpecification","valueRequired":true,"valueName":"search_term_string"}}],"inLanguage":"fr-FR"}]}},"_links":{"self":[{"href":"https:\/\/www.limodor.com\/ch\/fr\/wp-json\/wp\/v2\/pages\/8890","targetHints":{"allow":["GET"]}}],"collection":[{"href":"https:\/\/www.limodor.com\/ch\/fr\/wp-json\/wp\/v2\/pages"}],"about":[{"href":"https:\/\/www.limodor.com\/ch\/fr\/wp-json\/wp\/v2\/types\/page"}],"author":[{"embeddable":true,"href":"https:\/\/www.limodor.com\/ch\/fr\/wp-json\/wp\/v2\/users\/1"}],"replies":[{"embeddable":true,"href":"https:\/\/www.limodor.com\/ch\/fr\/wp-json\/wp\/v2\/comments?post=8890"}],"version-history":[{"count":2,"href":"https:\/\/www.limodor.com\/ch\/fr\/wp-json\/wp\/v2\/pages\/8890\/revisions"}],"predecessor-version":[{"id":11335,"href":"https:\/\/www.limodor.com\/ch\/fr\/wp-json\/wp\/v2\/pages\/8890\/revisions\/11335"}],"wp:attachment":[{"href":"https:\/\/www.limodor.com\/ch\/fr\/wp-json\/wp\/v2\/media?parent=8890"}],"curies":[{"name":"wp","href":"https:\/\/api.w.org\/{rel}","templated":true}]}}