{"id":9330,"date":"2023-08-25T14:16:59","date_gmt":"2023-08-25T12:16:59","guid":{"rendered":"https:\/\/www.limodor.com\/ch\/expedition-livraison\/"},"modified":"2025-01-30T08:42:12","modified_gmt":"2025-01-30T07:42:12","slug":"expedition-livraison","status":"publish","type":"page","link":"https:\/\/www.limodor.com\/ch\/fr\/expedition-livraison\/","title":{"rendered":"Exp\u00e9dition &amp; livraison"},"content":{"rendered":"\n\t<section class=\"section\" id=\"section_1940661255\">\n\t\t<div class=\"section-bg fill\" >\n\t\t\t\t\t\t\t\t\t\n\t\t\t\n\n\t\t<\/div>\n\n\t\t\n\n\t\t<div class=\"section-content relative\">\n\t\t\t\n\n<div class=\"row\"  id=\"row-145371495\">\n\n\n\t<div id=\"col-1095969306\" class=\"col small-12 large-12\"  >\n\t\t\t\t<div class=\"col-inner\"  >\n\t\t\t\n\t\t\t\n\n<h1>Exp\u00e9dition &amp; livraison<\/h1>\n<h3><strong>Prix, frais de livraison et informations sur la livraison<\/strong><\/h3>\n<p>Les prix indiqu\u00e9s sur les pages de produits incluent la TVA et les autres \u00e9l\u00e9ments de prix.<\/p>\n<p>Nous ne livrons qu&rsquo;en Suisse et au Liechtenstein.<\/p>\n<p>En plus des prix indiqu\u00e9s, nous facturons un montant forfaitaire de CHF 15.00 par commande pour la livraison en Suisse et au Liechtenstein. Les frais de livraison vous sont clairement rappel\u00e9s dans le syst\u00e8me de panier et sur la page de commande. <\/p>\n\n\t\t<\/div>\n\t\t\t\t\t<\/div>\n\n\t\n\n<\/div>\n\n\t\t<\/div>\n\n\t\t\n<style>\n#section_1940661255 {\n  padding-top: 30px;\n  padding-bottom: 30px;\n}\n<\/style>\n\t<\/section>\n\t","protected":false},"excerpt":{"rendered":"","protected":false},"author":1,"featured_media":0,"parent":0,"menu_order":0,"comment_status":"closed","ping_status":"closed","template":"","meta":{"_acf_changed":false,"footnotes":""},"class_list":["post-9330","page","type-page","status-publish","hentry"],"acf":[],"yoast_head":"<!-- This site is optimized with the Yoast SEO plugin v24.8.1 - https:\/\/yoast.com\/wordpress\/plugins\/seo\/ -->\n<title>Exp\u00e9dition &amp; livraison - LIMODOR<\/title>\n<meta name=\"robots\" content=\"index, follow, max-snippet:-1, max-image-preview:large, max-video-preview:-1\" \/>\n<link rel=\"canonical\" href=\"https:\/\/www.limodor.com\/ch\/fr\/expedition-livraison\/\" \/>\n<meta property=\"og:locale\" content=\"fr_FR\" \/>\n<meta property=\"og:type\" content=\"article\" \/>\n<meta property=\"og:title\" content=\"Exp\u00e9dition &amp; livraison - LIMODOR\" \/>\n<meta property=\"og:url\" content=\"https:\/\/www.limodor.com\/ch\/fr\/expedition-livraison\/\" \/>\n<meta property=\"og:site_name\" content=\"Limodor CH\" \/>\n<meta property=\"article:modified_time\" content=\"2025-01-30T07:42:12+00:00\" \/>\n<meta name=\"twitter:card\" content=\"summary_large_image\" \/>\n<script type=\"application\/ld+json\" class=\"yoast-schema-graph\">{\"@context\":\"https:\/\/schema.org\",\"@graph\":[{\"@type\":\"WebPage\",\"@id\":\"https:\/\/www.limodor.com\/ch\/fr\/expedition-livraison\/\",\"url\":\"https:\/\/www.limodor.com\/ch\/fr\/expedition-livraison\/\",\"name\":\"Exp\u00e9dition &amp; livraison - LIMODOR\",\"isPartOf\":{\"@id\":\"https:\/\/www.limodor.com\/ch\/fr\/#website\"},\"datePublished\":\"2023-08-25T12:16:59+00:00\",\"dateModified\":\"2025-01-30T07:42:12+00:00\",\"breadcrumb\":{\"@id\":\"https:\/\/www.limodor.com\/ch\/fr\/expedition-livraison\/#breadcrumb\"},\"inLanguage\":\"fr-FR\",\"potentialAction\":[{\"@type\":\"ReadAction\",\"target\":[\"https:\/\/www.limodor.com\/ch\/fr\/expedition-livraison\/\"]}]},{\"@type\":\"BreadcrumbList\",\"@id\":\"https:\/\/www.limodor.com\/ch\/fr\/expedition-livraison\/#breadcrumb\",\"itemListElement\":[{\"@type\":\"ListItem\",\"position\":1,\"name\":\"Startseite\",\"item\":\"https:\/\/www.limodor.com\/ch\/fr\/\"},{\"@type\":\"ListItem\",\"position\":2,\"name\":\"Exp\u00e9dition &amp; livraison\"}]},{\"@type\":\"WebSite\",\"@id\":\"https:\/\/www.limodor.com\/ch\/fr\/#website\",\"url\":\"https:\/\/www.limodor.com\/ch\/fr\/\",\"name\":\"Limodor CH\",\"description\":\"\",\"potentialAction\":[{\"@type\":\"SearchAction\",\"target\":{\"@type\":\"EntryPoint\",\"urlTemplate\":\"https:\/\/www.limodor.com\/ch\/fr\/?s={search_term_string}\"},\"query-input\":{\"@type\":\"PropertyValueSpecification\",\"valueRequired\":true,\"valueName\":\"search_term_string\"}}],\"inLanguage\":\"fr-FR\"}]}<\/script>\n<!-- \/ Yoast SEO plugin. -->","yoast_head_json":{"title":"Exp\u00e9dition &amp; livraison - LIMODOR","robots":{"index":"index","follow":"follow","max-snippet":"max-snippet:-1","max-image-preview":"max-image-preview:large","max-video-preview":"max-video-preview:-1"},"canonical":"https:\/\/www.limodor.com\/ch\/fr\/expedition-livraison\/","og_locale":"fr_FR","og_type":"article","og_title":"Exp\u00e9dition &amp; livraison - LIMODOR","og_url":"https:\/\/www.limodor.com\/ch\/fr\/expedition-livraison\/","og_site_name":"Limodor CH","article_modified_time":"2025-01-30T07:42:12+00:00","twitter_card":"summary_large_image","schema":{"@context":"https:\/\/schema.org","@graph":[{"@type":"WebPage","@id":"https:\/\/www.limodor.com\/ch\/fr\/expedition-livraison\/","url":"https:\/\/www.limodor.com\/ch\/fr\/expedition-livraison\/","name":"Exp\u00e9dition &amp; livraison - LIMODOR","isPartOf":{"@id":"https:\/\/www.limodor.com\/ch\/fr\/#website"},"datePublished":"2023-08-25T12:16:59+00:00","dateModified":"2025-01-30T07:42:12+00:00","breadcrumb":{"@id":"https:\/\/www.limodor.com\/ch\/fr\/expedition-livraison\/#breadcrumb"},"inLanguage":"fr-FR","potentialAction":[{"@type":"ReadAction","target":["https:\/\/www.limodor.com\/ch\/fr\/expedition-livraison\/"]}]},{"@type":"BreadcrumbList","@id":"https:\/\/www.limodor.com\/ch\/fr\/expedition-livraison\/#breadcrumb","itemListElement":[{"@type":"ListItem","position":1,"name":"Startseite","item":"https:\/\/www.limodor.com\/ch\/fr\/"},{"@type":"ListItem","position":2,"name":"Exp\u00e9dition &amp; livraison"}]},{"@type":"WebSite","@id":"https:\/\/www.limodor.com\/ch\/fr\/#website","url":"https:\/\/www.limodor.com\/ch\/fr\/","name":"Limodor CH","description":"","potentialAction":[{"@type":"SearchAction","target":{"@type":"EntryPoint","urlTemplate":"https:\/\/www.limodor.com\/ch\/fr\/?s={search_term_string}"},"query-input":{"@type":"PropertyValueSpecification","valueRequired":true,"valueName":"search_term_string"}}],"inLanguage":"fr-FR"}]}},"_links":{"self":[{"href":"https:\/\/www.limodor.com\/ch\/fr\/wp-json\/wp\/v2\/pages\/9330","targetHints":{"allow":["GET"]}}],"collection":[{"href":"https:\/\/www.limodor.com\/ch\/fr\/wp-json\/wp\/v2\/pages"}],"about":[{"href":"https:\/\/www.limodor.com\/ch\/fr\/wp-json\/wp\/v2\/types\/page"}],"author":[{"embeddable":true,"href":"https:\/\/www.limodor.com\/ch\/fr\/wp-json\/wp\/v2\/users\/1"}],"replies":[{"embeddable":true,"href":"https:\/\/www.limodor.com\/ch\/fr\/wp-json\/wp\/v2\/comments?post=9330"}],"version-history":[{"count":1,"href":"https:\/\/www.limodor.com\/ch\/fr\/wp-json\/wp\/v2\/pages\/9330\/revisions"}],"predecessor-version":[{"id":9331,"href":"https:\/\/www.limodor.com\/ch\/fr\/wp-json\/wp\/v2\/pages\/9330\/revisions\/9331"}],"wp:attachment":[{"href":"https:\/\/www.limodor.com\/ch\/fr\/wp-json\/wp\/v2\/media?parent=9330"}],"curies":[{"name":"wp","href":"https:\/\/api.w.org\/{rel}","templated":true}]}}