{"id":227,"date":"2023-07-18T13:53:04","date_gmt":"2023-07-18T11:53:04","guid":{"rendered":"https:\/\/limodor-ch.dev-web.at\/loesungen-2\/wohnraeume\/"},"modified":"2023-10-23T10:46:52","modified_gmt":"2023-10-23T08:46:52","slug":"wohnraeume","status":"publish","type":"page","link":"https:\/\/www.limodor.com\/ch\/lueftungen\/wohnraeume\/","title":{"rendered":"Wohnr\u00e4ume"},"content":{"rendered":"\n\t<section class=\"section section-bottom-space\" id=\"section_1630992809\">\n\t\t<div class=\"section-bg fill\" >\n\t\t\t\t\t\t\t\t\t\n\t\t\t\n\n\t\t<\/div>\n\n\t\t\n\n\t\t<div class=\"section-content relative\">\n\t\t\t\n\n<div class=\"row row-collapse row-full-width align-center\"  id=\"row-2046666129\">\n\n\n\t<div id=\"col-1963833045\" class=\"col medium-6 small-12 large-4\"  >\n\t\t\t\t<div class=\"col-inner\"  >\n\t\t\t\n\t\t\t\n\n<div class=\"row row-collapse align-center\"  id=\"row-1723141972\">\n\n\n\t<div id=\"col-951516287\" class=\"col small-12 large-12\"  >\n\t\t\t\t<div class=\"col-inner\"  >\n\t\t\t\n\t\t\t\n\n\t<div class=\"img has-hover rounded-edges x md-x lg-x y md-y lg-y\" id=\"image_1486385242\">\n\t\t\t\t\t\t\t\t<div class=\"img-inner image-cover dark\" style=\"padding-top:56.25%;\">\n\t\t\t<img loading=\"lazy\" decoding=\"async\" width=\"1920\" height=\"1280\" src=\"https:\/\/www.limodor.com\/ch\/wp-content\/uploads\/sites\/3\/2023\/09\/Limodor_Badezimmer.jpg\" class=\"attachment-original size-original\" alt=\"\" srcset=\"https:\/\/www.limodor.com\/ch\/wp-content\/uploads\/sites\/3\/2023\/09\/Limodor_Badezimmer.jpg 1920w, https:\/\/www.limodor.com\/ch\/wp-content\/uploads\/sites\/3\/2023\/09\/Limodor_Badezimmer-300x200.jpg 300w, https:\/\/www.limodor.com\/ch\/wp-content\/uploads\/sites\/3\/2023\/09\/Limodor_Badezimmer-1024x683.jpg 1024w, https:\/\/www.limodor.com\/ch\/wp-content\/uploads\/sites\/3\/2023\/09\/Limodor_Badezimmer-768x512.jpg 768w, https:\/\/www.limodor.com\/ch\/wp-content\/uploads\/sites\/3\/2023\/09\/Limodor_Badezimmer-1536x1024.jpg 1536w, https:\/\/www.limodor.com\/ch\/wp-content\/uploads\/sites\/3\/2023\/09\/Limodor_Badezimmer-510x340.jpg 510w\" sizes=\"auto, (max-width: 1920px) 100vw, 1920px\" \/>\t\t\t\t\t\t\n\t\t\t\t\t<\/div>\n\t\t\t\t\t\t\t\t\n<style>\n#image_1486385242 {\n  width: 100%;\n}\n<\/style>\n\t<\/div>\n\t\n\n\n\t\t<\/div>\n\t\t\t\t\t<\/div>\n\n\t\n\n\t<div id=\"col-204587962\" class=\"col medium-10 small-11 large-10\"  >\n\t\t\t\t<div class=\"col-inner\" style=\"background-color:rgb(255,255,255);\" >\n\t\t\t\n\t\t\t\n\n<p class=\"loesungen-headline\">Bade\u00adzimmer<\/p>\n<p>Duschen und Baden \u2013 und trotzdem alles trocken. Mit einer Badl\u00fcftung bleibt der Spiegel klar.<\/p>\n<a href=\"\/ch\/badezimmer\/\" class=\"button primary is-outline\"  style=\"border-radius:10px;\">\n\t\t<span>mehr lesen<\/span>\n\t<\/a>\n\n\n\n\t\t<\/div>\n\t\t\t\t\n<style>\n#col-204587962 > .col-inner {\n  padding: 10px 15px 20px 15px;\n  margin: -59px 0px 0px 0px;\n  border-radius: 10px;\n}\n@media (min-width:550px) {\n  #col-204587962 > .col-inner {\n    padding: 20px 15px 20px 15px;\n    margin: -55px 0px 0px 0px;\n  }\n}\n@media (min-width:850px) {\n  #col-204587962 > .col-inner {\n    padding: 20px 20px 20px 20px;\n  }\n}\n<\/style>\n\t<\/div>\n\n\t\n\n<\/div>\n\n\t\t<\/div>\n\t\t\t\t\n<style>\n#col-1963833045 > .col-inner {\n  margin: 0px 0px 30px 0px;\n}\n@media (min-width:550px) {\n  #col-1963833045 > .col-inner {\n    margin: 0px 0px 50px 0px;\n  }\n}\n<\/style>\n\t<\/div>\n\n\t\n\n\t<div id=\"col-1500376870\" class=\"col medium-6 small-12 large-4\"  >\n\t\t\t\t<div class=\"col-inner\"  >\n\t\t\t\n\t\t\t\n\n<div class=\"row row-collapse align-center\"  id=\"row-2112401576\">\n\n\n\t<div id=\"col-70982148\" class=\"col small-12 large-12\"  >\n\t\t\t\t<div class=\"col-inner\"  >\n\t\t\t\n\t\t\t\n\n\t<div class=\"img has-hover rounded-edges x md-x lg-x y md-y lg-y\" id=\"image_2122770519\">\n\t\t\t\t\t\t\t\t<div class=\"img-inner image-cover dark\" style=\"padding-top:56.25%;\">\n\t\t\t<img loading=\"lazy\" decoding=\"async\" width=\"1920\" height=\"1280\" src=\"https:\/\/www.limodor.com\/ch\/wp-content\/uploads\/sites\/3\/2023\/09\/Limodor_Wohnzimmer.jpg\" class=\"attachment-original size-original\" alt=\"\" srcset=\"https:\/\/www.limodor.com\/ch\/wp-content\/uploads\/sites\/3\/2023\/09\/Limodor_Wohnzimmer.jpg 1920w, https:\/\/www.limodor.com\/ch\/wp-content\/uploads\/sites\/3\/2023\/09\/Limodor_Wohnzimmer-300x200.jpg 300w, https:\/\/www.limodor.com\/ch\/wp-content\/uploads\/sites\/3\/2023\/09\/Limodor_Wohnzimmer-1024x683.jpg 1024w, https:\/\/www.limodor.com\/ch\/wp-content\/uploads\/sites\/3\/2023\/09\/Limodor_Wohnzimmer-768x512.jpg 768w, https:\/\/www.limodor.com\/ch\/wp-content\/uploads\/sites\/3\/2023\/09\/Limodor_Wohnzimmer-1536x1024.jpg 1536w, https:\/\/www.limodor.com\/ch\/wp-content\/uploads\/sites\/3\/2023\/09\/Limodor_Wohnzimmer-510x340.jpg 510w\" sizes=\"auto, (max-width: 1920px) 100vw, 1920px\" \/>\t\t\t\t\t\t\n\t\t\t\t\t<\/div>\n\t\t\t\t\t\t\t\t\n<style>\n#image_2122770519 {\n  width: 100%;\n}\n<\/style>\n\t<\/div>\n\t\n\n\n\t\t<\/div>\n\t\t\t\t\t<\/div>\n\n\t\n\n\t<div id=\"col-1403894174\" class=\"col medium-10 small-11 large-10\"  >\n\t\t\t\t<div class=\"col-inner\" style=\"background-color:rgb(255,255,255);\" >\n\t\t\t\n\t\t\t\n\n<p class=\"loesungen-headline\">Wohn\u00adzimmer<\/p>\n<p>Regeneration im Herz der eigenen vier W\u00e4nde. Optimales Wohnklima, ohne jegliches Zutun.<\/p>\n<a href=\"\/ch\/wohnzimmer\/\" class=\"button primary is-outline\"  style=\"border-radius:10px;\">\n\t\t<span>Mehr lesen<\/span>\n\t<\/a>\n\n\n\n\t\t<\/div>\n\t\t\t\t\n<style>\n#col-1403894174 > .col-inner {\n  padding: 10px 15px 20px 15px;\n  margin: -59px 0px 0px 0px;\n  border-radius: 10px;\n}\n@media (min-width:550px) {\n  #col-1403894174 > .col-inner {\n    padding: 20px 15px 20px 15px;\n    margin: -55px 0px 0px 0px;\n  }\n}\n@media (min-width:850px) {\n  #col-1403894174 > .col-inner {\n    padding: 20px 20px 20px 20px;\n  }\n}\n<\/style>\n\t<\/div>\n\n\t\n\n<\/div>\n\n\t\t<\/div>\n\t\t\t\t\n<style>\n#col-1500376870 > .col-inner {\n  margin: 0px 0px 30px 0px;\n}\n@media (min-width:550px) {\n  #col-1500376870 > .col-inner {\n    margin: 0px 0px 50px 0px;\n  }\n}\n<\/style>\n\t<\/div>\n\n\t\n\n\t<div id=\"col-1556874200\" class=\"col medium-6 small-12 large-4\"  >\n\t\t\t\t<div class=\"col-inner\"  >\n\t\t\t\n\t\t\t\n\n<div class=\"row row-collapse align-center\"  id=\"row-518435004\">\n\n\n\t<div id=\"col-1180457130\" class=\"col small-12 large-12\"  >\n\t\t\t\t<div class=\"col-inner\"  >\n\t\t\t\n\t\t\t\n\n\t<div class=\"img has-hover rounded-edges x md-x lg-x y md-y lg-y\" id=\"image_191995532\">\n\t\t\t\t\t\t\t\t<div class=\"img-inner image-cover dark\" style=\"padding-top:56.25%;\">\n\t\t\t<img loading=\"lazy\" decoding=\"async\" width=\"1920\" height=\"1280\" src=\"https:\/\/www.limodor.com\/ch\/wp-content\/uploads\/sites\/3\/2023\/09\/Limodor_Schlafzimmer.jpg\" class=\"attachment-original size-original\" alt=\"\" srcset=\"https:\/\/www.limodor.com\/ch\/wp-content\/uploads\/sites\/3\/2023\/09\/Limodor_Schlafzimmer.jpg 1920w, https:\/\/www.limodor.com\/ch\/wp-content\/uploads\/sites\/3\/2023\/09\/Limodor_Schlafzimmer-300x200.jpg 300w, https:\/\/www.limodor.com\/ch\/wp-content\/uploads\/sites\/3\/2023\/09\/Limodor_Schlafzimmer-1024x683.jpg 1024w, https:\/\/www.limodor.com\/ch\/wp-content\/uploads\/sites\/3\/2023\/09\/Limodor_Schlafzimmer-768x512.jpg 768w, https:\/\/www.limodor.com\/ch\/wp-content\/uploads\/sites\/3\/2023\/09\/Limodor_Schlafzimmer-1536x1024.jpg 1536w, https:\/\/www.limodor.com\/ch\/wp-content\/uploads\/sites\/3\/2023\/09\/Limodor_Schlafzimmer-510x340.jpg 510w\" sizes=\"auto, (max-width: 1920px) 100vw, 1920px\" \/>\t\t\t\t\t\t\n\t\t\t\t\t<\/div>\n\t\t\t\t\t\t\t\t\n<style>\n#image_191995532 {\n  width: 100%;\n}\n<\/style>\n\t<\/div>\n\t\n\n\n\t\t<\/div>\n\t\t\t\t\t<\/div>\n\n\t\n\n\t<div id=\"col-526158989\" class=\"col medium-10 small-11 large-10\"  >\n\t\t\t\t<div class=\"col-inner\" style=\"background-color:rgb(255,255,255);\" >\n\t\t\t\n\t\t\t\n\n<p class=\"loesungen-headline\">Schlaf\u00adzimmer<\/p>\n<p>Erholsamer Schlaf in gefilterter Luft. Sicher und geborgen, ohne L\u00e4rm oder l\u00e4stige Stechm\u00fccken.<\/p>\n<a href=\"\/ch\/schlafzimmer\/\" class=\"button primary is-outline\"  style=\"border-radius:10px;\">\n\t\t<span>MEHr lesen<\/span>\n\t<\/a>\n\n\n\n\t\t<\/div>\n\t\t\t\t\n<style>\n#col-526158989 > .col-inner {\n  padding: 10px 15px 20px 15px;\n  margin: -59px 0px 0px 0px;\n  border-radius: 10px;\n}\n@media (min-width:550px) {\n  #col-526158989 > .col-inner {\n    padding: 20px 15px 20px 15px;\n    margin: -55px 0px 0px 0px;\n  }\n}\n@media (min-width:850px) {\n  #col-526158989 > .col-inner {\n    padding: 20px 20px 20px 20px;\n  }\n}\n<\/style>\n\t<\/div>\n\n\t\n\n<\/div>\n\n\t\t<\/div>\n\t\t\t\t\n<style>\n#col-1556874200 > .col-inner {\n  margin: 0px 0px 30px 0px;\n}\n@media (min-width:550px) {\n  #col-1556874200 > .col-inner {\n    margin: 0px 0px 50px 0px;\n  }\n}\n<\/style>\n\t<\/div>\n\n\t\n\n\t<div id=\"col-1649330075\" class=\"col medium-6 small-12 large-4\"  >\n\t\t\t\t<div class=\"col-inner\"  >\n\t\t\t\n\t\t\t\n\n<div class=\"row row-collapse align-center\"  id=\"row-1967731236\">\n\n\n\t<div id=\"col-2022312258\" class=\"col small-12 large-12\"  >\n\t\t\t\t<div class=\"col-inner\"  >\n\t\t\t\n\t\t\t\n\n\t<div class=\"img has-hover rounded-edges x md-x lg-x y md-y lg-y\" id=\"image_316245831\">\n\t\t\t\t\t\t\t\t<div class=\"img-inner image-cover dark\" style=\"padding-top:56.25%;\">\n\t\t\t<img loading=\"lazy\" decoding=\"async\" width=\"2560\" height=\"1707\" src=\"https:\/\/www.limodor.com\/ch\/wp-content\/uploads\/sites\/3\/2023\/10\/WC_LIMODOR.jpg\" class=\"attachment-original size-original\" alt=\"\" srcset=\"https:\/\/www.limodor.com\/ch\/wp-content\/uploads\/sites\/3\/2023\/10\/WC_LIMODOR.jpg 2560w, https:\/\/www.limodor.com\/ch\/wp-content\/uploads\/sites\/3\/2023\/10\/WC_LIMODOR-300x200.jpg 300w, https:\/\/www.limodor.com\/ch\/wp-content\/uploads\/sites\/3\/2023\/10\/WC_LIMODOR-1024x683.jpg 1024w, https:\/\/www.limodor.com\/ch\/wp-content\/uploads\/sites\/3\/2023\/10\/WC_LIMODOR-768x512.jpg 768w, https:\/\/www.limodor.com\/ch\/wp-content\/uploads\/sites\/3\/2023\/10\/WC_LIMODOR-1536x1024.jpg 1536w, https:\/\/www.limodor.com\/ch\/wp-content\/uploads\/sites\/3\/2023\/10\/WC_LIMODOR-2048x1366.jpg 2048w, https:\/\/www.limodor.com\/ch\/wp-content\/uploads\/sites\/3\/2023\/10\/WC_LIMODOR-510x340.jpg 510w\" sizes=\"auto, (max-width: 2560px) 100vw, 2560px\" \/>\t\t\t\t\t\t\n\t\t\t\t\t<\/div>\n\t\t\t\t\t\t\t\t\n<style>\n#image_316245831 {\n  width: 100%;\n}\n<\/style>\n\t<\/div>\n\t\n\n\n\t\t<\/div>\n\t\t\t\t\t<\/div>\n\n\t\n\n\t<div id=\"col-1668530362\" class=\"col medium-10 small-11 large-10\"  >\n\t\t\t\t<div class=\"col-inner\" style=\"background-color:rgb(255,255,255);\" >\n\t\t\t\n\t\t\t\n\n<p class=\"loesungen-headline\">WC<\/p>\n<p>Entspannt durchatmen \u2013 gerade auf der Toilette eine Frage des Komforts.<\/p>\n<a href=\"\/ch\/wc\/\" class=\"button primary is-outline\"  style=\"border-radius:10px;\">\n\t\t<span>mehr lesen<\/span>\n\t<\/a>\n\n\n\n\t\t<\/div>\n\t\t\t\t\n<style>\n#col-1668530362 > .col-inner {\n  padding: 10px 15px 20px 15px;\n  margin: -59px 0px 0px 0px;\n  border-radius: 10px;\n}\n@media (min-width:550px) {\n  #col-1668530362 > .col-inner {\n    padding: 20px 15px 20px 15px;\n    margin: -55px 0px 0px 0px;\n  }\n}\n@media (min-width:850px) {\n  #col-1668530362 > .col-inner {\n    padding: 20px 20px 20px 20px;\n  }\n}\n<\/style>\n\t<\/div>\n\n\t\n\n<\/div>\n\n\t\t<\/div>\n\t\t\t\t\n<style>\n#col-1649330075 > .col-inner {\n  margin: 0px 0px 30px 0px;\n}\n@media (min-width:550px) {\n  #col-1649330075 > .col-inner {\n    margin: 0px 0px 50px 0px;\n  }\n}\n<\/style>\n\t<\/div>\n\n\t\n\n\t<div id=\"col-296748537\" class=\"col medium-6 small-12 large-4\"  >\n\t\t\t\t<div class=\"col-inner\"  >\n\t\t\t\n\t\t\t\n\n<div class=\"row row-collapse align-center\"  id=\"row-848679741\">\n\n\n\t<div id=\"col-838570177\" class=\"col small-12 large-12\"  >\n\t\t\t\t<div class=\"col-inner\"  >\n\t\t\t\n\t\t\t\n\n\t<div class=\"img has-hover rounded-edges x md-x lg-x y md-y lg-y\" id=\"image_181041590\">\n\t\t\t\t\t\t\t\t<div class=\"img-inner image-cover dark\" style=\"padding-top:56.25%;\">\n\t\t\t<img loading=\"lazy\" decoding=\"async\" width=\"2560\" height=\"1707\" src=\"https:\/\/www.limodor.com\/ch\/wp-content\/uploads\/sites\/3\/2023\/10\/Buero_LIMODOR.jpg\" class=\"attachment-original size-original\" alt=\"\" srcset=\"https:\/\/www.limodor.com\/ch\/wp-content\/uploads\/sites\/3\/2023\/10\/Buero_LIMODOR.jpg 2560w, https:\/\/www.limodor.com\/ch\/wp-content\/uploads\/sites\/3\/2023\/10\/Buero_LIMODOR-300x200.jpg 300w, https:\/\/www.limodor.com\/ch\/wp-content\/uploads\/sites\/3\/2023\/10\/Buero_LIMODOR-1024x683.jpg 1024w, https:\/\/www.limodor.com\/ch\/wp-content\/uploads\/sites\/3\/2023\/10\/Buero_LIMODOR-768x512.jpg 768w, https:\/\/www.limodor.com\/ch\/wp-content\/uploads\/sites\/3\/2023\/10\/Buero_LIMODOR-1536x1024.jpg 1536w, https:\/\/www.limodor.com\/ch\/wp-content\/uploads\/sites\/3\/2023\/10\/Buero_LIMODOR-2048x1366.jpg 2048w, https:\/\/www.limodor.com\/ch\/wp-content\/uploads\/sites\/3\/2023\/10\/Buero_LIMODOR-510x340.jpg 510w\" sizes=\"auto, (max-width: 2560px) 100vw, 2560px\" \/>\t\t\t\t\t\t\n\t\t\t\t\t<\/div>\n\t\t\t\t\t\t\t\t\n<style>\n#image_181041590 {\n  width: 100%;\n}\n<\/style>\n\t<\/div>\n\t\n\n\n\t\t<\/div>\n\t\t\t\t\t<\/div>\n\n\t\n\n\t<div id=\"col-1582445378\" class=\"col medium-10 small-11 large-10\"  >\n\t\t\t\t<div class=\"col-inner\" style=\"background-color:rgb(255,255,255);\" >\n\t\t\t\n\t\t\t\n\n<p class=\"loesungen-headline\">B\u00fcro<\/p>\n<p>Homeoffice im Trend. Optimales Arbeitsplatzklima in frischer Luft ohne L\u00e4rmbel\u00e4stigung \u2013 einfach nachr\u00fcstbar.<\/p>\n<a href=\"\/ch\/buero\/\" class=\"button primary is-outline\"  style=\"border-radius:10px;\">\n\t\t<span>mehr lesen<\/span>\n\t<\/a>\n\n\n\n\t\t<\/div>\n\t\t\t\t\n<style>\n#col-1582445378 > .col-inner {\n  padding: 10px 15px 20px 15px;\n  margin: -59px 0px 0px 0px;\n  border-radius: 10px;\n}\n@media (min-width:550px) {\n  #col-1582445378 > .col-inner {\n    padding: 20px 15px 20px 20px;\n    margin: -55px 0px 0px 0px;\n  }\n}\n@media (min-width:850px) {\n  #col-1582445378 > .col-inner {\n    padding: 20px 20px 20px 20px;\n  }\n}\n<\/style>\n\t<\/div>\n\n\t\n\n<\/div>\n\n\t\t<\/div>\n\t\t\t\t\n<style>\n#col-296748537 > .col-inner {\n  margin: 0px 0px 30px 0px;\n}\n@media (min-width:550px) {\n  #col-296748537 > .col-inner {\n    margin: 0px 0px 50px 0px;\n  }\n}\n<\/style>\n\t<\/div>\n\n\t\n\n\t<div id=\"col-1303748003\" class=\"col medium-6 small-12 large-4\"  >\n\t\t\t\t<div class=\"col-inner\"  >\n\t\t\t\n\t\t\t\n\n<div class=\"row row-collapse align-center\"  id=\"row-830108817\">\n\n\n\t<div id=\"col-1548509420\" class=\"col small-12 large-12\"  >\n\t\t\t\t<div class=\"col-inner\"  >\n\t\t\t\n\t\t\t\n\n\t<div class=\"img has-hover rounded-edges x md-x lg-x y md-y lg-y\" id=\"image_1785972425\">\n\t\t\t\t\t\t\t\t<div class=\"img-inner image-cover dark\" style=\"padding-top:56.25%;\">\n\t\t\t<img loading=\"lazy\" decoding=\"async\" width=\"2560\" height=\"1439\" src=\"https:\/\/www.limodor.com\/ch\/wp-content\/uploads\/sites\/3\/2023\/10\/Abstellraum_LIMODOR.jpg\" class=\"attachment-original size-original\" alt=\"\" srcset=\"https:\/\/www.limodor.com\/ch\/wp-content\/uploads\/sites\/3\/2023\/10\/Abstellraum_LIMODOR.jpg 2560w, https:\/\/www.limodor.com\/ch\/wp-content\/uploads\/sites\/3\/2023\/10\/Abstellraum_LIMODOR-300x169.jpg 300w, https:\/\/www.limodor.com\/ch\/wp-content\/uploads\/sites\/3\/2023\/10\/Abstellraum_LIMODOR-1024x576.jpg 1024w, https:\/\/www.limodor.com\/ch\/wp-content\/uploads\/sites\/3\/2023\/10\/Abstellraum_LIMODOR-768x432.jpg 768w, https:\/\/www.limodor.com\/ch\/wp-content\/uploads\/sites\/3\/2023\/10\/Abstellraum_LIMODOR-1536x863.jpg 1536w, https:\/\/www.limodor.com\/ch\/wp-content\/uploads\/sites\/3\/2023\/10\/Abstellraum_LIMODOR-2048x1151.jpg 2048w, https:\/\/www.limodor.com\/ch\/wp-content\/uploads\/sites\/3\/2023\/10\/Abstellraum_LIMODOR-510x287.jpg 510w\" sizes=\"auto, (max-width: 2560px) 100vw, 2560px\" \/>\t\t\t\t\t\t\n\t\t\t\t\t<\/div>\n\t\t\t\t\t\t\t\t\n<style>\n#image_1785972425 {\n  width: 100%;\n}\n<\/style>\n\t<\/div>\n\t\n\n\n\t\t<\/div>\n\t\t\t\t\t<\/div>\n\n\t\n\n\t<div id=\"col-1504551299\" class=\"col medium-10 small-11 large-10\"  >\n\t\t\t\t<div class=\"col-inner\" style=\"background-color:rgb(255,255,255);\" >\n\t\t\t\n\t\t\t\n\n<p class=\"loesungen-headline\">Abstell\u00adraum<\/p>\n<p>Trockene Luft ist das A&amp;O. Ein feuchtegesteuerter L\u00fcfter ist die einfache, preisg\u00fcnstige L\u00f6sung.<\/p>\n<a href=\"\/ch\/abstellraum\/\" class=\"button primary is-outline\"  style=\"border-radius:10px;\">\n\t\t<span>mehr lesen<\/span>\n\t<\/a>\n\n\n\n\t\t<\/div>\n\t\t\t\t\n<style>\n#col-1504551299 > .col-inner {\n  padding: 10px 15px 20px 15px;\n  margin: -59px 0px 0px 0px;\n  border-radius: 10px;\n}\n@media (min-width:550px) {\n  #col-1504551299 > .col-inner {\n    padding: 20px 15px 20px 15px;\n    margin: -55px 0px 0px 0px;\n  }\n}\n@media (min-width:850px) {\n  #col-1504551299 > .col-inner {\n    padding: 20px 20px 20px 20px;\n  }\n}\n<\/style>\n\t<\/div>\n\n\t\n\n<\/div>\n\n\t\t<\/div>\n\t\t\t\t\n<style>\n#col-1303748003 > .col-inner {\n  margin: 0px 0px 30px 0px;\n}\n@media (min-width:550px) {\n  #col-1303748003 > .col-inner {\n    margin: 0px 0px 50px 0px;\n  }\n}\n<\/style>\n\t<\/div>\n\n\t\n\n\t<div id=\"col-1021545809\" class=\"col medium-6 small-12 large-4\"  >\n\t\t\t\t<div class=\"col-inner\"  >\n\t\t\t\n\t\t\t\n\n<div class=\"row row-collapse align-center\"  id=\"row-448566350\">\n\n\n\t<div id=\"col-1043232297\" class=\"col small-12 large-12\"  >\n\t\t\t\t<div class=\"col-inner\"  >\n\t\t\t\n\t\t\t\n\n\t<div class=\"img has-hover rounded-edges x md-x lg-x y md-y lg-y\" id=\"image_1244468900\">\n\t\t\t\t\t\t\t\t<div class=\"img-inner image-cover dark\" style=\"padding-top:56.25%;\">\n\t\t\t<img loading=\"lazy\" decoding=\"async\" width=\"2560\" height=\"1707\" src=\"https:\/\/www.limodor.com\/ch\/wp-content\/uploads\/sites\/3\/2023\/10\/Garage_LIMODOR.jpg\" class=\"attachment-original size-original\" alt=\"\" srcset=\"https:\/\/www.limodor.com\/ch\/wp-content\/uploads\/sites\/3\/2023\/10\/Garage_LIMODOR.jpg 2560w, https:\/\/www.limodor.com\/ch\/wp-content\/uploads\/sites\/3\/2023\/10\/Garage_LIMODOR-300x200.jpg 300w, https:\/\/www.limodor.com\/ch\/wp-content\/uploads\/sites\/3\/2023\/10\/Garage_LIMODOR-1024x683.jpg 1024w, https:\/\/www.limodor.com\/ch\/wp-content\/uploads\/sites\/3\/2023\/10\/Garage_LIMODOR-768x512.jpg 768w, https:\/\/www.limodor.com\/ch\/wp-content\/uploads\/sites\/3\/2023\/10\/Garage_LIMODOR-1536x1024.jpg 1536w, https:\/\/www.limodor.com\/ch\/wp-content\/uploads\/sites\/3\/2023\/10\/Garage_LIMODOR-2048x1366.jpg 2048w, https:\/\/www.limodor.com\/ch\/wp-content\/uploads\/sites\/3\/2023\/10\/Garage_LIMODOR-510x340.jpg 510w\" sizes=\"auto, (max-width: 2560px) 100vw, 2560px\" \/>\t\t\t\t\t\t\n\t\t\t\t\t<\/div>\n\t\t\t\t\t\t\t\t\n<style>\n#image_1244468900 {\n  width: 100%;\n}\n<\/style>\n\t<\/div>\n\t\n\n\n\t\t<\/div>\n\t\t\t\t\t<\/div>\n\n\t\n\n\t<div id=\"col-1927824158\" class=\"col medium-10 small-11 large-10\"  >\n\t\t\t\t<div class=\"col-inner\" style=\"background-color:rgb(255,255,255);\" >\n\t\t\t\n\t\t\t\n\n<p class=\"loesungen-headline\">Garage<\/p>\n<p>Platz f\u00fcr Auto, Gartenger\u00e4te und Werkstatt: Ein Abluftger\u00e4t sorgt f\u00fcr CO\u00b2-Schutz und Trockenheit.<\/p>\n<a href=\"\/ch\/garage\/\" class=\"button primary is-outline\"  style=\"border-radius:10px;\">\n\t\t<span>mehr lesen<\/span>\n\t<\/a>\n\n\n\n\t\t<\/div>\n\t\t\t\t\n<style>\n#col-1927824158 > .col-inner {\n  padding: 10px 15px 20px 15px;\n  margin: -59px 0px 0px 0px;\n  border-radius: 10px;\n}\n@media (min-width:550px) {\n  #col-1927824158 > .col-inner {\n    padding: 20px 15px 20px 15px;\n    margin: -55px 0px 0px 0px;\n  }\n}\n@media (min-width:850px) {\n  #col-1927824158 > .col-inner {\n    padding: 20px 20px 20px 20px;\n  }\n}\n<\/style>\n\t<\/div>\n\n\t\n\n<\/div>\n\n\t\t<\/div>\n\t\t\t\t\n<style>\n#col-1021545809 > .col-inner {\n  margin: 0px 0px 30px 0px;\n}\n@media (min-width:550px) {\n  #col-1021545809 > .col-inner {\n    margin: 0px 0px 50px 0px;\n  }\n}\n<\/style>\n\t<\/div>\n\n\t\n\n<\/div>\n\n\t\t<\/div>\n\n\t\t\n<style>\n#section_1630992809 {\n  padding-top: 0px;\n  padding-bottom: 0px;\n}\n<\/style>\n\t<\/section>\n\t","protected":false},"excerpt":{"rendered":"","protected":false},"author":1,"featured_media":0,"parent":787,"menu_order":0,"comment_status":"closed","ping_status":"closed","template":"page-blank.php","meta":{"_acf_changed":false,"footnotes":""},"class_list":["post-227","page","type-page","status-publish","hentry"],"acf":[],"yoast_head":"<!-- This site is optimized with the Yoast SEO plugin v24.8.1 - https:\/\/yoast.com\/wordpress\/plugins\/seo\/ -->\n<title>Wohnr\u00e4ume - LIMODOR<\/title>\n<meta name=\"robots\" content=\"index, follow, max-snippet:-1, max-image-preview:large, max-video-preview:-1\" \/>\n<link rel=\"canonical\" href=\"https:\/\/www.limodor.com\/ch\/lueftungen\/wohnraeume\/\" \/>\n<meta property=\"og:locale\" content=\"de_DE\" \/>\n<meta property=\"og:type\" content=\"article\" \/>\n<meta property=\"og:title\" content=\"Wohnr\u00e4ume - LIMODOR\" \/>\n<meta property=\"og:url\" content=\"https:\/\/www.limodor.com\/ch\/lueftungen\/wohnraeume\/\" \/>\n<meta property=\"og:site_name\" content=\"Limodor CH\" \/>\n<meta property=\"article:modified_time\" content=\"2023-10-23T08:46:52+00:00\" \/>\n<meta name=\"twitter:card\" content=\"summary_large_image\" \/>\n<meta name=\"twitter:label1\" content=\"Gesch\u00e4tzte Lesezeit\" \/>\n\t<meta name=\"twitter:data1\" content=\"5\u00a0Minuten\" \/>\n<script type=\"application\/ld+json\" class=\"yoast-schema-graph\">{\"@context\":\"https:\/\/schema.org\",\"@graph\":[{\"@type\":\"WebPage\",\"@id\":\"https:\/\/www.limodor.com\/ch\/lueftungen\/wohnraeume\/\",\"url\":\"https:\/\/www.limodor.com\/ch\/lueftungen\/wohnraeume\/\",\"name\":\"Wohnr\u00e4ume - LIMODOR\",\"isPartOf\":{\"@id\":\"https:\/\/www.limodor.com\/ch\/#website\"},\"datePublished\":\"2023-07-18T11:53:04+00:00\",\"dateModified\":\"2023-10-23T08:46:52+00:00\",\"breadcrumb\":{\"@id\":\"https:\/\/www.limodor.com\/ch\/lueftungen\/wohnraeume\/#breadcrumb\"},\"inLanguage\":\"de\",\"potentialAction\":[{\"@type\":\"ReadAction\",\"target\":[\"https:\/\/www.limodor.com\/ch\/lueftungen\/wohnraeume\/\"]}]},{\"@type\":\"BreadcrumbList\",\"@id\":\"https:\/\/www.limodor.com\/ch\/lueftungen\/wohnraeume\/#breadcrumb\",\"itemListElement\":[{\"@type\":\"ListItem\",\"position\":1,\"name\":\"Startseite\",\"item\":\"https:\/\/www.limodor.com\/ch\/\"},{\"@type\":\"ListItem\",\"position\":2,\"name\":\"L\u00f6sungen\",\"item\":\"https:\/\/www.limodor.com\/ch\/lueftungen\/\"},{\"@type\":\"ListItem\",\"position\":3,\"name\":\"Wohnr\u00e4ume\"}]},{\"@type\":\"WebSite\",\"@id\":\"https:\/\/www.limodor.com\/ch\/#website\",\"url\":\"https:\/\/www.limodor.com\/ch\/\",\"name\":\"Limodor CH\",\"description\":\"\",\"potentialAction\":[{\"@type\":\"SearchAction\",\"target\":{\"@type\":\"EntryPoint\",\"urlTemplate\":\"https:\/\/www.limodor.com\/ch\/?s={search_term_string}\"},\"query-input\":{\"@type\":\"PropertyValueSpecification\",\"valueRequired\":true,\"valueName\":\"search_term_string\"}}],\"inLanguage\":\"de\"}]}<\/script>\n<!-- \/ Yoast SEO plugin. -->","yoast_head_json":{"title":"Wohnr\u00e4ume - LIMODOR","robots":{"index":"index","follow":"follow","max-snippet":"max-snippet:-1","max-image-preview":"max-image-preview:large","max-video-preview":"max-video-preview:-1"},"canonical":"https:\/\/www.limodor.com\/ch\/lueftungen\/wohnraeume\/","og_locale":"de_DE","og_type":"article","og_title":"Wohnr\u00e4ume - LIMODOR","og_url":"https:\/\/www.limodor.com\/ch\/lueftungen\/wohnraeume\/","og_site_name":"Limodor CH","article_modified_time":"2023-10-23T08:46:52+00:00","twitter_card":"summary_large_image","twitter_misc":{"Gesch\u00e4tzte Lesezeit":"5\u00a0Minuten"},"schema":{"@context":"https:\/\/schema.org","@graph":[{"@type":"WebPage","@id":"https:\/\/www.limodor.com\/ch\/lueftungen\/wohnraeume\/","url":"https:\/\/www.limodor.com\/ch\/lueftungen\/wohnraeume\/","name":"Wohnr\u00e4ume - LIMODOR","isPartOf":{"@id":"https:\/\/www.limodor.com\/ch\/#website"},"datePublished":"2023-07-18T11:53:04+00:00","dateModified":"2023-10-23T08:46:52+00:00","breadcrumb":{"@id":"https:\/\/www.limodor.com\/ch\/lueftungen\/wohnraeume\/#breadcrumb"},"inLanguage":"de","potentialAction":[{"@type":"ReadAction","target":["https:\/\/www.limodor.com\/ch\/lueftungen\/wohnraeume\/"]}]},{"@type":"BreadcrumbList","@id":"https:\/\/www.limodor.com\/ch\/lueftungen\/wohnraeume\/#breadcrumb","itemListElement":[{"@type":"ListItem","position":1,"name":"Startseite","item":"https:\/\/www.limodor.com\/ch\/"},{"@type":"ListItem","position":2,"name":"L\u00f6sungen","item":"https:\/\/www.limodor.com\/ch\/lueftungen\/"},{"@type":"ListItem","position":3,"name":"Wohnr\u00e4ume"}]},{"@type":"WebSite","@id":"https:\/\/www.limodor.com\/ch\/#website","url":"https:\/\/www.limodor.com\/ch\/","name":"Limodor CH","description":"","potentialAction":[{"@type":"SearchAction","target":{"@type":"EntryPoint","urlTemplate":"https:\/\/www.limodor.com\/ch\/?s={search_term_string}"},"query-input":{"@type":"PropertyValueSpecification","valueRequired":true,"valueName":"search_term_string"}}],"inLanguage":"de"}]}},"_links":{"self":[{"href":"https:\/\/www.limodor.com\/ch\/wp-json\/wp\/v2\/pages\/227","targetHints":{"allow":["GET"]}}],"collection":[{"href":"https:\/\/www.limodor.com\/ch\/wp-json\/wp\/v2\/pages"}],"about":[{"href":"https:\/\/www.limodor.com\/ch\/wp-json\/wp\/v2\/types\/page"}],"author":[{"embeddable":true,"href":"https:\/\/www.limodor.com\/ch\/wp-json\/wp\/v2\/users\/1"}],"replies":[{"embeddable":true,"href":"https:\/\/www.limodor.com\/ch\/wp-json\/wp\/v2\/comments?post=227"}],"version-history":[{"count":0,"href":"https:\/\/www.limodor.com\/ch\/wp-json\/wp\/v2\/pages\/227\/revisions"}],"up":[{"embeddable":true,"href":"https:\/\/www.limodor.com\/ch\/wp-json\/wp\/v2\/pages\/787"}],"wp:attachment":[{"href":"https:\/\/www.limodor.com\/ch\/wp-json\/wp\/v2\/media?parent=227"}],"curies":[{"name":"wp","href":"https:\/\/api.w.org\/{rel}","templated":true}]}}