{"id":770,"date":"2023-08-09T10:37:23","date_gmt":"2023-08-09T08:37:23","guid":{"rendered":"https:\/\/limodor.dev-web.at\/ch\/wohnraeume-2\/schlafzimmer\/"},"modified":"2025-01-07T08:37:18","modified_gmt":"2025-01-07T07:37:18","slug":"schlafzimmer","status":"publish","type":"page","link":"https:\/\/www.limodor.com\/ch\/lueftungen\/wohnraeume\/schlafzimmer\/","title":{"rendered":"Schlafzimmer"},"content":{"rendered":"\n\t<section class=\"section wohnraum-header section-bottom-space\" id=\"section_2008163862\">\n\t\t<div class=\"section-bg fill\" >\n\t\t\t\t\t\t\t\t\t\n\t\t\t\n\n\t\t<\/div>\n\n\t\t\n\n\t\t<div class=\"section-content relative\">\n\t\t\t\n\n<div class=\"row row-full-width\"  id=\"row-1617032306\">\n\n\n\t<div id=\"col-937546529\" class=\"col medium-12 small-12 large-6\"  >\n\t\t\t\t<div class=\"col-inner\"  >\n\t\t\t\n\t\t\t\n\n<div class=\"breadcrumbs-row\"><div class=\"breadcrumbs-container\"><div class=\"breadcrumb-element\"><a href=\"https:\/\/www.limodor.com\/ch\/lueftungen\/\"><span>L\u00f6sungen<\/span><\/a><div>><\/div><\/div><div class=\"breadcrumb-element\"><a href=\"https:\/\/www.limodor.com\/ch\/lueftungen\/wohnraeume\/\"><span>Wohnr\u00e4ume<\/span><\/a><div>><\/div><\/div><div class=\"breadcrumb-element\"><a href=\"https:\/\/www.limodor.com\/ch\/lueftungen\/wohnraeume\/schlafzimmer\/\"><span>Schlafzimmer<\/span><\/a><\/div><\/div><\/div>\n\n<h1>Schlafzimmer<\/h1>\n<h4 class=\"uppercase\">Regenerations- &amp; R\u00fcckzugsort<br \/>Bitte kuschelig, leise &amp; M\u00fcckenfrei<\/h4>\n\t<div id=\"gap-1564694159\" class=\"gap-element clearfix\" style=\"display:block; height:auto;\">\n\t\t\n<style>\n#gap-1564694159 {\n  padding-top: 10px;\n}\n@media (min-width:550px) {\n  #gap-1564694159 {\n    padding-top: 10px;\n  }\n}\n<\/style>\n\t<\/div>\n\t\n\n<p>Im Schnitt verbringen wir ein Drittel unseres Lebens dort. Als Entspannungsraum braucht es ein besonderes Wohlf\u00fchlklima. Nichts st\u00f6rt dabei mehr als L\u00e4rm, Stechm\u00fccken oder schw\u00fcle, feuchte Luft. Wenn nicht ein zentrales L\u00fcftungssystem im gesamten Wohnbereich f\u00fcr Frischluft sorgt, sind hier besonders dezentrale Wohnrauml\u00fcftungen die idealen Systeme f\u00fcr gesunden Schlaf und 100\u2009% Wohlf\u00fchlklima.<\/p>\n\n\t\t<\/div>\n\t\t\t\t\t<\/div>\n\n\t\n\n\t<div id=\"col-207734477\" class=\"col medium-12 small-12 large-6 medium-col-first\"  >\n\t\t\t\t<div class=\"col-inner\"  >\n\t\t\t\n\t\t\t\n\n\t<div class=\"img has-hover wave x md-x lg-x y md-y lg-y\" id=\"image_1426259458\">\n\t\t\t\t\t\t\t\t<div class=\"img-inner image-cover dark\" style=\"padding-top:56.25%;\">\n\t\t\t<img loading=\"lazy\" decoding=\"async\" width=\"2000\" height=\"1333\" src=\"https:\/\/www.limodor.com\/ch\/wp-content\/uploads\/sites\/3\/2023\/10\/Limodor_Schlafzimmer.jpg\" class=\"attachment-original size-original\" alt=\"\" srcset=\"https:\/\/www.limodor.com\/ch\/wp-content\/uploads\/sites\/3\/2023\/10\/Limodor_Schlafzimmer.jpg 2000w, https:\/\/www.limodor.com\/ch\/wp-content\/uploads\/sites\/3\/2023\/10\/Limodor_Schlafzimmer-300x200.jpg 300w, https:\/\/www.limodor.com\/ch\/wp-content\/uploads\/sites\/3\/2023\/10\/Limodor_Schlafzimmer-1024x682.jpg 1024w, https:\/\/www.limodor.com\/ch\/wp-content\/uploads\/sites\/3\/2023\/10\/Limodor_Schlafzimmer-768x512.jpg 768w, https:\/\/www.limodor.com\/ch\/wp-content\/uploads\/sites\/3\/2023\/10\/Limodor_Schlafzimmer-1536x1024.jpg 1536w, https:\/\/www.limodor.com\/ch\/wp-content\/uploads\/sites\/3\/2023\/10\/Limodor_Schlafzimmer-510x340.jpg 510w\" sizes=\"auto, (max-width: 2000px) 100vw, 2000px\" \/>\t\t\t\t\t\t\n\t\t\t\t\t<\/div>\n\t\t\t\t\t\t\t\t\n<style>\n#image_1426259458 {\n  width: 100%;\n}\n<\/style>\n\t<\/div>\n\t\n\n\n\t\t<\/div>\n\t\t\t\t\t<\/div>\n\n\t\n\n<\/div>\n\n\t\t<\/div>\n\n\t\t\n<style>\n#section_2008163862 {\n  padding-top: 0px;\n  padding-bottom: 0px;\n}\n<\/style>\n\t<\/section>\n\t\n\n\t<section class=\"section\" id=\"section_453687118\">\n\t\t<div class=\"section-bg fill\" >\n\t\t\t\t\t\t\t\t\t\n\t\t\t\n\t<div class=\"is-border\"\n\t\tstyle=\"border-color:rgb(0, 105, 180);border-width:3px 0px 3px 0px;\">\n\t<\/div>\n\n\t\t<\/div>\n\n\t\t\n\n\t\t<div class=\"section-content relative\">\n\t\t\t\n\n<div class=\"row row-collapse row-full-width align-center\"  id=\"row-151611271\">\n\n\n\t<div id=\"col-2059551917\" class=\"col small-12 large-12\"  >\n\t\t\t\t<div class=\"col-inner text-center\"  >\n\t\t\t\n\t\t\t\n\n<h3>Vorteile<\/h3>\n<div class=\"icon-slider-container\"><div class=\"e5-slider-elements owl-carousel owl-theme\"><div class=\"e5-icon-container\"><div class=\"e5-icon-animation\"><div class=\"lottie-placeholder\" data-src=\"\/wp-content\/uploads\/2023\/08\/Fluesterleiser-Betrieb.json\"><\/div><\/div><div class=\"e5-icon-text\"><span>Fl\u00fcsterleiser Betrieb<\/span><\/div><\/div><div class=\"e5-icon-container\"><div class=\"e5-icon-animation\"><div class=\"lottie-placeholder\" data-src=\"\/wp-content\/uploads\/2023\/08\/Steuerungsvarianten.json\"><\/div><\/div><div class=\"e5-icon-text\"><span>Individuell einstellbar<\/span><\/div><\/div><div class=\"e5-icon-container\"><div class=\"e5-icon-animation\"><div class=\"lottie-placeholder\" data-src=\"\/wp-content\/uploads\/2023\/08\/Insektenschutz-1.json\"><\/div><\/div><div class=\"e5-icon-text\"><span>Keine l\u00e4stigen Insekten<\/span><\/div><\/div><div class=\"e5-icon-container\"><div class=\"e5-icon-animation\"><div class=\"lottie-placeholder\" data-src=\"\/wp-content\/uploads\/2023\/08\/Schalldaemmung.json\"><\/div><\/div><div class=\"e5-icon-text\"><span>Schutz vor Aussenl\u00e4rm<\/span><\/div><\/div><div class=\"e5-icon-container\"><div class=\"e5-icon-animation\"><div class=\"lottie-placeholder\" data-src=\"\/ch\/wp-content\/uploads\/sites\/3\/2023\/09\/Intelligente-Sensorsteuerung.json\"><\/div><\/div><div class=\"e5-icon-text\"><span>Intelligente Sensorsteuerung<\/span><\/div><\/div><\/div><div class=\"e5-slider-navigation\"><img decoding=\"async\" alt=\"Pfeil links\" class=\"arrow-left\" src=\"https:\/\/www.limodor.com\/ch\/wp-content\/mu-plugins\/limodor\/images\/right-arrow.svg\" \/><img decoding=\"async\" alt=\"Pfeil rechts\" class=\"arrow-right\" src=\"https:\/\/www.limodor.com\/ch\/wp-content\/mu-plugins\/limodor\/images\/right-arrow.svg\" \/><\/div><\/div>\n\n\n\t\t<\/div>\n\t\t\t\t\t<\/div>\n\n\t\n\n<\/div>\n\n\t\t<\/div>\n\n\t\t\n<style>\n#section_453687118 {\n  padding-top: 40px;\n  padding-bottom: 40px;\n}\n<\/style>\n\t<\/section>\n\t\n\n\t<section class=\"section\" id=\"section_1816059984\">\n\t\t<div class=\"section-bg fill\" >\n\t\t\t\t\t\t\t\t\t\n\t\t\t\n\n\t\t<\/div>\n\n\t\t\n\n\t\t<div class=\"section-content relative\">\n\t\t\t\n\n<div class=\"row\"  id=\"row-1784019537\">\n\n\n\t<div id=\"col-1737652811\" class=\"col small-12 large-12\"  >\n\t\t\t\t<div class=\"col-inner\"  >\n\t\t\t\n\t\t\t\n\n<div class=\"e5-accordion-container\"><div class=\"e5-accordion-category-container\"><h3 class=\"e5-accordion accordion-header single-category\" data-categories=\"Schlafzimmer\">FAQ zum Schlafzimmer<\/h3><div class=\"e5-accordion e5-accordion-article\" id=\"e5Anchordie-energiepreise-gehen-durch-die-decke-braucht-eine-lueftung-uebers-jahr-gesehen-nicht-sehr-viel-strom\" data-categories=\"Schlafzimmer,Wohnr\u00e4ume\"><a href=\"#\" class=\"details-link accent\"><div class=\"e5-accordion-title-container\"><span class=\"e5-accordion-title\">Die Energiepreise gehen durch die Decke. Braucht eine L\u00fcftung \u00fcbers Jahr gesehen nicht sehr viel Strom?<\/span><svg xmlns=\"http:\/\/www.w3.org\/2000\/svg\" width=\"20\" height=\"17\" class=\"polygon\" viewBox=\"0 0 20 17\"><path id=\"Polygon_6\" data-name=\"Polygon 6\" d=\"M9.138,1.465a1,1,0,0,1,1.724,0l8.252,14.028A1,1,0,0,1,18.252,17H1.748a1,1,0,0,1-.862-1.507Z\" transform=\"translate(20 17) rotate(180)\" fill=\"#0069b4\"\/><\/svg><\/div><\/a><div class=\"row dropdown-content\"><p>Gerade bei in Schlafr\u00e4umen oft eingesetzten dezentralen L\u00fcftungssystemen wie z.B. dem <a href=\"https:\/\/www.limodor.com\/ch\/lueftungen\/lueftungssysteme\/dezentrale-wohnraumlueftung\/airvital-prime\/\">AirVital Prime<\/a> ist eine doppelte Verbrauchsoptimierung gegeben. Zum einen entf\u00e4llt der W\u00e4rmeverlust im Vergleich zum Fenster\u00f6ffnen fast vollst\u00e4ndig, zum anderen ben\u00f6tigen die eingebauten Ventilatoren oft weniger Energie als die Raumbeleuchtung.<\/p>\n<\/div><\/div><div class=\"e5-accordion e5-accordion-article\" id=\"e5Anchorgelsen-sind-schlafkiller-gelangen-diese-nicht-durch-die-zuluft-ins-haus\" data-categories=\"Schlafzimmer,Wohnr\u00e4ume\"><a href=\"#\" class=\"details-link accent\"><div class=\"e5-accordion-title-container\"><span class=\"e5-accordion-title\">M\u00fccken sind Schlafkiller. Gelangen diese nicht durch die Zuluft ins Haus?<\/span><svg xmlns=\"http:\/\/www.w3.org\/2000\/svg\" width=\"20\" height=\"17\" class=\"polygon\" viewBox=\"0 0 20 17\"><path id=\"Polygon_6\" data-name=\"Polygon 6\" d=\"M9.138,1.465a1,1,0,0,1,1.724,0l8.252,14.028A1,1,0,0,1,18.252,17H1.748a1,1,0,0,1-.862-1.507Z\" transform=\"translate(20 17) rotate(180)\" fill=\"#0069b4\"\/><\/svg><\/div><\/a><div class=\"row dropdown-content\"><p>Im Gegenteil. Zum einen werden sie nicht durch ge\u00f6ffnete Fenster angelockt, zum anderen sind in den L\u00fcftungen Filter verbaut, die ein Eindringen verhindern. Wen es eine Garantie f\u00fcr ungest\u00f6rten Schlaf ohne nervt\u00f6tendes Summen gibt, dann durch L\u00fcftungselemente.<\/p>\n<\/div><\/div><div class=\"e5-accordion e5-accordion-article\" id=\"e5Anchorwird-im-sommer-nicht-heisse-luft-ins-schlafzimmer-gesaugt\" data-categories=\"Schlafzimmer,Wohnr\u00e4ume\"><a href=\"#\" class=\"details-link accent\"><div class=\"e5-accordion-title-container\"><span class=\"e5-accordion-title\">Wird im Sommer nicht heisse Luft ins Schlafzimmer gesaugt?<\/span><svg xmlns=\"http:\/\/www.w3.org\/2000\/svg\" width=\"20\" height=\"17\" class=\"polygon\" viewBox=\"0 0 20 17\"><path id=\"Polygon_6\" data-name=\"Polygon 6\" d=\"M9.138,1.465a1,1,0,0,1,1.724,0l8.252,14.028A1,1,0,0,1,18.252,17H1.748a1,1,0,0,1-.862-1.507Z\" transform=\"translate(20 17) rotate(180)\" fill=\"#0069b4\"\/><\/svg><\/div><\/a><div class=\"row dropdown-content\"><p>Eine Funktion der Steuerung sorgt daf\u00fcr, dass der Luftaustausch nur in k\u00fchlen Nachtstunden stattfindet. Durch eine \u00abIntensivl\u00fcftungsfunktion\u00bb kann auch sehr rasch warme, schw\u00fcle Luft im Raum durch k\u00fchle Nachtluft vor dem Schlafengehen ersetzt werden.<\/p>\n<\/div><\/div><div class=\"e5-accordion e5-accordion-article\" id=\"e5Anchorist-eine-lueftung-im-schlafzimmer-nicht-zu-laut\" data-categories=\"Schlafzimmer,Wohnr\u00e4ume\"><a href=\"#\" class=\"details-link accent\"><div class=\"e5-accordion-title-container\"><span class=\"e5-accordion-title\">Ist eine L\u00fcftung im Schlafzimmer nicht zu laut?<\/span><svg xmlns=\"http:\/\/www.w3.org\/2000\/svg\" width=\"20\" height=\"17\" class=\"polygon\" viewBox=\"0 0 20 17\"><path id=\"Polygon_6\" data-name=\"Polygon 6\" d=\"M9.138,1.465a1,1,0,0,1,1.724,0l8.252,14.028A1,1,0,0,1,18.252,17H1.748a1,1,0,0,1-.862-1.507Z\" transform=\"translate(20 17) rotate(180)\" fill=\"#0069b4\"\/><\/svg><\/div><\/a><div class=\"row dropdown-content\"><p>F\u00fcr fl\u00fcsterleisen Betrieb sorgt eine optimierte Schalld\u00e4mmung. Entweder in den Abdeckungen oder als Schalld\u00e4mpfer im Wanddurchbruch. Das h\u00e4lt sowohl den L\u00e4rm von aussen als auch das ohnehin kaum h\u00f6rbare Ger\u00e4usch der Ventilatoren sicher im Zaum.<\/p>\n<\/div><\/div><\/div><\/div>\n\n\n\t\t<\/div>\n\t\t\t\t\t<\/div>\n\n\t\n\n<\/div>\n\n\t\t<\/div>\n\n\t\t\n<style>\n#section_1816059984 {\n  padding-top: 0px;\n  padding-bottom: 0px;\n}\n<\/style>\n\t<\/section>\n\t\n\n\t<section class=\"section section-top-space\" id=\"section_856696958\">\n\t\t<div class=\"section-bg fill\" >\n\t\t\t\t\t\t\t\t\t\n\t\t\t\n\n\t\t<\/div>\n\n\t\t\n\n\t\t<div class=\"section-content relative\">\n\t\t\t\n\n<div class=\"row row-collapse\"  id=\"row-1719617875\">\n\n\n\t<div id=\"col-2075466960\" class=\"col small-12 large-12\"  >\n\t\t\t\t<div class=\"col-inner text-center\"  >\n\t\t\t\n\t\t\t\n\n<h2>Unsere L\u00fcftungssysteme<\/h2>\n\n\t\t<\/div>\n\t\t\t\t\t<\/div>\n\n\t\n\n<\/div>\n\n\t\t<\/div>\n\n\t\t\n<style>\n#section_856696958 {\n  padding-top: 0px;\n  padding-bottom: 0px;\n}\n<\/style>\n\t<\/section>\n\t\n\n\t<section class=\"section section-space\" id=\"section_1064729139\">\n\t\t<div class=\"section-bg fill\" >\n\t\t\t\t\t\t\t\t\t\n\t\t\t\n\n\t\t<\/div>\n\n\t\t\n\n\t\t<div class=\"section-content relative\">\n\t\t\t\n\n\n\t<section class=\"section overlay-right\" id=\"section_1258568744\">\n\t\t<div class=\"section-bg fill\" >\n\t\t\t\t\t\t\t\t\t\n\t\t\t\n\n\t\t<\/div>\n\n\t\t\n\n\t\t<div class=\"section-content relative\">\n\t\t\t\n\n<div class=\"row row-collapse row-full-width align-middle\"  id=\"row-1454014242\">\n\n\n\t<div id=\"col-1325002163\" class=\"col medium-10 small-12 large-4\"  >\n\t\t\t\t<div class=\"col-inner\"  >\n\t\t\t\n\t\t\t\n\n<div class=\"row text-row\"  id=\"row-1470126784\">\n\n\n\t<div id=\"col-1835181161\" class=\"col small-12 large-12\"  >\n\t\t\t\t<div class=\"col-inner\"  >\n\t\t\t\n\t\t\t\n\n<h2>VersoVent<\/h2>\n<p>Der VersoVent ist kompaktes, platzsparendes Ger\u00e4t zur kontrollierten dezentralen Wohnrauml\u00fcftung. Die warme, verbrauchte Abluft streift \u00fcber einen W\u00e4rmetauscher aus Keramik und gibt dort ihre Energie ab. Die danach einstr\u00f6mende Frischluft nimmt diese W\u00e4rme wieder auf und gelangt so temperiert ins Wohnzimmer.<\/p>\n\n<a href=\"\/ch\/versovent\/\" class=\"button primary is-outline \/airvital\"  >\n\t\t<span>Details<\/span>\n\t<\/a>\n\n\n\n\t\t<\/div>\n\t\t\t\t\n<style>\n#col-1835181161 > .col-inner {\n  padding: 30px 15px 30px 15px;\n}\n@media (min-width:550px) {\n  #col-1835181161 > .col-inner {\n    padding: 40px 40px 40px 10px;\n  }\n}\n<\/style>\n\t<\/div>\n\n\t\n\n<\/div>\n\n\t\t<\/div>\n\t\t\t\t\t<\/div>\n\n\t\n\n\t<div id=\"col-1864462320\" class=\"col medium-10 small-12 large-8 medium-col-first\"  >\n\t\t\t\t<div class=\"col-inner\"  >\n\t\t\t\n\t\t\t\n\n\t<div class=\"img has-hover rounded-edges x md-x lg-x y md-y lg-y\" id=\"image_1772496531\">\n\t\t\t\t\t\t\t\t<div class=\"img-inner image-cover dark\" style=\"padding-top:45%;\">\n\t\t\t<img loading=\"lazy\" decoding=\"async\" width=\"2560\" height=\"1280\" src=\"https:\/\/www.limodor.com\/ch\/wp-content\/uploads\/sites\/3\/2023\/09\/AirOdor_Inhaltsseite_lueftungssysteme_gross-scaled.jpg\" class=\"attachment-original size-original\" alt=\"VersoVent\" srcset=\"https:\/\/www.limodor.com\/ch\/wp-content\/uploads\/sites\/3\/2023\/09\/AirOdor_Inhaltsseite_lueftungssysteme_gross-scaled.jpg 2560w, https:\/\/www.limodor.com\/ch\/wp-content\/uploads\/sites\/3\/2023\/09\/AirOdor_Inhaltsseite_lueftungssysteme_gross-300x150.jpg 300w, https:\/\/www.limodor.com\/ch\/wp-content\/uploads\/sites\/3\/2023\/09\/AirOdor_Inhaltsseite_lueftungssysteme_gross-1024x512.jpg 1024w, https:\/\/www.limodor.com\/ch\/wp-content\/uploads\/sites\/3\/2023\/09\/AirOdor_Inhaltsseite_lueftungssysteme_gross-768x384.jpg 768w, https:\/\/www.limodor.com\/ch\/wp-content\/uploads\/sites\/3\/2023\/09\/AirOdor_Inhaltsseite_lueftungssysteme_gross-1536x768.jpg 1536w, https:\/\/www.limodor.com\/ch\/wp-content\/uploads\/sites\/3\/2023\/09\/AirOdor_Inhaltsseite_lueftungssysteme_gross-2048x1024.jpg 2048w, https:\/\/www.limodor.com\/ch\/wp-content\/uploads\/sites\/3\/2023\/09\/AirOdor_Inhaltsseite_lueftungssysteme_gross-510x255.jpg 510w\" sizes=\"auto, (max-width: 2560px) 100vw, 2560px\" \/>\t\t\t\t\t\t\n\t\t\t\t\t<\/div>\n\t\t\t\t\t\t\t\t\n<style>\n#image_1772496531 {\n  width: 100%;\n}\n<\/style>\n\t<\/div>\n\t\n\n\n\t\t<\/div>\n\t\t\t\t\t<\/div>\n\n\t\n\n<\/div>\n\n\t\t<\/div>\n\n\t\t\n<style>\n#section_1258568744 {\n  padding-top: 30px;\n  padding-bottom: 30px;\n}\n<\/style>\n\t<\/section>\n\t\n\n\n\t\t<\/div>\n\n\t\t\n<style>\n#section_1064729139 {\n  padding-top: 0px;\n  padding-bottom: 0px;\n}\n<\/style>\n\t<\/section>\n\t\n\n\t<section class=\"section section-space\" id=\"section_1359381187\">\n\t\t<div class=\"section-bg fill\" >\n\t\t\t\t\t\t\t\t\t\n\t\t\t\n\n\t\t<\/div>\n\n\t\t\n\n\t\t<div class=\"section-content relative\">\n\t\t\t\n\n\n\t<section class=\"section overlay-left\" id=\"section_1076636421\">\n\t\t<div class=\"section-bg fill\" >\n\t\t\t\t\t\t\t\t\t\n\t\t\t\n\n\t\t<\/div>\n\n\t\t\n\n\t\t<div class=\"section-content relative\">\n\t\t\t\n\n<div class=\"row row-collapse row-full-width align-middle\"  id=\"row-1332833880\">\n\n\n\t<div id=\"col-1883754658\" class=\"col medium-10 small-12 large-8\"  >\n\t\t\t\t<div class=\"col-inner\"  >\n\t\t\t\n\t\t\t\n\n\t<div class=\"img has-hover rounded-edges x md-x lg-x y md-y lg-y\" id=\"image_1399759978\">\n\t\t\t\t\t\t\t\t<div class=\"img-inner image-cover dark\" style=\"padding-top:45%;\">\n\t\t\t<img loading=\"lazy\" decoding=\"async\" width=\"700\" height=\"350\" src=\"https:\/\/www.limodor.com\/ch\/wp-content\/uploads\/sites\/3\/2023\/08\/61200-grau-breit.jpg\" class=\"attachment-original size-original\" alt=\"\" srcset=\"https:\/\/www.limodor.com\/ch\/wp-content\/uploads\/sites\/3\/2023\/08\/61200-grau-breit.jpg 700w, https:\/\/www.limodor.com\/ch\/wp-content\/uploads\/sites\/3\/2023\/08\/61200-grau-breit-300x150.jpg 300w, https:\/\/www.limodor.com\/ch\/wp-content\/uploads\/sites\/3\/2023\/08\/61200-grau-breit-510x255.jpg 510w\" sizes=\"auto, (max-width: 700px) 100vw, 700px\" \/>\t\t\t\t\t\t\n\t\t\t\t\t<\/div>\n\t\t\t\t\t\t\t\t\n<style>\n#image_1399759978 {\n  width: 100%;\n}\n<\/style>\n\t<\/div>\n\t\n\n\n\t\t<\/div>\n\t\t\t\t\t<\/div>\n\n\t\n\n\t<div id=\"col-1914728517\" class=\"col medium-10 small-12 large-4\"  >\n\t\t\t\t<div class=\"col-inner\"  >\n\t\t\t\n\t\t\t\n\n<div class=\"row text-row\"  id=\"row-1816890987\">\n\n\n\t<div id=\"col-93709031\" class=\"col small-12 large-12\"  >\n\t\t\t\t<div class=\"col-inner\"  >\n\t\t\t\n\t\t\t\n\n<h2>AquaVent<\/h2>\n<p>Unsere Abluftw\u00e4rmepumpen sind die ideale L\u00f6sung zur Warmwasseraufbereitung im Ein- und Mehrfamilienhaus. Die Abluft aus mehreren R\u00e4umen wie zum Beispiel Bad, WC, K\u00fcche und Reduit wird zur Warmwasseraufbereitung genutzt. Durch die Nutzung der Abluft kann die Warmwasseraufbereitung unabh\u00e4ngig vom Heizsystem gew\u00e4hrleistet werden. Die Abluftw\u00e4rmepumpen k\u00f6nnen an jeden handels\u00fcblichen Boiler mit Register und Elektro-Zusatzheizung angeschlossen werden.<\/p>\n<a href=\"\/ch\/aquavent\" class=\"button primary is-outline\"  >\n\t\t<span>Details<\/span>\n\t<\/a>\n\n\n\n\t\t<\/div>\n\t\t\t\t\n<style>\n#col-93709031 > .col-inner {\n  padding: 30px 15px 30px 15px;\n}\n@media (min-width:550px) {\n  #col-93709031 > .col-inner {\n    padding: 40px 10px 40px 40px;\n  }\n}\n<\/style>\n\t<\/div>\n\n\t\n\n<\/div>\n\n\t\t<\/div>\n\t\t\t\t\t<\/div>\n\n\t\n\n<\/div>\n\n\t\t<\/div>\n\n\t\t\n<style>\n#section_1076636421 {\n  padding-top: 0px;\n  padding-bottom: 0px;\n}\n<\/style>\n\t<\/section>\n\t\n\n\n\t\t<\/div>\n\n\t\t\n<style>\n#section_1359381187 {\n  padding-top: 0px;\n  padding-bottom: 0px;\n}\n<\/style>\n\t<\/section>\n\t\n\n\t<section class=\"section\" id=\"section_120473304\">\n\t\t<div class=\"section-bg fill\" >\n\t\t\t\t\t\t\t\t\t\n\t\t\t\n\n\t\t<\/div>\n\n\t\t\n\n\t\t<div class=\"section-content relative\">\n\t\t\t\n\n<div class=\"row row-collapse align-middle align-right ventilation-system-overview\"  id=\"row-1406733952\">\n\n\n\t<div id=\"col-1793439152\" class=\"col medium-6 small-12 large-3\"  >\n\t\t\t\t<div class=\"col-inner\"  >\n\t\t\t\n\t\t\t\n\n\t<div id=\"text-2803674586\" class=\"text\">\n\t\t\n\n<p class=\"sub-headline\">Nicht das Richtige gefunden?<\/p>\n\t\t\n<style>\n#text-2803674586 {\n  text-align: right;\n}\n<\/style>\n\t<\/div>\n\t\n\n\t\t<\/div>\n\t\t\t\t\t<\/div>\n\n\t\n\n\t<div id=\"col-1925243218\" class=\"col medium-6 small-12 large-3\"  >\n\t\t\t\t<div class=\"col-inner\"  >\n\t\t\t\n\t\t\t\n\n<a href=\"\/ch\/wohnraeume\" class=\"button primary is-outline is-small\"  style=\"border-radius:10px;\">\n\t\t<span>zur\u00fcck zur \u00dcbersicht<\/span>\n\t<\/a>\n\n\n\n\t\t<\/div>\n\t\t\t\t\n<style>\n#col-1925243218 > .col-inner {\n  padding: 0px 0px 0px 30px;\n}\n<\/style>\n\t<\/div>\n\n\t\n\n<\/div>\n\n\n\t\t<\/div>\n\n\t\t\n<style>\n#section_120473304 {\n  padding-top: 40px;\n  padding-bottom: 40px;\n}\n<\/style>\n\t<\/section>\n\t","protected":false},"excerpt":{"rendered":"","protected":false},"author":1,"featured_media":0,"parent":227,"menu_order":0,"comment_status":"closed","ping_status":"closed","template":"page-blank.php","meta":{"_acf_changed":false,"footnotes":""},"class_list":["post-770","page","type-page","status-publish","hentry"],"acf":[],"yoast_head":"<!-- This site is optimized with the Yoast SEO plugin v24.8.1 - https:\/\/yoast.com\/wordpress\/plugins\/seo\/ -->\n<title>Fl\u00fcsterleiser Schlafzimmer L\u00fcfter<\/title>\n<meta name=\"description\" content=\"Schlaf genie\u00dfen ohne L\u00e4rm, M\u00fccken und schw\u00fcler Luft.\" \/>\n<meta name=\"robots\" content=\"index, follow, max-snippet:-1, max-image-preview:large, max-video-preview:-1\" \/>\n<link rel=\"canonical\" href=\"https:\/\/www.limodor.com\/ch\/lueftungen\/wohnraeume\/schlafzimmer\/\" \/>\n<meta property=\"og:locale\" content=\"de_DE\" \/>\n<meta property=\"og:type\" content=\"article\" \/>\n<meta property=\"og:title\" content=\"Fl\u00fcsterleiser Schlafzimmer L\u00fcfter\" \/>\n<meta property=\"og:description\" content=\"Schlaf genie\u00dfen ohne L\u00e4rm, M\u00fccken und schw\u00fcler Luft.\" \/>\n<meta property=\"og:url\" content=\"https:\/\/www.limodor.com\/ch\/lueftungen\/wohnraeume\/schlafzimmer\/\" \/>\n<meta property=\"og:site_name\" content=\"Limodor CH\" \/>\n<meta property=\"article:modified_time\" content=\"2025-01-07T07:37:18+00:00\" \/>\n<meta name=\"twitter:card\" content=\"summary_large_image\" \/>\n<meta name=\"twitter:label1\" content=\"Gesch\u00e4tzte Lesezeit\" \/>\n\t<meta name=\"twitter:data1\" content=\"2\u00a0Minuten\" \/>\n<script type=\"application\/ld+json\" class=\"yoast-schema-graph\">{\"@context\":\"https:\/\/schema.org\",\"@graph\":[{\"@type\":\"WebPage\",\"@id\":\"https:\/\/www.limodor.com\/ch\/lueftungen\/wohnraeume\/schlafzimmer\/\",\"url\":\"https:\/\/www.limodor.com\/ch\/lueftungen\/wohnraeume\/schlafzimmer\/\",\"name\":\"Fl\u00fcsterleiser Schlafzimmer L\u00fcfter\",\"isPartOf\":{\"@id\":\"https:\/\/www.limodor.com\/ch\/#website\"},\"datePublished\":\"2023-08-09T08:37:23+00:00\",\"dateModified\":\"2025-01-07T07:37:18+00:00\",\"description\":\"Schlaf genie\u00dfen ohne L\u00e4rm, M\u00fccken und schw\u00fcler Luft.\",\"breadcrumb\":{\"@id\":\"https:\/\/www.limodor.com\/ch\/lueftungen\/wohnraeume\/schlafzimmer\/#breadcrumb\"},\"inLanguage\":\"de\",\"potentialAction\":[{\"@type\":\"ReadAction\",\"target\":[\"https:\/\/www.limodor.com\/ch\/lueftungen\/wohnraeume\/schlafzimmer\/\"]}]},{\"@type\":\"BreadcrumbList\",\"@id\":\"https:\/\/www.limodor.com\/ch\/lueftungen\/wohnraeume\/schlafzimmer\/#breadcrumb\",\"itemListElement\":[{\"@type\":\"ListItem\",\"position\":1,\"name\":\"Startseite\",\"item\":\"https:\/\/www.limodor.com\/ch\/\"},{\"@type\":\"ListItem\",\"position\":2,\"name\":\"L\u00f6sungen\",\"item\":\"https:\/\/www.limodor.com\/ch\/lueftungen\/\"},{\"@type\":\"ListItem\",\"position\":3,\"name\":\"Wohnr\u00e4ume\",\"item\":\"https:\/\/www.limodor.com\/ch\/lueftungen\/wohnraeume\/\"},{\"@type\":\"ListItem\",\"position\":4,\"name\":\"Schlafzimmer\"}]},{\"@type\":\"WebSite\",\"@id\":\"https:\/\/www.limodor.com\/ch\/#website\",\"url\":\"https:\/\/www.limodor.com\/ch\/\",\"name\":\"Limodor CH\",\"description\":\"\",\"potentialAction\":[{\"@type\":\"SearchAction\",\"target\":{\"@type\":\"EntryPoint\",\"urlTemplate\":\"https:\/\/www.limodor.com\/ch\/?s={search_term_string}\"},\"query-input\":{\"@type\":\"PropertyValueSpecification\",\"valueRequired\":true,\"valueName\":\"search_term_string\"}}],\"inLanguage\":\"de\"}]}<\/script>\n<!-- \/ Yoast SEO plugin. -->","yoast_head_json":{"title":"Fl\u00fcsterleiser Schlafzimmer L\u00fcfter","description":"Schlaf genie\u00dfen ohne L\u00e4rm, M\u00fccken und schw\u00fcler Luft.","robots":{"index":"index","follow":"follow","max-snippet":"max-snippet:-1","max-image-preview":"max-image-preview:large","max-video-preview":"max-video-preview:-1"},"canonical":"https:\/\/www.limodor.com\/ch\/lueftungen\/wohnraeume\/schlafzimmer\/","og_locale":"de_DE","og_type":"article","og_title":"Fl\u00fcsterleiser Schlafzimmer L\u00fcfter","og_description":"Schlaf genie\u00dfen ohne L\u00e4rm, M\u00fccken und schw\u00fcler Luft.","og_url":"https:\/\/www.limodor.com\/ch\/lueftungen\/wohnraeume\/schlafzimmer\/","og_site_name":"Limodor CH","article_modified_time":"2025-01-07T07:37:18+00:00","twitter_card":"summary_large_image","twitter_misc":{"Gesch\u00e4tzte Lesezeit":"2\u00a0Minuten"},"schema":{"@context":"https:\/\/schema.org","@graph":[{"@type":"WebPage","@id":"https:\/\/www.limodor.com\/ch\/lueftungen\/wohnraeume\/schlafzimmer\/","url":"https:\/\/www.limodor.com\/ch\/lueftungen\/wohnraeume\/schlafzimmer\/","name":"Fl\u00fcsterleiser Schlafzimmer L\u00fcfter","isPartOf":{"@id":"https:\/\/www.limodor.com\/ch\/#website"},"datePublished":"2023-08-09T08:37:23+00:00","dateModified":"2025-01-07T07:37:18+00:00","description":"Schlaf genie\u00dfen ohne L\u00e4rm, M\u00fccken und schw\u00fcler Luft.","breadcrumb":{"@id":"https:\/\/www.limodor.com\/ch\/lueftungen\/wohnraeume\/schlafzimmer\/#breadcrumb"},"inLanguage":"de","potentialAction":[{"@type":"ReadAction","target":["https:\/\/www.limodor.com\/ch\/lueftungen\/wohnraeume\/schlafzimmer\/"]}]},{"@type":"BreadcrumbList","@id":"https:\/\/www.limodor.com\/ch\/lueftungen\/wohnraeume\/schlafzimmer\/#breadcrumb","itemListElement":[{"@type":"ListItem","position":1,"name":"Startseite","item":"https:\/\/www.limodor.com\/ch\/"},{"@type":"ListItem","position":2,"name":"L\u00f6sungen","item":"https:\/\/www.limodor.com\/ch\/lueftungen\/"},{"@type":"ListItem","position":3,"name":"Wohnr\u00e4ume","item":"https:\/\/www.limodor.com\/ch\/lueftungen\/wohnraeume\/"},{"@type":"ListItem","position":4,"name":"Schlafzimmer"}]},{"@type":"WebSite","@id":"https:\/\/www.limodor.com\/ch\/#website","url":"https:\/\/www.limodor.com\/ch\/","name":"Limodor CH","description":"","potentialAction":[{"@type":"SearchAction","target":{"@type":"EntryPoint","urlTemplate":"https:\/\/www.limodor.com\/ch\/?s={search_term_string}"},"query-input":{"@type":"PropertyValueSpecification","valueRequired":true,"valueName":"search_term_string"}}],"inLanguage":"de"}]}},"_links":{"self":[{"href":"https:\/\/www.limodor.com\/ch\/wp-json\/wp\/v2\/pages\/770","targetHints":{"allow":["GET"]}}],"collection":[{"href":"https:\/\/www.limodor.com\/ch\/wp-json\/wp\/v2\/pages"}],"about":[{"href":"https:\/\/www.limodor.com\/ch\/wp-json\/wp\/v2\/types\/page"}],"author":[{"embeddable":true,"href":"https:\/\/www.limodor.com\/ch\/wp-json\/wp\/v2\/users\/1"}],"replies":[{"embeddable":true,"href":"https:\/\/www.limodor.com\/ch\/wp-json\/wp\/v2\/comments?post=770"}],"version-history":[{"count":3,"href":"https:\/\/www.limodor.com\/ch\/wp-json\/wp\/v2\/pages\/770\/revisions"}],"predecessor-version":[{"id":9101,"href":"https:\/\/www.limodor.com\/ch\/wp-json\/wp\/v2\/pages\/770\/revisions\/9101"}],"up":[{"embeddable":true,"href":"https:\/\/www.limodor.com\/ch\/wp-json\/wp\/v2\/pages\/227"}],"wp:attachment":[{"href":"https:\/\/www.limodor.com\/ch\/wp-json\/wp\/v2\/media?parent=770"}],"curies":[{"name":"wp","href":"https:\/\/api.w.org\/{rel}","templated":true}]}}