{"id":1237,"date":"2023-09-14T13:18:06","date_gmt":"2023-09-14T11:18:06","guid":{"rendered":"https:\/\/limodor.dev-web.at\/de\/?page_id=1237"},"modified":"2025-04-10T15:33:50","modified_gmt":"2025-04-10T13:33:50","slug":"zuluftsystem","status":"publish","type":"page","link":"https:\/\/www.limodor.com\/de\/lueftungen\/lueftungssysteme\/zuluftsystem\/","title":{"rendered":"Zuluftsystem"},"content":{"rendered":"\n\t<section class=\"section section-space\" id=\"section_1970173033\">\n\t\t<div class=\"section-bg fill\" >\n\t\t\t\t\t\t\t\t\t\n\t\t\t\n\n\t\t<\/div>\n\n\t\t\n\n\t\t<div class=\"section-content relative\">\n\t\t\t\n\n<div class=\"row\"  id=\"row-954402607\">\n\n\n\t<div id=\"col-1454644616\" class=\"col medium-12 small-12 large-6\"  >\n\t\t\t\t<div class=\"col-inner\"  >\n\t\t\t\n\t\t\t\n\n<div class=\"breadcrumbs-row\"><div class=\"breadcrumbs-container\"><div class=\"breadcrumb-element\"><a href=\"https:\/\/www.limodor.com\/de\/lueftungen\/\"><span>L\u00f6sungen<\/span><\/a><div>><\/div><\/div><div class=\"breadcrumb-element\"><a href=\"https:\/\/www.limodor.com\/de\/lueftungen\/lueftungssysteme\/\"><span>L\u00fcftungssysteme<\/span><\/a><div>><\/div><\/div><div class=\"breadcrumb-element\"><a href=\"https:\/\/www.limodor.com\/de\/lueftungen\/lueftungssysteme\/zuluftsystem\/\"><span>Zuluftsystem<\/span><\/a><div class=\"ricegrain-container Eisblau\"><\/div><\/div><\/div><\/div>\n\n<h1>Zulufteinrichtung Serie AIRONOVA<\/h1>\n<h4 class=\"uppercase\">Gezielte Luftf\u00fchrung in Wohnr\u00e4ume erh\u00f6hen das Wohlf\u00fchlklima und sch\u00fctzen den Raum vor Schimmel und Schlechter Luft.<\/h4>\n<div class=\"is-divider divider clearfix\" style=\"margin-top:0px;margin-bottom:0px;max-width:650px;background-color:rgb(175, 202, 11);\"><\/div>\n\n\t<div id=\"gap-91372311\" class=\"gap-element clearfix\" style=\"display:block; height:auto;\">\n\t\t\n<style>\n#gap-91372311 {\n  padding-top: 10px;\n}\n@media (min-width:550px) {\n  #gap-91372311 {\n    padding-top: 20px;\n  }\n}\n<\/style>\n\t<\/div>\n\t\n\n<p>Frischluftzufuhr f\u00fcr immer besser ged\u00e4mmte Wohnungen bei minimiertem Energieverlust und ohne Zugluft. Das verhindert Feuchte- und damit Schimmelbildung. Weitere Vorteile sind der effektive Schutz vor Kohlenmonoxid, Filter gegen Allergene, Feinstaub und Insekten sowie Schalld\u00e4mmung.<\/p>\n\n\t\t<\/div>\n\t\t\t\t\t<\/div>\n\n\t\n\n\t<div id=\"col-1302040774\" class=\"col medium-12 small-12 large-6 medium-col-first\"  >\n\t\t\t\t<div class=\"col-inner\"  >\n\t\t\t\n\t\t\t\n\n\t<div class=\"img has-hover rounded-edges x md-x lg-x y md-y lg-y\" id=\"image_1559981808\">\n\t\t\t\t\t\t\t\t<div class=\"img-inner dark\" >\n\t\t\t<img loading=\"lazy\" decoding=\"async\" width=\"841\" height=\"560\" src=\"https:\/\/www.limodor.com\/de\/wp-content\/uploads\/sites\/2\/2023\/09\/ALD-Luft-1.jpg\" class=\"attachment-original size-original\" alt=\"\" srcset=\"https:\/\/www.limodor.com\/de\/wp-content\/uploads\/sites\/2\/2023\/09\/ALD-Luft-1.jpg 841w, https:\/\/www.limodor.com\/de\/wp-content\/uploads\/sites\/2\/2023\/09\/ALD-Luft-1-300x200.jpg 300w, https:\/\/www.limodor.com\/de\/wp-content\/uploads\/sites\/2\/2023\/09\/ALD-Luft-1-768x511.jpg 768w, https:\/\/www.limodor.com\/de\/wp-content\/uploads\/sites\/2\/2023\/09\/ALD-Luft-1-510x340.jpg 510w\" sizes=\"auto, (max-width: 841px) 100vw, 841px\" \/>\t\t\t\t\t\t\n\t\t\t\t\t<\/div>\n\t\t\t\t\t\t\t\t\n<style>\n#image_1559981808 {\n  width: 100%;\n}\n<\/style>\n\t<\/div>\n\t\n\n\n\t\t<\/div>\n\t\t\t\t\t<\/div>\n\n\t\n\n<\/div>\n\n\t\t<\/div>\n\n\t\t\n<style>\n#section_1970173033 {\n  padding-top: 0px;\n  padding-bottom: 0px;\n}\n<\/style>\n\t<\/section>\n\t\n\n\t<section class=\"section\" id=\"section_1774313046\">\n\t\t<div class=\"section-bg fill\" >\n\t\t\t\t\t\t\t\t\t\n\t\t\t\n\t<div class=\"is-border\"\n\t\tstyle=\"border-color:rgb(0, 105, 180);border-width:3px 0px 3px 0px;\">\n\t<\/div>\n\n\t\t<\/div>\n\n\t\t\n\n\t\t<div class=\"section-content relative\">\n\t\t\t\n\n<div class=\"row row-collapse row-full-width align-center\"  id=\"row-642211645\">\n\n\n\t<div id=\"col-1007438614\" class=\"col small-12 large-12\"  >\n\t\t\t\t<div class=\"col-inner text-center\"  >\n\t\t\t\n\t\t\t\n\n<h3>Vorteile<\/h3>\n<div class=\"icon-slider-container\"><div class=\"e5-slider-elements owl-carousel owl-theme\"><div class=\"e5-icon-container\"><div class=\"e5-icon-animation\"><div class=\"lottie-placeholder\" data-src=\"\/wp-content\/uploads\/2023\/08\/Gesundes-Raumklima.json\"><\/div><\/div><div class=\"e5-icon-text\"><span>Gesundes Raumklima durch permanenten Luftwechsel<\/span><\/div><\/div><div class=\"e5-icon-container\"><div class=\"e5-icon-animation\"><div class=\"lottie-placeholder\" data-src=\"\/wp-content\/uploads\/2023\/08\/Energiekostenersparnis.json\"><\/div><\/div><div class=\"e5-icon-text\"><span>Energiekostenersparnis dank effektiver W\u00e4rmer\u00fcckgewinnung<\/span><\/div><\/div><div class=\"e5-icon-container\"><div class=\"e5-icon-animation\"><div class=\"lottie-placeholder\" data-src=\"\/wp-content\/uploads\/2023\/08\/Vortemperierte-Frischluft.json\"><\/div><\/div><div class=\"e5-icon-text\"><span>Vortemperierte Frischluft<\/span><\/div><\/div><div class=\"e5-icon-container\"><div class=\"e5-icon-animation\"><div class=\"lottie-placeholder\" data-src=\"\/wp-content\/uploads\/2023\/08\/Einfache-Nachruestung.json\"><\/div><\/div><div class=\"e5-icon-text\"><span>Geringer Platzbedarf bei Einbau und Montage<\/span><\/div><\/div><div class=\"e5-icon-container\"><div class=\"e5-icon-animation\"><div class=\"lottie-placeholder\" data-src=\"\/wp-content\/uploads\/2023\/08\/Aufwertung.json\"><\/div><\/div><div class=\"e5-icon-text\"><span>Aufwertung des Wohnraums durch Aufputzmontage auch nachtr\u00e4glich einfach m\u00f6glich<\/span><\/div><\/div><div class=\"e5-icon-container\"><div class=\"e5-icon-animation\"><div class=\"lottie-placeholder\" data-src=\"\/wp-content\/uploads\/2023\/08\/Ideal.json\"><\/div><\/div><div class=\"e5-icon-text\"><span>Ideal z.B. f\u00fcr Nachr\u00fcstung in Altbauwohnungen, Home-Office-B\u00fcro<\/span><\/div><\/div><div class=\"e5-icon-container\"><div class=\"e5-icon-animation\"><div class=\"lottie-placeholder\" data-src=\"\/wp-content\/uploads\/2023\/08\/Reduzierung-von-Schadstoffen.json\"><\/div><\/div><div class=\"e5-icon-text\"><span>Reduzierung von Schadstoffen dank CO2 Steuerung<\/span><\/div><\/div><div class=\"e5-icon-container\"><div class=\"e5-icon-animation\"><div class=\"lottie-placeholder\" data-src=\"\/wp-content\/uploads\/2023\/08\/Fluesterleiser-Betrieb.json\"><\/div><\/div><div class=\"e5-icon-text\"><span>Fl\u00fcsterleiser Betrieb<\/span><\/div><\/div><div class=\"e5-icon-container\"><div class=\"e5-icon-animation\"><div class=\"lottie-placeholder\" data-src=\"\/wp-content\/uploads\/2023\/08\/Pollenfilter.json\"><\/div><\/div><div class=\"e5-icon-text\"><span>Pollenfilter<\/span><\/div><\/div><div class=\"e5-icon-container\"><div class=\"e5-icon-animation\"><div class=\"lottie-placeholder\" data-src=\"\/wp-content\/uploads\/2023\/08\/Kombinierbar.json\"><\/div><\/div><div class=\"e5-icon-text\"><span>Kombinierbar mit bedarfsgef\u00fchrten Abluftsystem<\/span><\/div><\/div><div class=\"e5-icon-container\"><div class=\"e5-icon-animation\"><div class=\"lottie-placeholder\" data-src=\"\/wp-content\/uploads\/2023\/08\/Steuerungsvarianten.json\"><\/div><\/div><div class=\"e5-icon-text\"><span>Vielf\u00e4ltige Steuerungsm\u00f6glichkeiten<\/span><\/div><\/div><\/div><div class=\"e5-slider-navigation\"><img decoding=\"async\" alt=\"Pfeil links\" class=\"arrow-left\" src=\"https:\/\/www.limodor.com\/de\/wp-content\/mu-plugins\/limodor\/images\/right-arrow.svg\" \/><img decoding=\"async\" alt=\"Pfeil rechts\" class=\"arrow-right\" src=\"https:\/\/www.limodor.com\/de\/wp-content\/mu-plugins\/limodor\/images\/right-arrow.svg\" \/><\/div><\/div>\n\n\n\t\t<\/div>\n\t\t\t\t\t<\/div>\n\n\t\n\n<\/div>\n\n\t\t<\/div>\n\n\t\t\n<style>\n#section_1774313046 {\n  padding-top: 40px;\n  padding-bottom: 40px;\n}\n<\/style>\n\t<\/section>\n\t\n\n\t<section class=\"section section-space\" id=\"section_2062423217\">\n\t\t<div class=\"section-bg fill\" >\n\t\t\t\t\t\t\t\t\t\n\t\t\t\n\n\t\t<\/div>\n\n\t\t\n\n\t\t<div class=\"section-content relative\">\n\t\t\t\n\n<div class=\"row row-collapse align-middle\"  id=\"row-806888122\">\n\n\n\t<div id=\"col-1608177201\" class=\"col medium-12 small-12 large-6\"  >\n\t\t\t\t<div class=\"col-inner\"  >\n\t\t\t\n\t\t\t\n\n<h3>Frische Luft f\u00fcr die ganz Wohnung.<\/h3>\n<p>Komfortable Einrauml\u00fcftungssysteme lassen sich auch mit \u00fcberschaubarem Aufwand nachr\u00fcsten und werden meist als Aufputzvariante an der Wand angebracht und mit einer Fernbedienung oder \u00fcber eine Steuerung aktiviert. Bei Neubauten bieten sich nat\u00fcrlich besonders unauff\u00e4llige Unterputzvarianten an. Effiziente Filter gegen Schadstoffe, Allergene wie Pollen oder l\u00e4stige Insekten sorgen ebenso wie eingebaute Schalld\u00e4mpfer f\u00fcr das optimale Wohlf\u00fchlklima.<\/p>\n\n\t\t<\/div>\n\t\t\t\t\n<style>\n#col-1608177201 > .col-inner {\n  padding: 20px 15px 0px 15px;\n}\n@media (min-width:550px) {\n  #col-1608177201 > .col-inner {\n    padding: 20px 20px 0px 20px;\n  }\n}\n@media (min-width:850px) {\n  #col-1608177201 > .col-inner {\n    padding: 0px 40px 0px 20px;\n  }\n}\n<\/style>\n\t<\/div>\n\n\t\n\n\t<div id=\"col-416007638\" class=\"col medium-12 small-12 large-6 medium-col-first\"  >\n\t\t\t\t<div class=\"col-inner\"  >\n\t\t\t\n\t\t\t\n\n\t<div class=\"img has-hover rounded-edges x md-x lg-x y md-y lg-y\" id=\"image_1942028278\">\n\t\t\t\t\t\t\t\t<div class=\"img-inner image-cover dark\" style=\"padding-top:56.25%;\">\n\t\t\t<img loading=\"lazy\" decoding=\"async\" width=\"1280\" height=\"485\" src=\"https:\/\/www.limodor.com\/de\/wp-content\/uploads\/sites\/2\/2023\/09\/Wohnung_kowo.jpg\" class=\"attachment-original size-original\" alt=\"\" srcset=\"https:\/\/www.limodor.com\/de\/wp-content\/uploads\/sites\/2\/2023\/09\/Wohnung_kowo.jpg 1280w, https:\/\/www.limodor.com\/de\/wp-content\/uploads\/sites\/2\/2023\/09\/Wohnung_kowo-300x114.jpg 300w, https:\/\/www.limodor.com\/de\/wp-content\/uploads\/sites\/2\/2023\/09\/Wohnung_kowo-1024x388.jpg 1024w, https:\/\/www.limodor.com\/de\/wp-content\/uploads\/sites\/2\/2023\/09\/Wohnung_kowo-768x291.jpg 768w, https:\/\/www.limodor.com\/de\/wp-content\/uploads\/sites\/2\/2023\/09\/Wohnung_kowo-510x193.jpg 510w\" sizes=\"auto, (max-width: 1280px) 100vw, 1280px\" \/>\t\t\t\t\t\t\n\t\t\t\t\t<\/div>\n\t\t\t\t\t\t\t\t\n<style>\n#image_1942028278 {\n  width: 97%;\n}\n<\/style>\n\t<\/div>\n\t\n\n\n\t\t<\/div>\n\t\t\t\t\t<\/div>\n\n\t\n\n<\/div>\n\n\t\t<\/div>\n\n\t\t\n<style>\n#section_2062423217 {\n  padding-top: 0px;\n  padding-bottom: 0px;\n}\n<\/style>\n\t<\/section>\n\t\n\n\t<section class=\"section\" id=\"section_211259562\">\n\t\t<div class=\"section-bg fill\" >\n\t\t\t\t\t\t\t\t\t\n\t\t\t\n\n\t\t<\/div>\n\n\t\t\n\n\t\t<div class=\"section-content relative\">\n\t\t\t\n\n<div class=\"row\"  id=\"row-929241004\">\n\n\n\t<div id=\"col-1416762956\" class=\"col small-12 large-12\"  >\n\t\t\t\t<div class=\"col-inner\"  >\n\t\t\t\n\t\t\t\n\n<h3>FAQ zum Thema Zuluftsystem<\/h3>\n<a href=\"\/de\/faq\/\" class=\"button primary is-outline\"  style=\"border-radius:10px;\">\n\t\t<span>Zu den FAQ\u00b4s<\/span>\n\t<\/a>\n\n\n\n\t\t<\/div>\n\t\t\t\t\t<\/div>\n\n\t\n\n<\/div>\n\n\t\t<\/div>\n\n\t\t\n<style>\n#section_211259562 {\n  padding-top: 0px;\n  padding-bottom: 0px;\n}\n<\/style>\n\t<\/section>\n\t\n\n\t<section class=\"section section-top-space\" id=\"section_1100285926\">\n\t\t<div class=\"section-bg fill\" >\n\t\t\t\t\t\t\t\t\t\n\t\t\t\n\n\t\t<\/div>\n\n\t\t\n\n\t\t<div class=\"section-content relative\">\n\t\t\t\n\n<div class=\"row\"  id=\"row-1339654771\">\n\n\n\t<div id=\"col-381059242\" class=\"col small-12 large-12\"  >\n\t\t\t\t<div class=\"col-inner text-center\"  >\n\t\t\t\n\t\t\t\n\n<h2>Unsere Zulufteinrichtungen<\/h2>\n\n\t\t<\/div>\n\t\t\t\t\t<\/div>\n\n\t\n\n<\/div>\n\n\t\t<\/div>\n\n\t\t\n<style>\n#section_1100285926 {\n  padding-top: 0px;\n  padding-bottom: 0px;\n}\n<\/style>\n\t<\/section>\n\t\n\n\t<section class=\"section section-bottom-space\" id=\"section_1309072894\">\n\t\t<div class=\"section-bg fill\" >\n\t\t\t\t\t\t\t\t\t\n\t\t\t\n\n\t\t<\/div>\n\n\t\t\n\n\t\t<div class=\"section-content relative\">\n\t\t\t\n\n<div class=\"row align-middle align-center\"  id=\"row-1174878728\">\n\n\n\t<div id=\"col-438930525\" class=\"col medium-6 small-12 large-6\"  >\n\t\t\t\t<div class=\"col-inner\"  >\n\t\t\t\n\t\t\t\n\n<p><strong><span style=\"font-size: 180%\">AIRONOVA Serie ALD<\/span><br \/><\/strong><\/p>\n<p>Die Zulufteinrichtung besteht aus einer runden Wandh\u00fclse, Luftdurchlassventil LDV\/NAS, sowie einer Bodenplatte mit Abdeckgitter f\u00fcr eine schlagregensichere Au\u00dfenabdeckung. Die Ausf\u00fchrung ALD-S 160 beinhaltet in der Wandh\u00fclse eine zus\u00e4tzliche Schalld\u00e4mmung. Der Volumenstrom ist bei der Serie ALD mittels einer Regulierplatte stufenlos einstellbar.<\/p>\n<p><strong>Kurzbeschreibung:<br \/><\/strong>\u2022 Montageort: Au\u00dfenwand<br \/>\u2022 Volumenstrom 4\/8 Pa: 15\/28 m3\/h (regelbar)<br \/>\u2022 Filterklasse (Standard): ISO Coarse &gt;45% (G3)<br \/>\u2022 Wandst\u00e4rke: 80 bis 500 mm<\/p>\n<p><strong>Ausf\u00fchrungsvariante AIRONOVA ALD 100:<\/strong><br \/>\u2022 ohne Schalld\u00e4mmung<br \/>\u2022 Au\u00dfenwandh\u00fclse: 104 mm<\/p>\n<p><strong>Ausf\u00fchrungsvariante AIRONOVA ALD-S 160:<\/strong><br \/>\u2022 mit Schalld\u00e4mmung<br \/>\u2022 Au\u00dfenwandh\u00fclse: 160 mm<\/p>\n<p><strong>Ausf\u00fchrungsvariante AIRONOVA ALD-S 160FS:<\/strong><br \/>\u2022 Ausf\u00fchrung f\u00fcr Anschluss Fassadenelement FS<br \/>\u2022 mit Schalld\u00e4mmung<br \/>\u2022 Au\u00dfenwandh\u00fclse: 160 mm<\/p>\n<a href=\"\/de\/zuluft-ald\" class=\"button primary is-outline\"  >\n\t\t<span>Weitere Informationen<\/span>\n\t<\/a>\n\n\n\n\t\t<\/div>\n\t\t\t\t\t<\/div>\n\n\t\n\n\t<div id=\"col-1575169007\" class=\"col medium-6 small-12 large-6\"  >\n\t\t\t\t<div class=\"col-inner text-center\"  >\n\t\t\t\n\t\t\t\n\n\t<div class=\"img has-hover x md-x lg-x y md-y lg-y\" id=\"image_61013971\">\n\t\t\t\t\t\t\t\t<div class=\"img-inner image-cover dark\" style=\"padding-top:56.25%;\">\n\t\t\t<img loading=\"lazy\" decoding=\"async\" width=\"1020\" height=\"1020\" src=\"https:\/\/www.limodor.com\/de\/wp-content\/uploads\/sites\/2\/2023\/09\/Airodor_Plus-1024x1024.png\" class=\"attachment-large size-large\" alt=\"\" srcset=\"https:\/\/www.limodor.com\/de\/wp-content\/uploads\/sites\/2\/2023\/09\/Airodor_Plus-1024x1024.png 1024w, https:\/\/www.limodor.com\/de\/wp-content\/uploads\/sites\/2\/2023\/09\/Airodor_Plus-300x300.png 300w, https:\/\/www.limodor.com\/de\/wp-content\/uploads\/sites\/2\/2023\/09\/Airodor_Plus-150x150.png 150w, https:\/\/www.limodor.com\/de\/wp-content\/uploads\/sites\/2\/2023\/09\/Airodor_Plus-768x768.png 768w, https:\/\/www.limodor.com\/de\/wp-content\/uploads\/sites\/2\/2023\/09\/Airodor_Plus-247x247.png 247w, https:\/\/www.limodor.com\/de\/wp-content\/uploads\/sites\/2\/2023\/09\/Airodor_Plus-510x510.png 510w, https:\/\/www.limodor.com\/de\/wp-content\/uploads\/sites\/2\/2023\/09\/Airodor_Plus-100x100.png 100w, https:\/\/www.limodor.com\/de\/wp-content\/uploads\/sites\/2\/2023\/09\/Airodor_Plus.png 1181w\" sizes=\"auto, (max-width: 1020px) 100vw, 1020px\" \/>\t\t\t\t\t\t\n\t\t\t\t\t<\/div>\n\t\t\t\t\t\t\t\t\n<style>\n#image_61013971 {\n  width: 93%;\n}\n<\/style>\n\t<\/div>\n\t\n\n\n\t\t<\/div>\n\t\t\t\t\t<\/div>\n\n\t\n\n<\/div>\n\n\t\t<\/div>\n\n\t\t\n<style>\n#section_1309072894 {\n  padding-top: 0px;\n  padding-bottom: 0px;\n}\n<\/style>\n\t<\/section>\n\t\n\n\t<section class=\"section section-bottom-space\" id=\"section_1811860030\">\n\t\t<div class=\"section-bg fill\" >\n\t\t\t\t\t\t\t\t\t\n\t\t\t\n\n\t\t<\/div>\n\n\t\t\n\n\t\t<div class=\"section-content relative\">\n\t\t\t\n\n<div class=\"row align-middle align-center\"  id=\"row-1959750263\">\n\n\n\t<div id=\"col-819845758\" class=\"col medium-6 small-12 large-6\"  >\n\t\t\t\t<div class=\"col-inner text-center\"  >\n\t\t\t\n\t\t\t\n\n\t<div class=\"img has-hover x md-x lg-x y md-y lg-y\" id=\"image_879700991\">\n\t\t\t\t\t\t\t\t<div class=\"img-inner image-cover dark\" style=\"padding-top:56.25%;\">\n\t\t\t<img loading=\"lazy\" decoding=\"async\" width=\"1020\" height=\"793\" src=\"https:\/\/www.limodor.com\/de\/wp-content\/uploads\/sites\/2\/2023\/10\/Produkte-LDV-MLLZER-1024x796.png\" class=\"attachment-large size-large\" alt=\"\" srcset=\"https:\/\/www.limodor.com\/de\/wp-content\/uploads\/sites\/2\/2023\/10\/Produkte-LDV-MLLZER-1024x796.png 1024w, https:\/\/www.limodor.com\/de\/wp-content\/uploads\/sites\/2\/2023\/10\/Produkte-LDV-MLLZER-300x233.png 300w, https:\/\/www.limodor.com\/de\/wp-content\/uploads\/sites\/2\/2023\/10\/Produkte-LDV-MLLZER-768x597.png 768w, https:\/\/www.limodor.com\/de\/wp-content\/uploads\/sites\/2\/2023\/10\/Produkte-LDV-MLLZER-1536x1195.png 1536w, https:\/\/www.limodor.com\/de\/wp-content\/uploads\/sites\/2\/2023\/10\/Produkte-LDV-MLLZER-510x397.png 510w, https:\/\/www.limodor.com\/de\/wp-content\/uploads\/sites\/2\/2023\/10\/Produkte-LDV-MLLZER.png 1593w\" sizes=\"auto, (max-width: 1020px) 100vw, 1020px\" \/>\t\t\t\t\t\t\n\t\t\t\t\t<\/div>\n\t\t\t\t\t\t\t\t\n<style>\n#image_879700991 {\n  width: 90%;\n}\n<\/style>\n\t<\/div>\n\t\n\n\n\t\t<\/div>\n\t\t\t\t\t<\/div>\n\n\t\n\n\t<div id=\"col-1425145204\" class=\"col medium-6 small-12 large-6\"  >\n\t\t\t\t<div class=\"col-inner\"  >\n\t\t\t\n\t\t\t\n\n<p><strong><span style=\"font-size: 180%\">Luftdurchlassventil LDV\/NAS oder AIRONOVA MLL-ZE\/R<\/span><br \/><\/strong><\/p>\n<p>Das Luftdurchlassventil Typ LDV\/NAS oder AIRONOVA MLL-ZER sind speziell f\u00fcr den Einbau in einem Rollladenkasten geeignet. Die Luftmenge ist stufenlos einstellbar. Die Stellung der Regulierplatte wird seitlich am Geh\u00e4use optisch angezeigt.<\/p>\n<p><strong>Ausf\u00fchrungsvariante Typ LDV\/NAS:<br \/><\/strong>\u2022 Montageort: Rollladenkasten<br \/>\u2022 Volumenstrom 4\/8 Pa: 17\/28 m3\/h (regelbar)<br \/>\u2022 Filterklasse (Standard): ISO Coarse &gt;45% (G3)<\/p>\n<p><strong>Ausf\u00fchrungsvariante AIRONOVA MLL-ZE\/R:<br \/><\/strong>\u2022 Montageort: Rollladenkasten<br \/>\u2022 Volumenstrom 4\/8 Pa: 15\/27 m3\/h (regelbar)<br \/>\u2022 Filterklasse (Standard): ISO Coarse &gt;45% (G3)<\/p>\n<a href=\"\/de\/zuluft-ldv-mllzer\" class=\"button primary is-outline\"  >\n\t\t<span>Weitere Informationen<\/span>\n\t<\/a>\n\n\n\n\t\t<\/div>\n\t\t\t\t\t<\/div>\n\n\t\n\n<\/div>\n\n\t\t<\/div>\n\n\t\t\n<style>\n#section_1811860030 {\n  padding-top: 0px;\n  padding-bottom: 0px;\n}\n<\/style>\n\t<\/section>\n\t\n\n\t<section class=\"section\" id=\"section_1921663758\">\n\t\t<div class=\"section-bg fill\" >\n\t\t\t\t\t\t\t\t\t\n\t\t\t\n\n\t\t<\/div>\n\n\t\t\n\n\t\t<div class=\"section-content relative\">\n\t\t\t\n\n<div class=\"row row-collapse align-middle align-right ventilation-system-overview\"  id=\"row-443197790\">\n\n\n\t<div id=\"col-529559794\" class=\"col medium-6 small-12 large-3\"  >\n\t\t\t\t<div class=\"col-inner\"  >\n\t\t\t\n\t\t\t\n\n\t<div id=\"text-2451078720\" class=\"text\">\n\t\t\n\n<p class=\"sub-headline\">Nicht das Richtige gefunden?<\/p>\n\t\t\n<style>\n#text-2451078720 {\n  text-align: center;\n}\n@media (min-width:550px) {\n  #text-2451078720 {\n    text-align: right;\n  }\n}\n<\/style>\n\t<\/div>\n\t\n\n\t\t<\/div>\n\t\t\t\t\t<\/div>\n\n\t\n\n\t<div id=\"col-1503846179\" class=\"col medium-6 small-12 large-3\"  >\n\t\t\t\t<div class=\"col-inner text-center\"  >\n\t\t\t\n\t\t\t\n\n<a href=\"\/de\/lueftungssysteme\" class=\"button primary is-outline is-small\"  style=\"border-radius:10px;\">\n\t\t<span>zur\u00fcck zur \u00dcbersicht<\/span>\n\t<\/a>\n\n\n\n\t\t<\/div>\n\t\t\t\t\n<style>\n#col-1503846179 > .col-inner {\n  padding: 0px 0px 0px 0px;\n  margin: 20px 0px 0px 0px;\n}\n@media (min-width:550px) {\n  #col-1503846179 > .col-inner {\n    padding: 0px 0px 0px 30px;\n    margin: 0px 0px 0px 0px;\n  }\n}\n<\/style>\n\t<\/div>\n\n\t\n\n<\/div>\n\n\n\t\t<\/div>\n\n\t\t\n<style>\n#section_1921663758 {\n  padding-top: 40px;\n  padding-bottom: 40px;\n}\n<\/style>\n\t<\/section>\n\t","protected":false},"excerpt":{"rendered":"","protected":false},"author":7,"featured_media":0,"parent":48,"menu_order":0,"comment_status":"closed","ping_status":"closed","template":"page-blank.php","meta":{"_acf_changed":false,"footnotes":""},"class_list":["post-1237","page","type-page","status-publish","hentry"],"acf":[],"yoast_head":"<!-- This site is optimized with the Yoast SEO plugin v24.8.1 - https:\/\/yoast.com\/wordpress\/plugins\/seo\/ -->\n<title>Zuluftsystem - LIMODOR<\/title>\n<meta name=\"robots\" content=\"index, follow, max-snippet:-1, max-image-preview:large, max-video-preview:-1\" \/>\n<link rel=\"canonical\" href=\"https:\/\/www.limodor.com\/de\/lueftungen\/lueftungssysteme\/zuluftsystem\/\" \/>\n<meta property=\"og:locale\" content=\"de_DE\" \/>\n<meta property=\"og:type\" content=\"article\" \/>\n<meta property=\"og:title\" content=\"Zuluftsystem - LIMODOR\" \/>\n<meta property=\"og:url\" content=\"https:\/\/www.limodor.com\/de\/lueftungen\/lueftungssysteme\/zuluftsystem\/\" \/>\n<meta property=\"og:site_name\" content=\"Limodor DE\" \/>\n<meta property=\"article:modified_time\" content=\"2025-04-10T13:33:50+00:00\" \/>\n<meta name=\"twitter:card\" content=\"summary_large_image\" \/>\n<meta name=\"twitter:label1\" content=\"Gesch\u00e4tzte Lesezeit\" \/>\n\t<meta name=\"twitter:data1\" content=\"5\u00a0Minuten\" \/>\n<script type=\"application\/ld+json\" class=\"yoast-schema-graph\">{\"@context\":\"https:\/\/schema.org\",\"@graph\":[{\"@type\":\"WebPage\",\"@id\":\"https:\/\/www.limodor.com\/de\/lueftungen\/lueftungssysteme\/zuluftsystem\/\",\"url\":\"https:\/\/www.limodor.com\/de\/lueftungen\/lueftungssysteme\/zuluftsystem\/\",\"name\":\"Zuluftsystem - LIMODOR\",\"isPartOf\":{\"@id\":\"https:\/\/www.limodor.com\/de\/#website\"},\"datePublished\":\"2023-09-14T11:18:06+00:00\",\"dateModified\":\"2025-04-10T13:33:50+00:00\",\"breadcrumb\":{\"@id\":\"https:\/\/www.limodor.com\/de\/lueftungen\/lueftungssysteme\/zuluftsystem\/#breadcrumb\"},\"inLanguage\":\"de\",\"potentialAction\":[{\"@type\":\"ReadAction\",\"target\":[\"https:\/\/www.limodor.com\/de\/lueftungen\/lueftungssysteme\/zuluftsystem\/\"]}]},{\"@type\":\"BreadcrumbList\",\"@id\":\"https:\/\/www.limodor.com\/de\/lueftungen\/lueftungssysteme\/zuluftsystem\/#breadcrumb\",\"itemListElement\":[{\"@type\":\"ListItem\",\"position\":1,\"name\":\"Startseite\",\"item\":\"https:\/\/www.limodor.com\/de\/\"},{\"@type\":\"ListItem\",\"position\":2,\"name\":\"L\u00f6sungen\",\"item\":\"https:\/\/www.limodor.com\/de\/lueftungen\/\"},{\"@type\":\"ListItem\",\"position\":3,\"name\":\"L\u00fcftungssysteme\",\"item\":\"https:\/\/www.limodor.com\/de\/lueftungen\/lueftungssysteme\/\"},{\"@type\":\"ListItem\",\"position\":4,\"name\":\"Zuluftsystem\"}]},{\"@type\":\"WebSite\",\"@id\":\"https:\/\/www.limodor.com\/de\/#website\",\"url\":\"https:\/\/www.limodor.com\/de\/\",\"name\":\"Limodor DE\",\"description\":\"\",\"potentialAction\":[{\"@type\":\"SearchAction\",\"target\":{\"@type\":\"EntryPoint\",\"urlTemplate\":\"https:\/\/www.limodor.com\/de\/?s={search_term_string}\"},\"query-input\":{\"@type\":\"PropertyValueSpecification\",\"valueRequired\":true,\"valueName\":\"search_term_string\"}}],\"inLanguage\":\"de\"}]}<\/script>\n<!-- \/ Yoast SEO plugin. -->","yoast_head_json":{"title":"Zuluftsystem - LIMODOR","robots":{"index":"index","follow":"follow","max-snippet":"max-snippet:-1","max-image-preview":"max-image-preview:large","max-video-preview":"max-video-preview:-1"},"canonical":"https:\/\/www.limodor.com\/de\/lueftungen\/lueftungssysteme\/zuluftsystem\/","og_locale":"de_DE","og_type":"article","og_title":"Zuluftsystem - LIMODOR","og_url":"https:\/\/www.limodor.com\/de\/lueftungen\/lueftungssysteme\/zuluftsystem\/","og_site_name":"Limodor DE","article_modified_time":"2025-04-10T13:33:50+00:00","twitter_card":"summary_large_image","twitter_misc":{"Gesch\u00e4tzte Lesezeit":"5\u00a0Minuten"},"schema":{"@context":"https:\/\/schema.org","@graph":[{"@type":"WebPage","@id":"https:\/\/www.limodor.com\/de\/lueftungen\/lueftungssysteme\/zuluftsystem\/","url":"https:\/\/www.limodor.com\/de\/lueftungen\/lueftungssysteme\/zuluftsystem\/","name":"Zuluftsystem - LIMODOR","isPartOf":{"@id":"https:\/\/www.limodor.com\/de\/#website"},"datePublished":"2023-09-14T11:18:06+00:00","dateModified":"2025-04-10T13:33:50+00:00","breadcrumb":{"@id":"https:\/\/www.limodor.com\/de\/lueftungen\/lueftungssysteme\/zuluftsystem\/#breadcrumb"},"inLanguage":"de","potentialAction":[{"@type":"ReadAction","target":["https:\/\/www.limodor.com\/de\/lueftungen\/lueftungssysteme\/zuluftsystem\/"]}]},{"@type":"BreadcrumbList","@id":"https:\/\/www.limodor.com\/de\/lueftungen\/lueftungssysteme\/zuluftsystem\/#breadcrumb","itemListElement":[{"@type":"ListItem","position":1,"name":"Startseite","item":"https:\/\/www.limodor.com\/de\/"},{"@type":"ListItem","position":2,"name":"L\u00f6sungen","item":"https:\/\/www.limodor.com\/de\/lueftungen\/"},{"@type":"ListItem","position":3,"name":"L\u00fcftungssysteme","item":"https:\/\/www.limodor.com\/de\/lueftungen\/lueftungssysteme\/"},{"@type":"ListItem","position":4,"name":"Zuluftsystem"}]},{"@type":"WebSite","@id":"https:\/\/www.limodor.com\/de\/#website","url":"https:\/\/www.limodor.com\/de\/","name":"Limodor DE","description":"","potentialAction":[{"@type":"SearchAction","target":{"@type":"EntryPoint","urlTemplate":"https:\/\/www.limodor.com\/de\/?s={search_term_string}"},"query-input":{"@type":"PropertyValueSpecification","valueRequired":true,"valueName":"search_term_string"}}],"inLanguage":"de"}]}},"_links":{"self":[{"href":"https:\/\/www.limodor.com\/de\/wp-json\/wp\/v2\/pages\/1237","targetHints":{"allow":["GET"]}}],"collection":[{"href":"https:\/\/www.limodor.com\/de\/wp-json\/wp\/v2\/pages"}],"about":[{"href":"https:\/\/www.limodor.com\/de\/wp-json\/wp\/v2\/types\/page"}],"author":[{"embeddable":true,"href":"https:\/\/www.limodor.com\/de\/wp-json\/wp\/v2\/users\/7"}],"replies":[{"embeddable":true,"href":"https:\/\/www.limodor.com\/de\/wp-json\/wp\/v2\/comments?post=1237"}],"version-history":[{"count":7,"href":"https:\/\/www.limodor.com\/de\/wp-json\/wp\/v2\/pages\/1237\/revisions"}],"predecessor-version":[{"id":35884,"href":"https:\/\/www.limodor.com\/de\/wp-json\/wp\/v2\/pages\/1237\/revisions\/35884"}],"up":[{"embeddable":true,"href":"https:\/\/www.limodor.com\/de\/wp-json\/wp\/v2\/pages\/48"}],"wp:attachment":[{"href":"https:\/\/www.limodor.com\/de\/wp-json\/wp\/v2\/media?parent=1237"}],"curies":[{"name":"wp","href":"https:\/\/api.w.org\/{rel}","templated":true}]}}