{"id":1543,"date":"2023-09-18T11:10:06","date_gmt":"2023-09-18T09:10:06","guid":{"rendered":"https:\/\/limodor.dev-web.at\/de\/?page_id=1543"},"modified":"2023-09-18T11:49:10","modified_gmt":"2023-09-18T09:49:10","slug":"zubehoer","status":"publish","type":"page","link":"https:\/\/www.limodor.com\/de\/lueftungen\/zubehoer\/","title":{"rendered":"Zubeh\u00f6r B2C"},"content":{"rendered":"\n\t<section class=\"section section-bottom-space\" id=\"section_86222516\">\n\t\t<div class=\"section-bg fill\" >\n\t\t\t\t\t\t\t\t\t\n\t\t\t\n\n\t\t<\/div>\n\n\t\t\n\n\t\t<div class=\"section-content relative\">\n\t\t\t\n\n<div class=\"row row-collapse row-full-width align-center\"  id=\"row-1057513477\">\n\n\n\t<div id=\"col-891555048\" class=\"col medium-6 small-12 large-6\"  >\n\t\t\t\t<div class=\"col-inner\"  >\n\t\t\t\n\t\t\t\n\n<div class=\"row row-collapse align-center\"  id=\"row-79089158\">\n\n\n\t<div id=\"col-1172490165\" class=\"col small-12 large-12\"  >\n\t\t\t\t<div class=\"col-inner\"  >\n\t\t\t\n\t\t\t\n\n\t<div class=\"img has-hover rounded-edges x md-x lg-x y md-y lg-y\" id=\"image_440627894\">\n\t\t\t\t\t\t\t\t<div class=\"img-inner image-cover dark\" style=\"padding-top:56.25%;\">\n\t\t\t<img loading=\"lazy\" decoding=\"async\" width=\"1181\" height=\"709\" src=\"https:\/\/www.limodor.com\/de\/wp-content\/uploads\/sites\/2\/2023\/09\/Produkte-Steuermodule.png\" class=\"attachment-original size-original\" alt=\"\" srcset=\"https:\/\/www.limodor.com\/de\/wp-content\/uploads\/sites\/2\/2023\/09\/Produkte-Steuermodule.png 1181w, https:\/\/www.limodor.com\/de\/wp-content\/uploads\/sites\/2\/2023\/09\/Produkte-Steuermodule-300x180.png 300w, https:\/\/www.limodor.com\/de\/wp-content\/uploads\/sites\/2\/2023\/09\/Produkte-Steuermodule-1024x615.png 1024w, https:\/\/www.limodor.com\/de\/wp-content\/uploads\/sites\/2\/2023\/09\/Produkte-Steuermodule-768x461.png 768w, https:\/\/www.limodor.com\/de\/wp-content\/uploads\/sites\/2\/2023\/09\/Produkte-Steuermodule-510x306.png 510w\" sizes=\"auto, (max-width: 1181px) 100vw, 1181px\" \/>\t\t\t\t\t\t\n\t\t\t\t\t<\/div>\n\t\t\t\t\t\t\t\t\n<style>\n#image_440627894 {\n  width: 100%;\n}\n<\/style>\n\t<\/div>\n\t\n\n\n\t\t<\/div>\n\t\t\t\t\t<\/div>\n\n\t\n\n\t<div id=\"col-468504630\" class=\"col big-ricegrain ricegrain cherry medium-10 small-11 large-10\"  >\n\t\t\t\t<div class=\"col-inner\" style=\"background-color:rgb(255,255,255);\" >\n\t\t\t\n\t\t\t\n\n<h2>Zubeh\u00f6r L\u00fcftungsger\u00e4te<\/h2>\n<div class=\"row row-collapse\"  id=\"row-1521243048\">\n\n\n\t<div id=\"col-1510392213\" class=\"col medium-12 small-12 large-6\"  >\n\t\t\t\t<div class=\"col-inner\"  >\n\t\t\t\n\t\t\t\n\n<ul>\n<li>Moderne Einfamilienh\u00e4user<\/li>\n<li>Kellerl\u00fcftungen <\/li>\n<\/ul>\n\n\t\t<\/div>\n\t\t\t\t\t<\/div>\n\n\t\n\n\t<div id=\"col-707990967\" class=\"col medium-12 small-12 large-6\"  >\n\t\t\t\t<div class=\"col-inner\"  >\n\t\t\t\n\t\t\t\n\n<ul>\n<li>Wintergartenl\u00fcftung\/ -heizung<\/li>\n<li>Radonschutz in belasteten Gebieten<\/li>\n<\/ul>\n\n\t\t<\/div>\n\t\t\t\t\t<\/div>\n\n\t\n\n<\/div>\n<a href=\"\/de\/loesungen\/lueftungssysteme\/wandluefter-dezentral\/\" class=\"button primary is-outline\"  >\n\t\t<span>mehr erfahren<\/span>\n\t<\/a>\n\n\n\n\t\t<\/div>\n\t\t\t\t\n<style>\n#col-468504630 > .col-inner {\n  padding: 20px 15px 20px 15px;\n  margin: -60px 0px 0px 0px;\n  border-radius: 10px;\n}\n@media (min-width:850px) {\n  #col-468504630 > .col-inner {\n    padding: 20px 30px 20px 30px;\n  }\n}\n<\/style>\n\t<\/div>\n\n\t\n\n<\/div>\n\n\t\t<\/div>\n\t\t\t\t\n<style>\n#col-891555048 > .col-inner {\n  margin: 0px 0px 30px 0px;\n}\n<\/style>\n\t<\/div>\n\n\t\n\n\t<div id=\"col-2036122778\" class=\"col medium-6 small-12 large-6\"  >\n\t\t\t\t<div class=\"col-inner\"  >\n\t\t\t\n\t\t\t\n\n<div class=\"row row-collapse align-center\"  id=\"row-1865813687\">\n\n\n\t<div id=\"col-2135526083\" class=\"col small-12 large-12\"  >\n\t\t\t\t<div class=\"col-inner\"  >\n\t\t\t\n\t\t\t\n\n\t<div class=\"img has-hover rounded-edges x md-x lg-x y md-y lg-y\" id=\"image_1258032679\">\n\t\t\t\t\t\t\t\t<div class=\"img-inner image-cover dark\" style=\"padding-top:56.25%;\">\n\t\t\t<img loading=\"lazy\" decoding=\"async\" width=\"1181\" height=\"709\" src=\"https:\/\/www.limodor.com\/de\/wp-content\/uploads\/sites\/2\/2023\/09\/Zuebehoer-Wandluefter.png\" class=\"attachment-original size-original\" alt=\"\" srcset=\"https:\/\/www.limodor.com\/de\/wp-content\/uploads\/sites\/2\/2023\/09\/Zuebehoer-Wandluefter.png 1181w, https:\/\/www.limodor.com\/de\/wp-content\/uploads\/sites\/2\/2023\/09\/Zuebehoer-Wandluefter-300x180.png 300w, https:\/\/www.limodor.com\/de\/wp-content\/uploads\/sites\/2\/2023\/09\/Zuebehoer-Wandluefter-1024x615.png 1024w, https:\/\/www.limodor.com\/de\/wp-content\/uploads\/sites\/2\/2023\/09\/Zuebehoer-Wandluefter-768x461.png 768w, https:\/\/www.limodor.com\/de\/wp-content\/uploads\/sites\/2\/2023\/09\/Zuebehoer-Wandluefter-510x306.png 510w\" sizes=\"auto, (max-width: 1181px) 100vw, 1181px\" \/>\t\t\t\t\t\t\n\t\t\t\t\t<\/div>\n\t\t\t\t\t\t\t\t\n<style>\n#image_1258032679 {\n  width: 100%;\n}\n<\/style>\n\t<\/div>\n\t\n\n\n\t\t<\/div>\n\t\t\t\t\t<\/div>\n\n\t\n\n\t<div id=\"col-440654871\" class=\"col big-ricegrain ricegrain lime medium-10 small-11 large-10\"  >\n\t\t\t\t<div class=\"col-inner\" style=\"background-color:rgb(255,255,255);\" >\n\t\t\t\n\t\t\t\n\n<p class=\"loesungen-headline\">ZUbeh\u00f6r Wandl\u00fcfter<\/p>\n<div class=\"row row-collapse\"  id=\"row-277974333\">\n\n\n\t<div id=\"col-2122867258\" class=\"col medium-12 small-12 large-6\"  >\n\t\t\t\t<div class=\"col-inner\"  >\n\t\t\t\n\t\t\t\n\n<ul>\n<li>Schlafr\u00e4ume<\/li>\n<li>Kinderzimmer<\/li>\n<\/ul>\n\n\t\t<\/div>\n\t\t\t\t\t<\/div>\n\n\t\n\n\t<div id=\"col-781411051\" class=\"col medium-12 small-12 large-6\"  >\n\t\t\t\t<div class=\"col-inner\"  >\n\t\t\t\n\t\t\t\n\n<ul>\n<li>Kleinwohnungen<\/li>\n<li>B\u00fcror\u00e4ume im privaten Umfeld<\/li>\n<\/ul>\n\n\t\t<\/div>\n\t\t\t\t\t<\/div>\n\n\t\n\n<\/div>\n<a href=\"\/de\/loesungen\/lueftungssysteme\/wandluefter-dezentral\/\" class=\"button primary is-outline\"  >\n\t\t<span>mehr erfahren<\/span>\n\t<\/a>\n\n\n\n\t\t<\/div>\n\t\t\t\t\n<style>\n#col-440654871 > .col-inner {\n  padding: 20px 15px 20px 15px;\n  margin: -60px 0px 0px 0px;\n  border-radius: 10px;\n}\n@media (min-width:850px) {\n  #col-440654871 > .col-inner {\n    padding: 20px 30px 20px 30px;\n  }\n}\n<\/style>\n\t<\/div>\n\n\t\n\n<\/div>\n\n\t\t<\/div>\n\t\t\t\t\n<style>\n#col-2036122778 > .col-inner {\n  margin: 0px 0px 30px 0px;\n}\n<\/style>\n\t<\/div>\n\n\t\n\n\t<div id=\"col-169055138\" class=\"col medium-6 small-12 large-6\"  >\n\t\t\t\t<div class=\"col-inner\"  >\n\t\t\t\n\t\t\t\n\n<div class=\"row row-collapse align-center\"  id=\"row-1974059979\">\n\n\n\t<div id=\"col-681990809\" class=\"col small-12 large-12\"  >\n\t\t\t\t<div class=\"col-inner\"  >\n\t\t\t\n\t\t\t\n\n\t<div class=\"img has-hover rounded-edges x md-x lg-x y md-y lg-y\" id=\"image_366833649\">\n\t\t\t\t\t\t\t\t<div class=\"img-inner image-cover dark\" style=\"padding-top:56.25%;\">\n\t\t\t<img loading=\"lazy\" decoding=\"async\" width=\"1181\" height=\"709\" src=\"https:\/\/www.limodor.com\/de\/wp-content\/uploads\/sites\/2\/2023\/09\/Zuebehoer-Zuluft.png\" class=\"attachment-original size-original\" alt=\"\" srcset=\"https:\/\/www.limodor.com\/de\/wp-content\/uploads\/sites\/2\/2023\/09\/Zuebehoer-Zuluft.png 1181w, https:\/\/www.limodor.com\/de\/wp-content\/uploads\/sites\/2\/2023\/09\/Zuebehoer-Zuluft-300x180.png 300w, https:\/\/www.limodor.com\/de\/wp-content\/uploads\/sites\/2\/2023\/09\/Zuebehoer-Zuluft-1024x615.png 1024w, https:\/\/www.limodor.com\/de\/wp-content\/uploads\/sites\/2\/2023\/09\/Zuebehoer-Zuluft-768x461.png 768w, https:\/\/www.limodor.com\/de\/wp-content\/uploads\/sites\/2\/2023\/09\/Zuebehoer-Zuluft-510x306.png 510w\" sizes=\"auto, (max-width: 1181px) 100vw, 1181px\" \/>\t\t\t\t\t\t\n\t\t\t\t\t<\/div>\n\t\t\t\t\t\t\t\t\n<style>\n#image_366833649 {\n  width: 80%;\n}\n<\/style>\n\t<\/div>\n\t\n\n\n\t\t<\/div>\n\t\t\t\t\t<\/div>\n\n\t\n\n\t<div id=\"col-4498528\" class=\"col big-ricegrain ricegrain sunnyyellow medium-10 small-11 large-10\"  >\n\t\t\t\t<div class=\"col-inner\" style=\"background-color:rgb(255,255,255);\" >\n\t\t\t\n\t\t\t\n\n<p class=\"loesungen-headline\">Zubeh\u00f6r Zuluft<\/p>\n<p>Weg mit verbrauchter Luft durch Axial- und Radialventilatoren oder das patentierte LIMODOR Einrohrl\u00fcftungssystem, das alle L\u00fcfter an ein zentrales Abluftrohr anbinden kann. Ein flexibles Baukastensystem einzelner Typen, ein Steckplatinensystem f\u00fcr die Steuerung und viele Motorvarianten bieten multifunktionale Planung und h\u00f6chste Flexibilit\u00e4t.<\/p>\n<div class=\"row row-collapse\"  id=\"row-756692103\">\n\n\n\t<div id=\"col-1253189839\" class=\"col medium-12 small-12 large-6\"  >\n\t\t\t\t<div class=\"col-inner\"  >\n\t\t\t\n\t\t\t\n\n<ul>\n<li>WC (Raum-und Schalenabsaugung)<\/li>\n<li>Duschen &amp; B\u00e4der<\/li>\n<\/ul>\n\n\t\t<\/div>\n\t\t\t\t\t<\/div>\n\n\t\n\n\t<div id=\"col-1095424287\" class=\"col medium-12 small-12 large-6\"  >\n\t\t\t\t<div class=\"col-inner\"  >\n\t\t\t\n\t\t\t\n\n<ul>\n<li>Abstellr\u00e4ume, Garagen, Lager, K\u00fcchen<\/li>\n<li>Haus-und Kellerl\u00fcftungssysteme<\/li>\n<\/ul>\n\n\t\t<\/div>\n\t\t\t\t\t<\/div>\n\n\t\n\n<\/div>\n<a href=\"\/de\/loesungen\/lueftungssysteme\/abluftgeraete\/\" class=\"button primary is-outline\"  >\n\t\t<span>mehr erfahren<\/span>\n\t<\/a>\n\n\n\n\t\t<\/div>\n\t\t\t\t\n<style>\n#col-4498528 > .col-inner {\n  padding: 20px 15px 20px 15px;\n  margin: -60px 0px 0px 0px;\n  border-radius: 10px;\n}\n@media (min-width:850px) {\n  #col-4498528 > .col-inner {\n    padding: 20px 30px 20px 30px;\n  }\n}\n<\/style>\n\t<\/div>\n\n\t\n\n<\/div>\n\n\t\t<\/div>\n\t\t\t\t\n<style>\n#col-169055138 > .col-inner {\n  margin: 0px 0px 30px 0px;\n}\n<\/style>\n\t<\/div>\n\n\t\n\n\t<div id=\"col-165973186\" class=\"col medium-6 small-12 large-6\"  >\n\t\t\t\t<div class=\"col-inner\"  >\n\t\t\t\n\t\t\t\n\n<div class=\"row row-collapse align-center\"  id=\"row-1826265635\">\n\n\n\t<div id=\"col-1698502061\" class=\"col small-12 large-12\"  >\n\t\t\t\t<div class=\"col-inner\"  >\n\t\t\t\n\t\t\t\n\n\t<div class=\"img has-hover rounded-edges x md-x lg-x y md-y lg-y\" id=\"image_1861908446\">\n\t\t\t\t\t\t\t\t<div class=\"img-inner image-cover dark\" style=\"padding-top:56.25%;\">\n\t\t\t<img loading=\"lazy\" decoding=\"async\" width=\"1181\" height=\"709\" src=\"https:\/\/www.limodor.com\/de\/wp-content\/uploads\/sites\/2\/2023\/09\/Produkte-Steuerung-Extern.png\" class=\"attachment-original size-original\" alt=\"\" srcset=\"https:\/\/www.limodor.com\/de\/wp-content\/uploads\/sites\/2\/2023\/09\/Produkte-Steuerung-Extern.png 1181w, https:\/\/www.limodor.com\/de\/wp-content\/uploads\/sites\/2\/2023\/09\/Produkte-Steuerung-Extern-300x180.png 300w, https:\/\/www.limodor.com\/de\/wp-content\/uploads\/sites\/2\/2023\/09\/Produkte-Steuerung-Extern-1024x615.png 1024w, https:\/\/www.limodor.com\/de\/wp-content\/uploads\/sites\/2\/2023\/09\/Produkte-Steuerung-Extern-768x461.png 768w, https:\/\/www.limodor.com\/de\/wp-content\/uploads\/sites\/2\/2023\/09\/Produkte-Steuerung-Extern-510x306.png 510w\" sizes=\"auto, (max-width: 1181px) 100vw, 1181px\" \/>\t\t\t\t\t\t\n\t\t\t\t\t<\/div>\n\t\t\t\t\t\t\t\t\n<style>\n#image_1861908446 {\n  width: 100%;\n}\n<\/style>\n\t<\/div>\n\t\n\n\n\t\t<\/div>\n\t\t\t\t\t<\/div>\n\n\t\n\n\t<div id=\"col-1629355369\" class=\"col big-ricegrain ricegrain iceblue medium-10 small-11 large-10\"  >\n\t\t\t\t<div class=\"col-inner\" style=\"background-color:rgb(255,255,255);\" >\n\t\t\t\n\t\t\t\n\n<p class=\"loesungen-headline\">Externe Steuerungen<\/p>\n<p>&nbsp;<\/p>\n<div class=\"row row-collapse\"  id=\"row-606482785\">\n\n\n\t<div id=\"col-49609728\" class=\"col medium-12 small-12 large-6\"  >\n\t\t\t\t<div class=\"col-inner\"  >\n\t\t\t\n\t\t\t\n\n<ul>\n<li>Haus-und Kellerl\u00fcftungssysteme<\/li>\n<li>Ventilatorenboxen<\/li>\n<\/ul>\n\n\t\t<\/div>\n\t\t\t\t\t<\/div>\n\n\t\n\n\t<div id=\"col-1970078897\" class=\"col medium-12 small-12 large-6\"  >\n\t\t\t\t<div class=\"col-inner\"  >\n\t\t\t\n\t\t\t\n\n<ul>\n<li>Kellerl\u00fcftungen in Wohnblocks<\/li>\n<\/ul>\n\n\t\t<\/div>\n\t\t\t\t\t<\/div>\n\n\t\n\n<\/div>\n<a href=\"\/de\/loesungen\/lueftungssysteme\/zulufteinrichtungen\/\" class=\"button primary is-outline\"  >\n\t\t<span>mehr erfahren<\/span>\n\t<\/a>\n\n\n\n\t\t<\/div>\n\t\t\t\t\n<style>\n#col-1629355369 > .col-inner {\n  padding: 20px 15px 20px 15px;\n  margin: -60px 0px 0px 0px;\n  border-radius: 10px;\n}\n@media (min-width:850px) {\n  #col-1629355369 > .col-inner {\n    padding: 20px 30px 20px 30px;\n  }\n}\n<\/style>\n\t<\/div>\n\n\t\n\n<\/div>\n\n\t\t<\/div>\n\t\t\t\t\n<style>\n#col-165973186 > .col-inner {\n  margin: 0px 0px 30px 0px;\n}\n<\/style>\n\t<\/div>\n\n\t\n\n<\/div>\n\n\t\t<\/div>\n\n\t\t\n<style>\n#section_86222516 {\n  padding-top: 0px;\n  padding-bottom: 0px;\n}\n<\/style>\n\t<\/section>\n\t","protected":false},"excerpt":{"rendered":"","protected":false},"author":7,"featured_media":0,"parent":61,"menu_order":0,"comment_status":"closed","ping_status":"closed","template":"page-blank.php","meta":{"_acf_changed":false,"footnotes":""},"class_list":["post-1543","page","type-page","status-publish","hentry"],"acf":[],"yoast_head":"<!-- This site is optimized with the Yoast SEO plugin v24.8.1 - https:\/\/yoast.com\/wordpress\/plugins\/seo\/ -->\n<title>Zubeh\u00f6r B2C - LIMODOR<\/title>\n<meta name=\"robots\" content=\"index, follow, max-snippet:-1, max-image-preview:large, max-video-preview:-1\" \/>\n<link rel=\"canonical\" href=\"https:\/\/www.limodor.com\/de\/lueftungen\/zubehoer\/\" \/>\n<meta property=\"og:locale\" content=\"de_DE\" \/>\n<meta property=\"og:type\" content=\"article\" \/>\n<meta property=\"og:title\" content=\"Zubeh\u00f6r B2C - LIMODOR\" \/>\n<meta property=\"og:url\" content=\"https:\/\/www.limodor.com\/de\/lueftungen\/zubehoer\/\" \/>\n<meta property=\"og:site_name\" content=\"Limodor DE\" \/>\n<meta property=\"article:modified_time\" content=\"2023-09-18T09:49:10+00:00\" \/>\n<meta name=\"twitter:card\" content=\"summary_large_image\" \/>\n<meta name=\"twitter:label1\" content=\"Gesch\u00e4tzte Lesezeit\" \/>\n\t<meta name=\"twitter:data1\" content=\"2\u00a0Minuten\" \/>\n<script type=\"application\/ld+json\" class=\"yoast-schema-graph\">{\"@context\":\"https:\/\/schema.org\",\"@graph\":[{\"@type\":\"WebPage\",\"@id\":\"https:\/\/www.limodor.com\/de\/lueftungen\/zubehoer\/\",\"url\":\"https:\/\/www.limodor.com\/de\/lueftungen\/zubehoer\/\",\"name\":\"Zubeh\u00f6r B2C - LIMODOR\",\"isPartOf\":{\"@id\":\"https:\/\/www.limodor.com\/de\/#website\"},\"datePublished\":\"2023-09-18T09:10:06+00:00\",\"dateModified\":\"2023-09-18T09:49:10+00:00\",\"breadcrumb\":{\"@id\":\"https:\/\/www.limodor.com\/de\/lueftungen\/zubehoer\/#breadcrumb\"},\"inLanguage\":\"de\",\"potentialAction\":[{\"@type\":\"ReadAction\",\"target\":[\"https:\/\/www.limodor.com\/de\/lueftungen\/zubehoer\/\"]}]},{\"@type\":\"BreadcrumbList\",\"@id\":\"https:\/\/www.limodor.com\/de\/lueftungen\/zubehoer\/#breadcrumb\",\"itemListElement\":[{\"@type\":\"ListItem\",\"position\":1,\"name\":\"Startseite\",\"item\":\"https:\/\/www.limodor.com\/de\/\"},{\"@type\":\"ListItem\",\"position\":2,\"name\":\"L\u00f6sungen\",\"item\":\"https:\/\/www.limodor.com\/de\/lueftungen\/\"},{\"@type\":\"ListItem\",\"position\":3,\"name\":\"Zubeh\u00f6r B2C\"}]},{\"@type\":\"WebSite\",\"@id\":\"https:\/\/www.limodor.com\/de\/#website\",\"url\":\"https:\/\/www.limodor.com\/de\/\",\"name\":\"Limodor DE\",\"description\":\"\",\"potentialAction\":[{\"@type\":\"SearchAction\",\"target\":{\"@type\":\"EntryPoint\",\"urlTemplate\":\"https:\/\/www.limodor.com\/de\/?s={search_term_string}\"},\"query-input\":{\"@type\":\"PropertyValueSpecification\",\"valueRequired\":true,\"valueName\":\"search_term_string\"}}],\"inLanguage\":\"de\"}]}<\/script>\n<!-- \/ Yoast SEO plugin. -->","yoast_head_json":{"title":"Zubeh\u00f6r B2C - LIMODOR","robots":{"index":"index","follow":"follow","max-snippet":"max-snippet:-1","max-image-preview":"max-image-preview:large","max-video-preview":"max-video-preview:-1"},"canonical":"https:\/\/www.limodor.com\/de\/lueftungen\/zubehoer\/","og_locale":"de_DE","og_type":"article","og_title":"Zubeh\u00f6r B2C - LIMODOR","og_url":"https:\/\/www.limodor.com\/de\/lueftungen\/zubehoer\/","og_site_name":"Limodor DE","article_modified_time":"2023-09-18T09:49:10+00:00","twitter_card":"summary_large_image","twitter_misc":{"Gesch\u00e4tzte Lesezeit":"2\u00a0Minuten"},"schema":{"@context":"https:\/\/schema.org","@graph":[{"@type":"WebPage","@id":"https:\/\/www.limodor.com\/de\/lueftungen\/zubehoer\/","url":"https:\/\/www.limodor.com\/de\/lueftungen\/zubehoer\/","name":"Zubeh\u00f6r B2C - LIMODOR","isPartOf":{"@id":"https:\/\/www.limodor.com\/de\/#website"},"datePublished":"2023-09-18T09:10:06+00:00","dateModified":"2023-09-18T09:49:10+00:00","breadcrumb":{"@id":"https:\/\/www.limodor.com\/de\/lueftungen\/zubehoer\/#breadcrumb"},"inLanguage":"de","potentialAction":[{"@type":"ReadAction","target":["https:\/\/www.limodor.com\/de\/lueftungen\/zubehoer\/"]}]},{"@type":"BreadcrumbList","@id":"https:\/\/www.limodor.com\/de\/lueftungen\/zubehoer\/#breadcrumb","itemListElement":[{"@type":"ListItem","position":1,"name":"Startseite","item":"https:\/\/www.limodor.com\/de\/"},{"@type":"ListItem","position":2,"name":"L\u00f6sungen","item":"https:\/\/www.limodor.com\/de\/lueftungen\/"},{"@type":"ListItem","position":3,"name":"Zubeh\u00f6r B2C"}]},{"@type":"WebSite","@id":"https:\/\/www.limodor.com\/de\/#website","url":"https:\/\/www.limodor.com\/de\/","name":"Limodor DE","description":"","potentialAction":[{"@type":"SearchAction","target":{"@type":"EntryPoint","urlTemplate":"https:\/\/www.limodor.com\/de\/?s={search_term_string}"},"query-input":{"@type":"PropertyValueSpecification","valueRequired":true,"valueName":"search_term_string"}}],"inLanguage":"de"}]}},"_links":{"self":[{"href":"https:\/\/www.limodor.com\/de\/wp-json\/wp\/v2\/pages\/1543","targetHints":{"allow":["GET"]}}],"collection":[{"href":"https:\/\/www.limodor.com\/de\/wp-json\/wp\/v2\/pages"}],"about":[{"href":"https:\/\/www.limodor.com\/de\/wp-json\/wp\/v2\/types\/page"}],"author":[{"embeddable":true,"href":"https:\/\/www.limodor.com\/de\/wp-json\/wp\/v2\/users\/7"}],"replies":[{"embeddable":true,"href":"https:\/\/www.limodor.com\/de\/wp-json\/wp\/v2\/comments?post=1543"}],"version-history":[{"count":0,"href":"https:\/\/www.limodor.com\/de\/wp-json\/wp\/v2\/pages\/1543\/revisions"}],"up":[{"embeddable":true,"href":"https:\/\/www.limodor.com\/de\/wp-json\/wp\/v2\/pages\/61"}],"wp:attachment":[{"href":"https:\/\/www.limodor.com\/de\/wp-json\/wp\/v2\/media?parent=1543"}],"curies":[{"name":"wp","href":"https:\/\/api.w.org\/{rel}","templated":true}]}}