{"id":2817,"date":"2023-09-13T10:29:06","date_gmt":"2023-09-13T08:29:06","guid":{"rendered":"https:\/\/limodor.dev-web.at\/de\/limodor-b\/"},"modified":"2025-03-13T15:54:48","modified_gmt":"2025-03-13T14:54:48","slug":"limodor-b","status":"publish","type":"page","link":"https:\/\/www.limodor.com\/de\/lueftungen\/lueftungssysteme\/abluftgeraete\/limodor-b\/","title":{"rendered":"LIMODOR LB"},"content":{"rendered":"\n\t<section class=\"section section-space\" id=\"section_1545303543\">\n\t\t<div class=\"section-bg fill\" >\n\t\t\t\t\t\t\t\t\t\n\t\t\t\n\n\t\t<\/div>\n\n\t\t\n\n\t\t<div class=\"section-content relative\">\n\t\t\t\n\n<div class=\"row\"  id=\"row-2060165272\">\n\n\n\t<div id=\"col-34961825\" class=\"col medium-12 small-12 large-6\"  >\n\t\t\t\t<div class=\"col-inner\"  >\n\t\t\t\n\t\t\t\n\n<div class=\"breadcrumbs-row\"><div class=\"breadcrumbs-container\"><div class=\"breadcrumb-element\"><a href=\"https:\/\/www.limodor.com\/de\/lueftungen\/\"><span>L\u00f6sungen<\/span><\/a><div>><\/div><\/div><div class=\"breadcrumb-element\"><a href=\"https:\/\/www.limodor.com\/de\/lueftungen\/lueftungssysteme\/\"><span>L\u00fcftungssysteme<\/span><\/a><div>><\/div><\/div><div class=\"breadcrumb-element\"><a href=\"https:\/\/www.limodor.com\/de\/lueftungen\/lueftungssysteme\/abluftgeraete\/\"><span>Abluftger\u00e4te<\/span><\/a><div>><\/div><\/div><div class=\"breadcrumb-element\"><a href=\"https:\/\/www.limodor.com\/de\/lueftungen\/lueftungssysteme\/abluftgeraete\/limodor-b\/\"><span>LIMODOR LB<\/span><\/a><div class=\"ricegrain-container Sonnengelb\"><\/div><\/div><\/div><\/div>\n\n<h1>LIMODOR B<\/h1>\n<div class=\"is-divider divider clearfix\" style=\"margin-top:0px;margin-bottom:0px;max-width:40%;background-color:rgb(222, 51, 73);\"><\/div>\n\n\t<div id=\"gap-297579243\" class=\"gap-element clearfix\" style=\"display:block; height:auto;\">\n\t\t\n<style>\n#gap-297579243 {\n  padding-top: 10px;\n}\n@media (min-width:550px) {\n  #gap-297579243 {\n    padding-top: 20px;\n  }\n}\n<\/style>\n\t<\/div>\n\t\n\n\t<div id=\"text-2401786285\" class=\"text\">\n\t\t\n\n<p>Der LIMODOR B ist ein Einrohrl\u00fcftungssystem f\u00fcr Unterputz- oder Aufputzmontage. Das Ger\u00e4t kann in beliebiger Lage montiert werden, da die R\u00fcckschlagklappe mit einer Feder geschlossen wird. Es ist der ideale L\u00fcfter f\u00fcr den Einbau in d\u00fcnne Zwischenw\u00e4nde, da dieser mit nur 8cm eine ausgesprochen geringe Einbautiefe aufweist. Typisches Einsatzgebiet dieses Abluftsystems sind Bad und WC. Die L\u00fcftungsger\u00e4te der Serie LIMODOR B werden in zwei getrennten Komponenten, dem Geh\u00e4use und dem wahlweise ein-\u00a0 oder zweistufigen Gebl\u00e4seeinsatz, ausgeliefert.<\/p>\n\t\t\n<style>\n#text-2401786285 {\n  text-align: left;\n}\n<\/style>\n\t<\/div>\n\t\n\n\t\t<\/div>\n\t\t\t\t\t<\/div>\n\n\t\n\n\t<div id=\"col-1439898611\" class=\"col medium-12 small-12 large-6 medium-col-first\"  >\n\t\t\t\t<div class=\"col-inner\"  >\n\t\t\t\n\t\t\t\n\n\t<div class=\"img has-hover x md-x lg-x y md-y lg-y\" id=\"image_2091204298\">\n\t\t\t\t\t\t\t\t<div class=\"img-inner image-cover dark\" style=\"padding-top:75%;\">\n\t\t\t<img loading=\"lazy\" decoding=\"async\" width=\"1181\" height=\"1181\" src=\"https:\/\/www.limodor.com\/de\/wp-content\/uploads\/sites\/2\/2023\/10\/00008_Deckel-LB.png\" class=\"attachment-original size-original\" alt=\"\" srcset=\"https:\/\/www.limodor.com\/de\/wp-content\/uploads\/sites\/2\/2023\/10\/00008_Deckel-LB.png 1181w, https:\/\/www.limodor.com\/de\/wp-content\/uploads\/sites\/2\/2023\/10\/00008_Deckel-LB-300x300.png 300w, https:\/\/www.limodor.com\/de\/wp-content\/uploads\/sites\/2\/2023\/10\/00008_Deckel-LB-1024x1024.png 1024w, https:\/\/www.limodor.com\/de\/wp-content\/uploads\/sites\/2\/2023\/10\/00008_Deckel-LB-150x150.png 150w, https:\/\/www.limodor.com\/de\/wp-content\/uploads\/sites\/2\/2023\/10\/00008_Deckel-LB-768x768.png 768w, https:\/\/www.limodor.com\/de\/wp-content\/uploads\/sites\/2\/2023\/10\/00008_Deckel-LB-247x247.png 247w, https:\/\/www.limodor.com\/de\/wp-content\/uploads\/sites\/2\/2023\/10\/00008_Deckel-LB-510x510.png 510w, https:\/\/www.limodor.com\/de\/wp-content\/uploads\/sites\/2\/2023\/10\/00008_Deckel-LB-100x100.png 100w\" sizes=\"auto, (max-width: 1181px) 100vw, 1181px\" \/>\t\t\t\t\t\t\n\t\t\t\t\t<\/div>\n\t\t\t\t\t\t\t\t\n<style>\n#image_2091204298 {\n  width: 100%;\n}\n<\/style>\n\t<\/div>\n\t\n\n\n\t\t<\/div>\n\t\t\t\t\t<\/div>\n\n\t\n\n<\/div>\n\n\t\t<\/div>\n\n\t\t\n<style>\n#section_1545303543 {\n  padding-top: 0px;\n  padding-bottom: 0px;\n}\n<\/style>\n\t<\/section>\n\t\n\n\t<section class=\"section\" id=\"section_102647713\">\n\t\t<div class=\"section-bg fill\" >\n\t\t\t\t\t\t\t\t\t\n\t\t\t\n\t<div class=\"is-border\"\n\t\tstyle=\"border-color:rgb(0, 105, 180);border-width:3px 0px 3px 0px;\">\n\t<\/div>\n\n\t\t<\/div>\n\n\t\t\n\n\t\t<div class=\"section-content relative\">\n\t\t\t\n\n<div class=\"row row-collapse row-full-width align-center\"  id=\"row-222429903\">\n\n\n\t<div id=\"col-1994735647\" class=\"col small-12 large-12\"  >\n\t\t\t\t<div class=\"col-inner text-center\"  >\n\t\t\t\n\t\t\t\n\n<h3>Vorteile<\/h3>\n<div class=\"icon-slider-container\"><div class=\"e5-slider-elements owl-carousel owl-theme\"><div class=\"e5-icon-container\"><div class=\"e5-icon-animation\"><div class=\"lottie-placeholder\" data-src=\"\/wp-content\/uploads\/2023\/08\/Beseitigung-unangenehmer-Gerueche.json\"><\/div><\/div><div class=\"e5-icon-text\"><span>Effektive Beseitigung unangenehmer Ger\u00fcche<\/span><\/div><\/div><div class=\"e5-icon-container\"><div class=\"e5-icon-animation\"><div class=\"lottie-placeholder\" data-src=\"\/wp-content\/uploads\/2023\/08\/Beseitigung-von-Feuchtigkeit.json\"><\/div><\/div><div class=\"e5-icon-text\"><span>Rasche Reduzierung feuchter Luft im Badezimmer<\/span><\/div><\/div><div class=\"e5-icon-container\"><div class=\"e5-icon-animation\"><div class=\"lottie-placeholder\" data-src=\"\/wp-content\/uploads\/2023\/08\/Energiekostenersparnis.json\"><\/div><\/div><div class=\"e5-icon-text\"><span>Energiekostenersparnis durch bedarfsorientierte Steuerungstechnik<\/span><\/div><\/div><div class=\"e5-icon-container\"><div class=\"e5-icon-animation\"><div class=\"lottie-placeholder\" data-src=\"\/wp-content\/uploads\/2023\/08\/Energieeffizient.json\"><\/div><\/div><div class=\"e5-icon-text\"><span>Energieeffiziente EC-Motorentechnik<\/span><\/div><\/div><div class=\"e5-icon-container\"><div class=\"e5-icon-animation\"><div class=\"lottie-placeholder\" data-src=\"\/wp-content\/uploads\/2023\/08\/Zeitersparnis.json\"><\/div><\/div><div class=\"e5-icon-text\"><span>Zeitersparnis bei der Montage dank Plug and Play Prinzip<\/span><\/div><\/div><div class=\"e5-icon-container\"><div class=\"e5-icon-animation\"><div class=\"lottie-placeholder\" data-src=\"\/wp-content\/uploads\/2023\/08\/Steuerungsvarianten.json\"><\/div><\/div><div class=\"e5-icon-text\"><span>Vielz\u00e4hlige Steuerungsvarianten f\u00fcr jeden Bedarf<\/span><\/div><\/div><div class=\"e5-icon-container\"><div class=\"e5-icon-animation\"><div class=\"lottie-placeholder\" data-src=\"\/wp-content\/uploads\/2023\/08\/Kombinierbar.json\"><\/div><\/div><div class=\"e5-icon-text\"><span>als Einzelelemente individuell oder im Kombibetrieb steuerbar<\/span><\/div><\/div><div class=\"e5-icon-container\"><div class=\"e5-icon-animation\"><div class=\"lottie-placeholder\" data-src=\"\/wp-content\/uploads\/2023\/08\/Ideal.json\"><\/div><\/div><div class=\"e5-icon-text\"><span>als Einrohrl\u00fcftungssysteme ideal in Wohnblocks \u00fcber zentrales Abluftrohr einsetzbar<\/span><\/div><\/div><\/div><div class=\"e5-slider-navigation\"><img decoding=\"async\" alt=\"Pfeil links\" class=\"arrow-left\" src=\"https:\/\/www.limodor.com\/de\/wp-content\/mu-plugins\/limodor\/images\/right-arrow.svg\" \/><img decoding=\"async\" alt=\"Pfeil rechts\" class=\"arrow-right\" src=\"https:\/\/www.limodor.com\/de\/wp-content\/mu-plugins\/limodor\/images\/right-arrow.svg\" \/><\/div><\/div>\n\n\n\t\t<\/div>\n\t\t\t\t\t<\/div>\n\n\t\n\n<\/div>\n\n\t\t<\/div>\n\n\t\t\n<style>\n#section_102647713 {\n  padding-top: 40px;\n  padding-bottom: 40px;\n}\n<\/style>\n\t<\/section>\n\t\n\n\t<section class=\"section section-space\" id=\"section_678989154\">\n\t\t<div class=\"section-bg fill\" >\n\t\t\t\t\t\t\t\t\t\n\t\t\t\n\n\t\t<\/div>\n\n\t\t\n\n\t\t<div class=\"section-content relative\">\n\t\t\t\n\n<div class=\"row\"  id=\"row-1757420081\">\n\n\n\t<div id=\"col-1384412447\" class=\"col no-padding-bottom small-12 large-12\"  >\n\t\t\t\t<div class=\"col-inner\"  >\n\t\t\t\n\t\t\t\n\n<h3>Bestellhinweise<\/h3>\n<div class=\"accordion\">\n\n\t<div id=\"accordion-2561024924\" class=\"accordion-item\">\n\t\t<a id=\"accordion-2561024924-label\" class=\"accordion-title plain\" href=\"#accordion-item-gebl\u00e4seeinsatz\" aria-expanded=\"false\" aria-controls=\"accordion-2561024924-content\" >\n\t\t\t<button class=\"toggle\" aria-label=\"Umschalten\"><i class=\"icon-angle-down\"><\/i><\/button>\n\t\t\t<span>Gebl\u00e4seeinsatz<\/span>\n\t\t<\/a>\n\t\t<div id=\"accordion-2561024924-content\" class=\"accordion-inner\" aria-labelledby=\"accordion-2561024924-label\" >\n\t\t\t\n\n<div class=\"row\"  id=\"row-43351491\">\n\n\n\t<div id=\"col-859449866\" class=\"col small-12 large-12\"  >\n\t\t\t\t<div class=\"col-inner\"  >\n\t\t\t\n\t\t\t\n\n<table>\n<tbody>\n<tr>\n<th><span style=\"font-size: 90%\">Bezeichnung<\/span><\/th>\n<th><span style=\"font-size: 90%\">Kurzbeschreibung<\/span><\/th>\n<th><span style=\"font-size: 90%\">Art.-Nr.<\/span><\/th>\n<\/tr>\n<tr>\n<td>\n<p>Gebl\u00e4seeinsatz LB\/A60<\/p>\n<\/td>\n<td>\n<p>Planm\u00e4\u00dfiger Volumenstrom: 60 m3\/h<\/p>\n<\/td>\n<td>00400<\/td>\n<\/tr>\n<tr>\n<td>\n<p>Gebl\u00e4seeinsatz LB\/A30<\/p>\n<\/td>\n<td>\n<p>Planm\u00e4\u00dfiger Volumenstrom: 30 m3\/h<\/p>\n<\/td>\n<td>00410<\/td>\n<\/tr>\n<tr>\n<td>\n<p>Gebl\u00e4seeinsatz LB\/A60-TL<\/p>\n<\/td>\n<td>\n<p>Planm\u00e4\u00dfiger Volumenstrom: 60\/30 m3\/h<\/p>\n<\/td>\n<td>00420<\/td>\n<\/tr>\n<\/tbody>\n<\/table>\n\n\t\t<\/div>\n\t\t\t\t\t<\/div>\n\n\t\n\n<\/div>\n\n\t\t<\/div>\n\t<\/div>\n\t\n\t<div id=\"accordion-429889560\" class=\"accordion-item\">\n\t\t<a id=\"accordion-429889560-label\" class=\"accordion-title plain\" href=\"#accordion-item-nachr\u00fcstbare-steuermodule\" aria-expanded=\"false\" aria-controls=\"accordion-429889560-content\" >\n\t\t\t<button class=\"toggle\" aria-label=\"Umschalten\"><i class=\"icon-angle-down\"><\/i><\/button>\n\t\t\t<span>Nachr\u00fcstbare Steuermodule<\/span>\n\t\t<\/a>\n\t\t<div id=\"accordion-429889560-content\" class=\"accordion-inner\" aria-labelledby=\"accordion-429889560-label\" >\n\t\t\t\n\n<div class=\"row\"  id=\"row-274660244\">\n\n\n\t<div id=\"col-274842449\" class=\"col small-12 large-12\"  >\n\t\t\t\t<div class=\"col-inner\"  >\n\t\t\t\n\t\t\t\n\n<table>\n<tbody>\n<tr>\n<th><span style=\"font-size: 90%\">Bezeichnung<\/span><\/th>\n<th><span style=\"font-size: 90%\">Kurzbeschreibung<\/span><\/th>\n<th><span style=\"font-size: 90%\">Art.-Nr.<\/span><\/th>\n<\/tr>\n<tr>\n<td>Steuerung SNR<\/td>\n<td>Codierbare Nachlauf- u. Einschaltverz\u00f6gerungszeit.<\/td>\n<td>99100<\/td>\n<\/tr>\n<tr>\n<td>Steuerung SINR<\/td>\n<td>Wie vor, jedochmit codierbaremIntervall.<\/td>\n<td>99300<\/td>\n<\/tr>\n<tr>\n<td>Steuerung SNR\/TZ-230V<\/td>\n<td>\n<p>Wie SINR, jedoch mit zentraler Ansteuerung<\/p>\n<\/td>\n<td>99115<\/td>\n<\/tr>\n<tr>\n<td>Steuerung SNR\/TZ-24V<\/td>\n<td>\n<p>Wie vor, jedoch Ansteuerung mit 24 VAC<\/p>\n<\/td>\n<td>99116<\/td>\n<\/tr>\n<tr>\n<td>Steuerung SFR<\/td>\n<td>\n<p>Feuchtegef\u00fchrter Betrieb bei L\u00fcfterserie ELF-TL und LB-TL (2-stufige Ausf\u00fchrung)<\/p>\n<\/td>\n<td>99400<\/td>\n<\/tr>\n<\/tbody>\n<\/table>\n\n\t\t<\/div>\n\t\t\t\t\t<\/div>\n\n\t\n\n<\/div>\n\n\t\t<\/div>\n\t<\/div>\n\t\n\t<div id=\"accordion-4019811796\" class=\"accordion-item\">\n\t\t<a id=\"accordion-4019811796-label\" class=\"accordion-title plain\" href=\"#accordion-item-zubeh\u00f6r\" aria-expanded=\"false\" aria-controls=\"accordion-4019811796-content\" >\n\t\t\t<button class=\"toggle\" aria-label=\"Umschalten\"><i class=\"icon-angle-down\"><\/i><\/button>\n\t\t\t<span>Zubeh\u00f6r<\/span>\n\t\t<\/a>\n\t\t<div id=\"accordion-4019811796-content\" class=\"accordion-inner\" aria-labelledby=\"accordion-4019811796-label\" >\n\t\t\t\n\n<div class=\"row\"  id=\"row-353424674\">\n\n\n\t<div id=\"col-19303200\" class=\"col small-12 large-12\"  >\n\t\t\t\t<div class=\"col-inner\"  >\n\t\t\t\n\t\t\t\n\n<table>\n<tbody>\n<tr>\n<th><span style=\"font-size: 90%\">Bezeichnung<\/span><\/th>\n<th><span style=\"font-size: 90%\">Kurzbeschreibung<\/span><\/th>\n<th><span style=\"font-size: 90%\">Art.-Nr.<\/span><\/th>\n<\/tr>\n<tr>\n<td>\n<p>Deckel glattfl\u00e4chig LB\/A<\/p>\n<\/td>\n<td>3-teiliger wei\u00dfer Deckel mit Filtereinsatz<\/td>\n<td>00008<\/td>\n<\/tr>\n<tr>\n<td>\n<p><span style=\"font-size: 100%\">Filter LB\/5<\/span><\/p>\n<\/td>\n<td>Packungsinhalt: 5 St\u00fcck<\/td>\n<td>00040<\/td>\n<\/tr>\n<tr>\n<td>\n<p>R\u00fcckschlagklappe RK-LB\/A<\/p>\n<\/td>\n<td>R\u00fcckschlagklappe mit Feder f\u00fcr Einbaukasten der Serie LB<\/td>\n<td>79017<\/td>\n<\/tr>\n<tr>\n<td>\n<p>Ventilbefestigungs-<br \/>schiene LF\/D<\/p>\n<\/td>\n<td>\n<p><span style=\"font-size: 100%\">Halteschiene zur Befestigung der R\u00fcckschlagklappe <\/span><\/p>\n<\/td>\n<td>72012<\/td>\n<\/tr>\n<\/tbody>\n<\/table>\n\n\t\t<\/div>\n\t\t\t\t\t<\/div>\n\n\t\n\n<\/div>\n\n\t\t<\/div>\n\t<\/div>\n\t\n\n<\/div>\n\n\t\t<\/div>\n\t\t\t\t\t<\/div>\n\n\t\n\n<\/div>\n\n\t\t<\/div>\n\n\t\t\n<style>\n#section_678989154 {\n  padding-top: 0px;\n  padding-bottom: 0px;\n}\n<\/style>\n\t<\/section>\n\t\n\n\t<section class=\"section section-bottom-space\" id=\"section_1357305077\">\n\t\t<div class=\"section-bg fill\" >\n\t\t\t\t\t\t\t\t\t\n\t\t\t\n\n\t\t<\/div>\n\n\t\t\n\n\t\t<div class=\"section-content relative\">\n\t\t\t\n\n<div class=\"row\"  id=\"row-715400845\">\n\n\n\t<div id=\"col-1539451386\" class=\"col no-padding-bottom small-12 large-12\"  >\n\t\t\t\t<div class=\"col-inner\"  >\n\t\t\t\n\t\t\t\n\n<h3>FAQ zum Thema Abluftsystem<\/h3>\n<a href=\"\/de\/faq\/\" class=\"button primary is-outline\"  style=\"border-radius:10px;\">\n\t\t<span>Zu den FAQ\u00b4s<\/span>\n\t<\/a>\n\n\n\n\t\t<\/div>\n\t\t\t\t\t<\/div>\n\n\t\n\n<\/div>\n\n\t\t<\/div>\n\n\t\t\n<style>\n#section_1357305077 {\n  padding-top: 0px;\n  padding-bottom: 0px;\n}\n<\/style>\n\t<\/section>\n\t\n\n\t<section class=\"section\" id=\"section_1109917275\">\n\t\t<div class=\"section-bg fill\" >\n\t\t\t\t\t\t\t\t\t\n\t\t\t\n\n\t\t<\/div>\n\n\t\t\n\n\t\t<div class=\"section-content relative\">\n\t\t\t\n\n<div class=\"row\"  id=\"row-854162761\">\n\n\n\t<div id=\"col-879063946\" class=\"col small-12 large-12\"  >\n\t\t\t\t<div class=\"col-inner\"  >\n\t\t\t\n\t\t\t\n\n<h3>\nDatenbl\u00e4tter &amp; Anleitungen<br \/>\n<\/h3>\n\n\t\t<\/div>\n\t\t\t\t\t<\/div>\n\n\t\n\n<\/div>\n<div class=\"row\"  id=\"row-817920128\">\n\n\n\t<div id=\"col-934124994\" class=\"col no-padding-bottom small-12 large-12\"  >\n\t\t\t\t<div class=\"col-inner\"  >\n\t\t\t\n\t\t\t\n\n<div \r\n                id=\"e5-oxomi-5454426256\" \r\n                class=\"e5-oxomi-output\" \r\n                data-portal-id=\"3000988\"\r\n                data-oxomi_type_select=\"selectOptionCategories\"\r\n                data-oxomi_keyword=\"\"\r\n                data-oxomi_keyword_filter_select=\"\"\r\n                data-oxomi_categories=\"LB\"\r\n                data-oxomi_types=\"\"\r\n                data-oxomi_brands=\"\"\r\n                data-oxomi_tags=\"\"\r\n                data-oxomi_document_id=\"\"\r\n                data-oxomi_document_page=\"\"\r\n                data-oxomi_search=\"\"\r\n                data-oxomi_group_by_select=\"\"\r\n                data-oxomi_group_by_filter=\"\"\r\n                data-lang=\"de\"\r\n            >\r\n            <\/div>\n\n\n\t\t<\/div>\n\t\t\t\t\t<\/div>\n\n\t\n\n<\/div>\n\n\t\t<\/div>\n\n\t\t\n<style>\n#section_1109917275 {\n  padding-top: 0px;\n  padding-bottom: 0px;\n}\n<\/style>\n\t<\/section>\n\t\n\n\t<section class=\"section section-space\" id=\"section_1127434245\">\n\t\t<div class=\"section-bg fill\" >\n\t\t\t\t\t\t\t\t\t\n\t\t\t\n\n\t\t<\/div>\n\n\t\t\n\n\t\t<div class=\"section-content relative\">\n\t\t\t\n\n<div class=\"row row-collapse align-middle align-right ventilation-system-overview\"  id=\"row-1686045647\">\n\n\n\t<div id=\"col-52978392\" class=\"col medium-6 small-12 large-3\"  >\n\t\t\t\t<div class=\"col-inner\"  >\n\t\t\t\n\t\t\t\n\n\t<div id=\"text-400955039\" class=\"text\">\n\t\t\n\n<p class=\"sub-headline\">Nicht das Richtige gefunden?<\/p>\n\t\t\n<style>\n#text-400955039 {\n  text-align: center;\n}\n@media (min-width:550px) {\n  #text-400955039 {\n    text-align: right;\n  }\n}\n<\/style>\n\t<\/div>\n\t\n\n\t\t<\/div>\n\t\t\t\t\t<\/div>\n\n\t\n\n\t<div id=\"col-1742293173\" class=\"col medium-6 small-12 large-3\"  >\n\t\t\t\t<div class=\"col-inner text-center\"  >\n\t\t\t\n\t\t\t\n\n<a href=\"\/de\/lueftungssysteme\" class=\"button primary is-outline is-small\"  style=\"border-radius:10px;\">\n\t\t<span>zur\u00fcck zur \u00dcbersicht<\/span>\n\t<\/a>\n\n\n\n\t\t<\/div>\n\t\t\t\t\n<style>\n#col-1742293173 > .col-inner {\n  padding: 0px 0px 0px 0px;\n  margin: 20px 0px 0px 0px;\n}\n@media (min-width:550px) {\n  #col-1742293173 > .col-inner {\n    padding: 0px 0px 0px 30px;\n    margin: 0px 0px 0px 0px;\n  }\n}\n<\/style>\n\t<\/div>\n\n\t\n\n<\/div>\n\n\n\t\t<\/div>\n\n\t\t\n<style>\n#section_1127434245 {\n  padding-top: 0px;\n  padding-bottom: 0px;\n}\n<\/style>\n\t<\/section>\n\t","protected":false},"excerpt":{"rendered":"","protected":false},"author":8,"featured_media":0,"parent":116,"menu_order":0,"comment_status":"closed","ping_status":"closed","template":"page-blank.php","meta":{"_acf_changed":false,"footnotes":""},"class_list":["post-2817","page","type-page","status-publish","hentry"],"acf":[],"yoast_head":"<!-- This site is optimized with the Yoast SEO plugin v24.8.1 - https:\/\/yoast.com\/wordpress\/plugins\/seo\/ -->\n<title>Limodor LB | Abluftsystem<\/title>\n<meta name=\"description\" content=\"Abluftsysteme bringen feuchte Luft und Ger\u00fcche von Innenr\u00e4umen nach Drau\u00dfen.\" \/>\n<meta name=\"robots\" content=\"index, follow, max-snippet:-1, max-image-preview:large, max-video-preview:-1\" \/>\n<link rel=\"canonical\" href=\"https:\/\/www.limodor.com\/de\/lueftungen\/lueftungssysteme\/abluftgeraete\/limodor-b\/\" \/>\n<meta property=\"og:locale\" content=\"de_DE\" \/>\n<meta property=\"og:type\" content=\"article\" \/>\n<meta property=\"og:title\" content=\"Limodor LB | Abluftsystem\" \/>\n<meta property=\"og:description\" content=\"Abluftsysteme bringen feuchte Luft und Ger\u00fcche von Innenr\u00e4umen nach Drau\u00dfen.\" \/>\n<meta property=\"og:url\" content=\"https:\/\/www.limodor.com\/de\/lueftungen\/lueftungssysteme\/abluftgeraete\/limodor-b\/\" \/>\n<meta property=\"og:site_name\" content=\"Limodor DE\" \/>\n<meta property=\"article:modified_time\" content=\"2025-03-13T14:54:48+00:00\" \/>\n<meta name=\"twitter:card\" content=\"summary_large_image\" \/>\n<meta name=\"twitter:label1\" content=\"Gesch\u00e4tzte Lesezeit\" \/>\n\t<meta name=\"twitter:data1\" content=\"3\u00a0Minuten\" \/>\n<script type=\"application\/ld+json\" class=\"yoast-schema-graph\">{\"@context\":\"https:\/\/schema.org\",\"@graph\":[{\"@type\":\"WebPage\",\"@id\":\"https:\/\/www.limodor.com\/de\/lueftungen\/lueftungssysteme\/abluftgeraete\/limodor-b\/\",\"url\":\"https:\/\/www.limodor.com\/de\/lueftungen\/lueftungssysteme\/abluftgeraete\/limodor-b\/\",\"name\":\"Limodor LB | Abluftsystem\",\"isPartOf\":{\"@id\":\"https:\/\/www.limodor.com\/de\/#website\"},\"datePublished\":\"2023-09-13T08:29:06+00:00\",\"dateModified\":\"2025-03-13T14:54:48+00:00\",\"description\":\"Abluftsysteme bringen feuchte Luft und Ger\u00fcche von Innenr\u00e4umen nach Drau\u00dfen.\",\"breadcrumb\":{\"@id\":\"https:\/\/www.limodor.com\/de\/lueftungen\/lueftungssysteme\/abluftgeraete\/limodor-b\/#breadcrumb\"},\"inLanguage\":\"de\",\"potentialAction\":[{\"@type\":\"ReadAction\",\"target\":[\"https:\/\/www.limodor.com\/de\/lueftungen\/lueftungssysteme\/abluftgeraete\/limodor-b\/\"]}]},{\"@type\":\"BreadcrumbList\",\"@id\":\"https:\/\/www.limodor.com\/de\/lueftungen\/lueftungssysteme\/abluftgeraete\/limodor-b\/#breadcrumb\",\"itemListElement\":[{\"@type\":\"ListItem\",\"position\":1,\"name\":\"Startseite\",\"item\":\"https:\/\/www.limodor.com\/de\/\"},{\"@type\":\"ListItem\",\"position\":2,\"name\":\"L\u00f6sungen\",\"item\":\"https:\/\/www.limodor.com\/de\/lueftungen\/\"},{\"@type\":\"ListItem\",\"position\":3,\"name\":\"L\u00fcftungssysteme\",\"item\":\"https:\/\/www.limodor.com\/de\/lueftungen\/lueftungssysteme\/\"},{\"@type\":\"ListItem\",\"position\":4,\"name\":\"Abluftger\u00e4te\",\"item\":\"https:\/\/www.limodor.com\/de\/lueftungen\/lueftungssysteme\/abluftgeraete\/\"},{\"@type\":\"ListItem\",\"position\":5,\"name\":\"LIMODOR LB\"}]},{\"@type\":\"WebSite\",\"@id\":\"https:\/\/www.limodor.com\/de\/#website\",\"url\":\"https:\/\/www.limodor.com\/de\/\",\"name\":\"Limodor DE\",\"description\":\"\",\"potentialAction\":[{\"@type\":\"SearchAction\",\"target\":{\"@type\":\"EntryPoint\",\"urlTemplate\":\"https:\/\/www.limodor.com\/de\/?s={search_term_string}\"},\"query-input\":{\"@type\":\"PropertyValueSpecification\",\"valueRequired\":true,\"valueName\":\"search_term_string\"}}],\"inLanguage\":\"de\"}]}<\/script>\n<!-- \/ Yoast SEO plugin. -->","yoast_head_json":{"title":"Limodor LB | Abluftsystem","description":"Abluftsysteme bringen feuchte Luft und Ger\u00fcche von Innenr\u00e4umen nach Drau\u00dfen.","robots":{"index":"index","follow":"follow","max-snippet":"max-snippet:-1","max-image-preview":"max-image-preview:large","max-video-preview":"max-video-preview:-1"},"canonical":"https:\/\/www.limodor.com\/de\/lueftungen\/lueftungssysteme\/abluftgeraete\/limodor-b\/","og_locale":"de_DE","og_type":"article","og_title":"Limodor LB | Abluftsystem","og_description":"Abluftsysteme bringen feuchte Luft und Ger\u00fcche von Innenr\u00e4umen nach Drau\u00dfen.","og_url":"https:\/\/www.limodor.com\/de\/lueftungen\/lueftungssysteme\/abluftgeraete\/limodor-b\/","og_site_name":"Limodor DE","article_modified_time":"2025-03-13T14:54:48+00:00","twitter_card":"summary_large_image","twitter_misc":{"Gesch\u00e4tzte Lesezeit":"3\u00a0Minuten"},"schema":{"@context":"https:\/\/schema.org","@graph":[{"@type":"WebPage","@id":"https:\/\/www.limodor.com\/de\/lueftungen\/lueftungssysteme\/abluftgeraete\/limodor-b\/","url":"https:\/\/www.limodor.com\/de\/lueftungen\/lueftungssysteme\/abluftgeraete\/limodor-b\/","name":"Limodor LB | Abluftsystem","isPartOf":{"@id":"https:\/\/www.limodor.com\/de\/#website"},"datePublished":"2023-09-13T08:29:06+00:00","dateModified":"2025-03-13T14:54:48+00:00","description":"Abluftsysteme bringen feuchte Luft und Ger\u00fcche von Innenr\u00e4umen nach Drau\u00dfen.","breadcrumb":{"@id":"https:\/\/www.limodor.com\/de\/lueftungen\/lueftungssysteme\/abluftgeraete\/limodor-b\/#breadcrumb"},"inLanguage":"de","potentialAction":[{"@type":"ReadAction","target":["https:\/\/www.limodor.com\/de\/lueftungen\/lueftungssysteme\/abluftgeraete\/limodor-b\/"]}]},{"@type":"BreadcrumbList","@id":"https:\/\/www.limodor.com\/de\/lueftungen\/lueftungssysteme\/abluftgeraete\/limodor-b\/#breadcrumb","itemListElement":[{"@type":"ListItem","position":1,"name":"Startseite","item":"https:\/\/www.limodor.com\/de\/"},{"@type":"ListItem","position":2,"name":"L\u00f6sungen","item":"https:\/\/www.limodor.com\/de\/lueftungen\/"},{"@type":"ListItem","position":3,"name":"L\u00fcftungssysteme","item":"https:\/\/www.limodor.com\/de\/lueftungen\/lueftungssysteme\/"},{"@type":"ListItem","position":4,"name":"Abluftger\u00e4te","item":"https:\/\/www.limodor.com\/de\/lueftungen\/lueftungssysteme\/abluftgeraete\/"},{"@type":"ListItem","position":5,"name":"LIMODOR LB"}]},{"@type":"WebSite","@id":"https:\/\/www.limodor.com\/de\/#website","url":"https:\/\/www.limodor.com\/de\/","name":"Limodor DE","description":"","potentialAction":[{"@type":"SearchAction","target":{"@type":"EntryPoint","urlTemplate":"https:\/\/www.limodor.com\/de\/?s={search_term_string}"},"query-input":{"@type":"PropertyValueSpecification","valueRequired":true,"valueName":"search_term_string"}}],"inLanguage":"de"}]}},"_links":{"self":[{"href":"https:\/\/www.limodor.com\/de\/wp-json\/wp\/v2\/pages\/2817","targetHints":{"allow":["GET"]}}],"collection":[{"href":"https:\/\/www.limodor.com\/de\/wp-json\/wp\/v2\/pages"}],"about":[{"href":"https:\/\/www.limodor.com\/de\/wp-json\/wp\/v2\/types\/page"}],"author":[{"embeddable":true,"href":"https:\/\/www.limodor.com\/de\/wp-json\/wp\/v2\/users\/8"}],"replies":[{"embeddable":true,"href":"https:\/\/www.limodor.com\/de\/wp-json\/wp\/v2\/comments?post=2817"}],"version-history":[{"count":3,"href":"https:\/\/www.limodor.com\/de\/wp-json\/wp\/v2\/pages\/2817\/revisions"}],"predecessor-version":[{"id":29184,"href":"https:\/\/www.limodor.com\/de\/wp-json\/wp\/v2\/pages\/2817\/revisions\/29184"}],"up":[{"embeddable":true,"href":"https:\/\/www.limodor.com\/de\/wp-json\/wp\/v2\/pages\/116"}],"wp:attachment":[{"href":"https:\/\/www.limodor.com\/de\/wp-json\/wp\/v2\/media?parent=2817"}],"curies":[{"name":"wp","href":"https:\/\/api.w.org\/{rel}","templated":true}]}}