{"id":2832,"date":"2023-10-13T10:11:16","date_gmt":"2023-10-13T08:11:16","guid":{"rendered":"https:\/\/limodor.dev-web.at\/de\/?page_id=2832"},"modified":"2023-11-23T11:58:54","modified_gmt":"2023-11-23T10:58:54","slug":"limodor-elf","status":"publish","type":"page","link":"https:\/\/www.limodor.com\/de\/lueftungen\/lueftungssysteme\/abluftgeraete\/limodor-elf\/","title":{"rendered":"LIMODOR ELF"},"content":{"rendered":"\n\t<section class=\"section section-space\" id=\"section_618963340\">\n\t\t<div class=\"section-bg fill\" >\n\t\t\t\t\t\t\t\t\t\n\t\t\t\n\n\t\t<\/div>\n\n\t\t\n\n\t\t<div class=\"section-content relative\">\n\t\t\t\n\n<div class=\"row\"  id=\"row-1298294795\">\n\n\n\t<div id=\"col-1665209007\" class=\"col medium-12 small-12 large-6\"  >\n\t\t\t\t<div class=\"col-inner\"  >\n\t\t\t\n\t\t\t\n\n<div class=\"breadcrumbs-row\"><div class=\"breadcrumbs-container\"><div class=\"breadcrumb-element\"><a href=\"https:\/\/www.limodor.com\/de\/lueftungen\/\"><span>L\u00f6sungen<\/span><\/a><div>><\/div><\/div><div class=\"breadcrumb-element\"><a href=\"https:\/\/www.limodor.com\/de\/lueftungen\/lueftungssysteme\/\"><span>L\u00fcftungssysteme<\/span><\/a><div>><\/div><\/div><div class=\"breadcrumb-element\"><a href=\"https:\/\/www.limodor.com\/de\/lueftungen\/lueftungssysteme\/abluftgeraete\/\"><span>Abluftger\u00e4te<\/span><\/a><div>><\/div><\/div><div class=\"breadcrumb-element\"><a href=\"https:\/\/www.limodor.com\/de\/lueftungen\/lueftungssysteme\/abluftgeraete\/limodor-elf\/\"><span>LIMODOR ELF<\/span><\/a><div class=\"ricegrain-container Sonnengelb\"><\/div><\/div><\/div><\/div>\n\n<h1>LIMODOR ELF<\/h1>\n<div class=\"is-divider divider clearfix\" style=\"margin-top:0px;margin-bottom:0px;max-width:40%;background-color:rgb(222, 51, 73);\"><\/div>\n\n\t<div id=\"gap-1385346103\" class=\"gap-element clearfix\" style=\"display:block; height:auto;\">\n\t\t\n<style>\n#gap-1385346103 {\n  padding-top: 10px;\n}\n@media (min-width:550px) {\n  #gap-1385346103 {\n    padding-top: 20px;\n  }\n}\n<\/style>\n\t<\/div>\n\t\n\n\t<div id=\"text-1266617459\" class=\"text\">\n\t\t\n\n<p>Der Limodor ELF ist ein Einzell\u00fcfter mit Hauptabsaugstelle \u00fcber den Geh\u00e4usedeckel f\u00fcr Unterputzmontage. Einsatzgebiete sind vor allem K\u00fcchen, Wohn- und Aufenthaltsr\u00e4ume, Reihen-WC usw. Er kann in beliebiger Lage montiert werden, die R\u00fcckschlagklappe wird mit einer Feder geschlossen. \u00dcber Filterwannen (Type WAK) sind bis zu zwei zus\u00e4tzliche R\u00e4ume anschlie\u00dfbar.<\/p>\n\t\t\n<style>\n#text-1266617459 {\n  text-align: left;\n}\n<\/style>\n\t<\/div>\n\t\n\n\t\t<\/div>\n\t\t\t\t\t<\/div>\n\n\t\n\n\t<div id=\"col-1447801586\" class=\"col medium-12 small-12 large-6 medium-col-first\"  >\n\t\t\t\t<div class=\"col-inner\"  >\n\t\t\t\n\t\t\t\n\n\t<div class=\"img has-hover x md-x lg-x y md-y lg-y\" id=\"image_1466517997\">\n\t\t\t\t\t\t\t\t<div class=\"img-inner image-cover dark\" style=\"padding-top:75%;\">\n\t\t\t\t\t\t\t\t\t\n\t\t\t\t\t<\/div>\n\t\t\t\t\t\t\t\t\n<style>\n#image_1466517997 {\n  width: 65%;\n}\n<\/style>\n\t<\/div>\n\t\n\n\n\t\t<\/div>\n\t\t\t\t\t<\/div>\n\n\t\n\n<\/div>\n\n\t\t<\/div>\n\n\t\t\n<style>\n#section_618963340 {\n  padding-top: 0px;\n  padding-bottom: 0px;\n}\n<\/style>\n\t<\/section>\n\t\n\n\t<section class=\"section\" id=\"section_291815846\">\n\t\t<div class=\"section-bg fill\" >\n\t\t\t\t\t\t\t\t\t\n\t\t\t\n\t<div class=\"is-border\"\n\t\tstyle=\"border-color:rgb(0, 105, 180);border-width:3px 0px 3px 0px;\">\n\t<\/div>\n\n\t\t<\/div>\n\n\t\t\n\n\t\t<div class=\"section-content relative\">\n\t\t\t\n\n<div class=\"row row-collapse row-full-width align-center\"  id=\"row-1454403024\">\n\n\n\t<div id=\"col-395016688\" class=\"col small-12 large-12\"  >\n\t\t\t\t<div class=\"col-inner text-center\"  >\n\t\t\t\n\t\t\t\n\n<h3>Vorteile<\/h3>\n<div class=\"icon-slider-container\"><div class=\"e5-slider-elements owl-carousel owl-theme\"><div class=\"e5-icon-container\"><div class=\"e5-icon-animation\"><div class=\"lottie-placeholder\" data-src=\"\/wp-content\/uploads\/2023\/08\/Beseitigung-unangenehmer-Gerueche.json\"><\/div><\/div><div class=\"e5-icon-text\"><span>Effektive Beseitigung unangenehmer Ger\u00fcche<\/span><\/div><\/div><div class=\"e5-icon-container\"><div class=\"e5-icon-animation\"><div class=\"lottie-placeholder\" data-src=\"\/wp-content\/uploads\/2023\/08\/Beseitigung-von-Feuchtigkeit.json\"><\/div><\/div><div class=\"e5-icon-text\"><span>Rasche Reduzierung feuchter Luft im Badezimmer<\/span><\/div><\/div><div class=\"e5-icon-container\"><div class=\"e5-icon-animation\"><div class=\"lottie-placeholder\" data-src=\"\/wp-content\/uploads\/2023\/08\/Energiekostenersparnis.json\"><\/div><\/div><div class=\"e5-icon-text\"><span>Energiekostenersparnis durch bedarfsorientierte Steuerungstechnik<\/span><\/div><\/div><div class=\"e5-icon-container\"><div class=\"e5-icon-animation\"><div class=\"lottie-placeholder\" data-src=\"\/wp-content\/uploads\/2023\/08\/Energieeffizient.json\"><\/div><\/div><div class=\"e5-icon-text\"><span>Energieeffiziente EC-Motorentechnik<\/span><\/div><\/div><div class=\"e5-icon-container\"><div class=\"e5-icon-animation\"><div class=\"lottie-placeholder\" data-src=\"\/wp-content\/uploads\/2023\/08\/Zeitersparnis.json\"><\/div><\/div><div class=\"e5-icon-text\"><span>Zeitersparnis bei der Montage dank Plug and Play Prinzip<\/span><\/div><\/div><div class=\"e5-icon-container\"><div class=\"e5-icon-animation\"><div class=\"lottie-placeholder\" data-src=\"\/wp-content\/uploads\/2023\/08\/Steuerungsvarianten.json\"><\/div><\/div><div class=\"e5-icon-text\"><span>Vielz\u00e4hlige Steuerungsvarianten f\u00fcr jeden Bedarf<\/span><\/div><\/div><div class=\"e5-icon-container\"><div class=\"e5-icon-animation\"><div class=\"lottie-placeholder\" data-src=\"\/wp-content\/uploads\/2023\/08\/Kombinierbar.json\"><\/div><\/div><div class=\"e5-icon-text\"><span>als Einzelelemente individuell oder im Kombibetrieb steuerbar<\/span><\/div><\/div><div class=\"e5-icon-container\"><div class=\"e5-icon-animation\"><div class=\"lottie-placeholder\" data-src=\"\/wp-content\/uploads\/2023\/08\/Ideal.json\"><\/div><\/div><div class=\"e5-icon-text\"><span>als Einrohrl\u00fcftungssysteme ideal in Wohnblocks \u00fcber zentrales Abluftrohr einsetzbar<\/span><\/div><\/div><\/div><div class=\"e5-slider-navigation\"><img decoding=\"async\" alt=\"Pfeil links\" class=\"arrow-left\" src=\"https:\/\/www.limodor.com\/de\/wp-content\/mu-plugins\/limodor\/images\/right-arrow.svg\" \/><img decoding=\"async\" alt=\"Pfeil rechts\" class=\"arrow-right\" src=\"https:\/\/www.limodor.com\/de\/wp-content\/mu-plugins\/limodor\/images\/right-arrow.svg\" \/><\/div><\/div>\n\n\n\t\t<\/div>\n\t\t\t\t\t<\/div>\n\n\t\n\n<\/div>\n\n\t\t<\/div>\n\n\t\t\n<style>\n#section_291815846 {\n  padding-top: 40px;\n  padding-bottom: 40px;\n}\n<\/style>\n\t<\/section>\n\t\n\n\t<section class=\"section section-top-space\" id=\"section_189090797\">\n\t\t<div class=\"section-bg fill\" >\n\t\t\t\t\t\t\t\t\t\n\t\t\t\n\n\t\t<\/div>\n\n\t\t\n\n\t\t<div class=\"section-content relative\">\n\t\t\t\n\n<div class=\"row\"  id=\"row-1494032838\">\n\n\n\t<div id=\"col-1445688707\" class=\"col no-padding-bottom small-12 large-12\"  >\n\t\t\t\t<div class=\"col-inner\"  >\n\t\t\t\n\t\t\t\n\n<h3>Bestellhinweise<\/h3>\n<div class=\"accordion\">\n\n\t<div id=\"accordion-4014910515\" class=\"accordion-item\">\n\t\t<a id=\"accordion-4014910515-label\" class=\"accordion-title plain\" href=\"#accordion-item-gebl\u00e4seeinsatz\" aria-expanded=\"false\" aria-controls=\"accordion-4014910515-content\" >\n\t\t\t<button class=\"toggle\" aria-label=\"Umschalten\"><i class=\"icon-angle-down\"><\/i><\/button>\n\t\t\t<span>Gebl\u00e4seeinsatz<\/span>\n\t\t<\/a>\n\t\t<div id=\"accordion-4014910515-content\" class=\"accordion-inner\" aria-labelledby=\"accordion-4014910515-label\" >\n\t\t\t\n\n<div class=\"row\"  id=\"row-1834735941\">\n\n\n\t<div id=\"col-1448807541\" class=\"col small-12 large-12\"  >\n\t\t\t\t<div class=\"col-inner\"  >\n\t\t\t\n\t\t\t\n\n<table>\n<tbody>\n<tr>\n<th><span style=\"font-size: 90%\">Bezeichnung<\/span><\/th>\n<th><span style=\"font-size: 90%\">Kurzbeschreibung<\/span><\/th>\n<th><span style=\"font-size: 90%\">Art.-Nr.<\/span><\/th>\n<\/tr>\n<tr>\n<td>\n<p>Gebl\u00e4seeinsatz ELF60<\/p>\n<\/td>\n<td>\n<p>Planm\u00e4\u00dfiger Volumenstrom: 60 m3\/h<\/p>\n<\/td>\n<td>00160<\/td>\n<\/tr>\n<tr>\n<td>\n<p>Gebl\u00e4seeinsatz ELF60-TL<\/p>\n<\/td>\n<td>\n<p>Planm\u00e4\u00dfiger Volumenstrom: 60\/40 m3\/h<\/p>\n<\/td>\n<td>00170<\/td>\n<\/tr>\n<tr>\n<td>\n<p>Gebl\u00e4seeinsatz ELF100<\/p>\n<\/td>\n<td>\n<p>Planm\u00e4\u00dfiger Volumenstrom: 100 m3\/h<\/p>\n<\/td>\n<td>00180<\/td>\n<\/tr>\n<tr>\n<td>\n<p>Gebl\u00e4seeinsatz ELF100-TL<\/p>\n<\/td>\n<td>\n<p>Planm\u00e4\u00dfiger Volumenstrom: 100\/40 m3\/h<\/p>\n<\/td>\n<td>00190<\/td>\n<\/tr>\n<\/tbody>\n<\/table>\n\n\t\t<\/div>\n\t\t\t\t\t<\/div>\n\n\t\n\n<\/div>\n\n\t\t<\/div>\n\t<\/div>\n\t\n\t<div id=\"accordion-3813343717\" class=\"accordion-item\">\n\t\t<a id=\"accordion-3813343717-label\" class=\"accordion-title plain\" href=\"#accordion-item-nachr\u00fcstbare-steuermodule\" aria-expanded=\"false\" aria-controls=\"accordion-3813343717-content\" >\n\t\t\t<button class=\"toggle\" aria-label=\"Umschalten\"><i class=\"icon-angle-down\"><\/i><\/button>\n\t\t\t<span>Nachr\u00fcstbare Steuermodule<\/span>\n\t\t<\/a>\n\t\t<div id=\"accordion-3813343717-content\" class=\"accordion-inner\" aria-labelledby=\"accordion-3813343717-label\" >\n\t\t\t\n\n<div class=\"row\"  id=\"row-945124705\">\n\n\n\t<div id=\"col-1914208138\" class=\"col small-12 large-12\"  >\n\t\t\t\t<div class=\"col-inner\"  >\n\t\t\t\n\t\t\t\n\n<table>\n<tbody>\n<tr>\n<th><span style=\"font-size: 90%\">Bezeichnung<\/span><\/th>\n<th><span style=\"font-size: 90%\">Kurzbeschreibung<\/span><\/th>\n<th><span style=\"font-size: 90%\">Art.-Nr.<\/span><\/th>\n<\/tr>\n<tr>\n<td>Steuerung SNR<\/td>\n<td>Codierbare Nachlauf- u. Einschaltverz\u00f6gerungszeit.<\/td>\n<td>99100<\/td>\n<\/tr>\n<tr>\n<td>Steuerung SINR<\/td>\n<td>Wie vor, jedochmit codierbaremIntervall.<\/td>\n<td>99300<\/td>\n<\/tr>\n<tr>\n<td>Steuerung SNR\/TZ-230V<\/td>\n<td>\n<p>Wie SINR, jedoch mit zentraler Ansteuerung<\/p>\n<\/td>\n<td>99115<\/td>\n<\/tr>\n<tr>\n<td>Steuerung SNR\/TZ-24V<\/td>\n<td>\n<p>Wie vor, jedoch Ansteuerung mit 24 VAC<\/p>\n<\/td>\n<td>99116<\/td>\n<\/tr>\n<tr>\n<td>Steuerung SFR<\/td>\n<td>\n<p>Feuchtegef\u00fchrter Betrieb bei L\u00fcfterserie ELF-TL und LB-TL (2-stufige Ausf\u00fchrung)<\/p>\n<\/td>\n<td>99400<\/td>\n<\/tr>\n<\/tbody>\n<\/table>\n\n\t\t<\/div>\n\t\t\t\t\t<\/div>\n\n\t\n\n<\/div>\n\n\t\t<\/div>\n\t<\/div>\n\t\n\t<div id=\"accordion-3249130157\" class=\"accordion-item\">\n\t\t<a id=\"accordion-3249130157-label\" class=\"accordion-title plain\" href=\"#accordion-item-zubeh\u00f6r\" aria-expanded=\"false\" aria-controls=\"accordion-3249130157-content\" >\n\t\t\t<button class=\"toggle\" aria-label=\"Umschalten\"><i class=\"icon-angle-down\"><\/i><\/button>\n\t\t\t<span>Zubeh\u00f6r<\/span>\n\t\t<\/a>\n\t\t<div id=\"accordion-3249130157-content\" class=\"accordion-inner\" aria-labelledby=\"accordion-3249130157-label\" >\n\t\t\t\n\n<div class=\"row\"  id=\"row-976858562\">\n\n\n\t<div id=\"col-872231508\" class=\"col small-12 large-12\"  >\n\t\t\t\t<div class=\"col-inner\"  >\n\t\t\t\n\t\t\t\n\n<table>\n<tbody>\n<tr>\n<th><span style=\"font-size: 90%\">Bezeichnung<\/span><\/th>\n<th><span style=\"font-size: 90%\">Kurzbeschreibung<\/span><\/th>\n<th><span style=\"font-size: 90%\">Art.-Nr.<\/span><\/th>\n<\/tr>\n<tr>\n<td>\n<p>Deckel glattfl\u00e4chig LF\/ELF<\/p>\n<\/td>\n<td>Mehrteiliger Deckel mit Filter und Abdeckplatte glattfl\u00e4chig<\/td>\n<td>00003<\/td>\n<\/tr>\n<tr>\n<td>\n<p>Filter F-LF\/5<\/p>\n<\/td>\n<td>\n<p>Packungsinhalt: 5 St\u00fcck Filter<\/p>\n<\/td>\n<td>00010<\/td>\n<\/tr>\n<tr>\n<td>\n<p>Abdeckplatte glattfl\u00e4chig<\/p>\n<\/td>\n<td>\n<p>Vordere Frontblende f\u00fcr alle L\u00fcfterserien ELF und LF (Unter-\/Aufputz)<\/p>\n<\/td>\n<td>90024<\/td>\n<\/tr>\n<tr>\n<td>\n<p>Abdeckplatten-<br \/>halter<\/p>\n<\/td>\n<td>\n<p>Rahmen mit Rasthaken f\u00fcr Deckel glattfl\u00e4chig<\/p>\n<\/td>\n<td>72032<\/td>\n<\/tr>\n<tr>\n<td>\n<p>R\u00fcckschlagklappe LF<\/p>\n<\/td>\n<td>\n<p>Serie ELF, LF oder F Typ D<\/p>\n<\/td>\n<td>79002<\/td>\n<\/tr>\n<tr>\n<td>\n<p>Ventilbefestigungs-<br \/>schiene LF\/D<\/p>\n<\/td>\n<td>\n<p>F\u00fcr Einbauk\u00e4sten F Typ D, LF und LW<\/p>\n<\/td>\n<td>72012<\/td>\n<\/tr>\n<tr>\n<td>\n<p>Abdeckfilter<br \/>WAK<\/p>\n<\/td>\n<td>\n<p>Abdeckplatte mit Filter <br \/>f\u00fcr Nebenraumanschluss WAK<\/p>\n<\/td>\n<td>90038<\/td>\n<\/tr>\n<\/tbody>\n<\/table>\n\n\t\t<\/div>\n\t\t\t\t\t<\/div>\n\n\t\n\n<\/div>\n\n\t\t<\/div>\n\t<\/div>\n\t\n\n<\/div>\n\n\t\t<\/div>\n\t\t\t\t\t<\/div>\n\n\t\n\n<\/div>\n\n\t\t<\/div>\n\n\t\t\n<style>\n#section_189090797 {\n  padding-top: 0px;\n  padding-bottom: 0px;\n}\n<\/style>\n\t<\/section>\n\t\n\n\t<section class=\"section section-top-space\" id=\"section_1626230463\">\n\t\t<div class=\"section-bg fill\" >\n\t\t\t\t\t\t\t\t\t\n\t\t\t\n\n\t\t<\/div>\n\n\t\t\n\n\t\t<div class=\"section-content relative\">\n\t\t\t\n\n<div class=\"row\"  id=\"row-1538857462\">\n\n\n\t<div id=\"col-1796568356\" class=\"col no-padding-bottom small-12 large-12\"  >\n\t\t\t\t<div class=\"col-inner\"  >\n\t\t\t\n\t\t\t\n\n<h3>FAQ zum Thema Abluftsystem<\/h3>\n<a href=\"\/de\/faq\/\" class=\"button primary is-outline\"  style=\"border-radius:10px;\">\n\t\t<span>Zu den FAQ\u00b4s<\/span>\n\t<\/a>\n\n\n\n\t\t<\/div>\n\t\t\t\t\t<\/div>\n\n\t\n\n<\/div>\n\n\t\t<\/div>\n\n\t\t\n<style>\n#section_1626230463 {\n  padding-top: 0px;\n  padding-bottom: 0px;\n}\n<\/style>\n\t<\/section>\n\t\n\n\t<section class=\"section section-top-space\" id=\"section_1787490753\">\n\t\t<div class=\"section-bg fill\" >\n\t\t\t\t\t\t\t\t\t\n\t\t\t\n\n\t\t<\/div>\n\n\t\t\n\n\t\t<div class=\"section-content relative\">\n\t\t\t\n\n<div class=\"row\"  id=\"row-172178993\">\n\n\n\t<div id=\"col-1746269004\" class=\"col small-12 large-12\"  >\n\t\t\t\t<div class=\"col-inner\"  >\n\t\t\t\n\t\t\t\n\n<h3>\nDatenbl\u00e4tter &amp; Anleitungen<br \/>\n<\/h3>\n\n\t\t<\/div>\n\t\t\t\t\t<\/div>\n\n\t\n\n<\/div>\n<div class=\"row\"  id=\"row-1187762041\">\n\n\n\t<div id=\"col-1736255194\" class=\"col no-padding-bottom small-12 large-12\"  >\n\t\t\t\t<div class=\"col-inner\"  >\n\t\t\t\n\t\t\t\n\n<div \r\n                id=\"e5-oxomi-4615603587\" \r\n                class=\"e5-oxomi-output\" \r\n                data-portal-id=\"3000988\"\r\n                data-oxomi_type_select=\"selectOptionCategories\"\r\n                data-oxomi_keyword=\"\"\r\n                data-oxomi_keyword_filter_select=\"\"\r\n                data-oxomi_categories=\"ELF\"\r\n                data-oxomi_types=\"\"\r\n                data-oxomi_brands=\"\"\r\n                data-oxomi_tags=\"\"\r\n                data-oxomi_document_id=\"\"\r\n                data-oxomi_document_page=\"\"\r\n                data-oxomi_search=\"\"\r\n                data-oxomi_group_by_select=\"\"\r\n                data-oxomi_group_by_filter=\"\"\r\n                data-lang=\"de\"\r\n            >\r\n            <\/div>\n\n\n\t\t<\/div>\n\t\t\t\t\t<\/div>\n\n\t\n\n<\/div>\n\n\t\t<\/div>\n\n\t\t\n<style>\n#section_1787490753 {\n  padding-top: 0px;\n  padding-bottom: 0px;\n}\n<\/style>\n\t<\/section>\n\t\n\n\t<section class=\"section section-space\" id=\"section_226196830\">\n\t\t<div class=\"section-bg fill\" >\n\t\t\t\t\t\t\t\t\t\n\t\t\t\n\n\t\t<\/div>\n\n\t\t\n\n\t\t<div class=\"section-content relative\">\n\t\t\t\n\n<div class=\"row row-collapse align-middle align-right ventilation-system-overview\"  id=\"row-1204941264\">\n\n\n\t<div id=\"col-1738720511\" class=\"col medium-6 small-12 large-3\"  >\n\t\t\t\t<div class=\"col-inner\"  >\n\t\t\t\n\t\t\t\n\n\t<div id=\"text-298602630\" class=\"text\">\n\t\t\n\n<p class=\"sub-headline\">Nicht das Richtige gefunden?<\/p>\n\t\t\n<style>\n#text-298602630 {\n  text-align: center;\n}\n@media (min-width:550px) {\n  #text-298602630 {\n    text-align: right;\n  }\n}\n<\/style>\n\t<\/div>\n\t\n\n\t\t<\/div>\n\t\t\t\t\t<\/div>\n\n\t\n\n\t<div id=\"col-898576973\" class=\"col medium-6 small-12 large-3\"  >\n\t\t\t\t<div class=\"col-inner text-center\"  >\n\t\t\t\n\t\t\t\n\n<a href=\"\/de\/lueftungssysteme\" class=\"button primary is-outline is-small\"  style=\"border-radius:10px;\">\n\t\t<span>zur\u00fcck zur \u00dcbersicht<\/span>\n\t<\/a>\n\n\n\n\t\t<\/div>\n\t\t\t\t\n<style>\n#col-898576973 > .col-inner {\n  padding: 0px 0px 0px 0px;\n  margin: 20px 0px 0px 0px;\n}\n@media (min-width:550px) {\n  #col-898576973 > .col-inner {\n    padding: 0px 0px 0px 30px;\n    margin: 0px 0px 0px 0px;\n  }\n}\n<\/style>\n\t<\/div>\n\n\t\n\n<\/div>\n\n\n\t\t<\/div>\n\n\t\t\n<style>\n#section_226196830 {\n  padding-top: 0px;\n  padding-bottom: 0px;\n}\n<\/style>\n\t<\/section>\n\t","protected":false},"excerpt":{"rendered":"","protected":false},"author":8,"featured_media":0,"parent":116,"menu_order":0,"comment_status":"closed","ping_status":"closed","template":"page-blank.php","meta":{"_acf_changed":false,"footnotes":""},"class_list":["post-2832","page","type-page","status-publish","hentry"],"acf":[],"yoast_head":"<!-- This site is optimized with the Yoast SEO plugin v24.8.1 - https:\/\/yoast.com\/wordpress\/plugins\/seo\/ -->\n<title>Limodor ELF | Abluftsystem<\/title>\n<meta name=\"description\" content=\"Abluftsysteme bringen feuchte Luft und Ger\u00fcche von Innenr\u00e4umen nach Drau\u00dfen.\" \/>\n<meta name=\"robots\" content=\"index, follow, max-snippet:-1, max-image-preview:large, max-video-preview:-1\" \/>\n<link rel=\"canonical\" href=\"https:\/\/www.limodor.com\/de\/lueftungen\/lueftungssysteme\/abluftgeraete\/limodor-elf\/\" \/>\n<meta property=\"og:locale\" content=\"de_DE\" \/>\n<meta property=\"og:type\" content=\"article\" \/>\n<meta property=\"og:title\" content=\"Limodor ELF | Abluftsystem\" \/>\n<meta property=\"og:description\" content=\"Abluftsysteme bringen feuchte Luft und Ger\u00fcche von Innenr\u00e4umen nach Drau\u00dfen.\" \/>\n<meta property=\"og:url\" content=\"https:\/\/www.limodor.com\/de\/lueftungen\/lueftungssysteme\/abluftgeraete\/limodor-elf\/\" \/>\n<meta property=\"og:site_name\" content=\"Limodor DE\" \/>\n<meta property=\"article:modified_time\" content=\"2023-11-23T10:58:54+00:00\" \/>\n<meta name=\"twitter:card\" content=\"summary_large_image\" \/>\n<meta name=\"twitter:label1\" content=\"Gesch\u00e4tzte Lesezeit\" \/>\n\t<meta name=\"twitter:data1\" content=\"3\u00a0Minuten\" \/>\n<script type=\"application\/ld+json\" class=\"yoast-schema-graph\">{\"@context\":\"https:\/\/schema.org\",\"@graph\":[{\"@type\":\"WebPage\",\"@id\":\"https:\/\/www.limodor.com\/de\/lueftungen\/lueftungssysteme\/abluftgeraete\/limodor-elf\/\",\"url\":\"https:\/\/www.limodor.com\/de\/lueftungen\/lueftungssysteme\/abluftgeraete\/limodor-elf\/\",\"name\":\"Limodor ELF | Abluftsystem\",\"isPartOf\":{\"@id\":\"https:\/\/www.limodor.com\/de\/#website\"},\"datePublished\":\"2023-10-13T08:11:16+00:00\",\"dateModified\":\"2023-11-23T10:58:54+00:00\",\"description\":\"Abluftsysteme bringen feuchte Luft und Ger\u00fcche von Innenr\u00e4umen nach Drau\u00dfen.\",\"breadcrumb\":{\"@id\":\"https:\/\/www.limodor.com\/de\/lueftungen\/lueftungssysteme\/abluftgeraete\/limodor-elf\/#breadcrumb\"},\"inLanguage\":\"de\",\"potentialAction\":[{\"@type\":\"ReadAction\",\"target\":[\"https:\/\/www.limodor.com\/de\/lueftungen\/lueftungssysteme\/abluftgeraete\/limodor-elf\/\"]}]},{\"@type\":\"BreadcrumbList\",\"@id\":\"https:\/\/www.limodor.com\/de\/lueftungen\/lueftungssysteme\/abluftgeraete\/limodor-elf\/#breadcrumb\",\"itemListElement\":[{\"@type\":\"ListItem\",\"position\":1,\"name\":\"Startseite\",\"item\":\"https:\/\/www.limodor.com\/de\/\"},{\"@type\":\"ListItem\",\"position\":2,\"name\":\"L\u00f6sungen\",\"item\":\"https:\/\/www.limodor.com\/de\/lueftungen\/\"},{\"@type\":\"ListItem\",\"position\":3,\"name\":\"L\u00fcftungssysteme\",\"item\":\"https:\/\/www.limodor.com\/de\/lueftungen\/lueftungssysteme\/\"},{\"@type\":\"ListItem\",\"position\":4,\"name\":\"Abluftger\u00e4te\",\"item\":\"https:\/\/www.limodor.com\/de\/lueftungen\/lueftungssysteme\/abluftgeraete\/\"},{\"@type\":\"ListItem\",\"position\":5,\"name\":\"LIMODOR ELF\"}]},{\"@type\":\"WebSite\",\"@id\":\"https:\/\/www.limodor.com\/de\/#website\",\"url\":\"https:\/\/www.limodor.com\/de\/\",\"name\":\"Limodor DE\",\"description\":\"\",\"potentialAction\":[{\"@type\":\"SearchAction\",\"target\":{\"@type\":\"EntryPoint\",\"urlTemplate\":\"https:\/\/www.limodor.com\/de\/?s={search_term_string}\"},\"query-input\":{\"@type\":\"PropertyValueSpecification\",\"valueRequired\":true,\"valueName\":\"search_term_string\"}}],\"inLanguage\":\"de\"}]}<\/script>\n<!-- \/ Yoast SEO plugin. -->","yoast_head_json":{"title":"Limodor ELF | Abluftsystem","description":"Abluftsysteme bringen feuchte Luft und Ger\u00fcche von Innenr\u00e4umen nach Drau\u00dfen.","robots":{"index":"index","follow":"follow","max-snippet":"max-snippet:-1","max-image-preview":"max-image-preview:large","max-video-preview":"max-video-preview:-1"},"canonical":"https:\/\/www.limodor.com\/de\/lueftungen\/lueftungssysteme\/abluftgeraete\/limodor-elf\/","og_locale":"de_DE","og_type":"article","og_title":"Limodor ELF | Abluftsystem","og_description":"Abluftsysteme bringen feuchte Luft und Ger\u00fcche von Innenr\u00e4umen nach Drau\u00dfen.","og_url":"https:\/\/www.limodor.com\/de\/lueftungen\/lueftungssysteme\/abluftgeraete\/limodor-elf\/","og_site_name":"Limodor DE","article_modified_time":"2023-11-23T10:58:54+00:00","twitter_card":"summary_large_image","twitter_misc":{"Gesch\u00e4tzte Lesezeit":"3\u00a0Minuten"},"schema":{"@context":"https:\/\/schema.org","@graph":[{"@type":"WebPage","@id":"https:\/\/www.limodor.com\/de\/lueftungen\/lueftungssysteme\/abluftgeraete\/limodor-elf\/","url":"https:\/\/www.limodor.com\/de\/lueftungen\/lueftungssysteme\/abluftgeraete\/limodor-elf\/","name":"Limodor ELF | Abluftsystem","isPartOf":{"@id":"https:\/\/www.limodor.com\/de\/#website"},"datePublished":"2023-10-13T08:11:16+00:00","dateModified":"2023-11-23T10:58:54+00:00","description":"Abluftsysteme bringen feuchte Luft und Ger\u00fcche von Innenr\u00e4umen nach Drau\u00dfen.","breadcrumb":{"@id":"https:\/\/www.limodor.com\/de\/lueftungen\/lueftungssysteme\/abluftgeraete\/limodor-elf\/#breadcrumb"},"inLanguage":"de","potentialAction":[{"@type":"ReadAction","target":["https:\/\/www.limodor.com\/de\/lueftungen\/lueftungssysteme\/abluftgeraete\/limodor-elf\/"]}]},{"@type":"BreadcrumbList","@id":"https:\/\/www.limodor.com\/de\/lueftungen\/lueftungssysteme\/abluftgeraete\/limodor-elf\/#breadcrumb","itemListElement":[{"@type":"ListItem","position":1,"name":"Startseite","item":"https:\/\/www.limodor.com\/de\/"},{"@type":"ListItem","position":2,"name":"L\u00f6sungen","item":"https:\/\/www.limodor.com\/de\/lueftungen\/"},{"@type":"ListItem","position":3,"name":"L\u00fcftungssysteme","item":"https:\/\/www.limodor.com\/de\/lueftungen\/lueftungssysteme\/"},{"@type":"ListItem","position":4,"name":"Abluftger\u00e4te","item":"https:\/\/www.limodor.com\/de\/lueftungen\/lueftungssysteme\/abluftgeraete\/"},{"@type":"ListItem","position":5,"name":"LIMODOR ELF"}]},{"@type":"WebSite","@id":"https:\/\/www.limodor.com\/de\/#website","url":"https:\/\/www.limodor.com\/de\/","name":"Limodor DE","description":"","potentialAction":[{"@type":"SearchAction","target":{"@type":"EntryPoint","urlTemplate":"https:\/\/www.limodor.com\/de\/?s={search_term_string}"},"query-input":{"@type":"PropertyValueSpecification","valueRequired":true,"valueName":"search_term_string"}}],"inLanguage":"de"}]}},"_links":{"self":[{"href":"https:\/\/www.limodor.com\/de\/wp-json\/wp\/v2\/pages\/2832","targetHints":{"allow":["GET"]}}],"collection":[{"href":"https:\/\/www.limodor.com\/de\/wp-json\/wp\/v2\/pages"}],"about":[{"href":"https:\/\/www.limodor.com\/de\/wp-json\/wp\/v2\/types\/page"}],"author":[{"embeddable":true,"href":"https:\/\/www.limodor.com\/de\/wp-json\/wp\/v2\/users\/8"}],"replies":[{"embeddable":true,"href":"https:\/\/www.limodor.com\/de\/wp-json\/wp\/v2\/comments?post=2832"}],"version-history":[{"count":8,"href":"https:\/\/www.limodor.com\/de\/wp-json\/wp\/v2\/pages\/2832\/revisions"}],"predecessor-version":[{"id":8381,"href":"https:\/\/www.limodor.com\/de\/wp-json\/wp\/v2\/pages\/2832\/revisions\/8381"}],"up":[{"embeddable":true,"href":"https:\/\/www.limodor.com\/de\/wp-json\/wp\/v2\/pages\/116"}],"wp:attachment":[{"href":"https:\/\/www.limodor.com\/de\/wp-json\/wp\/v2\/media?parent=2832"}],"curies":[{"name":"wp","href":"https:\/\/api.w.org\/{rel}","templated":true}]}}