{"id":2897,"date":"2023-09-22T10:25:54","date_gmt":"2023-09-22T08:25:54","guid":{"rendered":"https:\/\/limodor.dev-web.at\/de\/ersatzgeblaese\/"},"modified":"2025-03-14T11:36:32","modified_gmt":"2025-03-14T10:36:32","slug":"ersatzgeblaese","status":"publish","type":"page","link":"https:\/\/www.limodor.com\/de\/lueftungen\/lueftungssysteme\/zubehoer-ersatzteile\/ersatzgeblaese\/","title":{"rendered":"Ersatzgebl\u00e4se &amp; Zubeh\u00f6r"},"content":{"rendered":"\n\t<section class=\"section section-space\" id=\"section_1889343022\">\n\t\t<div class=\"section-bg fill\" >\n\t\t\t\t\t\t\t\t\t\n\t\t\t\n\n\t\t<\/div>\n\n\t\t\n\n\t\t<div class=\"section-content relative\">\n\t\t\t\n\n<div class=\"row\"  id=\"row-1382729834\">\n\n\n\t<div id=\"col-484797330\" class=\"col medium-12 small-12 large-6\"  >\n\t\t\t\t<div class=\"col-inner\"  >\n\t\t\t\n\t\t\t\n\n<div class=\"breadcrumbs-row\"><div class=\"breadcrumbs-container\"><div class=\"breadcrumb-element\"><a href=\"https:\/\/www.limodor.com\/de\/lueftungen\/\"><span>L\u00f6sungen<\/span><\/a><div>><\/div><\/div><div class=\"breadcrumb-element\"><a href=\"https:\/\/www.limodor.com\/de\/lueftungen\/lueftungssysteme\/\"><span>L\u00fcftungssysteme<\/span><\/a><div>><\/div><\/div><div class=\"breadcrumb-element\"><a href=\"https:\/\/www.limodor.com\/de\/lueftungen\/lueftungssysteme\/zubehoer-ersatzteile\/\"><span>Zubeh\u00f6r &amp; Ersatzteile<\/span><\/a><div>><\/div><\/div><div class=\"breadcrumb-element\"><a href=\"https:\/\/www.limodor.com\/de\/lueftungen\/lueftungssysteme\/zubehoer-ersatzteile\/ersatzgeblaese\/\"><span>Ersatzgebl\u00e4se &amp; Zubeh\u00f6r<\/span><\/a><div class=\"ricegrain-container Ecru\"><\/div><\/div><\/div><\/div>\n\n<h1>Ersatzgebl\u00e4se &amp; Ersatzteile<\/h1>\n<div class=\"is-divider divider clearfix\" style=\"margin-top:0px;margin-bottom:0px;max-width:1000%;background-color:rgb(197, 185, 138);\"><\/div>\n\n\t<div id=\"gap-574963060\" class=\"gap-element clearfix\" style=\"display:block; height:auto;\">\n\t\t\n<style>\n#gap-574963060 {\n  padding-top: 10px;\n}\n@media (min-width:550px) {\n  #gap-574963060 {\n    padding-top: 20px;\n  }\n}\n<\/style>\n\t<\/div>\n\t\n\n<p>F\u00fcr folgende bereits ausgelaufene Modelle werden seitens Limodor weiterhin Ersatzgebl\u00e4se sowie Ersatzteile zum Verkauf angeboten. Die Gebl\u00e4se sind motortechnisch auf neuestem Stand und k\u00f6nnen passgenau in bestehende Limodor L\u00fcftergeh\u00e4use eingesetzt werden.<\/p>\n\n\t\t<\/div>\n\t\t\t\t\t<\/div>\n\n\t\n\n\t<div id=\"col-1771927066\" class=\"col medium-12 small-12 large-6 medium-col-first\"  >\n\t\t\t\t<div class=\"col-inner\"  >\n\t\t\t\n\t\t\t\n\n\t<div class=\"img has-hover x md-x lg-x y md-y lg-y\" id=\"image_1927106048\">\n\t\t\t\t\t\t\t\t<div class=\"img-inner image-cover dark\" style=\"padding-top:56.25%;\">\n\t\t\t<img loading=\"lazy\" decoding=\"async\" width=\"2560\" height=\"1280\" src=\"https:\/\/www.limodor.com\/de\/wp-content\/uploads\/sites\/2\/2023\/10\/LimodorB_Explosionsdarstellung-scaled.jpg\" class=\"attachment-original size-original\" alt=\"\" srcset=\"https:\/\/www.limodor.com\/de\/wp-content\/uploads\/sites\/2\/2023\/10\/LimodorB_Explosionsdarstellung-scaled.jpg 2560w, https:\/\/www.limodor.com\/de\/wp-content\/uploads\/sites\/2\/2023\/10\/LimodorB_Explosionsdarstellung-300x150.jpg 300w, https:\/\/www.limodor.com\/de\/wp-content\/uploads\/sites\/2\/2023\/10\/LimodorB_Explosionsdarstellung-1024x512.jpg 1024w, https:\/\/www.limodor.com\/de\/wp-content\/uploads\/sites\/2\/2023\/10\/LimodorB_Explosionsdarstellung-768x384.jpg 768w, https:\/\/www.limodor.com\/de\/wp-content\/uploads\/sites\/2\/2023\/10\/LimodorB_Explosionsdarstellung-1536x768.jpg 1536w, https:\/\/www.limodor.com\/de\/wp-content\/uploads\/sites\/2\/2023\/10\/LimodorB_Explosionsdarstellung-2048x1024.jpg 2048w, https:\/\/www.limodor.com\/de\/wp-content\/uploads\/sites\/2\/2023\/10\/LimodorB_Explosionsdarstellung-510x255.jpg 510w\" sizes=\"auto, (max-width: 2560px) 100vw, 2560px\" \/>\t\t\t\t\t\t\n\t\t\t\t\t<\/div>\n\t\t\t\t\t\t\t\t\n<style>\n#image_1927106048 {\n  width: 100%;\n}\n<\/style>\n\t<\/div>\n\t\n\n\n\t\t<\/div>\n\t\t\t\t\t<\/div>\n\n\t\n\n<\/div>\n\n\t\t<\/div>\n\n\t\t\n<style>\n#section_1889343022 {\n  padding-top: 0px;\n  padding-bottom: 0px;\n}\n<\/style>\n\t<\/section>\n\t\n\n\t<section class=\"section section-bottom-space\" id=\"section_1513915693\">\n\t\t<div class=\"section-bg fill\" >\n\t\t\t\t\t\t\t\t\t\n\t\t\t\n\n\t\t<\/div>\n\n\t\t\n\n\t\t<div class=\"section-content relative\">\n\t\t\t\n\n<div class=\"row\"  id=\"row-1122936201\">\n\n\n\t<div id=\"col-1801208316\" class=\"col medium-6 small-12 large-6\"  >\n\t\t\t\t<div class=\"col-inner\"  >\n\t\t\t\n\t\t\t\n\n<h3>LIMODOR Serie ELF<\/h3>\n<p>Der Limodor ELF ist ein Einzell\u00fcfter mit Hauptabsaugstelle \u00fcber den Geh\u00e4usedeckel f\u00fcr Unterputzmontage. Einsatzgebiete sind vor allem K\u00fcchen, Wohn- und Aufenthaltsr\u00e4ume, sowie Reihen-WC-Anlagen.<\/p>\n<p>\u00a0<\/p>\n\t<div class=\"img has-hover rounded-edges x md-x lg-x y md-y lg-y\" id=\"image_1166951570\">\n\t\t\t\t\t\t\t\t<div class=\"img-inner image-cover dark\" style=\"padding-top:75%;\">\n\t\t\t<img loading=\"lazy\" decoding=\"async\" width=\"1181\" height=\"1181\" src=\"https:\/\/www.limodor.com\/de\/wp-content\/uploads\/sites\/2\/2023\/10\/00003_Deckel-glatt.png\" class=\"attachment-original size-original\" alt=\"\" srcset=\"https:\/\/www.limodor.com\/de\/wp-content\/uploads\/sites\/2\/2023\/10\/00003_Deckel-glatt.png 1181w, https:\/\/www.limodor.com\/de\/wp-content\/uploads\/sites\/2\/2023\/10\/00003_Deckel-glatt-300x300.png 300w, https:\/\/www.limodor.com\/de\/wp-content\/uploads\/sites\/2\/2023\/10\/00003_Deckel-glatt-1024x1024.png 1024w, https:\/\/www.limodor.com\/de\/wp-content\/uploads\/sites\/2\/2023\/10\/00003_Deckel-glatt-150x150.png 150w, https:\/\/www.limodor.com\/de\/wp-content\/uploads\/sites\/2\/2023\/10\/00003_Deckel-glatt-768x768.png 768w, https:\/\/www.limodor.com\/de\/wp-content\/uploads\/sites\/2\/2023\/10\/00003_Deckel-glatt-247x247.png 247w, https:\/\/www.limodor.com\/de\/wp-content\/uploads\/sites\/2\/2023\/10\/00003_Deckel-glatt-510x510.png 510w, https:\/\/www.limodor.com\/de\/wp-content\/uploads\/sites\/2\/2023\/10\/00003_Deckel-glatt-100x100.png 100w\" sizes=\"auto, (max-width: 1181px) 100vw, 1181px\" \/>\t\t\t\t\t\t\n\t\t\t\t\t<\/div>\n\t\t\t\t\t\t\t\t\n<style>\n#image_1166951570 {\n  width: 80%;\n}\n<\/style>\n\t<\/div>\n\t\n\n<a href=\"\/de\/limodor-elf\/\" class=\"button primary is-outline\"  style=\"border-radius:10px;\">\n\t\t<span>zum Produkt<\/span>\n\t<\/a>\n\n\n\n\t\t<\/div>\n\t\t\t\t\t<\/div>\n\n\t\n\n\t<div id=\"col-373456686\" class=\"col medium-6 small-12 large-6\"  >\n\t\t\t\t<div class=\"col-inner\"  >\n\t\t\t\n\t\t\t\n\n<h3>LIMODOR Serie F\/E<\/h3>\n<p>Der Limodor F\/E ist ein Einzell\u00fcfter mit Hauptabsaugstelle \u00fcber den Geh\u00e4usedeckel f\u00fcr Unterputzmontage. Einsatzgebiete sind vor allem K\u00fcchen, Wohn- und Aufenthaltsr\u00e4ume, Reihen-WC usw.<\/p>\n<p>\u00a0<\/p>\n\t<div class=\"img has-hover rounded-edges x md-x lg-x y md-y lg-y\" id=\"image_14187313\">\n\t\t\t\t\t\t\t\t<div class=\"img-inner image-cover dark\" style=\"padding-top:75%;\">\n\t\t\t<img loading=\"lazy\" decoding=\"async\" width=\"1181\" height=\"1181\" src=\"https:\/\/www.limodor.com\/de\/wp-content\/uploads\/sites\/2\/2023\/10\/00003_Deckel-glatt.png\" class=\"attachment-original size-original\" alt=\"\" srcset=\"https:\/\/www.limodor.com\/de\/wp-content\/uploads\/sites\/2\/2023\/10\/00003_Deckel-glatt.png 1181w, https:\/\/www.limodor.com\/de\/wp-content\/uploads\/sites\/2\/2023\/10\/00003_Deckel-glatt-300x300.png 300w, https:\/\/www.limodor.com\/de\/wp-content\/uploads\/sites\/2\/2023\/10\/00003_Deckel-glatt-1024x1024.png 1024w, https:\/\/www.limodor.com\/de\/wp-content\/uploads\/sites\/2\/2023\/10\/00003_Deckel-glatt-150x150.png 150w, https:\/\/www.limodor.com\/de\/wp-content\/uploads\/sites\/2\/2023\/10\/00003_Deckel-glatt-768x768.png 768w, https:\/\/www.limodor.com\/de\/wp-content\/uploads\/sites\/2\/2023\/10\/00003_Deckel-glatt-247x247.png 247w, https:\/\/www.limodor.com\/de\/wp-content\/uploads\/sites\/2\/2023\/10\/00003_Deckel-glatt-510x510.png 510w, https:\/\/www.limodor.com\/de\/wp-content\/uploads\/sites\/2\/2023\/10\/00003_Deckel-glatt-100x100.png 100w\" sizes=\"auto, (max-width: 1181px) 100vw, 1181px\" \/>\t\t\t\t\t\t\n\t\t\t\t\t<\/div>\n\t\t\t\t\t\t\t\t\n<style>\n#image_14187313 {\n  width: 80%;\n}\n<\/style>\n\t<\/div>\n\t\n\n<a href=\"\/de\/limodor-lf200\/\" class=\"button primary is-outline\"  style=\"border-radius:10px;\">\n\t\t<span>zum Produkt<\/span>\n\t<\/a>\n\n\n\n\t\t<\/div>\n\t\t\t\t\t<\/div>\n\n\t\n\n\t<div id=\"col-640505885\" class=\"col medium-6 small-12 large-6\"  >\n\t\t\t\t<div class=\"col-inner\"  >\n\t\t\t\n\t\t\t\n\n<h3>LIMODOR Serie B<\/h3>\n<p>Der LIMODOR LB\/A ist ein Einrohrl\u00fcftungssystem f\u00fcr Unterputz- oder Aufputzmontage. Das Ger\u00e4t kann in beliebiger Lage montiert werden und ist der ideale L\u00fcfter f\u00fcr den Einbau in d\u00fcnne Zwischenw\u00e4nde, da es ein ausgesprochen geringe Einbautiefe aufweist. Typisches Einsatzgebiet sind Bad und WC.<\/p>\n\t<div class=\"img has-hover rounded-edges x md-x lg-x y md-y lg-y\" id=\"image_1044786163\">\n\t\t\t\t\t\t\t\t<div class=\"img-inner image-cover dark\" style=\"padding-top:75%;\">\n\t\t\t<img loading=\"lazy\" decoding=\"async\" width=\"1181\" height=\"1181\" src=\"https:\/\/www.limodor.com\/de\/wp-content\/uploads\/sites\/2\/2023\/10\/00008_Deckel-LB.png\" class=\"attachment-original size-original\" alt=\"\" srcset=\"https:\/\/www.limodor.com\/de\/wp-content\/uploads\/sites\/2\/2023\/10\/00008_Deckel-LB.png 1181w, https:\/\/www.limodor.com\/de\/wp-content\/uploads\/sites\/2\/2023\/10\/00008_Deckel-LB-300x300.png 300w, https:\/\/www.limodor.com\/de\/wp-content\/uploads\/sites\/2\/2023\/10\/00008_Deckel-LB-1024x1024.png 1024w, https:\/\/www.limodor.com\/de\/wp-content\/uploads\/sites\/2\/2023\/10\/00008_Deckel-LB-150x150.png 150w, https:\/\/www.limodor.com\/de\/wp-content\/uploads\/sites\/2\/2023\/10\/00008_Deckel-LB-768x768.png 768w, https:\/\/www.limodor.com\/de\/wp-content\/uploads\/sites\/2\/2023\/10\/00008_Deckel-LB-247x247.png 247w, https:\/\/www.limodor.com\/de\/wp-content\/uploads\/sites\/2\/2023\/10\/00008_Deckel-LB-510x510.png 510w, https:\/\/www.limodor.com\/de\/wp-content\/uploads\/sites\/2\/2023\/10\/00008_Deckel-LB-100x100.png 100w\" sizes=\"auto, (max-width: 1181px) 100vw, 1181px\" \/>\t\t\t\t\t\t\n\t\t\t\t\t<\/div>\n\t\t\t\t\t\t\t\t\n<style>\n#image_1044786163 {\n  width: 80%;\n}\n<\/style>\n\t<\/div>\n\t\n\n<a href=\"\/de\/limodor-b\/\" class=\"button primary is-outline\"  style=\"border-radius:10px;\">\n\t\t<span>zum Produkt<\/span>\n\t<\/a>\n\n\n\n\t\t<\/div>\n\t\t\t\t\t<\/div>\n\n\t\n\n\t<div id=\"col-878312352\" class=\"col medium-6 small-12 large-6\"  >\n\t\t\t\t<div class=\"col-inner\"  >\n\t\t\t\n\t\t\t\n\n<h3>Limodor F\/C<\/h3>\n<p>Der WC-L\u00fcfter Limodor F\/C ist ein Einrohrl\u00fcftungssystem f\u00fcr Auf- bzw. Unterputzmontage und wird prim\u00e4r als Toilettenl\u00fcftung eingesetzt. Das Ger\u00e4t kann in beliebiger Lage montiert werden.<\/p>\n<p>&nbsp;<\/p>\n\t<div class=\"img has-hover rounded-edges x md-x lg-x y md-y lg-y\" id=\"image_2125682731\">\n\t\t\t\t\t\t\t\t<div class=\"img-inner image-cover dark\" style=\"padding-top:56.25%;\">\n\t\t\t<img loading=\"lazy\" decoding=\"async\" width=\"1181\" height=\"1181\" src=\"https:\/\/www.limodor.com\/de\/wp-content\/uploads\/sites\/2\/2023\/10\/90016-Deckelumruestsatz-FC.png\" class=\"attachment-original size-original\" alt=\"\" srcset=\"https:\/\/www.limodor.com\/de\/wp-content\/uploads\/sites\/2\/2023\/10\/90016-Deckelumruestsatz-FC.png 1181w, https:\/\/www.limodor.com\/de\/wp-content\/uploads\/sites\/2\/2023\/10\/90016-Deckelumruestsatz-FC-300x300.png 300w, https:\/\/www.limodor.com\/de\/wp-content\/uploads\/sites\/2\/2023\/10\/90016-Deckelumruestsatz-FC-1024x1024.png 1024w, https:\/\/www.limodor.com\/de\/wp-content\/uploads\/sites\/2\/2023\/10\/90016-Deckelumruestsatz-FC-150x150.png 150w, https:\/\/www.limodor.com\/de\/wp-content\/uploads\/sites\/2\/2023\/10\/90016-Deckelumruestsatz-FC-768x768.png 768w, https:\/\/www.limodor.com\/de\/wp-content\/uploads\/sites\/2\/2023\/10\/90016-Deckelumruestsatz-FC-247x247.png 247w, https:\/\/www.limodor.com\/de\/wp-content\/uploads\/sites\/2\/2023\/10\/90016-Deckelumruestsatz-FC-510x510.png 510w, https:\/\/www.limodor.com\/de\/wp-content\/uploads\/sites\/2\/2023\/10\/90016-Deckelumruestsatz-FC-100x100.png 100w\" sizes=\"auto, (max-width: 1181px) 100vw, 1181px\" \/>\t\t\t\t\t\t\n\t\t\t\t\t<\/div>\n\t\t\t\t\t\t\t\t\n<style>\n#image_2125682731 {\n  width: 80%;\n}\n<\/style>\n\t<\/div>\n\t\n\n<a href=\"\/de\/limodor-f-c\/\" class=\"button primary is-outline\"  style=\"border-radius:10px;\">\n\t\t<span>zum Produkt<\/span>\n\t<\/a>\n\n\n\n\t\t<\/div>\n\t\t\t\t\n<style>\n#col-878312352 > .col-inner {\n  padding: 50px 0px 0px 0px;\n}\n<\/style>\n\t<\/div>\n\n\t\n\n<\/div>\n\n\t\t<\/div>\n\n\t\t\n<style>\n#section_1513915693 {\n  padding-top: 0px;\n  padding-bottom: 0px;\n}\n<\/style>\n\t<\/section>\n\t\n\n\t<section class=\"section section-bottom-space\" id=\"section_1174367827\">\n\t\t<div class=\"section-bg fill\" >\n\t\t\t\t\t\t\t\t\t\n\t\t\t\n\n\t\t<\/div>\n\n\t\t\n\n\t\t<div class=\"section-content relative\">\n\t\t\t\n\n<div class=\"row row-collapse align-middle align-right ventilation-system-overview\"  id=\"row-1961712818\">\n\n\n\t<div id=\"col-1262286212\" class=\"col medium-6 small-12 large-3\"  >\n\t\t\t\t<div class=\"col-inner\"  >\n\t\t\t\n\t\t\t\n\n\t<div id=\"text-2919791265\" class=\"text\">\n\t\t\n\n<p class=\"sub-headline\">Nicht das Richtige gefunden?<\/p>\n\t\t\n<style>\n#text-2919791265 {\n  text-align: center;\n}\n@media (min-width:550px) {\n  #text-2919791265 {\n    text-align: right;\n  }\n}\n<\/style>\n\t<\/div>\n\t\n\n\t\t<\/div>\n\t\t\t\t\t<\/div>\n\n\t\n\n\t<div id=\"col-1684080250\" class=\"col medium-6 small-12 large-3\"  >\n\t\t\t\t<div class=\"col-inner text-center\"  >\n\t\t\t\n\t\t\t\n\n<a href=\"\/de\/lueftungssysteme\" class=\"button primary is-outline is-small\"  style=\"border-radius:10px;\">\n\t\t<span>zur\u00fcck zur \u00dcbersicht<\/span>\n\t<\/a>\n\n\n\n\t\t<\/div>\n\t\t\t\t\n<style>\n#col-1684080250 > .col-inner {\n  padding: 0px 0px 0px 0px;\n  margin: 20px 0px 0px 0px;\n}\n@media (min-width:550px) {\n  #col-1684080250 > .col-inner {\n    padding: 0px 0px 0px 30px;\n    margin: 0px 0px 0px 0px;\n  }\n}\n<\/style>\n\t<\/div>\n\n\t\n\n<\/div>\n\n\n\t\t<\/div>\n\n\t\t\n<style>\n#section_1174367827 {\n  padding-top: 0px;\n  padding-bottom: 0px;\n}\n<\/style>\n\t<\/section>\n\t","protected":false},"excerpt":{"rendered":"","protected":false},"author":1,"featured_media":0,"parent":3028,"menu_order":0,"comment_status":"closed","ping_status":"closed","template":"page-blank.php","meta":{"_acf_changed":false,"footnotes":""},"class_list":["post-2897","page","type-page","status-publish","hentry"],"acf":[],"yoast_head":"<!-- This site is optimized with the Yoast SEO plugin v24.8.1 - https:\/\/yoast.com\/wordpress\/plugins\/seo\/ -->\n<title>Ersatzgebl\u00e4se &amp; Zubeh\u00f6r - LIMODOR<\/title>\n<meta name=\"robots\" content=\"index, follow, max-snippet:-1, max-image-preview:large, max-video-preview:-1\" \/>\n<link rel=\"canonical\" href=\"https:\/\/www.limodor.com\/de\/lueftungen\/lueftungssysteme\/zubehoer-ersatzteile\/ersatzgeblaese\/\" \/>\n<meta property=\"og:locale\" content=\"de_DE\" \/>\n<meta property=\"og:type\" content=\"article\" \/>\n<meta property=\"og:title\" content=\"Ersatzgebl\u00e4se &amp; Zubeh\u00f6r - LIMODOR\" \/>\n<meta property=\"og:url\" content=\"https:\/\/www.limodor.com\/de\/lueftungen\/lueftungssysteme\/zubehoer-ersatzteile\/ersatzgeblaese\/\" \/>\n<meta property=\"og:site_name\" content=\"Limodor DE\" \/>\n<meta property=\"article:modified_time\" content=\"2025-03-14T10:36:32+00:00\" \/>\n<meta name=\"twitter:card\" content=\"summary_large_image\" \/>\n<script type=\"application\/ld+json\" class=\"yoast-schema-graph\">{\"@context\":\"https:\/\/schema.org\",\"@graph\":[{\"@type\":\"WebPage\",\"@id\":\"https:\/\/www.limodor.com\/de\/lueftungen\/lueftungssysteme\/zubehoer-ersatzteile\/ersatzgeblaese\/\",\"url\":\"https:\/\/www.limodor.com\/de\/lueftungen\/lueftungssysteme\/zubehoer-ersatzteile\/ersatzgeblaese\/\",\"name\":\"Ersatzgebl\u00e4se &amp; Zubeh\u00f6r - LIMODOR\",\"isPartOf\":{\"@id\":\"https:\/\/www.limodor.com\/de\/#website\"},\"datePublished\":\"2023-09-22T08:25:54+00:00\",\"dateModified\":\"2025-03-14T10:36:32+00:00\",\"breadcrumb\":{\"@id\":\"https:\/\/www.limodor.com\/de\/lueftungen\/lueftungssysteme\/zubehoer-ersatzteile\/ersatzgeblaese\/#breadcrumb\"},\"inLanguage\":\"de\",\"potentialAction\":[{\"@type\":\"ReadAction\",\"target\":[\"https:\/\/www.limodor.com\/de\/lueftungen\/lueftungssysteme\/zubehoer-ersatzteile\/ersatzgeblaese\/\"]}]},{\"@type\":\"BreadcrumbList\",\"@id\":\"https:\/\/www.limodor.com\/de\/lueftungen\/lueftungssysteme\/zubehoer-ersatzteile\/ersatzgeblaese\/#breadcrumb\",\"itemListElement\":[{\"@type\":\"ListItem\",\"position\":1,\"name\":\"Startseite\",\"item\":\"https:\/\/www.limodor.com\/de\/\"},{\"@type\":\"ListItem\",\"position\":2,\"name\":\"L\u00f6sungen\",\"item\":\"https:\/\/www.limodor.com\/de\/lueftungen\/\"},{\"@type\":\"ListItem\",\"position\":3,\"name\":\"L\u00fcftungssysteme\",\"item\":\"https:\/\/www.limodor.com\/de\/lueftungen\/lueftungssysteme\/\"},{\"@type\":\"ListItem\",\"position\":4,\"name\":\"Zubeh\u00f6r &amp; Ersatzteile\",\"item\":\"https:\/\/www.limodor.com\/de\/lueftungen\/lueftungssysteme\/zubehoer-ersatzteile\/\"},{\"@type\":\"ListItem\",\"position\":5,\"name\":\"Ersatzgebl\u00e4se &amp; Zubeh\u00f6r\"}]},{\"@type\":\"WebSite\",\"@id\":\"https:\/\/www.limodor.com\/de\/#website\",\"url\":\"https:\/\/www.limodor.com\/de\/\",\"name\":\"Limodor DE\",\"description\":\"\",\"potentialAction\":[{\"@type\":\"SearchAction\",\"target\":{\"@type\":\"EntryPoint\",\"urlTemplate\":\"https:\/\/www.limodor.com\/de\/?s={search_term_string}\"},\"query-input\":{\"@type\":\"PropertyValueSpecification\",\"valueRequired\":true,\"valueName\":\"search_term_string\"}}],\"inLanguage\":\"de\"}]}<\/script>\n<!-- \/ Yoast SEO plugin. -->","yoast_head_json":{"title":"Ersatzgebl\u00e4se &amp; Zubeh\u00f6r - LIMODOR","robots":{"index":"index","follow":"follow","max-snippet":"max-snippet:-1","max-image-preview":"max-image-preview:large","max-video-preview":"max-video-preview:-1"},"canonical":"https:\/\/www.limodor.com\/de\/lueftungen\/lueftungssysteme\/zubehoer-ersatzteile\/ersatzgeblaese\/","og_locale":"de_DE","og_type":"article","og_title":"Ersatzgebl\u00e4se &amp; Zubeh\u00f6r - LIMODOR","og_url":"https:\/\/www.limodor.com\/de\/lueftungen\/lueftungssysteme\/zubehoer-ersatzteile\/ersatzgeblaese\/","og_site_name":"Limodor DE","article_modified_time":"2025-03-14T10:36:32+00:00","twitter_card":"summary_large_image","schema":{"@context":"https:\/\/schema.org","@graph":[{"@type":"WebPage","@id":"https:\/\/www.limodor.com\/de\/lueftungen\/lueftungssysteme\/zubehoer-ersatzteile\/ersatzgeblaese\/","url":"https:\/\/www.limodor.com\/de\/lueftungen\/lueftungssysteme\/zubehoer-ersatzteile\/ersatzgeblaese\/","name":"Ersatzgebl\u00e4se &amp; Zubeh\u00f6r - LIMODOR","isPartOf":{"@id":"https:\/\/www.limodor.com\/de\/#website"},"datePublished":"2023-09-22T08:25:54+00:00","dateModified":"2025-03-14T10:36:32+00:00","breadcrumb":{"@id":"https:\/\/www.limodor.com\/de\/lueftungen\/lueftungssysteme\/zubehoer-ersatzteile\/ersatzgeblaese\/#breadcrumb"},"inLanguage":"de","potentialAction":[{"@type":"ReadAction","target":["https:\/\/www.limodor.com\/de\/lueftungen\/lueftungssysteme\/zubehoer-ersatzteile\/ersatzgeblaese\/"]}]},{"@type":"BreadcrumbList","@id":"https:\/\/www.limodor.com\/de\/lueftungen\/lueftungssysteme\/zubehoer-ersatzteile\/ersatzgeblaese\/#breadcrumb","itemListElement":[{"@type":"ListItem","position":1,"name":"Startseite","item":"https:\/\/www.limodor.com\/de\/"},{"@type":"ListItem","position":2,"name":"L\u00f6sungen","item":"https:\/\/www.limodor.com\/de\/lueftungen\/"},{"@type":"ListItem","position":3,"name":"L\u00fcftungssysteme","item":"https:\/\/www.limodor.com\/de\/lueftungen\/lueftungssysteme\/"},{"@type":"ListItem","position":4,"name":"Zubeh\u00f6r &amp; Ersatzteile","item":"https:\/\/www.limodor.com\/de\/lueftungen\/lueftungssysteme\/zubehoer-ersatzteile\/"},{"@type":"ListItem","position":5,"name":"Ersatzgebl\u00e4se &amp; Zubeh\u00f6r"}]},{"@type":"WebSite","@id":"https:\/\/www.limodor.com\/de\/#website","url":"https:\/\/www.limodor.com\/de\/","name":"Limodor DE","description":"","potentialAction":[{"@type":"SearchAction","target":{"@type":"EntryPoint","urlTemplate":"https:\/\/www.limodor.com\/de\/?s={search_term_string}"},"query-input":{"@type":"PropertyValueSpecification","valueRequired":true,"valueName":"search_term_string"}}],"inLanguage":"de"}]}},"_links":{"self":[{"href":"https:\/\/www.limodor.com\/de\/wp-json\/wp\/v2\/pages\/2897","targetHints":{"allow":["GET"]}}],"collection":[{"href":"https:\/\/www.limodor.com\/de\/wp-json\/wp\/v2\/pages"}],"about":[{"href":"https:\/\/www.limodor.com\/de\/wp-json\/wp\/v2\/types\/page"}],"author":[{"embeddable":true,"href":"https:\/\/www.limodor.com\/de\/wp-json\/wp\/v2\/users\/1"}],"replies":[{"embeddable":true,"href":"https:\/\/www.limodor.com\/de\/wp-json\/wp\/v2\/comments?post=2897"}],"version-history":[{"count":3,"href":"https:\/\/www.limodor.com\/de\/wp-json\/wp\/v2\/pages\/2897\/revisions"}],"predecessor-version":[{"id":29219,"href":"https:\/\/www.limodor.com\/de\/wp-json\/wp\/v2\/pages\/2897\/revisions\/29219"}],"up":[{"embeddable":true,"href":"https:\/\/www.limodor.com\/de\/wp-json\/wp\/v2\/pages\/3028"}],"wp:attachment":[{"href":"https:\/\/www.limodor.com\/de\/wp-json\/wp\/v2\/media?parent=2897"}],"curies":[{"name":"wp","href":"https:\/\/api.w.org\/{rel}","templated":true}]}}