{"id":3028,"date":"2023-09-22T09:56:35","date_gmt":"2023-09-22T07:56:35","guid":{"rendered":"https:\/\/limodor.dev-web.at\/de\/lueftungen\/lueftungssysteme\/zubehoer-ersatzteile\/"},"modified":"2023-11-13T11:00:14","modified_gmt":"2023-11-13T10:00:14","slug":"zubehoer-ersatzteile","status":"publish","type":"page","link":"https:\/\/www.limodor.com\/de\/lueftungen\/lueftungssysteme\/zubehoer-ersatzteile\/","title":{"rendered":"Zubeh\u00f6r &amp; Ersatzteile"},"content":{"rendered":"\n\t<section class=\"section section-space\" id=\"section_1992710644\">\n\t\t<div class=\"section-bg fill\" >\n\t\t\t\t\t\t\t\t\t\n\t\t\t\n\n\t\t<\/div>\n\n\t\t\n\n\t\t<div class=\"section-content relative\">\n\t\t\t\n\n<div class=\"row\"  id=\"row-2129737518\">\n\n\n\t<div id=\"col-2017090468\" class=\"col medium-12 small-12 large-6\"  >\n\t\t\t\t<div class=\"col-inner\"  >\n\t\t\t\n\t\t\t\n\n<div class=\"breadcrumbs-row\"><div class=\"breadcrumbs-container\"><div class=\"breadcrumb-element\"><a href=\"https:\/\/www.limodor.com\/de\/lueftungen\/\"><span>L\u00f6sungen<\/span><\/a><div>><\/div><\/div><div class=\"breadcrumb-element\"><a href=\"https:\/\/www.limodor.com\/de\/lueftungen\/lueftungssysteme\/\"><span>L\u00fcftungssysteme<\/span><\/a><div>><\/div><\/div><div class=\"breadcrumb-element\"><a href=\"https:\/\/www.limodor.com\/de\/lueftungen\/lueftungssysteme\/zubehoer-ersatzteile\/\"><span>Zubeh\u00f6r &amp; Ersatzteile<\/span><\/a><div class=\"ricegrain-container Ecru\"><\/div><\/div><\/div><\/div>\n\n<h1>Zubeh\u00f6r &amp; Ersatzteile<\/h1>\n<h4>Nachhaltigkeit als Mission<\/h4>\n<div class=\"is-divider divider clearfix\" style=\"margin-top:0px;margin-bottom:0px;max-width:50%;background-color:rgb(197, 185, 138);\"><\/div>\n\n\t<div id=\"gap-56949075\" class=\"gap-element clearfix\" style=\"display:block; height:auto;\">\n\t\t\n<style>\n#gap-56949075 {\n  padding-top: 10px;\n}\n@media (min-width:550px) {\n  #gap-56949075 {\n    padding-top: 20px;\n  }\n}\n<\/style>\n\t<\/div>\n\t\n\n<p>Unser t\u00e4gliches Leben produziert Berge an Abfall, verschwendet wertvolle Ressourcen, schwitzt im Klimawandel und hetzt von Pflicht zu Pflicht. Unsere Philosophie: Wir machen es mit unseren Produkten bewusst anders.<\/p>\n<p>Wir schaffen frische Luft mit Qualit\u00e4tsprodukten f\u00fcr viele Jahre statt billiger Massenware mit Ablaufdatum. Ersatzteile f\u00fcr unsere Produkte &#8211; etwa neue und\/ oder optimierte Gebl\u00e4se &#8211; sind \u00fcber Jahrzehnte hinweg erh\u00e4ltlich und passen in bestehende Geh\u00e4use. All das reduziert M\u00fcll und schont Ressourcen.<\/p>\n<p>Den Einbauaufwand minimieren wir konsequent durch Entwicklung innovativer Klick- und Stecksysteme. Ein Filterwechsel ben\u00f6tigt nur wenige Handgriffe. Plug and Play ist angesagt und bereits in vielen L\u00fcftern verwirklicht. Und eine Vielzahl smarter Elemente &#8211; Steuerungen, Zeit-, Feuchte- oder Bewegungsrelais und Sensoren &#8211; sorgt ohne weiteres Zutun automatisiert mit effizientem, nachhaltigen Betrieb f\u00fcr ein optimales Wohnklima.<\/p>\n<p>Komfort durch Nachhaltigkeit und Innvoation &#8211; unser Selbstverst\u00e4ndnis.<\/p>\n\n\t\t<\/div>\n\t\t\t\t\t<\/div>\n\n\t\n\n\t<div id=\"col-81660385\" class=\"col medium-12 small-12 large-6 medium-col-first\"  >\n\t\t\t\t<div class=\"col-inner\"  >\n\t\t\t\n\t\t\t\n\n\t<div class=\"img has-hover x md-x lg-x y md-y lg-y\" id=\"image_275077296\">\n\t\t\t\t\t\t\t\t<div class=\"img-inner image-cover dark\" style=\"padding-top:100%;\">\n\t\t\t<img loading=\"lazy\" decoding=\"async\" width=\"1920\" height=\"2560\" src=\"https:\/\/www.limodor.com\/de\/wp-content\/uploads\/sites\/2\/2023\/10\/20230928-Homepage-Bilder-Limodor-11_Hochformat-scaled.jpg\" class=\"attachment-original size-original\" alt=\"\" srcset=\"https:\/\/www.limodor.com\/de\/wp-content\/uploads\/sites\/2\/2023\/10\/20230928-Homepage-Bilder-Limodor-11_Hochformat-scaled.jpg 1920w, https:\/\/www.limodor.com\/de\/wp-content\/uploads\/sites\/2\/2023\/10\/20230928-Homepage-Bilder-Limodor-11_Hochformat-225x300.jpg 225w, https:\/\/www.limodor.com\/de\/wp-content\/uploads\/sites\/2\/2023\/10\/20230928-Homepage-Bilder-Limodor-11_Hochformat-768x1024.jpg 768w, https:\/\/www.limodor.com\/de\/wp-content\/uploads\/sites\/2\/2023\/10\/20230928-Homepage-Bilder-Limodor-11_Hochformat-1152x1536.jpg 1152w, https:\/\/www.limodor.com\/de\/wp-content\/uploads\/sites\/2\/2023\/10\/20230928-Homepage-Bilder-Limodor-11_Hochformat-1536x2048.jpg 1536w, https:\/\/www.limodor.com\/de\/wp-content\/uploads\/sites\/2\/2023\/10\/20230928-Homepage-Bilder-Limodor-11_Hochformat-510x680.jpg 510w\" sizes=\"auto, (max-width: 1920px) 100vw, 1920px\" \/>\t\t\t\t\t\t\n\t\t\t\t\t<\/div>\n\t\t\t\t\t\t\t\t\n<style>\n#image_275077296 {\n  width: 100%;\n}\n<\/style>\n\t<\/div>\n\t\n\n\n\t\t<\/div>\n\t\t\t\t\t<\/div>\n\n\t\n\n<\/div>\n\n\t\t<\/div>\n\n\t\t\n<style>\n#section_1992710644 {\n  padding-top: 0px;\n  padding-bottom: 0px;\n}\n<\/style>\n\t<\/section>\n\t\n\n\t<section class=\"section\" id=\"section_8840943\">\n\t\t<div class=\"section-bg fill\" >\n\t\t\t\t\t\t\t\t\t\n\t\t\t\n\t<div class=\"is-border\"\n\t\tstyle=\"border-color:rgb(0, 105, 180);border-width:3px 0px 3px 0px;\">\n\t<\/div>\n\n\t\t<\/div>\n\n\t\t\n\n\t\t<div class=\"section-content relative\">\n\t\t\t\n\n<div class=\"row row-collapse row-full-width align-center\"  id=\"row-558511074\">\n\n\n\t<div id=\"col-1186851691\" class=\"col small-12 large-12\"  >\n\t\t\t\t<div class=\"col-inner text-center\"  >\n\t\t\t\n\t\t\t\n\n<h3>Vorteile<\/h3>\n<div class=\"icon-slider-container\"><div class=\"e5-slider-elements owl-carousel owl-theme\"><div class=\"e5-icon-container\"><div class=\"e5-icon-animation\"><div class=\"lottie-placeholder\" data-src=\"\/wp-content\/uploads\/2023\/08\/Schnelle-Montage.json\"><\/div><\/div><div class=\"e5-icon-text\"><span>Einfache Plug-In-Montage<\/span><\/div><\/div><div class=\"e5-icon-container\"><div class=\"e5-icon-animation\"><div class=\"lottie-placeholder\" data-src=\"\/wp-content\/uploads\/2023\/08\/Aufwertung.json\"><\/div><\/div><div class=\"e5-icon-text\"><span>Neue Gebl\u00e4se passen in alte Geh\u00e4use<\/span><\/div><\/div><div class=\"e5-icon-container\"><div class=\"e5-icon-animation\"><div class=\"lottie-placeholder\" data-src=\"\/wp-content\/uploads\/2023\/08\/Einfache-Nachruestung.json\"><\/div><\/div><div class=\"e5-icon-text\"><span>Ersatzteile noch nach Jahrzehnten<\/span><\/div><\/div><div class=\"e5-icon-container\"><div class=\"e5-icon-animation\"><div class=\"lottie-placeholder\" data-src=\"\/wp-content\/uploads\/2023\/08\/Kombinierbar.json\"><\/div><\/div><div class=\"e5-icon-text\"><span>Im Stecksystem kombinierbare Steuerungen<\/span><\/div><\/div><div class=\"e5-icon-container\"><div class=\"e5-icon-animation\"><div class=\"lottie-placeholder\" data-src=\"\/wp-content\/uploads\/2023\/08\/Steuerungsvarianten.json\"><\/div><\/div><div class=\"e5-icon-text\"><span>Ein L\u00fcfter \u2013 viele Steuerbausteine<\/span><\/div><\/div><\/div><div class=\"e5-slider-navigation\"><img decoding=\"async\" alt=\"Pfeil links\" class=\"arrow-left\" src=\"https:\/\/www.limodor.com\/de\/wp-content\/mu-plugins\/limodor\/images\/right-arrow.svg\" \/><img decoding=\"async\" alt=\"Pfeil rechts\" class=\"arrow-right\" src=\"https:\/\/www.limodor.com\/de\/wp-content\/mu-plugins\/limodor\/images\/right-arrow.svg\" \/><\/div><\/div>\n\n\n\t\t<\/div>\n\t\t\t\t\t<\/div>\n\n\t\n\n<\/div>\n\n\t\t<\/div>\n\n\t\t\n<style>\n#section_8840943 {\n  padding-top: 40px;\n  padding-bottom: 40px;\n}\n<\/style>\n\t<\/section>\n\t\n\n\t<section class=\"section section-space\" id=\"section_1978265642\">\n\t\t<div class=\"section-bg fill\" >\n\t\t\t\t\t\t\t\t\t\n\t\t\t\n\n\t\t<\/div>\n\n\t\t\n\n\t\t<div class=\"section-content relative\">\n\t\t\t\n\n<div class=\"row row-collapse align-middle\"  id=\"row-938221830\">\n\n\n\t<div id=\"col-1665824953\" class=\"col medium-12 small-12 large-6\"  >\n\t\t\t\t<div class=\"col-inner\"  >\n\t\t\t\n\t\t\t\n\n<h3>Neuer Teil, altes Geh\u00e4use: Ersatzgebl\u00e4se<\/h3>\n<p>Viele L\u00fcftergeh\u00e4use sind \u00fcblicherweise eingemauert. Manche unserer Produkte schon fast 60 Jahre. Es l\u00e4sst sich auch bei Top-Ger\u00e4ten nicht verhindern, dass das zugeh\u00f6rige Gebl\u00e4se irgendwann am Ende seiner Lebens angelangt ist. Oder vielleicht durch ein energieeffizienteres ersetzt werden soll. Das Gute daran: Limodor-Ersatzgebl\u00e4se auch \u00e4lterer Modelle sind \u00fcber Jahrzehnte verf\u00fcgbar und k\u00f6nnen mit wenigen Handgriffen getauscht werden. Ohne dass gleich der ganze L\u00fcfter aus der Wand gestemmt werden muss.&nbsp;<\/p>\n<a href=\"\/de\/ersatzgeblaese\/\" class=\"button primary is-outline\"  style=\"border-radius:10px;\">\n\t\t<span>Ersatzgebl\u00e4se<\/span>\n\t<\/a>\n\n\n\n\t\t<\/div>\n\t\t\t\t\n<style>\n#col-1665824953 > .col-inner {\n  padding: 20px 15px 0px 15px;\n}\n@media (min-width:550px) {\n  #col-1665824953 > .col-inner {\n    padding: 20px 20px 0px 20px;\n  }\n}\n@media (min-width:850px) {\n  #col-1665824953 > .col-inner {\n    padding: 0px 40px 0px 20px;\n  }\n}\n<\/style>\n\t<\/div>\n\n\t\n\n\t<div id=\"col-1494545980\" class=\"col medium-12 small-12 large-6 medium-col-first\"  >\n\t\t\t\t<div class=\"col-inner\"  >\n\t\t\t\n\t\t\t\n\n\t<div class=\"img has-hover rounded-edges x md-x lg-x y md-y lg-y\" id=\"image_1130935823\">\n\t\t\t\t\t\t\t\t<div class=\"img-inner image-cover dark\" style=\"padding-top:56.25%;\">\n\t\t\t<img loading=\"lazy\" decoding=\"async\" width=\"2560\" height=\"1280\" src=\"https:\/\/www.limodor.com\/de\/wp-content\/uploads\/sites\/2\/2023\/10\/LimodorCE_Explosionsdarstellung-scaled.jpg\" class=\"attachment-original size-original\" alt=\"\" srcset=\"https:\/\/www.limodor.com\/de\/wp-content\/uploads\/sites\/2\/2023\/10\/LimodorCE_Explosionsdarstellung-scaled.jpg 2560w, https:\/\/www.limodor.com\/de\/wp-content\/uploads\/sites\/2\/2023\/10\/LimodorCE_Explosionsdarstellung-300x150.jpg 300w, https:\/\/www.limodor.com\/de\/wp-content\/uploads\/sites\/2\/2023\/10\/LimodorCE_Explosionsdarstellung-1024x512.jpg 1024w, https:\/\/www.limodor.com\/de\/wp-content\/uploads\/sites\/2\/2023\/10\/LimodorCE_Explosionsdarstellung-768x384.jpg 768w, https:\/\/www.limodor.com\/de\/wp-content\/uploads\/sites\/2\/2023\/10\/LimodorCE_Explosionsdarstellung-1536x768.jpg 1536w, https:\/\/www.limodor.com\/de\/wp-content\/uploads\/sites\/2\/2023\/10\/LimodorCE_Explosionsdarstellung-2048x1024.jpg 2048w, https:\/\/www.limodor.com\/de\/wp-content\/uploads\/sites\/2\/2023\/10\/LimodorCE_Explosionsdarstellung-510x255.jpg 510w\" sizes=\"auto, (max-width: 2560px) 100vw, 2560px\" \/>\t\t\t\t\t\t\n\t\t\t\t\t<\/div>\n\t\t\t\t\t\t\t\t\n<style>\n#image_1130935823 {\n  width: 100%;\n}\n<\/style>\n\t<\/div>\n\t\n\n\n\t\t<\/div>\n\t\t\t\t\t<\/div>\n\n\t\n\n<\/div>\n\n\t\t<\/div>\n\n\t\t\n<style>\n#section_1978265642 {\n  padding-top: 0px;\n  padding-bottom: 0px;\n}\n<\/style>\n\t<\/section>\n\t\n\n\t<section class=\"section\" id=\"section_1697242243\">\n\t\t<div class=\"section-bg fill\" >\n\t\t\t\t\t\t\t\t\t\n\t\t\t\n\n\t\t<\/div>\n\n\t\t\n\n\t\t<div class=\"section-content relative\">\n\t\t\t\n\n<div class=\"row\"  id=\"row-2043408489\">\n\n\n\t<div id=\"col-724328061\" class=\"col small-12 large-12\"  >\n\t\t\t\t<div class=\"col-inner\"  >\n\t\t\t\n\t\t\t\n\n<h3>FAQ zum Thema Abluftsystem<\/h3>\n<a href=\"\/de\/faq\/\" class=\"button primary is-outline\"  style=\"border-radius:10px;\">\n\t\t<span>Zu den FAQ\u00b4s<\/span>\n\t<\/a>\n\n\n\n\t\t<\/div>\n\t\t\t\t\t<\/div>\n\n\t\n\n<\/div>\n\n\t\t<\/div>\n\n\t\t\n<style>\n#section_1697242243 {\n  padding-top: 0px;\n  padding-bottom: 0px;\n}\n<\/style>\n\t<\/section>\n\t\n\n\n\t<section class=\"section\" id=\"section_1427103923\">\n\t\t<div class=\"section-bg fill\" >\n\t\t\t\t\t\t\t\t\t\n\t\t\t\n\n\t\t<\/div>\n\n\t\t\n\n\t\t<div class=\"section-content relative\">\n\t\t\t\n\n<div class=\"row row-collapse align-middle align-right ventilation-system-overview\"  id=\"row-1011589433\">\n\n\n\t<div id=\"col-751274638\" class=\"col medium-6 small-12 large-3\"  >\n\t\t\t\t<div class=\"col-inner\"  >\n\t\t\t\n\t\t\t\n\n\t<div id=\"text-3611628703\" class=\"text\">\n\t\t\n\n<p class=\"sub-headline\">Nicht das Richtige gefunden?<\/p>\n\t\t\n<style>\n#text-3611628703 {\n  text-align: center;\n}\n@media (min-width:550px) {\n  #text-3611628703 {\n    text-align: right;\n  }\n}\n<\/style>\n\t<\/div>\n\t\n\n\t\t<\/div>\n\t\t\t\t\t<\/div>\n\n\t\n\n\t<div id=\"col-1419190589\" class=\"col medium-6 small-12 large-3\"  >\n\t\t\t\t<div class=\"col-inner text-center\"  >\n\t\t\t\n\t\t\t\n\n<a href=\"\/de\/lueftungssysteme\" class=\"button primary is-outline is-small\"  style=\"border-radius:10px;\">\n\t\t<span>zur\u00fcck zur \u00dcbersicht<\/span>\n\t<\/a>\n\n\n\n\t\t<\/div>\n\t\t\t\t\n<style>\n#col-1419190589 > .col-inner {\n  padding: 0px 0px 0px 0px;\n  margin: 20px 0px 0px 0px;\n}\n@media (min-width:550px) {\n  #col-1419190589 > .col-inner {\n    padding: 0px 0px 0px 30px;\n    margin: 0px 0px 0px 0px;\n  }\n}\n<\/style>\n\t<\/div>\n\n\t\n\n<\/div>\n\n\n\t\t<\/div>\n\n\t\t\n<style>\n#section_1427103923 {\n  padding-top: 40px;\n  padding-bottom: 40px;\n}\n<\/style>\n\t<\/section>\n\t","protected":false},"excerpt":{"rendered":"","protected":false},"author":1,"featured_media":0,"parent":48,"menu_order":0,"comment_status":"closed","ping_status":"closed","template":"page-blank.php","meta":{"_acf_changed":false,"footnotes":""},"class_list":["post-3028","page","type-page","status-publish","hentry"],"acf":[],"yoast_head":"<!-- This site is optimized with the Yoast SEO plugin v24.8.1 - https:\/\/yoast.com\/wordpress\/plugins\/seo\/ -->\n<title>Zubeh\u00f6r &amp; Ersatzteile - LIMODOR<\/title>\n<meta name=\"robots\" content=\"index, follow, max-snippet:-1, max-image-preview:large, max-video-preview:-1\" \/>\n<link rel=\"canonical\" href=\"https:\/\/www.limodor.com\/de\/lueftungen\/lueftungssysteme\/zubehoer-ersatzteile\/\" \/>\n<meta property=\"og:locale\" content=\"de_DE\" \/>\n<meta property=\"og:type\" content=\"article\" \/>\n<meta property=\"og:title\" content=\"Zubeh\u00f6r &amp; Ersatzteile - LIMODOR\" \/>\n<meta property=\"og:url\" content=\"https:\/\/www.limodor.com\/de\/lueftungen\/lueftungssysteme\/zubehoer-ersatzteile\/\" \/>\n<meta property=\"og:site_name\" content=\"Limodor DE\" \/>\n<meta property=\"article:modified_time\" content=\"2023-11-13T10:00:14+00:00\" \/>\n<meta name=\"twitter:card\" content=\"summary_large_image\" \/>\n<meta name=\"twitter:label1\" content=\"Gesch\u00e4tzte Lesezeit\" \/>\n\t<meta name=\"twitter:data1\" content=\"2\u00a0Minuten\" \/>\n<script type=\"application\/ld+json\" class=\"yoast-schema-graph\">{\"@context\":\"https:\/\/schema.org\",\"@graph\":[{\"@type\":\"WebPage\",\"@id\":\"https:\/\/www.limodor.com\/de\/lueftungen\/lueftungssysteme\/zubehoer-ersatzteile\/\",\"url\":\"https:\/\/www.limodor.com\/de\/lueftungen\/lueftungssysteme\/zubehoer-ersatzteile\/\",\"name\":\"Zubeh\u00f6r &amp; Ersatzteile - LIMODOR\",\"isPartOf\":{\"@id\":\"https:\/\/www.limodor.com\/de\/#website\"},\"datePublished\":\"2023-09-22T07:56:35+00:00\",\"dateModified\":\"2023-11-13T10:00:14+00:00\",\"breadcrumb\":{\"@id\":\"https:\/\/www.limodor.com\/de\/lueftungen\/lueftungssysteme\/zubehoer-ersatzteile\/#breadcrumb\"},\"inLanguage\":\"de\",\"potentialAction\":[{\"@type\":\"ReadAction\",\"target\":[\"https:\/\/www.limodor.com\/de\/lueftungen\/lueftungssysteme\/zubehoer-ersatzteile\/\"]}]},{\"@type\":\"BreadcrumbList\",\"@id\":\"https:\/\/www.limodor.com\/de\/lueftungen\/lueftungssysteme\/zubehoer-ersatzteile\/#breadcrumb\",\"itemListElement\":[{\"@type\":\"ListItem\",\"position\":1,\"name\":\"Startseite\",\"item\":\"https:\/\/www.limodor.com\/de\/\"},{\"@type\":\"ListItem\",\"position\":2,\"name\":\"L\u00f6sungen\",\"item\":\"https:\/\/www.limodor.com\/de\/lueftungen\/\"},{\"@type\":\"ListItem\",\"position\":3,\"name\":\"L\u00fcftungssysteme\",\"item\":\"https:\/\/www.limodor.com\/de\/lueftungen\/lueftungssysteme\/\"},{\"@type\":\"ListItem\",\"position\":4,\"name\":\"Zubeh\u00f6r &amp; Ersatzteile\"}]},{\"@type\":\"WebSite\",\"@id\":\"https:\/\/www.limodor.com\/de\/#website\",\"url\":\"https:\/\/www.limodor.com\/de\/\",\"name\":\"Limodor DE\",\"description\":\"\",\"potentialAction\":[{\"@type\":\"SearchAction\",\"target\":{\"@type\":\"EntryPoint\",\"urlTemplate\":\"https:\/\/www.limodor.com\/de\/?s={search_term_string}\"},\"query-input\":{\"@type\":\"PropertyValueSpecification\",\"valueRequired\":true,\"valueName\":\"search_term_string\"}}],\"inLanguage\":\"de\"}]}<\/script>\n<!-- \/ Yoast SEO plugin. -->","yoast_head_json":{"title":"Zubeh\u00f6r &amp; Ersatzteile - LIMODOR","robots":{"index":"index","follow":"follow","max-snippet":"max-snippet:-1","max-image-preview":"max-image-preview:large","max-video-preview":"max-video-preview:-1"},"canonical":"https:\/\/www.limodor.com\/de\/lueftungen\/lueftungssysteme\/zubehoer-ersatzteile\/","og_locale":"de_DE","og_type":"article","og_title":"Zubeh\u00f6r &amp; Ersatzteile - LIMODOR","og_url":"https:\/\/www.limodor.com\/de\/lueftungen\/lueftungssysteme\/zubehoer-ersatzteile\/","og_site_name":"Limodor DE","article_modified_time":"2023-11-13T10:00:14+00:00","twitter_card":"summary_large_image","twitter_misc":{"Gesch\u00e4tzte Lesezeit":"2\u00a0Minuten"},"schema":{"@context":"https:\/\/schema.org","@graph":[{"@type":"WebPage","@id":"https:\/\/www.limodor.com\/de\/lueftungen\/lueftungssysteme\/zubehoer-ersatzteile\/","url":"https:\/\/www.limodor.com\/de\/lueftungen\/lueftungssysteme\/zubehoer-ersatzteile\/","name":"Zubeh\u00f6r &amp; Ersatzteile - LIMODOR","isPartOf":{"@id":"https:\/\/www.limodor.com\/de\/#website"},"datePublished":"2023-09-22T07:56:35+00:00","dateModified":"2023-11-13T10:00:14+00:00","breadcrumb":{"@id":"https:\/\/www.limodor.com\/de\/lueftungen\/lueftungssysteme\/zubehoer-ersatzteile\/#breadcrumb"},"inLanguage":"de","potentialAction":[{"@type":"ReadAction","target":["https:\/\/www.limodor.com\/de\/lueftungen\/lueftungssysteme\/zubehoer-ersatzteile\/"]}]},{"@type":"BreadcrumbList","@id":"https:\/\/www.limodor.com\/de\/lueftungen\/lueftungssysteme\/zubehoer-ersatzteile\/#breadcrumb","itemListElement":[{"@type":"ListItem","position":1,"name":"Startseite","item":"https:\/\/www.limodor.com\/de\/"},{"@type":"ListItem","position":2,"name":"L\u00f6sungen","item":"https:\/\/www.limodor.com\/de\/lueftungen\/"},{"@type":"ListItem","position":3,"name":"L\u00fcftungssysteme","item":"https:\/\/www.limodor.com\/de\/lueftungen\/lueftungssysteme\/"},{"@type":"ListItem","position":4,"name":"Zubeh\u00f6r &amp; Ersatzteile"}]},{"@type":"WebSite","@id":"https:\/\/www.limodor.com\/de\/#website","url":"https:\/\/www.limodor.com\/de\/","name":"Limodor DE","description":"","potentialAction":[{"@type":"SearchAction","target":{"@type":"EntryPoint","urlTemplate":"https:\/\/www.limodor.com\/de\/?s={search_term_string}"},"query-input":{"@type":"PropertyValueSpecification","valueRequired":true,"valueName":"search_term_string"}}],"inLanguage":"de"}]}},"_links":{"self":[{"href":"https:\/\/www.limodor.com\/de\/wp-json\/wp\/v2\/pages\/3028","targetHints":{"allow":["GET"]}}],"collection":[{"href":"https:\/\/www.limodor.com\/de\/wp-json\/wp\/v2\/pages"}],"about":[{"href":"https:\/\/www.limodor.com\/de\/wp-json\/wp\/v2\/types\/page"}],"author":[{"embeddable":true,"href":"https:\/\/www.limodor.com\/de\/wp-json\/wp\/v2\/users\/1"}],"replies":[{"embeddable":true,"href":"https:\/\/www.limodor.com\/de\/wp-json\/wp\/v2\/comments?post=3028"}],"version-history":[{"count":4,"href":"https:\/\/www.limodor.com\/de\/wp-json\/wp\/v2\/pages\/3028\/revisions"}],"predecessor-version":[{"id":7980,"href":"https:\/\/www.limodor.com\/de\/wp-json\/wp\/v2\/pages\/3028\/revisions\/7980"}],"up":[{"embeddable":true,"href":"https:\/\/www.limodor.com\/de\/wp-json\/wp\/v2\/pages\/48"}],"wp:attachment":[{"href":"https:\/\/www.limodor.com\/de\/wp-json\/wp\/v2\/media?parent=3028"}],"curies":[{"name":"wp","href":"https:\/\/api.w.org\/{rel}","templated":true}]}}