{"id":37295,"date":"2025-06-25T16:41:06","date_gmt":"2025-06-25T14:41:06","guid":{"rendered":"https:\/\/www.limodor.com\/de\/?page_id=37295"},"modified":"2026-04-09T17:14:04","modified_gmt":"2026-04-09T15:14:04","slug":"azubi-industriekaufmann-m-w-d","status":"publish","type":"page","link":"https:\/\/www.limodor.com\/de\/azubi-industriekaufmann-m-w-d\/","title":{"rendered":"Jobs_Ausbildung_Industriekaufmann\/-frau (m\/w\/d)"},"content":{"rendered":"\n\t<section class=\"section wave\" id=\"section_1272501019\">\n\t\t<div class=\"section-bg fill\" >\n\t\t\t<img loading=\"lazy\" decoding=\"async\" width=\"2560\" height=\"1707\" src=\"https:\/\/www.limodor.com\/de\/wp-content\/uploads\/sites\/2\/2023\/10\/hannah-busing-Zyx1bK9mqmA-unsplash_1-scaled.jpg\" class=\"bg attachment-original size-original\" alt=\"\" \/>\t\t\t\t\t\t\n\t\t\t\n\n\t\t<\/div>\n\n\t\t\n\n\t\t<div class=\"section-content relative\">\n\t\t\t\n\n\n\t\t<\/div>\n\n\t\t\n<style>\n#section_1272501019 {\n  padding-top: 0px;\n  padding-bottom: 0px;\n  min-height: 50vh;\n}\n#section_1272501019 .section-bg img {\n  object-position: 34% 68%;\n}\n<\/style>\n\t<\/section>\n\t\n\n\t<section class=\"section\" id=\"section_356853631\">\n\t\t<div class=\"section-bg fill\" >\n\t\t\t\t\t\t\t\t\t\n\t\t\t\n\n\t\t<\/div>\n\n\t\t\n\n\t\t<div class=\"section-content relative\">\n\t\t\t\n\n<div class=\"row\"  id=\"row-1974613336\">\n\n\n\t<div id=\"col-1950734033\" class=\"col small-12 large-12\"  >\n\t\t\t\t<div class=\"col-inner\"  >\n\t\t\t\n\t\t\t\n\n<h4>Das sind wir:<\/h4>\n<p>Mit unserem Standort in Bad Mergentheim geh\u00f6ren wir zu den mittelst\u00e4ndigen Unternehmen und zu den Marktf\u00fchrern im Bereich der Wohnungsl\u00fcftung. Der Markenname LIMODOR steht als Synonym f\u00fcr das Einrohr-Entl\u00fcftungssystem, f\u00fcr Qualit\u00e4t, nachhaltige Produktion und hervorragenden Service. Das Produktsortiment ist auf unsere Kernkompetenz abgestimmt. Wir entwickeln und vertreiben innovative L\u00fcftungssysteme, die wir permanent mit innovativen, marktgerechten Komponenten und Steuerungsmodulen erg\u00e4nzen. So bieten wir eine Vielzahl von M\u00f6glichkeiten alle R\u00e4umlichkeiten effizient, energiefreundlich und individuell den Bed\u00fcrfnissen des Anwenders angepasst zu entl\u00fcften.<\/p>\n<p><strong>F\u00fcr das Jahr 2026 bieten wir in unserem Unternehmen nachfolgende Ausbildung an<br \/><\/strong><\/p>\n<h3><strong>Ausbildung Industriekaufmann\/-frau (m\/w\/d)<\/strong><\/h3>\n<h4>Zur Ausbildung: \u00a0\u00a0\u00a0\u00a0\u00a0\u00a0\u00a0\u00a0\u00a0\u00a0\u00a0\u00a0\u00a0\u00a0\u00a0\u00a0\u00a0\u00a0\u00a0\u00a0\u00a0\u00a0\u00a0\u00a0\u00a0\u00a0\u00a0\u00a0\u00a0\u00a0\u00a0\u00a0\u00a0\u00a0\u00a0\u00a0\u00a0\u00a0\u00a0\u00a0\u00a0\u00a0\u00a0\u00a0\u00a0\u00a0\u00a0\u00a0\u00a0\u00a0\u00a0\u00a0\u00a0\u00a0\u00a0\u00a0<\/h4>\n<ul>\n<li>Dauer: 3 Jahre (Verk\u00fcrzung m\u00f6glich)<\/li>\n<li>Start: 01.09.2026<\/li>\n<li>Berufsschule: Bad Mergentheim<\/li>\n<\/ul>\n<h4>Das erwarten wir:<\/h4>\n<ul>\n<li>Guter mittlerer Bildungsabschluss, Fachhochschulreife oder Abitur<\/li>\n<li>Sehr gute Deutschkenntnisse, m\u00fcndlich und schriftlich<\/li>\n<li>Gute Englischkenntnisse<\/li>\n<li>Freude am Umgang mit Menschen<\/li>\n<li>Gute Kommunikationsf\u00e4higkeit<\/li>\n<li>Sicheres Auftreten<\/li>\n<li>H\u00f6flichkeit und Belastbarkeit<\/li>\n<li>Eigeninitiative und Zuverl\u00e4ssigkeit<\/li>\n<\/ul>\n<h4>Das bieten wir Dir:<\/h4>\n<ul>\n<li>Famili\u00e4res Umfeld<\/li>\n<li>Per \u201eDu\u201c und ohne Dresscode<\/li>\n<li>Gleitzeitkonto<\/li>\n<li>Kosten\u00fcbernahme f\u00fcr Literatur<\/li>\n<li>30 Tage Urlaub<\/li>\n<li>Freiwillige Arbeitgeberleistungen (z.B. Notengeld, Weihnachtsgeld)<\/li>\n<\/ul>\n<p>Wir freuen uns auf Deine Bewerbung \u00fcber unser Bewerbungsformular unter www.limodor.com, per Mail an bewerbung@limodor.de oder per Post an:<\/p>\n<p>LIMODOR GmbH &amp; Co KG Deutschland<br \/>Sandra Ehrle<br \/>Dainbacher Weg 21<br \/>97980 Bad Mergentheim<\/p>\n\n\t\t<\/div>\n\t\t\t\t\t<\/div>\n\n\t\n\n<\/div>\n\n\t\t<\/div>\n\n\t\t\n<style>\n#section_356853631 {\n  padding-top: 30px;\n  padding-bottom: 30px;\n}\n<\/style>\n\t<\/section>\n\t\n\n\t<section class=\"section section-space\" id=\"section_1512386647\">\n\t\t<div class=\"section-bg fill\" >\n\t\t\t\t\t\t\t\t\t\n\t\t\t\n\n\t\t<\/div>\n\n\t\t\n\n\t\t<div class=\"section-content relative\">\n\t\t\t\n\n<span class=\"scroll-to\" data-label=\"Scroll to: #formular\" data-bullet=\"false\" data-link=\"#formular\" data-title=\"Bewerbungsformular\" ><a name=\"formular\"><\/a><\/span>\n\n<div class=\"row\"  id=\"row-1455362300\">\n\n\n\t<div id=\"col-704253459\" class=\"col small-12 large-12\"  >\n\t\t\t\t<div class=\"col-inner\"  >\n\t\t\t\n\t\t\t\n\n\n<div class=\"wpcf7 no-js\" id=\"wpcf7-f2504-o1\" lang=\"de-DE\" dir=\"ltr\" data-wpcf7-id=\"2504\">\n<div class=\"screen-reader-response\"><p role=\"status\" aria-live=\"polite\" aria-atomic=\"true\"><\/p> <ul><\/ul><\/div>\n<form action=\"\/de\/wp-json\/wp\/v2\/pages\/37295#wpcf7-f2504-o1\" method=\"post\" class=\"wpcf7-form init\" aria-label=\"Kontaktformular\" enctype=\"multipart\/form-data\" novalidate=\"novalidate\" data-status=\"init\">\n<div style=\"display: none;\">\n<input type=\"hidden\" name=\"_wpcf7\" value=\"2504\" \/>\n<input type=\"hidden\" name=\"_wpcf7_version\" value=\"6.0.5\" \/>\n<input type=\"hidden\" name=\"_wpcf7_locale\" value=\"de_DE\" \/>\n<input type=\"hidden\" name=\"_wpcf7_unit_tag\" value=\"wpcf7-f2504-o1\" \/>\n<input type=\"hidden\" name=\"_wpcf7_container_post\" value=\"0\" \/>\n<input type=\"hidden\" name=\"_wpcf7_posted_data_hash\" value=\"\" \/>\n<input type=\"hidden\" name=\"_wpcf7cf_hidden_group_fields\" value=\"[]\" \/>\n<input type=\"hidden\" name=\"_wpcf7cf_hidden_groups\" value=\"[]\" \/>\n<input type=\"hidden\" name=\"_wpcf7cf_visible_groups\" value=\"[]\" \/>\n<input type=\"hidden\" name=\"_wpcf7cf_repeaters\" value=\"[]\" \/>\n<input type=\"hidden\" name=\"_wpcf7cf_steps\" value=\"{}\" \/>\n<input type=\"hidden\" name=\"_wpcf7cf_options\" value=\"{&quot;form_id&quot;:2504,&quot;conditions&quot;:[],&quot;settings&quot;:{&quot;animation&quot;:&quot;yes&quot;,&quot;animation_intime&quot;:200,&quot;animation_outtime&quot;:200,&quot;conditions_ui&quot;:&quot;normal&quot;,&quot;notice_dismissed&quot;:false,&quot;notice_dismissed_update-cf7-5.9.5&quot;:true}}\" \/>\n<input type=\"hidden\" name=\"_wpcf7_recaptcha_response\" value=\"\" \/>\n<\/div>\n<div class=\"cf-various-cols\">\n\t<p class=\"cf-3-cols\"><br \/>\n<label> Anrede*<br \/>\n<span class=\"wpcf7-form-control-wrap\" data-name=\"title\"><select class=\"wpcf7-form-control wpcf7-select wpcf7-validates-as-required\" aria-required=\"true\" aria-invalid=\"false\" name=\"title\"><option value=\"\">&#8211; Bitte ausw\u00e4hlen &#8211;<\/option><option value=\"Herr\">Herr<\/option><option value=\"Frau\">Frau<\/option><option value=\"Divers\">Divers<\/option><\/select><\/span><\/label>\n\t<\/p>\n\t<p class=\"cf-3-cols\"><br \/>\n<label> Vorname*<br \/>\n<span class=\"wpcf7-form-control-wrap\" data-name=\"FNAME\"><input size=\"40\" maxlength=\"400\" class=\"wpcf7-form-control wpcf7-text wpcf7-validates-as-required\" autocomplete=\"name\" aria-required=\"true\" aria-invalid=\"false\" value=\"\" type=\"text\" name=\"FNAME\" \/><\/span> <\/label>\n\t<\/p>\n\t<p class=\"cf-3-cols\"><br \/>\n<label> Nachname*<br \/>\n<span class=\"wpcf7-form-control-wrap\" data-name=\"LNAME\"><input size=\"40\" maxlength=\"400\" class=\"wpcf7-form-control wpcf7-text wpcf7-validates-as-required\" autocomplete=\"name\" aria-required=\"true\" aria-invalid=\"false\" value=\"\" type=\"text\" name=\"LNAME\" \/><\/span> <\/label>\n\t<\/p>\n<\/div>\n<div class=\"cf-various-cols\">\n\t<p class=\"cf-2-cols\"><br \/>\n<label> E-Mail*<br \/>\n<span class=\"wpcf7-form-control-wrap\" data-name=\"EMAIL\"><input size=\"40\" maxlength=\"400\" class=\"wpcf7-form-control wpcf7-email wpcf7-validates-as-required wpcf7-text wpcf7-validates-as-email\" autocomplete=\"email\" aria-required=\"true\" aria-invalid=\"false\" value=\"\" type=\"email\" name=\"EMAIL\" \/><\/span> <\/label>\n\t<\/p>\n\t<p class=\"cf-2-cols\"><br \/>\n<label> Telefonnummer*<br \/>\n<span class=\"wpcf7-form-control-wrap\" data-name=\"mc4wp-TEL\"><input size=\"40\" maxlength=\"400\" class=\"wpcf7-form-control wpcf7-tel wpcf7-validates-as-required wpcf7-text wpcf7-validates-as-tel\" autocomplete=\"tel\" aria-required=\"true\" aria-invalid=\"false\" value=\"\" type=\"tel\" name=\"mc4wp-TEL\" \/><\/span> <\/label>\n\t<\/p>\n<\/div>\n<p><label> Betreff*<br \/>\n<span class=\"wpcf7-form-control-wrap\" data-name=\"your-subject\"><input size=\"40\" maxlength=\"400\" class=\"wpcf7-form-control wpcf7-text wpcf7-validates-as-required\" aria-required=\"true\" aria-invalid=\"false\" value=\"\" type=\"text\" name=\"your-subject\" \/><\/span> <\/label>\n<\/p>\n<p><label> Ihre Nachricht<br \/>\n<span class=\"wpcf7-form-control-wrap\" data-name=\"your-message\"><textarea cols=\"40\" rows=\"10\" maxlength=\"2000\" class=\"wpcf7-form-control wpcf7-textarea\" aria-invalid=\"false\" name=\"your-message\"><\/textarea><\/span> <\/label>\n<\/p>\n<div class=\"contact-form-fileuploadContainer\">\n\t<div class=\"contact-form-fileuploadTextContainer\">\n\t\t<p><span class=\"fileuploadTitle\">Lebenslauf*<\/span><br \/>\n<span class=\"fileUploadText\">Es werden nur folgende Dateitypen akzeptiert: .pdf, .jpg, .jpeg, .png, .bmp, .gif; Uploadlimit: 10MB<\/span>\n\t\t<\/p>\n\t<\/div>\n\t<p><span class=\"wpcf7-form-control-wrap\" data-name=\"upload-cv\"><input size=\"40\" class=\"wpcf7-form-control wpcf7-file wpcf7-validates-as-required\" accept=\".pdf,.jpg,.jpeg,.png,.bmp,.gif\" aria-required=\"true\" aria-invalid=\"false\" type=\"file\" name=\"upload-cv\" \/><\/span>\n\t<\/p>\n<\/div>\n<div class=\"contact-form-fileuploadContainer\">\n\t<div class=\"contact-form-fileuploadTextContainer\">\n\t\t<p><span class=\"fileuploadTitle\">Motivationsschreiben*<\/span><br \/>\n<span class=\"fileUploadText\">Es werden nur folgende Dateitypen akzeptiert: .pdf, .jpg, .jpeg, .png, .bmp, .gif; Uploadlimit: 5MB<\/span>\n\t\t<\/p>\n\t<\/div>\n\t<p><span class=\"wpcf7-form-control-wrap\" data-name=\"upload-motivation\"><input size=\"40\" class=\"wpcf7-form-control wpcf7-file wpcf7-validates-as-required\" accept=\".pdf,.jpg,.jpeg,.png,.bmp,.gif\" aria-required=\"true\" aria-invalid=\"false\" type=\"file\" name=\"upload-motivation\" \/><\/span>\n\t<\/p>\n<\/div>\n<div class=\"contact-form-fileuploadContainer\">\n\t<div class=\"contact-form-fileuploadTextContainer\">\n\t\t<p><span class=\"fileuploadTitle\">Optionale Dokumente<\/span><br \/>\n<span class=\"fileUploadText\">Es werden nur folgende Dateitypen akzeptiert: .pdf, .jpg, .jpeg, .png, .bmp, .gif; Uploadlimit: 10MB<\/span>\n\t\t<\/p>\n\t<\/div>\n\t<p><span class=\"wpcf7-form-control-wrap\" data-name=\"upload\"><input size=\"40\" class=\"wpcf7-form-control wpcf7-file\" accept=\".pdf,.jpg,.jpeg,.png,.bmp,.gif\" aria-invalid=\"false\" type=\"file\" name=\"upload\" \/><\/span>\n\t<\/p>\n<\/div>\n<p><!-- Mailchimp for WordPress v4.10.2 - https:\/\/www.mc4wp.com\/ --><input type=\"hidden\" name=\"_mc4wp_subscribe_contact-form-7\" value=\"0\" \/><span class=\"mc4wp-checkbox mc4wp-checkbox-contact-form-7 \"><label><input type=\"checkbox\" name=\"_mc4wp_subscribe_contact-form-7\" value=\"1\" ><span>Ich m\u00f6chte den Newsletter empfangen.<\/span><\/label><\/span><!-- \/ Mailchimp for WordPress -->\n<\/p>\n<div class=\"contact-form-flex\">\n\t<p><span class=\"wpcf7-form-control-wrap\" data-name=\"datenschutz\"><span class=\"wpcf7-form-control wpcf7-acceptance\"><span class=\"wpcf7-list-item\"><input type=\"checkbox\" name=\"datenschutz\" value=\"1\" aria-invalid=\"false\" \/><\/span><\/span><\/span><label>Ich habe die <a href=\"\/de\/datenschutz\"> Datenschutzerkl\u00e4rung <\/a> gelesen und akzeptiert.<\/label>\n\t<\/p>\n<\/div>\n<p>Diese Webseite wird durch das Google reCAPTCHA gesch\u00fctzt. Bitte beachten Sie die <a href=\"https:\/\/policies.google.com\/privacy\">Datenschutzbestimmungen<\/a> sowie die <a href=\"https:\/\/policies.google.com\/terms\">Nutzungsbedingungen<\/a> von Google.\n<\/p>\n<p><input class=\"wpcf7-form-control wpcf7-submit has-spinner\" type=\"submit\" value=\"Senden\" \/>\n<\/p><div class=\"wpcf7-response-output\" aria-hidden=\"true\"><\/div>\n<\/form>\n<\/div>\n\n\n\n\t\t<\/div>\n\t\t\t\t\t<\/div>\n\n\t\n\n<\/div>\n\n\t\t<\/div>\n\n\t\t\n<style>\n#section_1512386647 {\n  padding-top: 0px;\n  padding-bottom: 0px;\n}\n<\/style>\n\t<\/section>\n\t","protected":false},"excerpt":{"rendered":"","protected":false},"author":7,"featured_media":0,"parent":0,"menu_order":0,"comment_status":"closed","ping_status":"closed","template":"page-blank.php","meta":{"_acf_changed":false,"footnotes":""},"class_list":["post-37295","page","type-page","status-publish","hentry"],"acf":[],"yoast_head":"<!-- This site is optimized with the Yoast SEO plugin v24.8.1 - https:\/\/yoast.com\/wordpress\/plugins\/seo\/ -->\n<title>Jobs_Ausbildung_Industriekaufmann\/-frau (m\/w\/d) - LIMODOR<\/title>\n<meta name=\"robots\" content=\"index, follow, max-snippet:-1, max-image-preview:large, max-video-preview:-1\" \/>\n<link rel=\"canonical\" href=\"https:\/\/www.limodor.com\/de\/azubi-industriekaufmann-m-w-d\/\" \/>\n<meta property=\"og:locale\" content=\"de_DE\" \/>\n<meta property=\"og:type\" content=\"article\" \/>\n<meta property=\"og:title\" content=\"Jobs_Ausbildung_Industriekaufmann\/-frau (m\/w\/d) - LIMODOR\" \/>\n<meta property=\"og:url\" content=\"https:\/\/www.limodor.com\/de\/azubi-industriekaufmann-m-w-d\/\" \/>\n<meta property=\"og:site_name\" content=\"Limodor DE\" \/>\n<meta property=\"article:modified_time\" content=\"2026-04-09T15:14:04+00:00\" \/>\n<meta name=\"twitter:card\" content=\"summary_large_image\" \/>\n<meta name=\"twitter:label1\" content=\"Gesch\u00e4tzte Lesezeit\" \/>\n\t<meta name=\"twitter:data1\" content=\"2\u00a0Minuten\" \/>\n<script type=\"application\/ld+json\" class=\"yoast-schema-graph\">{\"@context\":\"https:\/\/schema.org\",\"@graph\":[{\"@type\":\"WebPage\",\"@id\":\"https:\/\/www.limodor.com\/de\/azubi-industriekaufmann-m-w-d\/\",\"url\":\"https:\/\/www.limodor.com\/de\/azubi-industriekaufmann-m-w-d\/\",\"name\":\"Jobs_Ausbildung_Industriekaufmann\/-frau (m\/w\/d) - LIMODOR\",\"isPartOf\":{\"@id\":\"https:\/\/www.limodor.com\/de\/#website\"},\"datePublished\":\"2025-06-25T14:41:06+00:00\",\"dateModified\":\"2026-04-09T15:14:04+00:00\",\"breadcrumb\":{\"@id\":\"https:\/\/www.limodor.com\/de\/azubi-industriekaufmann-m-w-d\/#breadcrumb\"},\"inLanguage\":\"de\",\"potentialAction\":[{\"@type\":\"ReadAction\",\"target\":[\"https:\/\/www.limodor.com\/de\/azubi-industriekaufmann-m-w-d\/\"]}]},{\"@type\":\"BreadcrumbList\",\"@id\":\"https:\/\/www.limodor.com\/de\/azubi-industriekaufmann-m-w-d\/#breadcrumb\",\"itemListElement\":[{\"@type\":\"ListItem\",\"position\":1,\"name\":\"Startseite\",\"item\":\"https:\/\/www.limodor.com\/de\/\"},{\"@type\":\"ListItem\",\"position\":2,\"name\":\"Jobs_Ausbildung_Industriekaufmann\/-frau (m\/w\/d)\"}]},{\"@type\":\"WebSite\",\"@id\":\"https:\/\/www.limodor.com\/de\/#website\",\"url\":\"https:\/\/www.limodor.com\/de\/\",\"name\":\"Limodor DE\",\"description\":\"\",\"potentialAction\":[{\"@type\":\"SearchAction\",\"target\":{\"@type\":\"EntryPoint\",\"urlTemplate\":\"https:\/\/www.limodor.com\/de\/?s={search_term_string}\"},\"query-input\":{\"@type\":\"PropertyValueSpecification\",\"valueRequired\":true,\"valueName\":\"search_term_string\"}}],\"inLanguage\":\"de\"}]}<\/script>\n<!-- \/ Yoast SEO plugin. -->","yoast_head_json":{"title":"Jobs_Ausbildung_Industriekaufmann\/-frau (m\/w\/d) - LIMODOR","robots":{"index":"index","follow":"follow","max-snippet":"max-snippet:-1","max-image-preview":"max-image-preview:large","max-video-preview":"max-video-preview:-1"},"canonical":"https:\/\/www.limodor.com\/de\/azubi-industriekaufmann-m-w-d\/","og_locale":"de_DE","og_type":"article","og_title":"Jobs_Ausbildung_Industriekaufmann\/-frau (m\/w\/d) - LIMODOR","og_url":"https:\/\/www.limodor.com\/de\/azubi-industriekaufmann-m-w-d\/","og_site_name":"Limodor DE","article_modified_time":"2026-04-09T15:14:04+00:00","twitter_card":"summary_large_image","twitter_misc":{"Gesch\u00e4tzte Lesezeit":"2\u00a0Minuten"},"schema":{"@context":"https:\/\/schema.org","@graph":[{"@type":"WebPage","@id":"https:\/\/www.limodor.com\/de\/azubi-industriekaufmann-m-w-d\/","url":"https:\/\/www.limodor.com\/de\/azubi-industriekaufmann-m-w-d\/","name":"Jobs_Ausbildung_Industriekaufmann\/-frau (m\/w\/d) - LIMODOR","isPartOf":{"@id":"https:\/\/www.limodor.com\/de\/#website"},"datePublished":"2025-06-25T14:41:06+00:00","dateModified":"2026-04-09T15:14:04+00:00","breadcrumb":{"@id":"https:\/\/www.limodor.com\/de\/azubi-industriekaufmann-m-w-d\/#breadcrumb"},"inLanguage":"de","potentialAction":[{"@type":"ReadAction","target":["https:\/\/www.limodor.com\/de\/azubi-industriekaufmann-m-w-d\/"]}]},{"@type":"BreadcrumbList","@id":"https:\/\/www.limodor.com\/de\/azubi-industriekaufmann-m-w-d\/#breadcrumb","itemListElement":[{"@type":"ListItem","position":1,"name":"Startseite","item":"https:\/\/www.limodor.com\/de\/"},{"@type":"ListItem","position":2,"name":"Jobs_Ausbildung_Industriekaufmann\/-frau (m\/w\/d)"}]},{"@type":"WebSite","@id":"https:\/\/www.limodor.com\/de\/#website","url":"https:\/\/www.limodor.com\/de\/","name":"Limodor DE","description":"","potentialAction":[{"@type":"SearchAction","target":{"@type":"EntryPoint","urlTemplate":"https:\/\/www.limodor.com\/de\/?s={search_term_string}"},"query-input":{"@type":"PropertyValueSpecification","valueRequired":true,"valueName":"search_term_string"}}],"inLanguage":"de"}]}},"_links":{"self":[{"href":"https:\/\/www.limodor.com\/de\/wp-json\/wp\/v2\/pages\/37295","targetHints":{"allow":["GET"]}}],"collection":[{"href":"https:\/\/www.limodor.com\/de\/wp-json\/wp\/v2\/pages"}],"about":[{"href":"https:\/\/www.limodor.com\/de\/wp-json\/wp\/v2\/types\/page"}],"author":[{"embeddable":true,"href":"https:\/\/www.limodor.com\/de\/wp-json\/wp\/v2\/users\/7"}],"replies":[{"embeddable":true,"href":"https:\/\/www.limodor.com\/de\/wp-json\/wp\/v2\/comments?post=37295"}],"version-history":[{"count":4,"href":"https:\/\/www.limodor.com\/de\/wp-json\/wp\/v2\/pages\/37295\/revisions"}],"predecessor-version":[{"id":46125,"href":"https:\/\/www.limodor.com\/de\/wp-json\/wp\/v2\/pages\/37295\/revisions\/46125"}],"wp:attachment":[{"href":"https:\/\/www.limodor.com\/de\/wp-json\/wp\/v2\/media?parent=37295"}],"curies":[{"name":"wp","href":"https:\/\/api.w.org\/{rel}","templated":true}]}}