{"id":61,"date":"2023-07-13T15:02:17","date_gmt":"2023-07-13T13:02:17","guid":{"rendered":"https:\/\/limodor-de.dev-web.at\/loesungen\/"},"modified":"2024-03-21T13:13:35","modified_gmt":"2024-03-21T12:13:35","slug":"lueftungen","status":"publish","type":"page","link":"https:\/\/www.limodor.com\/de\/lueftungen\/","title":{"rendered":"L\u00f6sungen"},"content":{"rendered":"\n\t<section class=\"section wave\" id=\"section_149048228\">\n\t\t<div class=\"section-bg fill\" >\n\t\t\t<img loading=\"lazy\" decoding=\"async\" width=\"2560\" height=\"1707\" src=\"https:\/\/www.limodor.com\/de\/wp-content\/uploads\/sites\/2\/2023\/08\/LIMODOR_Familie-scaled.jpg\" class=\"bg attachment-original size-original\" alt=\"\" \/>\t\t\t\t\t\t\n\t\t\t\n\n\t\t<\/div>\n\n\t\t\n\n\t\t<div class=\"section-content relative\">\n\t\t\t\n\n\n\t\t<\/div>\n\n\t\t\n<style>\n#section_149048228 {\n  padding-top: 0px;\n  padding-bottom: 0px;\n  min-height: 50vh;\n}\n#section_149048228 .section-bg img {\n  object-position: 49% 15%;\n}\n@media (min-width:850px) {\n  #section_149048228 {\n    min-height: 75vh;\n  }\n}\n<\/style>\n\t<\/section>\n\t\n\n\t<section class=\"section section-space\" id=\"section_333492132\">\n\t\t<div class=\"section-bg fill\" >\n\t\t\t\t\t\t\t\t\t\n\t\t\t\n\n\t\t<\/div>\n\n\t\t\n\n\t\t<div class=\"section-content relative\">\n\t\t\t\n\n<div class=\"row row-collapse align-center\"  id=\"row-367556640\">\n\n\n\t<div id=\"col-547566522\" class=\"col medium-8 small-12 large-8\"  >\n\t\t\t\t<div class=\"col-inner text-center\"  >\n\t\t\t\n\t\t\t\n\n<h1>Unsere \u00dcberzeugung: jedes Zuhause braucht frische Luft <\/h1>\n<p>Wir sind einer der renommiertesten Hersteller von L\u00fcftungsger\u00e4ten in Europa. Dort seit sechs Jahrzehnten einen fixen Platz zu behaupten und Millionen Zu- und Abluftsysteme zu verkaufen, erreicht man nicht, in dem man einfach irgendwelche L\u00fcfter oder Ventilatoren baut. L\u00fcftung ist unsere Mission, der wir mit Know-How und Leidenschaft nachgehen.<\/p>\n\n\t\t<\/div>\n\t\t\t\t\n<style>\n#col-547566522 > .col-inner {\n  padding: 0px 20px 0px 20px;\n}\n<\/style>\n\t<\/div>\n\n\t\n\n<\/div>\n\n\t\t<\/div>\n\n\t\t\n<style>\n#section_333492132 {\n  padding-top: 0px;\n  padding-bottom: 0px;\n}\n<\/style>\n\t<\/section>\n\t\n\n\t<section class=\"section overlay-right section-bottom-space\" id=\"section_358740048\">\n\t\t<div class=\"section-bg fill\" >\n\t\t\t\t\t\t\t\t\t\n\t\t\t\n\n\t\t<\/div>\n\n\t\t\n\n\t\t<div class=\"section-content relative\">\n\t\t\t\n\n<div class=\"row row-collapse row-full-width align-middle\"  id=\"row-1937347527\">\n\n\n\t<div id=\"col-267984899\" class=\"col medium-10 small-12 large-4\"  >\n\t\t\t\t<div class=\"col-inner\"  >\n\t\t\t\n\t\t\t\n\n<div class=\"row text-row\"  id=\"row-2124749877\">\n\n\n\t<div id=\"col-161018253\" class=\"col small-12 large-12\"  >\n\t\t\t\t<div class=\"col-inner\"  >\n\t\t\t\n\t\t\t\n\n<h2>L\u00fcftungssysteme nach Funktion<\/h2>\n<p>Zentrall\u00fcftungssysteme und Dezentrale Wohnrauml\u00fcftung haben individuelle Einsatzgebiete und variieren hinsichtlich Installation und Funktion. Einrohrl\u00fcfter, Axial- und Radialventilatoren oder Zuluftelemente werden je nach Bedarf einzeln oder als Systemkomponenten betrieben.<\/p>\n<a href=\"\/de\/lueftungssysteme\" class=\"button primary is-outline\"  >\n\t\t<span>Weitere Informationen<\/span>\n\t<\/a>\n\n\n\n\t\t<\/div>\n\t\t\t\t\n<style>\n#col-161018253 > .col-inner {\n  padding: 30px 15px 30px 15px;\n}\n@media (min-width:550px) {\n  #col-161018253 > .col-inner {\n    padding: 40px 40px 40px 10px;\n  }\n}\n<\/style>\n\t<\/div>\n\n\t\n\n<\/div>\n\n\t\t<\/div>\n\t\t\t\t\t<\/div>\n\n\t\n\n\t<div id=\"col-824994245\" class=\"col medium-10 small-12 large-8 medium-col-first\"  >\n\t\t\t\t<div class=\"col-inner\"  >\n\t\t\t\n\t\t\t\n\n\t<div class=\"img has-hover rounded-edges x md-x lg-x y md-y lg-y\" id=\"image_1218355747\">\n\t\t\t\t\t\t\t\t<div class=\"img-inner image-cover dark\" style=\"padding-top:45%;\">\n\t\t\t<img loading=\"lazy\" decoding=\"async\" width=\"2500\" height=\"1667\" src=\"https:\/\/www.limodor.com\/de\/wp-content\/uploads\/sites\/2\/2023\/10\/Realsituation_5.jpg\" class=\"attachment-original size-original\" alt=\"\" srcset=\"https:\/\/www.limodor.com\/de\/wp-content\/uploads\/sites\/2\/2023\/10\/Realsituation_5.jpg 2500w, https:\/\/www.limodor.com\/de\/wp-content\/uploads\/sites\/2\/2023\/10\/Realsituation_5-300x200.jpg 300w, https:\/\/www.limodor.com\/de\/wp-content\/uploads\/sites\/2\/2023\/10\/Realsituation_5-1024x683.jpg 1024w, https:\/\/www.limodor.com\/de\/wp-content\/uploads\/sites\/2\/2023\/10\/Realsituation_5-768x512.jpg 768w, https:\/\/www.limodor.com\/de\/wp-content\/uploads\/sites\/2\/2023\/10\/Realsituation_5-1536x1024.jpg 1536w, https:\/\/www.limodor.com\/de\/wp-content\/uploads\/sites\/2\/2023\/10\/Realsituation_5-2048x1366.jpg 2048w, https:\/\/www.limodor.com\/de\/wp-content\/uploads\/sites\/2\/2023\/10\/Realsituation_5-510x340.jpg 510w\" sizes=\"auto, (max-width: 2500px) 100vw, 2500px\" \/>\t\t\t\t\t\t\n\t\t\t\t\t<\/div>\n\t\t\t\t\t\t\t\t\n<style>\n#image_1218355747 {\n  width: 100%;\n}\n<\/style>\n\t<\/div>\n\t\n\n\n\t\t<\/div>\n\t\t\t\t\t<\/div>\n\n\t\n\n<\/div>\n\n\t\t<\/div>\n\n\t\t\n<style>\n#section_358740048 {\n  padding-top: 0px;\n  padding-bottom: 0px;\n}\n<\/style>\n\t<\/section>\n\t\n\n\t<section class=\"section overlay-left section-space\" id=\"section_739068\">\n\t\t<div class=\"section-bg fill\" >\n\t\t\t\t\t\t\t\t\t\n\t\t\t\n\n\t\t<\/div>\n\n\t\t\n\n\t\t<div class=\"section-content relative\">\n\t\t\t\n\n<div class=\"row row-collapse row-full-width align-middle\"  id=\"row-1692256620\">\n\n\n\t<div id=\"col-403296154\" class=\"col medium-10 small-12 large-8\"  >\n\t\t\t\t<div class=\"col-inner\"  >\n\t\t\t\n\t\t\t\n\n\t<div class=\"img has-hover rounded-edges x md-x lg-x y md-y lg-y\" id=\"image_1736128807\">\n\t\t\t\t\t\t\t\t<div class=\"img-inner image-cover dark\" style=\"padding-top:45%;\">\n\t\t\t<img loading=\"lazy\" decoding=\"async\" width=\"2000\" height=\"1333\" src=\"https:\/\/www.limodor.com\/de\/wp-content\/uploads\/sites\/2\/2023\/10\/Realsituation_2.jpg\" class=\"attachment-original size-original\" alt=\"\" srcset=\"https:\/\/www.limodor.com\/de\/wp-content\/uploads\/sites\/2\/2023\/10\/Realsituation_2.jpg 2000w, https:\/\/www.limodor.com\/de\/wp-content\/uploads\/sites\/2\/2023\/10\/Realsituation_2-300x200.jpg 300w, https:\/\/www.limodor.com\/de\/wp-content\/uploads\/sites\/2\/2023\/10\/Realsituation_2-1024x682.jpg 1024w, https:\/\/www.limodor.com\/de\/wp-content\/uploads\/sites\/2\/2023\/10\/Realsituation_2-768x512.jpg 768w, https:\/\/www.limodor.com\/de\/wp-content\/uploads\/sites\/2\/2023\/10\/Realsituation_2-1536x1024.jpg 1536w, https:\/\/www.limodor.com\/de\/wp-content\/uploads\/sites\/2\/2023\/10\/Realsituation_2-510x340.jpg 510w\" sizes=\"auto, (max-width: 2000px) 100vw, 2000px\" \/>\t\t\t\t\t\t\n\t\t\t\t\t<\/div>\n\t\t\t\t\t\t\t\t\n<style>\n#image_1736128807 {\n  width: 100%;\n}\n<\/style>\n\t<\/div>\n\t\n\n\n\t\t<\/div>\n\t\t\t\t\t<\/div>\n\n\t\n\n\t<div id=\"col-1850510548\" class=\"col medium-10 small-12 large-4\"  >\n\t\t\t\t<div class=\"col-inner\"  >\n\t\t\t\n\t\t\t\n\n<div class=\"row text-row\"  id=\"row-1146334860\">\n\n\n\t<div id=\"col-1149709585\" class=\"col small-12 large-12\"  >\n\t\t\t\t<div class=\"col-inner\"  >\n\t\t\t\n\t\t\t\n\n<h2>L\u00fcftungssysteme f\u00fcr jeden Wohnraum<\/h2>\n<p>Wohlf\u00fchlklima f\u00fcr die ganze Wohnung. Rasche Entfeuchtung im Bad. Toilettenbesuch ohne Luftanhalten oder Schimmelschutz im Keller: Es gibt unz\u00e4hlige L\u00fcftungsaufgaben. Und es gibt das LIMODOR-Baukastensystem, das f\u00fcr individuelle Bed\u00fcrfnisse optimale L\u00f6sungen erm\u00f6glicht.<\/p>\n<a href=\"\/de\/wohnraeume\" class=\"button primary is-outline\"  >\n\t\t<span>Weitere Informationen<\/span>\n\t<\/a>\n\n\n\n\t\t<\/div>\n\t\t\t\t\n<style>\n#col-1149709585 > .col-inner {\n  padding: 30px 15px 30px 15px;\n}\n@media (min-width:550px) {\n  #col-1149709585 > .col-inner {\n    padding: 40px 10px 40px 40px;\n  }\n}\n<\/style>\n\t<\/div>\n\n\t\n\n<\/div>\n\n\t\t<\/div>\n\t\t\t\t\t<\/div>\n\n\t\n\n<\/div>\n\n\t\t<\/div>\n\n\t\t\n<style>\n#section_739068 {\n  padding-top: 0px;\n  padding-bottom: 0px;\n}\n<\/style>\n\t<\/section>\n\t","protected":false},"excerpt":{"rendered":"","protected":false},"author":7,"featured_media":0,"parent":0,"menu_order":0,"comment_status":"closed","ping_status":"closed","template":"page-blank.php","meta":{"_acf_changed":false,"footnotes":""},"class_list":["post-61","page","type-page","status-publish","hentry"],"acf":[],"yoast_head":"<!-- This site is optimized with the Yoast SEO plugin v24.8.1 - https:\/\/yoast.com\/wordpress\/plugins\/seo\/ -->\n<title>L\u00fcftungsanlagen, Wohnrauml\u00fcftung, L\u00fcftungsrohre im \u00dcberblick<\/title>\n<meta name=\"description\" content=\"Wir haben die passende L\u00fcftungsanlage f\u00fcr jeden Wohnraum. Schaffen Sie sich einen \u00dcberblick \u00fcber die verschiedenen L\u00fcftungen.\" \/>\n<meta name=\"robots\" content=\"index, follow, max-snippet:-1, max-image-preview:large, max-video-preview:-1\" \/>\n<link rel=\"canonical\" href=\"https:\/\/www.limodor.com\/de\/lueftungen\/\" \/>\n<meta property=\"og:locale\" content=\"de_DE\" \/>\n<meta property=\"og:type\" content=\"article\" \/>\n<meta property=\"og:title\" content=\"L\u00fcftungsanlagen, Wohnrauml\u00fcftung, L\u00fcftungsrohre im \u00dcberblick\" \/>\n<meta property=\"og:description\" content=\"Wir haben die passende L\u00fcftungsanlage f\u00fcr jeden Wohnraum. Schaffen Sie sich einen \u00dcberblick \u00fcber die verschiedenen L\u00fcftungen.\" \/>\n<meta property=\"og:url\" content=\"https:\/\/www.limodor.com\/de\/lueftungen\/\" \/>\n<meta property=\"og:site_name\" content=\"Limodor DE\" \/>\n<meta property=\"article:modified_time\" content=\"2024-03-21T12:13:35+00:00\" \/>\n<meta name=\"twitter:card\" content=\"summary_large_image\" \/>\n<script type=\"application\/ld+json\" class=\"yoast-schema-graph\">{\"@context\":\"https:\/\/schema.org\",\"@graph\":[{\"@type\":\"WebPage\",\"@id\":\"https:\/\/www.limodor.com\/de\/lueftungen\/\",\"url\":\"https:\/\/www.limodor.com\/de\/lueftungen\/\",\"name\":\"L\u00fcftungsanlagen, Wohnrauml\u00fcftung, L\u00fcftungsrohre im \u00dcberblick\",\"isPartOf\":{\"@id\":\"https:\/\/www.limodor.com\/de\/#website\"},\"datePublished\":\"2023-07-13T13:02:17+00:00\",\"dateModified\":\"2024-03-21T12:13:35+00:00\",\"description\":\"Wir haben die passende L\u00fcftungsanlage f\u00fcr jeden Wohnraum. Schaffen Sie sich einen \u00dcberblick \u00fcber die verschiedenen L\u00fcftungen.\",\"breadcrumb\":{\"@id\":\"https:\/\/www.limodor.com\/de\/lueftungen\/#breadcrumb\"},\"inLanguage\":\"de\",\"potentialAction\":[{\"@type\":\"ReadAction\",\"target\":[\"https:\/\/www.limodor.com\/de\/lueftungen\/\"]}]},{\"@type\":\"BreadcrumbList\",\"@id\":\"https:\/\/www.limodor.com\/de\/lueftungen\/#breadcrumb\",\"itemListElement\":[{\"@type\":\"ListItem\",\"position\":1,\"name\":\"Startseite\",\"item\":\"https:\/\/www.limodor.com\/de\/\"},{\"@type\":\"ListItem\",\"position\":2,\"name\":\"L\u00f6sungen\"}]},{\"@type\":\"WebSite\",\"@id\":\"https:\/\/www.limodor.com\/de\/#website\",\"url\":\"https:\/\/www.limodor.com\/de\/\",\"name\":\"Limodor DE\",\"description\":\"\",\"potentialAction\":[{\"@type\":\"SearchAction\",\"target\":{\"@type\":\"EntryPoint\",\"urlTemplate\":\"https:\/\/www.limodor.com\/de\/?s={search_term_string}\"},\"query-input\":{\"@type\":\"PropertyValueSpecification\",\"valueRequired\":true,\"valueName\":\"search_term_string\"}}],\"inLanguage\":\"de\"}]}<\/script>\n<!-- \/ Yoast SEO plugin. -->","yoast_head_json":{"title":"L\u00fcftungsanlagen, Wohnrauml\u00fcftung, L\u00fcftungsrohre im \u00dcberblick","description":"Wir haben die passende L\u00fcftungsanlage f\u00fcr jeden Wohnraum. Schaffen Sie sich einen \u00dcberblick \u00fcber die verschiedenen L\u00fcftungen.","robots":{"index":"index","follow":"follow","max-snippet":"max-snippet:-1","max-image-preview":"max-image-preview:large","max-video-preview":"max-video-preview:-1"},"canonical":"https:\/\/www.limodor.com\/de\/lueftungen\/","og_locale":"de_DE","og_type":"article","og_title":"L\u00fcftungsanlagen, Wohnrauml\u00fcftung, L\u00fcftungsrohre im \u00dcberblick","og_description":"Wir haben die passende L\u00fcftungsanlage f\u00fcr jeden Wohnraum. Schaffen Sie sich einen \u00dcberblick \u00fcber die verschiedenen L\u00fcftungen.","og_url":"https:\/\/www.limodor.com\/de\/lueftungen\/","og_site_name":"Limodor DE","article_modified_time":"2024-03-21T12:13:35+00:00","twitter_card":"summary_large_image","schema":{"@context":"https:\/\/schema.org","@graph":[{"@type":"WebPage","@id":"https:\/\/www.limodor.com\/de\/lueftungen\/","url":"https:\/\/www.limodor.com\/de\/lueftungen\/","name":"L\u00fcftungsanlagen, Wohnrauml\u00fcftung, L\u00fcftungsrohre im \u00dcberblick","isPartOf":{"@id":"https:\/\/www.limodor.com\/de\/#website"},"datePublished":"2023-07-13T13:02:17+00:00","dateModified":"2024-03-21T12:13:35+00:00","description":"Wir haben die passende L\u00fcftungsanlage f\u00fcr jeden Wohnraum. Schaffen Sie sich einen \u00dcberblick \u00fcber die verschiedenen L\u00fcftungen.","breadcrumb":{"@id":"https:\/\/www.limodor.com\/de\/lueftungen\/#breadcrumb"},"inLanguage":"de","potentialAction":[{"@type":"ReadAction","target":["https:\/\/www.limodor.com\/de\/lueftungen\/"]}]},{"@type":"BreadcrumbList","@id":"https:\/\/www.limodor.com\/de\/lueftungen\/#breadcrumb","itemListElement":[{"@type":"ListItem","position":1,"name":"Startseite","item":"https:\/\/www.limodor.com\/de\/"},{"@type":"ListItem","position":2,"name":"L\u00f6sungen"}]},{"@type":"WebSite","@id":"https:\/\/www.limodor.com\/de\/#website","url":"https:\/\/www.limodor.com\/de\/","name":"Limodor DE","description":"","potentialAction":[{"@type":"SearchAction","target":{"@type":"EntryPoint","urlTemplate":"https:\/\/www.limodor.com\/de\/?s={search_term_string}"},"query-input":{"@type":"PropertyValueSpecification","valueRequired":true,"valueName":"search_term_string"}}],"inLanguage":"de"}]}},"_links":{"self":[{"href":"https:\/\/www.limodor.com\/de\/wp-json\/wp\/v2\/pages\/61","targetHints":{"allow":["GET"]}}],"collection":[{"href":"https:\/\/www.limodor.com\/de\/wp-json\/wp\/v2\/pages"}],"about":[{"href":"https:\/\/www.limodor.com\/de\/wp-json\/wp\/v2\/types\/page"}],"author":[{"embeddable":true,"href":"https:\/\/www.limodor.com\/de\/wp-json\/wp\/v2\/users\/7"}],"replies":[{"embeddable":true,"href":"https:\/\/www.limodor.com\/de\/wp-json\/wp\/v2\/comments?post=61"}],"version-history":[{"count":2,"href":"https:\/\/www.limodor.com\/de\/wp-json\/wp\/v2\/pages\/61\/revisions"}],"predecessor-version":[{"id":7336,"href":"https:\/\/www.limodor.com\/de\/wp-json\/wp\/v2\/pages\/61\/revisions\/7336"}],"wp:attachment":[{"href":"https:\/\/www.limodor.com\/de\/wp-json\/wp\/v2\/media?parent=61"}],"curies":[{"name":"wp","href":"https:\/\/api.w.org\/{rel}","templated":true}]}}