{"id":44490,"date":"2026-02-26T10:46:27","date_gmt":"2026-02-26T09:46:27","guid":{"rendered":"https:\/\/www.limodor.com\/de\/?post_type=product&#038;p=44490"},"modified":"2026-04-05T07:41:30","modified_gmt":"2026-04-05T05:41:30","slug":"wandluefter-airodor-plus-mit-deckel-airodor-db","status":"publish","type":"product","link":"https:\/\/www.limodor.com\/de\/produkt\/wandluefter-airodor-plus-mit-deckel-airodor-db\/","title":{"rendered":"Wandl\u00fcfter AIRODOR Plus"},"content":{"rendered":"","protected":false},"excerpt":{"rendered":"<p>Runder schallged\u00e4mmter Wandl\u00fcfter mit reversierendem Zu-\/Abluftbetrieb und innenliegendem Keramikspeicher, sowie Au\u00dfen-\/Abluftfilter (Filterklasse: ISO Coarse >45%). Einsetzbar als Nebenl\u00fcfter bei Twin-System in Kombination mit Wandl\u00fcfter AIRODOR Plus mit Deckel Airodor-dB+AD-G oder AD-G\/CO2. Der Filterwechsel, sowie die Entnahme aller Wandl\u00fcfter-Innenteile, ist ohne Werkzeug durchf\u00fchrbar. Die Einbauh\u00fclse (Durchmesser: 160 mm) ist f\u00fcr Wandst\u00e4rken von 260 bis 500 mm geeignet. Die Liefereinheit besteht aus einer runden Einbauh\u00fclse mit Kabelanschlusskasten und Putzdeckel, dem Keramikspeicher mit Fliegengitter und Au\u00dfenluftfilter, Gebl\u00e4semotor Airodor Plus mit Abluftfilter und Deckel Airodor-dB als Innenblende, sowie einem Wetterschutzgitter Airodor. Der Deckel ist zur Aufnahme einer Filterkassette (Filterklassifizierung ePM1>50%) vorbereitet. Einzel- oder Paarbetrieb mittels Steuerung AD-UP (Zubeh\u00f6r, Einbau in Schalterdose), Steuerung AD-UV (Zubeh\u00f6r, Einbau in UV auf EN-Profilschiene) oder Steuerung Serie AD-G (Zubeh\u00f6r, Bedienung \u00fcber Sensorik am Deckel Airodor-dB+AD-G bzw. +AD-GCO2). Zentrale Ansteuerung mehrerer Wandl\u00fcfter, unter Ber\u00fccksichtigung der Zuluftversorgung f\u00fcr Abl\u00fcfter nach DIN 18017-3, m\u00f6glich. Schallangaben abh\u00e4ngig vom Ger\u00e4teaufbau und L\u00e4nge der Einbauh\u00fclse.<\/p>\n","protected":false},"featured_media":44828,"template":"","meta":{"_acf_changed":false},"product_brand":[],"product_cat":[21,103],"product_tag":[],"class_list":{"0":"post-44490","1":"product","2":"type-product","3":"status-publish","4":"has-post-thumbnail","6":"product_cat-produktbezeichnung","7":"product_cat-airodor","9":"first","10":"instock","11":"taxable","12":"shipping-taxable","13":"purchasable","14":"product-type-simple"},"acf":[],"yoast_head":"<!-- This site is optimized with the Yoast SEO plugin v24.8.1 - https:\/\/yoast.com\/wordpress\/plugins\/seo\/ -->\n<title>Wandl\u00fcfter AIRODOR Plus - LIMODOR<\/title>\n<meta name=\"robots\" content=\"index, follow, max-snippet:-1, max-image-preview:large, max-video-preview:-1\" \/>\n<link rel=\"canonical\" href=\"https:\/\/www.limodor.com\/de\/produkt\/wandluefter-airodor-plus-mit-deckel-airodor-db\/\" \/>\n<meta property=\"og:locale\" content=\"de_DE\" \/>\n<meta property=\"og:type\" content=\"article\" \/>\n<meta property=\"og:title\" content=\"Wandl\u00fcfter AIRODOR Plus - LIMODOR\" \/>\n<meta property=\"og:description\" content=\"Runder schallged\u00e4mmter Wandl\u00fcfter mit reversierendem Zu-\/Abluftbetrieb und innenliegendem Keramikspeicher, sowie Au\u00dfen-\/Abluftfilter (Filterklasse: ISO Coarse &gt;45%). Einsetzbar als Nebenl\u00fcfter bei Twin-System in Kombination mit Wandl\u00fcfter AIRODOR Plus mit Deckel Airodor-dB+AD-G oder AD-G\/CO2. Der Filterwechsel, sowie die Entnahme aller Wandl\u00fcfter-Innenteile, ist ohne Werkzeug durchf\u00fchrbar. Die Einbauh\u00fclse (Durchmesser: 160 mm) ist f\u00fcr Wandst\u00e4rken von 260 bis 500 mm geeignet. Die Liefereinheit besteht aus einer runden Einbauh\u00fclse mit Kabelanschlusskasten und Putzdeckel, dem Keramikspeicher mit Fliegengitter und Au\u00dfenluftfilter, Gebl\u00e4semotor Airodor Plus mit Abluftfilter und Deckel Airodor-dB als Innenblende, sowie einem Wetterschutzgitter Airodor. Der Deckel ist zur Aufnahme einer Filterkassette (Filterklassifizierung ePM1&gt;50%) vorbereitet. Einzel- oder Paarbetrieb mittels Steuerung AD-UP (Zubeh\u00f6r, Einbau in Schalterdose), Steuerung AD-UV (Zubeh\u00f6r, Einbau in UV auf EN-Profilschiene) oder Steuerung Serie AD-G (Zubeh\u00f6r, Bedienung \u00fcber Sensorik am Deckel Airodor-dB+AD-G bzw. +AD-GCO2). Zentrale Ansteuerung mehrerer Wandl\u00fcfter, unter Ber\u00fccksichtigung der Zuluftversorgung f\u00fcr Abl\u00fcfter nach DIN 18017-3, m\u00f6glich. Schallangaben abh\u00e4ngig vom Ger\u00e4teaufbau und L\u00e4nge der Einbauh\u00fclse.\" \/>\n<meta property=\"og:url\" content=\"https:\/\/www.limodor.com\/de\/produkt\/wandluefter-airodor-plus-mit-deckel-airodor-db\/\" \/>\n<meta property=\"og:site_name\" content=\"Limodor DE\" \/>\n<meta property=\"article:modified_time\" content=\"2026-04-05T05:41:30+00:00\" \/>\n<meta name=\"twitter:card\" content=\"summary_large_image\" \/>\n<meta name=\"twitter:label1\" content=\"Gesch\u00e4tzte Lesezeit\" \/>\n\t<meta name=\"twitter:data1\" content=\"1\u00a0Minute\" \/>\n<script type=\"application\/ld+json\" class=\"yoast-schema-graph\">{\"@context\":\"https:\/\/schema.org\",\"@graph\":[{\"@type\":\"WebPage\",\"@id\":\"https:\/\/www.limodor.com\/de\/produkt\/wandluefter-airodor-plus-mit-deckel-airodor-db\/\",\"url\":\"https:\/\/www.limodor.com\/de\/produkt\/wandluefter-airodor-plus-mit-deckel-airodor-db\/\",\"name\":\"Wandl\u00fcfter AIRODOR Plus - LIMODOR\",\"isPartOf\":{\"@id\":\"https:\/\/www.limodor.com\/de\/#website\"},\"primaryImageOfPage\":{\"@id\":\"https:\/\/www.limodor.com\/de\/produkt\/wandluefter-airodor-plus-mit-deckel-airodor-db\/#primaryimage\"},\"image\":{\"@id\":\"https:\/\/www.limodor.com\/de\/produkt\/wandluefter-airodor-plus-mit-deckel-airodor-db\/#primaryimage\"},\"thumbnailUrl\":\"https:\/\/www.limodor.com\/de\/wp-content\/uploads\/sites\/2\/2026\/02\/DE38013_Wandluefter_Airodor_Plus_Deckel-dB.png\",\"datePublished\":\"2026-02-26T09:46:27+00:00\",\"dateModified\":\"2026-04-05T05:41:30+00:00\",\"breadcrumb\":{\"@id\":\"https:\/\/www.limodor.com\/de\/produkt\/wandluefter-airodor-plus-mit-deckel-airodor-db\/#breadcrumb\"},\"inLanguage\":\"de\",\"potentialAction\":[{\"@type\":\"ReadAction\",\"target\":[\"https:\/\/www.limodor.com\/de\/produkt\/wandluefter-airodor-plus-mit-deckel-airodor-db\/\"]}]},{\"@type\":\"ImageObject\",\"inLanguage\":\"de\",\"@id\":\"https:\/\/www.limodor.com\/de\/produkt\/wandluefter-airodor-plus-mit-deckel-airodor-db\/#primaryimage\",\"url\":\"https:\/\/www.limodor.com\/de\/wp-content\/uploads\/sites\/2\/2026\/02\/DE38013_Wandluefter_Airodor_Plus_Deckel-dB.png\",\"contentUrl\":\"https:\/\/www.limodor.com\/de\/wp-content\/uploads\/sites\/2\/2026\/02\/DE38013_Wandluefter_Airodor_Plus_Deckel-dB.png\",\"width\":1181,\"height\":1181},{\"@type\":\"BreadcrumbList\",\"@id\":\"https:\/\/www.limodor.com\/de\/produkt\/wandluefter-airodor-plus-mit-deckel-airodor-db\/#breadcrumb\",\"itemListElement\":[{\"@type\":\"ListItem\",\"position\":1,\"name\":\"Startseite\",\"item\":\"https:\/\/www.limodor.com\/de\/\"},{\"@type\":\"ListItem\",\"position\":2,\"name\":\"Shop\",\"item\":\"https:\/\/www.limodor.com\/de\/shop\/\"},{\"@type\":\"ListItem\",\"position\":3,\"name\":\"Wandl\u00fcfter AIRODOR Plus mit Deckel Airodor-dB\"}]},{\"@type\":\"WebSite\",\"@id\":\"https:\/\/www.limodor.com\/de\/#website\",\"url\":\"https:\/\/www.limodor.com\/de\/\",\"name\":\"Limodor DE\",\"description\":\"\",\"potentialAction\":[{\"@type\":\"SearchAction\",\"target\":{\"@type\":\"EntryPoint\",\"urlTemplate\":\"https:\/\/www.limodor.com\/de\/?s={search_term_string}\"},\"query-input\":{\"@type\":\"PropertyValueSpecification\",\"valueRequired\":true,\"valueName\":\"search_term_string\"}}],\"inLanguage\":\"de\"}]}<\/script>\n<!-- \/ Yoast SEO plugin. -->","yoast_head_json":{"title":"Wandl\u00fcfter AIRODOR Plus - LIMODOR","robots":{"index":"index","follow":"follow","max-snippet":"max-snippet:-1","max-image-preview":"max-image-preview:large","max-video-preview":"max-video-preview:-1"},"canonical":"https:\/\/www.limodor.com\/de\/produkt\/wandluefter-airodor-plus-mit-deckel-airodor-db\/","og_locale":"de_DE","og_type":"article","og_title":"Wandl\u00fcfter AIRODOR Plus - LIMODOR","og_description":"Runder schallged\u00e4mmter Wandl\u00fcfter mit reversierendem Zu-\/Abluftbetrieb und innenliegendem Keramikspeicher, sowie Au\u00dfen-\/Abluftfilter (Filterklasse: ISO Coarse >45%). Einsetzbar als Nebenl\u00fcfter bei Twin-System in Kombination mit Wandl\u00fcfter AIRODOR Plus mit Deckel Airodor-dB+AD-G oder AD-G\/CO2. Der Filterwechsel, sowie die Entnahme aller Wandl\u00fcfter-Innenteile, ist ohne Werkzeug durchf\u00fchrbar. Die Einbauh\u00fclse (Durchmesser: 160 mm) ist f\u00fcr Wandst\u00e4rken von 260 bis 500 mm geeignet. Die Liefereinheit besteht aus einer runden Einbauh\u00fclse mit Kabelanschlusskasten und Putzdeckel, dem Keramikspeicher mit Fliegengitter und Au\u00dfenluftfilter, Gebl\u00e4semotor Airodor Plus mit Abluftfilter und Deckel Airodor-dB als Innenblende, sowie einem Wetterschutzgitter Airodor. Der Deckel ist zur Aufnahme einer Filterkassette (Filterklassifizierung ePM1>50%) vorbereitet. Einzel- oder Paarbetrieb mittels Steuerung AD-UP (Zubeh\u00f6r, Einbau in Schalterdose), Steuerung AD-UV (Zubeh\u00f6r, Einbau in UV auf EN-Profilschiene) oder Steuerung Serie AD-G (Zubeh\u00f6r, Bedienung \u00fcber Sensorik am Deckel Airodor-dB+AD-G bzw. +AD-GCO2). Zentrale Ansteuerung mehrerer Wandl\u00fcfter, unter Ber\u00fccksichtigung der Zuluftversorgung f\u00fcr Abl\u00fcfter nach DIN 18017-3, m\u00f6glich. Schallangaben abh\u00e4ngig vom Ger\u00e4teaufbau und L\u00e4nge der Einbauh\u00fclse.","og_url":"https:\/\/www.limodor.com\/de\/produkt\/wandluefter-airodor-plus-mit-deckel-airodor-db\/","og_site_name":"Limodor DE","article_modified_time":"2026-04-05T05:41:30+00:00","twitter_card":"summary_large_image","twitter_misc":{"Gesch\u00e4tzte Lesezeit":"1\u00a0Minute"},"schema":{"@context":"https:\/\/schema.org","@graph":[{"@type":"WebPage","@id":"https:\/\/www.limodor.com\/de\/produkt\/wandluefter-airodor-plus-mit-deckel-airodor-db\/","url":"https:\/\/www.limodor.com\/de\/produkt\/wandluefter-airodor-plus-mit-deckel-airodor-db\/","name":"Wandl\u00fcfter AIRODOR Plus - LIMODOR","isPartOf":{"@id":"https:\/\/www.limodor.com\/de\/#website"},"primaryImageOfPage":{"@id":"https:\/\/www.limodor.com\/de\/produkt\/wandluefter-airodor-plus-mit-deckel-airodor-db\/#primaryimage"},"image":{"@id":"https:\/\/www.limodor.com\/de\/produkt\/wandluefter-airodor-plus-mit-deckel-airodor-db\/#primaryimage"},"thumbnailUrl":"https:\/\/www.limodor.com\/de\/wp-content\/uploads\/sites\/2\/2026\/02\/DE38013_Wandluefter_Airodor_Plus_Deckel-dB.png","datePublished":"2026-02-26T09:46:27+00:00","dateModified":"2026-04-05T05:41:30+00:00","breadcrumb":{"@id":"https:\/\/www.limodor.com\/de\/produkt\/wandluefter-airodor-plus-mit-deckel-airodor-db\/#breadcrumb"},"inLanguage":"de","potentialAction":[{"@type":"ReadAction","target":["https:\/\/www.limodor.com\/de\/produkt\/wandluefter-airodor-plus-mit-deckel-airodor-db\/"]}]},{"@type":"ImageObject","inLanguage":"de","@id":"https:\/\/www.limodor.com\/de\/produkt\/wandluefter-airodor-plus-mit-deckel-airodor-db\/#primaryimage","url":"https:\/\/www.limodor.com\/de\/wp-content\/uploads\/sites\/2\/2026\/02\/DE38013_Wandluefter_Airodor_Plus_Deckel-dB.png","contentUrl":"https:\/\/www.limodor.com\/de\/wp-content\/uploads\/sites\/2\/2026\/02\/DE38013_Wandluefter_Airodor_Plus_Deckel-dB.png","width":1181,"height":1181},{"@type":"BreadcrumbList","@id":"https:\/\/www.limodor.com\/de\/produkt\/wandluefter-airodor-plus-mit-deckel-airodor-db\/#breadcrumb","itemListElement":[{"@type":"ListItem","position":1,"name":"Startseite","item":"https:\/\/www.limodor.com\/de\/"},{"@type":"ListItem","position":2,"name":"Shop","item":"https:\/\/www.limodor.com\/de\/shop\/"},{"@type":"ListItem","position":3,"name":"Wandl\u00fcfter AIRODOR Plus mit Deckel Airodor-dB"}]},{"@type":"WebSite","@id":"https:\/\/www.limodor.com\/de\/#website","url":"https:\/\/www.limodor.com\/de\/","name":"Limodor DE","description":"","potentialAction":[{"@type":"SearchAction","target":{"@type":"EntryPoint","urlTemplate":"https:\/\/www.limodor.com\/de\/?s={search_term_string}"},"query-input":{"@type":"PropertyValueSpecification","valueRequired":true,"valueName":"search_term_string"}}],"inLanguage":"de"}]}},"_links":{"self":[{"href":"https:\/\/www.limodor.com\/de\/wp-json\/wp\/v2\/product\/44490","targetHints":{"allow":["GET"]}}],"collection":[{"href":"https:\/\/www.limodor.com\/de\/wp-json\/wp\/v2\/product"}],"about":[{"href":"https:\/\/www.limodor.com\/de\/wp-json\/wp\/v2\/types\/product"}],"wp:featuredmedia":[{"embeddable":true,"href":"https:\/\/www.limodor.com\/de\/wp-json\/wp\/v2\/media\/44828"}],"wp:attachment":[{"href":"https:\/\/www.limodor.com\/de\/wp-json\/wp\/v2\/media?parent=44490"}],"wp:term":[{"taxonomy":"product_brand","embeddable":true,"href":"https:\/\/www.limodor.com\/de\/wp-json\/wp\/v2\/product_brand?post=44490"},{"taxonomy":"product_cat","embeddable":true,"href":"https:\/\/www.limodor.com\/de\/wp-json\/wp\/v2\/product_cat?post=44490"},{"taxonomy":"product_tag","embeddable":true,"href":"https:\/\/www.limodor.com\/de\/wp-json\/wp\/v2\/product_tag?post=44490"}],"curies":[{"name":"wp","href":"https:\/\/api.w.org\/{rel}","templated":true}]}}