{"id":44504,"date":"2026-02-26T10:46:30","date_gmt":"2026-02-26T09:46:30","guid":{"rendered":"https:\/\/www.limodor.com\/de\/?post_type=product&#038;p=44504"},"modified":"2026-04-09T09:10:42","modified_gmt":"2026-04-09T07:10:42","slug":"aussenhaube-205x205mm-v2a-h-57mm-ausfuehrung-edelstahl","status":"publish","type":"product","link":"https:\/\/www.limodor.com\/de\/produkt\/aussenhaube-205x205mm-v2a-h-57mm-ausfuehrung-edelstahl\/","title":{"rendered":"Au\u00dfenhaube 205x205mm-V2A"},"content":{"rendered":"","protected":false},"excerpt":{"rendered":"<p>Au\u00dfenhaube aus Edelstahl f\u00fcr den Au\u00dfenwandanschluss an die Wandh\u00fclse160-S\/500 (Zulufteinrichtung AIRONOVA ALD-S 160) oder Einbauh\u00fclse Airodor (Wandl\u00fcfter Serie AIRODOR). Lieferung inklusive Befestigungsmaterial.<\/p>\n","protected":false},"featured_media":44854,"template":"","meta":{"_acf_changed":false},"product_brand":[],"product_cat":[85,21,135],"product_tag":[],"class_list":{"0":"post-44504","1":"product","2":"type-product","3":"status-publish","4":"has-post-thumbnail","6":"product_cat-sonstiges-zubehoer","7":"product_cat-produktbezeichnung","8":"product_cat-limodor-ald","10":"first","11":"instock","12":"taxable","13":"shipping-taxable","14":"purchasable","15":"product-type-simple"},"acf":[],"yoast_head":"<!-- This site is optimized with the Yoast SEO plugin v24.8.1 - https:\/\/yoast.com\/wordpress\/plugins\/seo\/ -->\n<title>Au\u00dfenhaube 205x205mm-V2A - LIMODOR<\/title>\n<meta name=\"robots\" content=\"index, follow, max-snippet:-1, max-image-preview:large, max-video-preview:-1\" \/>\n<link rel=\"canonical\" href=\"https:\/\/www.limodor.com\/de\/produkt\/aussenhaube-205x205mm-v2a-h-57mm-ausfuehrung-edelstahl\/\" \/>\n<meta property=\"og:locale\" content=\"de_DE\" \/>\n<meta property=\"og:type\" content=\"article\" \/>\n<meta property=\"og:title\" content=\"Au\u00dfenhaube 205x205mm-V2A - LIMODOR\" \/>\n<meta property=\"og:description\" content=\"Au\u00dfenhaube aus Edelstahl f\u00fcr den Au\u00dfenwandanschluss an die Wandh\u00fclse160-S\/500 (Zulufteinrichtung AIRONOVA ALD-S 160) oder Einbauh\u00fclse Airodor (Wandl\u00fcfter Serie AIRODOR). Lieferung inklusive Befestigungsmaterial.\" \/>\n<meta property=\"og:url\" content=\"https:\/\/www.limodor.com\/de\/produkt\/aussenhaube-205x205mm-v2a-h-57mm-ausfuehrung-edelstahl\/\" \/>\n<meta property=\"og:site_name\" content=\"Limodor DE\" \/>\n<meta property=\"article:modified_time\" content=\"2026-04-09T07:10:42+00:00\" \/>\n<meta name=\"twitter:card\" content=\"summary_large_image\" \/>\n<meta name=\"twitter:label1\" content=\"Gesch\u00e4tzte Lesezeit\" \/>\n\t<meta name=\"twitter:data1\" content=\"1\u00a0Minute\" \/>\n<script type=\"application\/ld+json\" class=\"yoast-schema-graph\">{\"@context\":\"https:\/\/schema.org\",\"@graph\":[{\"@type\":\"WebPage\",\"@id\":\"https:\/\/www.limodor.com\/de\/produkt\/aussenhaube-205x205mm-v2a-h-57mm-ausfuehrung-edelstahl\/\",\"url\":\"https:\/\/www.limodor.com\/de\/produkt\/aussenhaube-205x205mm-v2a-h-57mm-ausfuehrung-edelstahl\/\",\"name\":\"Au\u00dfenhaube 205x205mm-V2A - LIMODOR\",\"isPartOf\":{\"@id\":\"https:\/\/www.limodor.com\/de\/#website\"},\"primaryImageOfPage\":{\"@id\":\"https:\/\/www.limodor.com\/de\/produkt\/aussenhaube-205x205mm-v2a-h-57mm-ausfuehrung-edelstahl\/#primaryimage\"},\"image\":{\"@id\":\"https:\/\/www.limodor.com\/de\/produkt\/aussenhaube-205x205mm-v2a-h-57mm-ausfuehrung-edelstahl\/#primaryimage\"},\"thumbnailUrl\":\"https:\/\/www.limodor.com\/de\/wp-content\/uploads\/sites\/2\/2026\/02\/DE38027_Aussengitter205x205mm.png\",\"datePublished\":\"2026-02-26T09:46:30+00:00\",\"dateModified\":\"2026-04-09T07:10:42+00:00\",\"breadcrumb\":{\"@id\":\"https:\/\/www.limodor.com\/de\/produkt\/aussenhaube-205x205mm-v2a-h-57mm-ausfuehrung-edelstahl\/#breadcrumb\"},\"inLanguage\":\"de\",\"potentialAction\":[{\"@type\":\"ReadAction\",\"target\":[\"https:\/\/www.limodor.com\/de\/produkt\/aussenhaube-205x205mm-v2a-h-57mm-ausfuehrung-edelstahl\/\"]}]},{\"@type\":\"ImageObject\",\"inLanguage\":\"de\",\"@id\":\"https:\/\/www.limodor.com\/de\/produkt\/aussenhaube-205x205mm-v2a-h-57mm-ausfuehrung-edelstahl\/#primaryimage\",\"url\":\"https:\/\/www.limodor.com\/de\/wp-content\/uploads\/sites\/2\/2026\/02\/DE38027_Aussengitter205x205mm.png\",\"contentUrl\":\"https:\/\/www.limodor.com\/de\/wp-content\/uploads\/sites\/2\/2026\/02\/DE38027_Aussengitter205x205mm.png\",\"width\":1181,\"height\":1181},{\"@type\":\"BreadcrumbList\",\"@id\":\"https:\/\/www.limodor.com\/de\/produkt\/aussenhaube-205x205mm-v2a-h-57mm-ausfuehrung-edelstahl\/#breadcrumb\",\"itemListElement\":[{\"@type\":\"ListItem\",\"position\":1,\"name\":\"Startseite\",\"item\":\"https:\/\/www.limodor.com\/de\/\"},{\"@type\":\"ListItem\",\"position\":2,\"name\":\"Shop\",\"item\":\"https:\/\/www.limodor.com\/de\/shop\/\"},{\"@type\":\"ListItem\",\"position\":3,\"name\":\"Au\u00dfenhaube 205x205mm-V2A H= 57mm, Ausf\u00fchrung: Edelstahl\"}]},{\"@type\":\"WebSite\",\"@id\":\"https:\/\/www.limodor.com\/de\/#website\",\"url\":\"https:\/\/www.limodor.com\/de\/\",\"name\":\"Limodor DE\",\"description\":\"\",\"potentialAction\":[{\"@type\":\"SearchAction\",\"target\":{\"@type\":\"EntryPoint\",\"urlTemplate\":\"https:\/\/www.limodor.com\/de\/?s={search_term_string}\"},\"query-input\":{\"@type\":\"PropertyValueSpecification\",\"valueRequired\":true,\"valueName\":\"search_term_string\"}}],\"inLanguage\":\"de\"}]}<\/script>\n<!-- \/ Yoast SEO plugin. -->","yoast_head_json":{"title":"Au\u00dfenhaube 205x205mm-V2A - LIMODOR","robots":{"index":"index","follow":"follow","max-snippet":"max-snippet:-1","max-image-preview":"max-image-preview:large","max-video-preview":"max-video-preview:-1"},"canonical":"https:\/\/www.limodor.com\/de\/produkt\/aussenhaube-205x205mm-v2a-h-57mm-ausfuehrung-edelstahl\/","og_locale":"de_DE","og_type":"article","og_title":"Au\u00dfenhaube 205x205mm-V2A - LIMODOR","og_description":"Au\u00dfenhaube aus Edelstahl f\u00fcr den Au\u00dfenwandanschluss an die Wandh\u00fclse160-S\/500 (Zulufteinrichtung AIRONOVA ALD-S 160) oder Einbauh\u00fclse Airodor (Wandl\u00fcfter Serie AIRODOR). Lieferung inklusive Befestigungsmaterial.","og_url":"https:\/\/www.limodor.com\/de\/produkt\/aussenhaube-205x205mm-v2a-h-57mm-ausfuehrung-edelstahl\/","og_site_name":"Limodor DE","article_modified_time":"2026-04-09T07:10:42+00:00","twitter_card":"summary_large_image","twitter_misc":{"Gesch\u00e4tzte Lesezeit":"1\u00a0Minute"},"schema":{"@context":"https:\/\/schema.org","@graph":[{"@type":"WebPage","@id":"https:\/\/www.limodor.com\/de\/produkt\/aussenhaube-205x205mm-v2a-h-57mm-ausfuehrung-edelstahl\/","url":"https:\/\/www.limodor.com\/de\/produkt\/aussenhaube-205x205mm-v2a-h-57mm-ausfuehrung-edelstahl\/","name":"Au\u00dfenhaube 205x205mm-V2A - LIMODOR","isPartOf":{"@id":"https:\/\/www.limodor.com\/de\/#website"},"primaryImageOfPage":{"@id":"https:\/\/www.limodor.com\/de\/produkt\/aussenhaube-205x205mm-v2a-h-57mm-ausfuehrung-edelstahl\/#primaryimage"},"image":{"@id":"https:\/\/www.limodor.com\/de\/produkt\/aussenhaube-205x205mm-v2a-h-57mm-ausfuehrung-edelstahl\/#primaryimage"},"thumbnailUrl":"https:\/\/www.limodor.com\/de\/wp-content\/uploads\/sites\/2\/2026\/02\/DE38027_Aussengitter205x205mm.png","datePublished":"2026-02-26T09:46:30+00:00","dateModified":"2026-04-09T07:10:42+00:00","breadcrumb":{"@id":"https:\/\/www.limodor.com\/de\/produkt\/aussenhaube-205x205mm-v2a-h-57mm-ausfuehrung-edelstahl\/#breadcrumb"},"inLanguage":"de","potentialAction":[{"@type":"ReadAction","target":["https:\/\/www.limodor.com\/de\/produkt\/aussenhaube-205x205mm-v2a-h-57mm-ausfuehrung-edelstahl\/"]}]},{"@type":"ImageObject","inLanguage":"de","@id":"https:\/\/www.limodor.com\/de\/produkt\/aussenhaube-205x205mm-v2a-h-57mm-ausfuehrung-edelstahl\/#primaryimage","url":"https:\/\/www.limodor.com\/de\/wp-content\/uploads\/sites\/2\/2026\/02\/DE38027_Aussengitter205x205mm.png","contentUrl":"https:\/\/www.limodor.com\/de\/wp-content\/uploads\/sites\/2\/2026\/02\/DE38027_Aussengitter205x205mm.png","width":1181,"height":1181},{"@type":"BreadcrumbList","@id":"https:\/\/www.limodor.com\/de\/produkt\/aussenhaube-205x205mm-v2a-h-57mm-ausfuehrung-edelstahl\/#breadcrumb","itemListElement":[{"@type":"ListItem","position":1,"name":"Startseite","item":"https:\/\/www.limodor.com\/de\/"},{"@type":"ListItem","position":2,"name":"Shop","item":"https:\/\/www.limodor.com\/de\/shop\/"},{"@type":"ListItem","position":3,"name":"Au\u00dfenhaube 205x205mm-V2A H= 57mm, Ausf\u00fchrung: Edelstahl"}]},{"@type":"WebSite","@id":"https:\/\/www.limodor.com\/de\/#website","url":"https:\/\/www.limodor.com\/de\/","name":"Limodor DE","description":"","potentialAction":[{"@type":"SearchAction","target":{"@type":"EntryPoint","urlTemplate":"https:\/\/www.limodor.com\/de\/?s={search_term_string}"},"query-input":{"@type":"PropertyValueSpecification","valueRequired":true,"valueName":"search_term_string"}}],"inLanguage":"de"}]}},"_links":{"self":[{"href":"https:\/\/www.limodor.com\/de\/wp-json\/wp\/v2\/product\/44504","targetHints":{"allow":["GET"]}}],"collection":[{"href":"https:\/\/www.limodor.com\/de\/wp-json\/wp\/v2\/product"}],"about":[{"href":"https:\/\/www.limodor.com\/de\/wp-json\/wp\/v2\/types\/product"}],"wp:featuredmedia":[{"embeddable":true,"href":"https:\/\/www.limodor.com\/de\/wp-json\/wp\/v2\/media\/44854"}],"wp:attachment":[{"href":"https:\/\/www.limodor.com\/de\/wp-json\/wp\/v2\/media?parent=44504"}],"wp:term":[{"taxonomy":"product_brand","embeddable":true,"href":"https:\/\/www.limodor.com\/de\/wp-json\/wp\/v2\/product_brand?post=44504"},{"taxonomy":"product_cat","embeddable":true,"href":"https:\/\/www.limodor.com\/de\/wp-json\/wp\/v2\/product_cat?post=44504"},{"taxonomy":"product_tag","embeddable":true,"href":"https:\/\/www.limodor.com\/de\/wp-json\/wp\/v2\/product_tag?post=44504"}],"curies":[{"name":"wp","href":"https:\/\/api.w.org\/{rel}","templated":true}]}}