{"id":44545,"date":"2026-02-26T10:47:00","date_gmt":"2026-02-26T09:47:00","guid":{"rendered":"https:\/\/www.limodor.com\/de\/?post_type=product&#038;p=44545"},"modified":"2026-04-05T17:56:40","modified_gmt":"2026-04-05T15:56:40","slug":"filterkassette-wlg-r-250-m5-278x258x46mm-f-wlg-r-250-s","status":"publish","type":"product","link":"https:\/\/www.limodor.com\/de\/produkt\/filterkassette-wlg-r-250-m5-278x258x46mm-f-wlg-r-250-s\/","title":{"rendered":"Filterkassette WLG-R-250-M5"},"content":{"rendered":"","protected":false},"excerpt":{"rendered":"<p>Filterkassette mit Rahmen (Filterklasse ePM10>50%) f\u00fcr Wohnungsl\u00fcftungsger\u00e4t WLG-R-250-S-Ali bzw. -Are.<\/p>\n","protected":false},"featured_media":44938,"template":"","meta":{"_acf_changed":false},"product_brand":[],"product_cat":[83,65,21,108],"product_tag":[],"class_list":{"0":"post-44545","1":"product","2":"type-product","3":"status-publish","4":"has-post-thumbnail","6":"product_cat-produktart","7":"product_cat-filter","8":"product_cat-produktbezeichnung","9":"product_cat-kompakt-wlg","11":"first","12":"instock","13":"taxable","14":"shipping-taxable","15":"purchasable","16":"product-type-simple"},"acf":[],"yoast_head":"<!-- This site is optimized with the Yoast SEO plugin v24.8.1 - https:\/\/yoast.com\/wordpress\/plugins\/seo\/ -->\n<title>Filterkassette WLG-R-250-M5 - LIMODOR<\/title>\n<meta name=\"robots\" content=\"index, follow, max-snippet:-1, max-image-preview:large, max-video-preview:-1\" \/>\n<link rel=\"canonical\" href=\"https:\/\/www.limodor.com\/de\/produkt\/filterkassette-wlg-r-250-m5-278x258x46mm-f-wlg-r-250-s\/\" \/>\n<meta property=\"og:locale\" content=\"de_DE\" \/>\n<meta property=\"og:type\" content=\"article\" \/>\n<meta property=\"og:title\" content=\"Filterkassette WLG-R-250-M5 - LIMODOR\" \/>\n<meta property=\"og:description\" content=\"Filterkassette mit Rahmen (Filterklasse ePM10&gt;50%) f\u00fcr Wohnungsl\u00fcftungsger\u00e4t WLG-R-250-S-Ali bzw. -Are.\" \/>\n<meta property=\"og:url\" content=\"https:\/\/www.limodor.com\/de\/produkt\/filterkassette-wlg-r-250-m5-278x258x46mm-f-wlg-r-250-s\/\" \/>\n<meta property=\"og:site_name\" content=\"Limodor DE\" \/>\n<meta property=\"article:modified_time\" content=\"2026-04-05T15:56:40+00:00\" \/>\n<meta name=\"twitter:card\" content=\"summary_large_image\" \/>\n<meta name=\"twitter:label1\" content=\"Gesch\u00e4tzte Lesezeit\" \/>\n\t<meta name=\"twitter:data1\" content=\"1\u00a0Minute\" \/>\n<script type=\"application\/ld+json\" class=\"yoast-schema-graph\">{\"@context\":\"https:\/\/schema.org\",\"@graph\":[{\"@type\":\"WebPage\",\"@id\":\"https:\/\/www.limodor.com\/de\/produkt\/filterkassette-wlg-r-250-m5-278x258x46mm-f-wlg-r-250-s\/\",\"url\":\"https:\/\/www.limodor.com\/de\/produkt\/filterkassette-wlg-r-250-m5-278x258x46mm-f-wlg-r-250-s\/\",\"name\":\"Filterkassette WLG-R-250-M5 - LIMODOR\",\"isPartOf\":{\"@id\":\"https:\/\/www.limodor.com\/de\/#website\"},\"primaryImageOfPage\":{\"@id\":\"https:\/\/www.limodor.com\/de\/produkt\/filterkassette-wlg-r-250-m5-278x258x46mm-f-wlg-r-250-s\/#primaryimage\"},\"image\":{\"@id\":\"https:\/\/www.limodor.com\/de\/produkt\/filterkassette-wlg-r-250-m5-278x258x46mm-f-wlg-r-250-s\/#primaryimage\"},\"thumbnailUrl\":\"https:\/\/www.limodor.com\/de\/wp-content\/uploads\/sites\/2\/2026\/02\/DE622ff_Filterkassetten.png\",\"datePublished\":\"2026-02-26T09:47:00+00:00\",\"dateModified\":\"2026-04-05T15:56:40+00:00\",\"breadcrumb\":{\"@id\":\"https:\/\/www.limodor.com\/de\/produkt\/filterkassette-wlg-r-250-m5-278x258x46mm-f-wlg-r-250-s\/#breadcrumb\"},\"inLanguage\":\"de\",\"potentialAction\":[{\"@type\":\"ReadAction\",\"target\":[\"https:\/\/www.limodor.com\/de\/produkt\/filterkassette-wlg-r-250-m5-278x258x46mm-f-wlg-r-250-s\/\"]}]},{\"@type\":\"ImageObject\",\"inLanguage\":\"de\",\"@id\":\"https:\/\/www.limodor.com\/de\/produkt\/filterkassette-wlg-r-250-m5-278x258x46mm-f-wlg-r-250-s\/#primaryimage\",\"url\":\"https:\/\/www.limodor.com\/de\/wp-content\/uploads\/sites\/2\/2026\/02\/DE622ff_Filterkassetten.png\",\"contentUrl\":\"https:\/\/www.limodor.com\/de\/wp-content\/uploads\/sites\/2\/2026\/02\/DE622ff_Filterkassetten.png\",\"width\":1181,\"height\":1181},{\"@type\":\"BreadcrumbList\",\"@id\":\"https:\/\/www.limodor.com\/de\/produkt\/filterkassette-wlg-r-250-m5-278x258x46mm-f-wlg-r-250-s\/#breadcrumb\",\"itemListElement\":[{\"@type\":\"ListItem\",\"position\":1,\"name\":\"Startseite\",\"item\":\"https:\/\/www.limodor.com\/de\/\"},{\"@type\":\"ListItem\",\"position\":2,\"name\":\"Shop\",\"item\":\"https:\/\/www.limodor.com\/de\/shop\/\"},{\"@type\":\"ListItem\",\"position\":3,\"name\":\"Filterkassette WLG-R-250-M5 278x258x46mm f.WLG-R-250-S\"}]},{\"@type\":\"WebSite\",\"@id\":\"https:\/\/www.limodor.com\/de\/#website\",\"url\":\"https:\/\/www.limodor.com\/de\/\",\"name\":\"Limodor DE\",\"description\":\"\",\"potentialAction\":[{\"@type\":\"SearchAction\",\"target\":{\"@type\":\"EntryPoint\",\"urlTemplate\":\"https:\/\/www.limodor.com\/de\/?s={search_term_string}\"},\"query-input\":{\"@type\":\"PropertyValueSpecification\",\"valueRequired\":true,\"valueName\":\"search_term_string\"}}],\"inLanguage\":\"de\"}]}<\/script>\n<!-- \/ Yoast SEO plugin. -->","yoast_head_json":{"title":"Filterkassette WLG-R-250-M5 - LIMODOR","robots":{"index":"index","follow":"follow","max-snippet":"max-snippet:-1","max-image-preview":"max-image-preview:large","max-video-preview":"max-video-preview:-1"},"canonical":"https:\/\/www.limodor.com\/de\/produkt\/filterkassette-wlg-r-250-m5-278x258x46mm-f-wlg-r-250-s\/","og_locale":"de_DE","og_type":"article","og_title":"Filterkassette WLG-R-250-M5 - LIMODOR","og_description":"Filterkassette mit Rahmen (Filterklasse ePM10>50%) f\u00fcr Wohnungsl\u00fcftungsger\u00e4t WLG-R-250-S-Ali bzw. -Are.","og_url":"https:\/\/www.limodor.com\/de\/produkt\/filterkassette-wlg-r-250-m5-278x258x46mm-f-wlg-r-250-s\/","og_site_name":"Limodor DE","article_modified_time":"2026-04-05T15:56:40+00:00","twitter_card":"summary_large_image","twitter_misc":{"Gesch\u00e4tzte Lesezeit":"1\u00a0Minute"},"schema":{"@context":"https:\/\/schema.org","@graph":[{"@type":"WebPage","@id":"https:\/\/www.limodor.com\/de\/produkt\/filterkassette-wlg-r-250-m5-278x258x46mm-f-wlg-r-250-s\/","url":"https:\/\/www.limodor.com\/de\/produkt\/filterkassette-wlg-r-250-m5-278x258x46mm-f-wlg-r-250-s\/","name":"Filterkassette WLG-R-250-M5 - LIMODOR","isPartOf":{"@id":"https:\/\/www.limodor.com\/de\/#website"},"primaryImageOfPage":{"@id":"https:\/\/www.limodor.com\/de\/produkt\/filterkassette-wlg-r-250-m5-278x258x46mm-f-wlg-r-250-s\/#primaryimage"},"image":{"@id":"https:\/\/www.limodor.com\/de\/produkt\/filterkassette-wlg-r-250-m5-278x258x46mm-f-wlg-r-250-s\/#primaryimage"},"thumbnailUrl":"https:\/\/www.limodor.com\/de\/wp-content\/uploads\/sites\/2\/2026\/02\/DE622ff_Filterkassetten.png","datePublished":"2026-02-26T09:47:00+00:00","dateModified":"2026-04-05T15:56:40+00:00","breadcrumb":{"@id":"https:\/\/www.limodor.com\/de\/produkt\/filterkassette-wlg-r-250-m5-278x258x46mm-f-wlg-r-250-s\/#breadcrumb"},"inLanguage":"de","potentialAction":[{"@type":"ReadAction","target":["https:\/\/www.limodor.com\/de\/produkt\/filterkassette-wlg-r-250-m5-278x258x46mm-f-wlg-r-250-s\/"]}]},{"@type":"ImageObject","inLanguage":"de","@id":"https:\/\/www.limodor.com\/de\/produkt\/filterkassette-wlg-r-250-m5-278x258x46mm-f-wlg-r-250-s\/#primaryimage","url":"https:\/\/www.limodor.com\/de\/wp-content\/uploads\/sites\/2\/2026\/02\/DE622ff_Filterkassetten.png","contentUrl":"https:\/\/www.limodor.com\/de\/wp-content\/uploads\/sites\/2\/2026\/02\/DE622ff_Filterkassetten.png","width":1181,"height":1181},{"@type":"BreadcrumbList","@id":"https:\/\/www.limodor.com\/de\/produkt\/filterkassette-wlg-r-250-m5-278x258x46mm-f-wlg-r-250-s\/#breadcrumb","itemListElement":[{"@type":"ListItem","position":1,"name":"Startseite","item":"https:\/\/www.limodor.com\/de\/"},{"@type":"ListItem","position":2,"name":"Shop","item":"https:\/\/www.limodor.com\/de\/shop\/"},{"@type":"ListItem","position":3,"name":"Filterkassette WLG-R-250-M5 278x258x46mm f.WLG-R-250-S"}]},{"@type":"WebSite","@id":"https:\/\/www.limodor.com\/de\/#website","url":"https:\/\/www.limodor.com\/de\/","name":"Limodor DE","description":"","potentialAction":[{"@type":"SearchAction","target":{"@type":"EntryPoint","urlTemplate":"https:\/\/www.limodor.com\/de\/?s={search_term_string}"},"query-input":{"@type":"PropertyValueSpecification","valueRequired":true,"valueName":"search_term_string"}}],"inLanguage":"de"}]}},"_links":{"self":[{"href":"https:\/\/www.limodor.com\/de\/wp-json\/wp\/v2\/product\/44545","targetHints":{"allow":["GET"]}}],"collection":[{"href":"https:\/\/www.limodor.com\/de\/wp-json\/wp\/v2\/product"}],"about":[{"href":"https:\/\/www.limodor.com\/de\/wp-json\/wp\/v2\/types\/product"}],"wp:featuredmedia":[{"embeddable":true,"href":"https:\/\/www.limodor.com\/de\/wp-json\/wp\/v2\/media\/44938"}],"wp:attachment":[{"href":"https:\/\/www.limodor.com\/de\/wp-json\/wp\/v2\/media?parent=44545"}],"wp:term":[{"taxonomy":"product_brand","embeddable":true,"href":"https:\/\/www.limodor.com\/de\/wp-json\/wp\/v2\/product_brand?post=44545"},{"taxonomy":"product_cat","embeddable":true,"href":"https:\/\/www.limodor.com\/de\/wp-json\/wp\/v2\/product_cat?post=44545"},{"taxonomy":"product_tag","embeddable":true,"href":"https:\/\/www.limodor.com\/de\/wp-json\/wp\/v2\/product_tag?post=44545"}],"curies":[{"name":"wp","href":"https:\/\/api.w.org\/{rel}","templated":true}]}}