{"id":44598,"date":"2026-02-26T10:47:29","date_gmt":"2026-02-26T09:47:29","guid":{"rendered":"https:\/\/www.limodor.com\/de\/?post_type=product&#038;p=44598"},"modified":"2026-05-14T03:56:46","modified_gmt":"2026-05-14T01:56:46","slug":"abdeckplatte-s-line-c-ls-s-line-design-sensor-c-ls","status":"publish","type":"product","link":"https:\/\/www.limodor.com\/de\/produkt\/abdeckplatte-s-line-c-ls-s-line-design-sensor-c-ls\/","title":{"rendered":"Abdeckplatte S-Line C-LS"},"content":{"rendered":"","protected":false},"excerpt":{"rendered":"<p>Vordere L\u00fcfterabdeckung (Sichtblende) im Design: S-Line inklusive montiertem Lichtsensor C-LS und Dr\u00fccker. Einsetzbar f\u00fcr alle L\u00fcfterserien ECom.<\/p>\n","protected":false},"featured_media":45042,"template":"","meta":{"_acf_changed":false},"product_brand":[],"product_cat":[91,83,84,21,86],"product_tag":[],"class_list":{"0":"post-44598","1":"product","2":"type-product","3":"status-publish","4":"has-post-thumbnail","6":"product_cat-abdeckungen","7":"product_cat-produktart","8":"product_cat-steuerungen","9":"product_cat-produktbezeichnung","10":"product_cat-limodor-ecom","12":"first","13":"instock","14":"taxable","15":"shipping-taxable","16":"purchasable","17":"product-type-simple"},"acf":[],"yoast_head":"<!-- This site is optimized with the Yoast SEO plugin v24.8.1 - https:\/\/yoast.com\/wordpress\/plugins\/seo\/ -->\n<title>Abdeckplatte S-Line C-LS - LIMODOR<\/title>\n<meta name=\"robots\" content=\"index, follow, max-snippet:-1, max-image-preview:large, max-video-preview:-1\" \/>\n<link rel=\"canonical\" href=\"https:\/\/www.limodor.com\/de\/produkt\/abdeckplatte-s-line-c-ls-s-line-design-sensor-c-ls\/\" \/>\n<meta property=\"og:locale\" content=\"de_DE\" \/>\n<meta property=\"og:type\" content=\"article\" \/>\n<meta property=\"og:title\" content=\"Abdeckplatte S-Line C-LS - LIMODOR\" \/>\n<meta property=\"og:description\" content=\"Vordere L\u00fcfterabdeckung (Sichtblende) im Design: S-Line inklusive montiertem Lichtsensor C-LS und Dr\u00fccker. Einsetzbar f\u00fcr alle L\u00fcfterserien ECom.\" \/>\n<meta property=\"og:url\" content=\"https:\/\/www.limodor.com\/de\/produkt\/abdeckplatte-s-line-c-ls-s-line-design-sensor-c-ls\/\" \/>\n<meta property=\"og:site_name\" content=\"Limodor DE\" \/>\n<meta property=\"article:modified_time\" content=\"2026-05-14T01:56:46+00:00\" \/>\n<meta name=\"twitter:card\" content=\"summary_large_image\" \/>\n<meta name=\"twitter:label1\" content=\"Gesch\u00e4tzte Lesezeit\" \/>\n\t<meta name=\"twitter:data1\" content=\"1\u00a0Minute\" \/>\n<script type=\"application\/ld+json\" class=\"yoast-schema-graph\">{\"@context\":\"https:\/\/schema.org\",\"@graph\":[{\"@type\":\"WebPage\",\"@id\":\"https:\/\/www.limodor.com\/de\/produkt\/abdeckplatte-s-line-c-ls-s-line-design-sensor-c-ls\/\",\"url\":\"https:\/\/www.limodor.com\/de\/produkt\/abdeckplatte-s-line-c-ls-s-line-design-sensor-c-ls\/\",\"name\":\"Abdeckplatte S-Line C-LS - LIMODOR\",\"isPartOf\":{\"@id\":\"https:\/\/www.limodor.com\/de\/#website\"},\"primaryImageOfPage\":{\"@id\":\"https:\/\/www.limodor.com\/de\/produkt\/abdeckplatte-s-line-c-ls-s-line-design-sensor-c-ls\/#primaryimage\"},\"image\":{\"@id\":\"https:\/\/www.limodor.com\/de\/produkt\/abdeckplatte-s-line-c-ls-s-line-design-sensor-c-ls\/#primaryimage\"},\"thumbnailUrl\":\"https:\/\/www.limodor.com\/de\/wp-content\/uploads\/sites\/2\/2026\/02\/DE90095-6_Abdeckplatte_S-Line-Sensor-BM-LS.png\",\"datePublished\":\"2026-02-26T09:47:29+00:00\",\"dateModified\":\"2026-05-14T01:56:46+00:00\",\"breadcrumb\":{\"@id\":\"https:\/\/www.limodor.com\/de\/produkt\/abdeckplatte-s-line-c-ls-s-line-design-sensor-c-ls\/#breadcrumb\"},\"inLanguage\":\"de\",\"potentialAction\":[{\"@type\":\"ReadAction\",\"target\":[\"https:\/\/www.limodor.com\/de\/produkt\/abdeckplatte-s-line-c-ls-s-line-design-sensor-c-ls\/\"]}]},{\"@type\":\"ImageObject\",\"inLanguage\":\"de\",\"@id\":\"https:\/\/www.limodor.com\/de\/produkt\/abdeckplatte-s-line-c-ls-s-line-design-sensor-c-ls\/#primaryimage\",\"url\":\"https:\/\/www.limodor.com\/de\/wp-content\/uploads\/sites\/2\/2026\/02\/DE90095-6_Abdeckplatte_S-Line-Sensor-BM-LS.png\",\"contentUrl\":\"https:\/\/www.limodor.com\/de\/wp-content\/uploads\/sites\/2\/2026\/02\/DE90095-6_Abdeckplatte_S-Line-Sensor-BM-LS.png\",\"width\":1181,\"height\":1181},{\"@type\":\"BreadcrumbList\",\"@id\":\"https:\/\/www.limodor.com\/de\/produkt\/abdeckplatte-s-line-c-ls-s-line-design-sensor-c-ls\/#breadcrumb\",\"itemListElement\":[{\"@type\":\"ListItem\",\"position\":1,\"name\":\"Startseite\",\"item\":\"https:\/\/www.limodor.com\/de\/\"},{\"@type\":\"ListItem\",\"position\":2,\"name\":\"Shop\",\"item\":\"https:\/\/www.limodor.com\/de\/shop\/\"},{\"@type\":\"ListItem\",\"position\":3,\"name\":\"Abdeckplatte S-Line C-LS S-Line Design + Sensor C-LS\"}]},{\"@type\":\"WebSite\",\"@id\":\"https:\/\/www.limodor.com\/de\/#website\",\"url\":\"https:\/\/www.limodor.com\/de\/\",\"name\":\"Limodor DE\",\"description\":\"\",\"potentialAction\":[{\"@type\":\"SearchAction\",\"target\":{\"@type\":\"EntryPoint\",\"urlTemplate\":\"https:\/\/www.limodor.com\/de\/?s={search_term_string}\"},\"query-input\":{\"@type\":\"PropertyValueSpecification\",\"valueRequired\":true,\"valueName\":\"search_term_string\"}}],\"inLanguage\":\"de\"}]}<\/script>\n<!-- \/ Yoast SEO plugin. -->","yoast_head_json":{"title":"Abdeckplatte S-Line C-LS - LIMODOR","robots":{"index":"index","follow":"follow","max-snippet":"max-snippet:-1","max-image-preview":"max-image-preview:large","max-video-preview":"max-video-preview:-1"},"canonical":"https:\/\/www.limodor.com\/de\/produkt\/abdeckplatte-s-line-c-ls-s-line-design-sensor-c-ls\/","og_locale":"de_DE","og_type":"article","og_title":"Abdeckplatte S-Line C-LS - LIMODOR","og_description":"Vordere L\u00fcfterabdeckung (Sichtblende) im Design: S-Line inklusive montiertem Lichtsensor C-LS und Dr\u00fccker. Einsetzbar f\u00fcr alle L\u00fcfterserien ECom.","og_url":"https:\/\/www.limodor.com\/de\/produkt\/abdeckplatte-s-line-c-ls-s-line-design-sensor-c-ls\/","og_site_name":"Limodor DE","article_modified_time":"2026-05-14T01:56:46+00:00","twitter_card":"summary_large_image","twitter_misc":{"Gesch\u00e4tzte Lesezeit":"1\u00a0Minute"},"schema":{"@context":"https:\/\/schema.org","@graph":[{"@type":"WebPage","@id":"https:\/\/www.limodor.com\/de\/produkt\/abdeckplatte-s-line-c-ls-s-line-design-sensor-c-ls\/","url":"https:\/\/www.limodor.com\/de\/produkt\/abdeckplatte-s-line-c-ls-s-line-design-sensor-c-ls\/","name":"Abdeckplatte S-Line C-LS - LIMODOR","isPartOf":{"@id":"https:\/\/www.limodor.com\/de\/#website"},"primaryImageOfPage":{"@id":"https:\/\/www.limodor.com\/de\/produkt\/abdeckplatte-s-line-c-ls-s-line-design-sensor-c-ls\/#primaryimage"},"image":{"@id":"https:\/\/www.limodor.com\/de\/produkt\/abdeckplatte-s-line-c-ls-s-line-design-sensor-c-ls\/#primaryimage"},"thumbnailUrl":"https:\/\/www.limodor.com\/de\/wp-content\/uploads\/sites\/2\/2026\/02\/DE90095-6_Abdeckplatte_S-Line-Sensor-BM-LS.png","datePublished":"2026-02-26T09:47:29+00:00","dateModified":"2026-05-14T01:56:46+00:00","breadcrumb":{"@id":"https:\/\/www.limodor.com\/de\/produkt\/abdeckplatte-s-line-c-ls-s-line-design-sensor-c-ls\/#breadcrumb"},"inLanguage":"de","potentialAction":[{"@type":"ReadAction","target":["https:\/\/www.limodor.com\/de\/produkt\/abdeckplatte-s-line-c-ls-s-line-design-sensor-c-ls\/"]}]},{"@type":"ImageObject","inLanguage":"de","@id":"https:\/\/www.limodor.com\/de\/produkt\/abdeckplatte-s-line-c-ls-s-line-design-sensor-c-ls\/#primaryimage","url":"https:\/\/www.limodor.com\/de\/wp-content\/uploads\/sites\/2\/2026\/02\/DE90095-6_Abdeckplatte_S-Line-Sensor-BM-LS.png","contentUrl":"https:\/\/www.limodor.com\/de\/wp-content\/uploads\/sites\/2\/2026\/02\/DE90095-6_Abdeckplatte_S-Line-Sensor-BM-LS.png","width":1181,"height":1181},{"@type":"BreadcrumbList","@id":"https:\/\/www.limodor.com\/de\/produkt\/abdeckplatte-s-line-c-ls-s-line-design-sensor-c-ls\/#breadcrumb","itemListElement":[{"@type":"ListItem","position":1,"name":"Startseite","item":"https:\/\/www.limodor.com\/de\/"},{"@type":"ListItem","position":2,"name":"Shop","item":"https:\/\/www.limodor.com\/de\/shop\/"},{"@type":"ListItem","position":3,"name":"Abdeckplatte S-Line C-LS S-Line Design + Sensor C-LS"}]},{"@type":"WebSite","@id":"https:\/\/www.limodor.com\/de\/#website","url":"https:\/\/www.limodor.com\/de\/","name":"Limodor DE","description":"","potentialAction":[{"@type":"SearchAction","target":{"@type":"EntryPoint","urlTemplate":"https:\/\/www.limodor.com\/de\/?s={search_term_string}"},"query-input":{"@type":"PropertyValueSpecification","valueRequired":true,"valueName":"search_term_string"}}],"inLanguage":"de"}]}},"_links":{"self":[{"href":"https:\/\/www.limodor.com\/de\/wp-json\/wp\/v2\/product\/44598","targetHints":{"allow":["GET"]}}],"collection":[{"href":"https:\/\/www.limodor.com\/de\/wp-json\/wp\/v2\/product"}],"about":[{"href":"https:\/\/www.limodor.com\/de\/wp-json\/wp\/v2\/types\/product"}],"wp:featuredmedia":[{"embeddable":true,"href":"https:\/\/www.limodor.com\/de\/wp-json\/wp\/v2\/media\/45042"}],"wp:attachment":[{"href":"https:\/\/www.limodor.com\/de\/wp-json\/wp\/v2\/media?parent=44598"}],"wp:term":[{"taxonomy":"product_brand","embeddable":true,"href":"https:\/\/www.limodor.com\/de\/wp-json\/wp\/v2\/product_brand?post=44598"},{"taxonomy":"product_cat","embeddable":true,"href":"https:\/\/www.limodor.com\/de\/wp-json\/wp\/v2\/product_cat?post=44598"},{"taxonomy":"product_tag","embeddable":true,"href":"https:\/\/www.limodor.com\/de\/wp-json\/wp\/v2\/product_tag?post=44598"}],"curies":[{"name":"wp","href":"https:\/\/api.w.org\/{rel}","templated":true}]}}