{"id":44660,"date":"2026-02-26T10:48:17","date_gmt":"2026-02-26T09:48:17","guid":{"rendered":"https:\/\/www.limodor.com\/de\/?post_type=product&#038;p=44660"},"modified":"2026-05-14T05:57:12","modified_gmt":"2026-05-14T03:57:12","slug":"steuerung-snr-tz-230v-steuerspannung-230vac","status":"publish","type":"product","link":"https:\/\/www.limodor.com\/de\/produkt\/steuerung-snr-tz-230v-steuerspannung-230vac\/","title":{"rendered":"Steuerung SNR\/TZ-230V"},"content":{"rendered":"","protected":false},"excerpt":{"rendered":"<p>Steckbare Steuerung mit R\u00fcckstellfunktion, zentraler Ansteuerung (Eingang 230V) und Intervallbetrieb zur Montage zwischen Gebl\u00e4se (Serie LF, ELF, LB und LW) und Steckerkupplung. Einstellung der Nachlauf-\/Einschaltverz\u00f6gerungszeit und Inversbetrieb durch DIP-Schalter f\u00fcr Voll- oder Teillast. Werkseitige Voreinstellung der DIP-Schalter: Nachlaufzeit 16 Min., ohne Einschaltverz\u00f6gerung und Inversbetrieb. (Hinweis: Der Inversbetrieb kann nur mit einer 2-stufigen Gebl\u00e4seeinsatz verwendet werden) &#8211; 1-Kanal-Betrieb mit Ansteuerung der Voll-\/Teillaststufe- automatischer Erkennung von 1 oder 4-Kanal-Betrieb- einstellbare Vorrangschaltung f\u00fcr den Lichtschalter- Stumm- und Volllastabschaltung.<\/p>\n","protected":false},"featured_media":45170,"template":"","meta":{"_acf_changed":false},"product_brand":[],"product_cat":[84,21,106],"product_tag":[],"class_list":{"0":"post-44660","1":"product","2":"type-product","3":"status-publish","4":"has-post-thumbnail","6":"product_cat-steuerungen","7":"product_cat-produktbezeichnung","8":"product_cat-limodor-elf","10":"first","11":"instock","12":"taxable","13":"shipping-taxable","14":"purchasable","15":"product-type-simple"},"acf":[],"yoast_head":"<!-- This site is optimized with the Yoast SEO plugin v24.8.1 - https:\/\/yoast.com\/wordpress\/plugins\/seo\/ -->\n<title>Steuerung SNR\/TZ-230V - LIMODOR<\/title>\n<meta name=\"robots\" content=\"index, follow, max-snippet:-1, max-image-preview:large, max-video-preview:-1\" \/>\n<link rel=\"canonical\" href=\"https:\/\/www.limodor.com\/de\/produkt\/steuerung-snr-tz-230v-steuerspannung-230vac\/\" \/>\n<meta property=\"og:locale\" content=\"de_DE\" \/>\n<meta property=\"og:type\" content=\"article\" \/>\n<meta property=\"og:title\" content=\"Steuerung SNR\/TZ-230V - LIMODOR\" \/>\n<meta property=\"og:description\" content=\"Steckbare Steuerung mit R\u00fcckstellfunktion, zentraler Ansteuerung (Eingang 230V) und Intervallbetrieb zur Montage zwischen Gebl\u00e4se (Serie LF, ELF, LB und LW) und Steckerkupplung. Einstellung der Nachlauf-\/Einschaltverz\u00f6gerungszeit und Inversbetrieb durch DIP-Schalter f\u00fcr Voll- oder Teillast. Werkseitige Voreinstellung der DIP-Schalter: Nachlaufzeit 16 Min., ohne Einschaltverz\u00f6gerung und Inversbetrieb. (Hinweis: Der Inversbetrieb kann nur mit einer 2-stufigen Gebl\u00e4seeinsatz verwendet werden) - 1-Kanal-Betrieb mit Ansteuerung der Voll-\/Teillaststufe- automatischer Erkennung von 1 oder 4-Kanal-Betrieb- einstellbare Vorrangschaltung f\u00fcr den Lichtschalter- Stumm- und Volllastabschaltung.\" \/>\n<meta property=\"og:url\" content=\"https:\/\/www.limodor.com\/de\/produkt\/steuerung-snr-tz-230v-steuerspannung-230vac\/\" \/>\n<meta property=\"og:site_name\" content=\"Limodor DE\" \/>\n<meta property=\"article:modified_time\" content=\"2026-05-14T03:57:12+00:00\" \/>\n<meta name=\"twitter:card\" content=\"summary_large_image\" \/>\n<meta name=\"twitter:label1\" content=\"Gesch\u00e4tzte Lesezeit\" \/>\n\t<meta name=\"twitter:data1\" content=\"1\u00a0Minute\" \/>\n<script type=\"application\/ld+json\" class=\"yoast-schema-graph\">{\"@context\":\"https:\/\/schema.org\",\"@graph\":[{\"@type\":\"WebPage\",\"@id\":\"https:\/\/www.limodor.com\/de\/produkt\/steuerung-snr-tz-230v-steuerspannung-230vac\/\",\"url\":\"https:\/\/www.limodor.com\/de\/produkt\/steuerung-snr-tz-230v-steuerspannung-230vac\/\",\"name\":\"Steuerung SNR\/TZ-230V - LIMODOR\",\"isPartOf\":{\"@id\":\"https:\/\/www.limodor.com\/de\/#website\"},\"primaryImageOfPage\":{\"@id\":\"https:\/\/www.limodor.com\/de\/produkt\/steuerung-snr-tz-230v-steuerspannung-230vac\/#primaryimage\"},\"image\":{\"@id\":\"https:\/\/www.limodor.com\/de\/produkt\/steuerung-snr-tz-230v-steuerspannung-230vac\/#primaryimage\"},\"thumbnailUrl\":\"https:\/\/www.limodor.com\/de\/wp-content\/uploads\/sites\/2\/2026\/02\/DE99115-6_Steuerung_SNR-TZ.png\",\"datePublished\":\"2026-02-26T09:48:17+00:00\",\"dateModified\":\"2026-05-14T03:57:12+00:00\",\"breadcrumb\":{\"@id\":\"https:\/\/www.limodor.com\/de\/produkt\/steuerung-snr-tz-230v-steuerspannung-230vac\/#breadcrumb\"},\"inLanguage\":\"de\",\"potentialAction\":[{\"@type\":\"ReadAction\",\"target\":[\"https:\/\/www.limodor.com\/de\/produkt\/steuerung-snr-tz-230v-steuerspannung-230vac\/\"]}]},{\"@type\":\"ImageObject\",\"inLanguage\":\"de\",\"@id\":\"https:\/\/www.limodor.com\/de\/produkt\/steuerung-snr-tz-230v-steuerspannung-230vac\/#primaryimage\",\"url\":\"https:\/\/www.limodor.com\/de\/wp-content\/uploads\/sites\/2\/2026\/02\/DE99115-6_Steuerung_SNR-TZ.png\",\"contentUrl\":\"https:\/\/www.limodor.com\/de\/wp-content\/uploads\/sites\/2\/2026\/02\/DE99115-6_Steuerung_SNR-TZ.png\",\"width\":1181,\"height\":1181},{\"@type\":\"BreadcrumbList\",\"@id\":\"https:\/\/www.limodor.com\/de\/produkt\/steuerung-snr-tz-230v-steuerspannung-230vac\/#breadcrumb\",\"itemListElement\":[{\"@type\":\"ListItem\",\"position\":1,\"name\":\"Startseite\",\"item\":\"https:\/\/www.limodor.com\/de\/\"},{\"@type\":\"ListItem\",\"position\":2,\"name\":\"Shop\",\"item\":\"https:\/\/www.limodor.com\/de\/shop\/\"},{\"@type\":\"ListItem\",\"position\":3,\"name\":\"Steuerung SNR\/TZ-230V Steuerspannung: 230VAC\"}]},{\"@type\":\"WebSite\",\"@id\":\"https:\/\/www.limodor.com\/de\/#website\",\"url\":\"https:\/\/www.limodor.com\/de\/\",\"name\":\"Limodor DE\",\"description\":\"\",\"potentialAction\":[{\"@type\":\"SearchAction\",\"target\":{\"@type\":\"EntryPoint\",\"urlTemplate\":\"https:\/\/www.limodor.com\/de\/?s={search_term_string}\"},\"query-input\":{\"@type\":\"PropertyValueSpecification\",\"valueRequired\":true,\"valueName\":\"search_term_string\"}}],\"inLanguage\":\"de\"}]}<\/script>\n<!-- \/ Yoast SEO plugin. -->","yoast_head_json":{"title":"Steuerung SNR\/TZ-230V - LIMODOR","robots":{"index":"index","follow":"follow","max-snippet":"max-snippet:-1","max-image-preview":"max-image-preview:large","max-video-preview":"max-video-preview:-1"},"canonical":"https:\/\/www.limodor.com\/de\/produkt\/steuerung-snr-tz-230v-steuerspannung-230vac\/","og_locale":"de_DE","og_type":"article","og_title":"Steuerung SNR\/TZ-230V - LIMODOR","og_description":"Steckbare Steuerung mit R\u00fcckstellfunktion, zentraler Ansteuerung (Eingang 230V) und Intervallbetrieb zur Montage zwischen Gebl\u00e4se (Serie LF, ELF, LB und LW) und Steckerkupplung. Einstellung der Nachlauf-\/Einschaltverz\u00f6gerungszeit und Inversbetrieb durch DIP-Schalter f\u00fcr Voll- oder Teillast. Werkseitige Voreinstellung der DIP-Schalter: Nachlaufzeit 16 Min., ohne Einschaltverz\u00f6gerung und Inversbetrieb. (Hinweis: Der Inversbetrieb kann nur mit einer 2-stufigen Gebl\u00e4seeinsatz verwendet werden) - 1-Kanal-Betrieb mit Ansteuerung der Voll-\/Teillaststufe- automatischer Erkennung von 1 oder 4-Kanal-Betrieb- einstellbare Vorrangschaltung f\u00fcr den Lichtschalter- Stumm- und Volllastabschaltung.","og_url":"https:\/\/www.limodor.com\/de\/produkt\/steuerung-snr-tz-230v-steuerspannung-230vac\/","og_site_name":"Limodor DE","article_modified_time":"2026-05-14T03:57:12+00:00","twitter_card":"summary_large_image","twitter_misc":{"Gesch\u00e4tzte Lesezeit":"1\u00a0Minute"},"schema":{"@context":"https:\/\/schema.org","@graph":[{"@type":"WebPage","@id":"https:\/\/www.limodor.com\/de\/produkt\/steuerung-snr-tz-230v-steuerspannung-230vac\/","url":"https:\/\/www.limodor.com\/de\/produkt\/steuerung-snr-tz-230v-steuerspannung-230vac\/","name":"Steuerung SNR\/TZ-230V - LIMODOR","isPartOf":{"@id":"https:\/\/www.limodor.com\/de\/#website"},"primaryImageOfPage":{"@id":"https:\/\/www.limodor.com\/de\/produkt\/steuerung-snr-tz-230v-steuerspannung-230vac\/#primaryimage"},"image":{"@id":"https:\/\/www.limodor.com\/de\/produkt\/steuerung-snr-tz-230v-steuerspannung-230vac\/#primaryimage"},"thumbnailUrl":"https:\/\/www.limodor.com\/de\/wp-content\/uploads\/sites\/2\/2026\/02\/DE99115-6_Steuerung_SNR-TZ.png","datePublished":"2026-02-26T09:48:17+00:00","dateModified":"2026-05-14T03:57:12+00:00","breadcrumb":{"@id":"https:\/\/www.limodor.com\/de\/produkt\/steuerung-snr-tz-230v-steuerspannung-230vac\/#breadcrumb"},"inLanguage":"de","potentialAction":[{"@type":"ReadAction","target":["https:\/\/www.limodor.com\/de\/produkt\/steuerung-snr-tz-230v-steuerspannung-230vac\/"]}]},{"@type":"ImageObject","inLanguage":"de","@id":"https:\/\/www.limodor.com\/de\/produkt\/steuerung-snr-tz-230v-steuerspannung-230vac\/#primaryimage","url":"https:\/\/www.limodor.com\/de\/wp-content\/uploads\/sites\/2\/2026\/02\/DE99115-6_Steuerung_SNR-TZ.png","contentUrl":"https:\/\/www.limodor.com\/de\/wp-content\/uploads\/sites\/2\/2026\/02\/DE99115-6_Steuerung_SNR-TZ.png","width":1181,"height":1181},{"@type":"BreadcrumbList","@id":"https:\/\/www.limodor.com\/de\/produkt\/steuerung-snr-tz-230v-steuerspannung-230vac\/#breadcrumb","itemListElement":[{"@type":"ListItem","position":1,"name":"Startseite","item":"https:\/\/www.limodor.com\/de\/"},{"@type":"ListItem","position":2,"name":"Shop","item":"https:\/\/www.limodor.com\/de\/shop\/"},{"@type":"ListItem","position":3,"name":"Steuerung SNR\/TZ-230V Steuerspannung: 230VAC"}]},{"@type":"WebSite","@id":"https:\/\/www.limodor.com\/de\/#website","url":"https:\/\/www.limodor.com\/de\/","name":"Limodor DE","description":"","potentialAction":[{"@type":"SearchAction","target":{"@type":"EntryPoint","urlTemplate":"https:\/\/www.limodor.com\/de\/?s={search_term_string}"},"query-input":{"@type":"PropertyValueSpecification","valueRequired":true,"valueName":"search_term_string"}}],"inLanguage":"de"}]}},"_links":{"self":[{"href":"https:\/\/www.limodor.com\/de\/wp-json\/wp\/v2\/product\/44660","targetHints":{"allow":["GET"]}}],"collection":[{"href":"https:\/\/www.limodor.com\/de\/wp-json\/wp\/v2\/product"}],"about":[{"href":"https:\/\/www.limodor.com\/de\/wp-json\/wp\/v2\/types\/product"}],"wp:featuredmedia":[{"embeddable":true,"href":"https:\/\/www.limodor.com\/de\/wp-json\/wp\/v2\/media\/45170"}],"wp:attachment":[{"href":"https:\/\/www.limodor.com\/de\/wp-json\/wp\/v2\/media?parent=44660"}],"wp:term":[{"taxonomy":"product_brand","embeddable":true,"href":"https:\/\/www.limodor.com\/de\/wp-json\/wp\/v2\/product_brand?post=44660"},{"taxonomy":"product_cat","embeddable":true,"href":"https:\/\/www.limodor.com\/de\/wp-json\/wp\/v2\/product_cat?post=44660"},{"taxonomy":"product_tag","embeddable":true,"href":"https:\/\/www.limodor.com\/de\/wp-json\/wp\/v2\/product_tag?post=44660"}],"curies":[{"name":"wp","href":"https:\/\/api.w.org\/{rel}","templated":true}]}}