{"id":44663,"date":"2026-02-26T10:48:31","date_gmt":"2026-02-26T09:48:31","guid":{"rendered":"https:\/\/www.limodor.com\/de\/?post_type=product&#038;p=44663"},"modified":"2026-05-01T22:12:10","modified_gmt":"2026-05-01T20:12:10","slug":"nachlaufmodul-c-nr-tz-sa-grundmodul-fuer-serie-compact","status":"publish","type":"product","link":"https:\/\/www.limodor.com\/de\/produkt\/nachlaufmodul-c-nr-tz-sa-grundmodul-fuer-serie-compact\/","title":{"rendered":"Nachlaufmodul C-NR\/TZ-SA"},"content":{"rendered":"","protected":false},"excerpt":{"rendered":"<p>Steckbares Nachlauf- und Intervallmodul mit R\u00fcckstellfunktion und zentraler Ansteuerung (Spannungsabschaltung) zur Montage am Leistungsteil\/Motorsteuerung des Gebl\u00e4ses. Einstellung der Nachlauf-\/ Einschaltverz\u00f6gerungszeit und Inversbetrieb durch DIP-Schalter. Das Nachlaufmodul verf\u00fcgt \u00fcber einen Steckplatz zur Aufnahme des Zusatzmoduls (z.B.: Feuchteregler Serie C-FR (Version 4). Werkseitige Voreinstellung der DIP-Schalter: Nachlaufzeit 16 Min., ohne Einschaltverz\u00f6gerung und Inversbetrieb. (Hinweis: Der Inversbetrieb kann nur mit einem 2-stufigen Gebl\u00e4se compact verwendet werden).<\/p>\n","protected":false},"featured_media":45176,"template":"","meta":{"_acf_changed":false},"product_brand":[],"product_cat":[84,21,90],"product_tag":[],"class_list":{"0":"post-44663","1":"product","2":"type-product","3":"status-publish","4":"has-post-thumbnail","6":"product_cat-steuerungen","7":"product_cat-produktbezeichnung","8":"product_cat-limodor-compact","10":"first","11":"instock","12":"taxable","13":"shipping-taxable","14":"purchasable","15":"product-type-simple"},"acf":[],"yoast_head":"<!-- This site is optimized with the Yoast SEO plugin v24.8.1 - https:\/\/yoast.com\/wordpress\/plugins\/seo\/ -->\n<title>Nachlaufmodul C-NR\/TZ-SA - LIMODOR<\/title>\n<meta name=\"robots\" content=\"index, follow, max-snippet:-1, max-image-preview:large, max-video-preview:-1\" \/>\n<link rel=\"canonical\" href=\"https:\/\/www.limodor.com\/de\/produkt\/nachlaufmodul-c-nr-tz-sa-grundmodul-fuer-serie-compact\/\" \/>\n<meta property=\"og:locale\" content=\"de_DE\" \/>\n<meta property=\"og:type\" content=\"article\" \/>\n<meta property=\"og:title\" content=\"Nachlaufmodul C-NR\/TZ-SA - LIMODOR\" \/>\n<meta property=\"og:description\" content=\"Steckbares Nachlauf- und Intervallmodul mit R\u00fcckstellfunktion und zentraler Ansteuerung (Spannungsabschaltung) zur Montage am Leistungsteil\/Motorsteuerung des Gebl\u00e4ses. Einstellung der Nachlauf-\/ Einschaltverz\u00f6gerungszeit und Inversbetrieb durch DIP-Schalter. Das Nachlaufmodul verf\u00fcgt \u00fcber einen Steckplatz zur Aufnahme des Zusatzmoduls (z.B.: Feuchteregler Serie C-FR (Version 4). Werkseitige Voreinstellung der DIP-Schalter: Nachlaufzeit 16 Min., ohne Einschaltverz\u00f6gerung und Inversbetrieb. (Hinweis: Der Inversbetrieb kann nur mit einem 2-stufigen Gebl\u00e4se compact verwendet werden).\" \/>\n<meta property=\"og:url\" content=\"https:\/\/www.limodor.com\/de\/produkt\/nachlaufmodul-c-nr-tz-sa-grundmodul-fuer-serie-compact\/\" \/>\n<meta property=\"og:site_name\" content=\"Limodor DE\" \/>\n<meta property=\"article:modified_time\" content=\"2026-05-01T20:12:10+00:00\" \/>\n<meta name=\"twitter:card\" content=\"summary_large_image\" \/>\n<meta name=\"twitter:label1\" content=\"Gesch\u00e4tzte Lesezeit\" \/>\n\t<meta name=\"twitter:data1\" content=\"1\u00a0Minute\" \/>\n<script type=\"application\/ld+json\" class=\"yoast-schema-graph\">{\"@context\":\"https:\/\/schema.org\",\"@graph\":[{\"@type\":\"WebPage\",\"@id\":\"https:\/\/www.limodor.com\/de\/produkt\/nachlaufmodul-c-nr-tz-sa-grundmodul-fuer-serie-compact\/\",\"url\":\"https:\/\/www.limodor.com\/de\/produkt\/nachlaufmodul-c-nr-tz-sa-grundmodul-fuer-serie-compact\/\",\"name\":\"Nachlaufmodul C-NR\/TZ-SA - LIMODOR\",\"isPartOf\":{\"@id\":\"https:\/\/www.limodor.com\/de\/#website\"},\"primaryImageOfPage\":{\"@id\":\"https:\/\/www.limodor.com\/de\/produkt\/nachlaufmodul-c-nr-tz-sa-grundmodul-fuer-serie-compact\/#primaryimage\"},\"image\":{\"@id\":\"https:\/\/www.limodor.com\/de\/produkt\/nachlaufmodul-c-nr-tz-sa-grundmodul-fuer-serie-compact\/#primaryimage\"},\"thumbnailUrl\":\"https:\/\/www.limodor.com\/de\/wp-content\/uploads\/sites\/2\/2026\/02\/DE99119_Nachlaufmodul_C-NR-TZ-SA.png\",\"datePublished\":\"2026-02-26T09:48:31+00:00\",\"dateModified\":\"2026-05-01T20:12:10+00:00\",\"breadcrumb\":{\"@id\":\"https:\/\/www.limodor.com\/de\/produkt\/nachlaufmodul-c-nr-tz-sa-grundmodul-fuer-serie-compact\/#breadcrumb\"},\"inLanguage\":\"de\",\"potentialAction\":[{\"@type\":\"ReadAction\",\"target\":[\"https:\/\/www.limodor.com\/de\/produkt\/nachlaufmodul-c-nr-tz-sa-grundmodul-fuer-serie-compact\/\"]}]},{\"@type\":\"ImageObject\",\"inLanguage\":\"de\",\"@id\":\"https:\/\/www.limodor.com\/de\/produkt\/nachlaufmodul-c-nr-tz-sa-grundmodul-fuer-serie-compact\/#primaryimage\",\"url\":\"https:\/\/www.limodor.com\/de\/wp-content\/uploads\/sites\/2\/2026\/02\/DE99119_Nachlaufmodul_C-NR-TZ-SA.png\",\"contentUrl\":\"https:\/\/www.limodor.com\/de\/wp-content\/uploads\/sites\/2\/2026\/02\/DE99119_Nachlaufmodul_C-NR-TZ-SA.png\",\"width\":1181,\"height\":1181},{\"@type\":\"BreadcrumbList\",\"@id\":\"https:\/\/www.limodor.com\/de\/produkt\/nachlaufmodul-c-nr-tz-sa-grundmodul-fuer-serie-compact\/#breadcrumb\",\"itemListElement\":[{\"@type\":\"ListItem\",\"position\":1,\"name\":\"Startseite\",\"item\":\"https:\/\/www.limodor.com\/de\/\"},{\"@type\":\"ListItem\",\"position\":2,\"name\":\"Shop\",\"item\":\"https:\/\/www.limodor.com\/de\/shop\/\"},{\"@type\":\"ListItem\",\"position\":3,\"name\":\"Nachlaufmodul C-NR\/TZ-SA Grundmodul f\u00fcr Serie compact\"}]},{\"@type\":\"WebSite\",\"@id\":\"https:\/\/www.limodor.com\/de\/#website\",\"url\":\"https:\/\/www.limodor.com\/de\/\",\"name\":\"Limodor DE\",\"description\":\"\",\"potentialAction\":[{\"@type\":\"SearchAction\",\"target\":{\"@type\":\"EntryPoint\",\"urlTemplate\":\"https:\/\/www.limodor.com\/de\/?s={search_term_string}\"},\"query-input\":{\"@type\":\"PropertyValueSpecification\",\"valueRequired\":true,\"valueName\":\"search_term_string\"}}],\"inLanguage\":\"de\"}]}<\/script>\n<!-- \/ Yoast SEO plugin. -->","yoast_head_json":{"title":"Nachlaufmodul C-NR\/TZ-SA - LIMODOR","robots":{"index":"index","follow":"follow","max-snippet":"max-snippet:-1","max-image-preview":"max-image-preview:large","max-video-preview":"max-video-preview:-1"},"canonical":"https:\/\/www.limodor.com\/de\/produkt\/nachlaufmodul-c-nr-tz-sa-grundmodul-fuer-serie-compact\/","og_locale":"de_DE","og_type":"article","og_title":"Nachlaufmodul C-NR\/TZ-SA - LIMODOR","og_description":"Steckbares Nachlauf- und Intervallmodul mit R\u00fcckstellfunktion und zentraler Ansteuerung (Spannungsabschaltung) zur Montage am Leistungsteil\/Motorsteuerung des Gebl\u00e4ses. Einstellung der Nachlauf-\/ Einschaltverz\u00f6gerungszeit und Inversbetrieb durch DIP-Schalter. Das Nachlaufmodul verf\u00fcgt \u00fcber einen Steckplatz zur Aufnahme des Zusatzmoduls (z.B.: Feuchteregler Serie C-FR (Version 4). Werkseitige Voreinstellung der DIP-Schalter: Nachlaufzeit 16 Min., ohne Einschaltverz\u00f6gerung und Inversbetrieb. (Hinweis: Der Inversbetrieb kann nur mit einem 2-stufigen Gebl\u00e4se compact verwendet werden).","og_url":"https:\/\/www.limodor.com\/de\/produkt\/nachlaufmodul-c-nr-tz-sa-grundmodul-fuer-serie-compact\/","og_site_name":"Limodor DE","article_modified_time":"2026-05-01T20:12:10+00:00","twitter_card":"summary_large_image","twitter_misc":{"Gesch\u00e4tzte Lesezeit":"1\u00a0Minute"},"schema":{"@context":"https:\/\/schema.org","@graph":[{"@type":"WebPage","@id":"https:\/\/www.limodor.com\/de\/produkt\/nachlaufmodul-c-nr-tz-sa-grundmodul-fuer-serie-compact\/","url":"https:\/\/www.limodor.com\/de\/produkt\/nachlaufmodul-c-nr-tz-sa-grundmodul-fuer-serie-compact\/","name":"Nachlaufmodul C-NR\/TZ-SA - LIMODOR","isPartOf":{"@id":"https:\/\/www.limodor.com\/de\/#website"},"primaryImageOfPage":{"@id":"https:\/\/www.limodor.com\/de\/produkt\/nachlaufmodul-c-nr-tz-sa-grundmodul-fuer-serie-compact\/#primaryimage"},"image":{"@id":"https:\/\/www.limodor.com\/de\/produkt\/nachlaufmodul-c-nr-tz-sa-grundmodul-fuer-serie-compact\/#primaryimage"},"thumbnailUrl":"https:\/\/www.limodor.com\/de\/wp-content\/uploads\/sites\/2\/2026\/02\/DE99119_Nachlaufmodul_C-NR-TZ-SA.png","datePublished":"2026-02-26T09:48:31+00:00","dateModified":"2026-05-01T20:12:10+00:00","breadcrumb":{"@id":"https:\/\/www.limodor.com\/de\/produkt\/nachlaufmodul-c-nr-tz-sa-grundmodul-fuer-serie-compact\/#breadcrumb"},"inLanguage":"de","potentialAction":[{"@type":"ReadAction","target":["https:\/\/www.limodor.com\/de\/produkt\/nachlaufmodul-c-nr-tz-sa-grundmodul-fuer-serie-compact\/"]}]},{"@type":"ImageObject","inLanguage":"de","@id":"https:\/\/www.limodor.com\/de\/produkt\/nachlaufmodul-c-nr-tz-sa-grundmodul-fuer-serie-compact\/#primaryimage","url":"https:\/\/www.limodor.com\/de\/wp-content\/uploads\/sites\/2\/2026\/02\/DE99119_Nachlaufmodul_C-NR-TZ-SA.png","contentUrl":"https:\/\/www.limodor.com\/de\/wp-content\/uploads\/sites\/2\/2026\/02\/DE99119_Nachlaufmodul_C-NR-TZ-SA.png","width":1181,"height":1181},{"@type":"BreadcrumbList","@id":"https:\/\/www.limodor.com\/de\/produkt\/nachlaufmodul-c-nr-tz-sa-grundmodul-fuer-serie-compact\/#breadcrumb","itemListElement":[{"@type":"ListItem","position":1,"name":"Startseite","item":"https:\/\/www.limodor.com\/de\/"},{"@type":"ListItem","position":2,"name":"Shop","item":"https:\/\/www.limodor.com\/de\/shop\/"},{"@type":"ListItem","position":3,"name":"Nachlaufmodul C-NR\/TZ-SA Grundmodul f\u00fcr Serie compact"}]},{"@type":"WebSite","@id":"https:\/\/www.limodor.com\/de\/#website","url":"https:\/\/www.limodor.com\/de\/","name":"Limodor DE","description":"","potentialAction":[{"@type":"SearchAction","target":{"@type":"EntryPoint","urlTemplate":"https:\/\/www.limodor.com\/de\/?s={search_term_string}"},"query-input":{"@type":"PropertyValueSpecification","valueRequired":true,"valueName":"search_term_string"}}],"inLanguage":"de"}]}},"_links":{"self":[{"href":"https:\/\/www.limodor.com\/de\/wp-json\/wp\/v2\/product\/44663","targetHints":{"allow":["GET"]}}],"collection":[{"href":"https:\/\/www.limodor.com\/de\/wp-json\/wp\/v2\/product"}],"about":[{"href":"https:\/\/www.limodor.com\/de\/wp-json\/wp\/v2\/types\/product"}],"wp:featuredmedia":[{"embeddable":true,"href":"https:\/\/www.limodor.com\/de\/wp-json\/wp\/v2\/media\/45176"}],"wp:attachment":[{"href":"https:\/\/www.limodor.com\/de\/wp-json\/wp\/v2\/media?parent=44663"}],"wp:term":[{"taxonomy":"product_brand","embeddable":true,"href":"https:\/\/www.limodor.com\/de\/wp-json\/wp\/v2\/product_brand?post=44663"},{"taxonomy":"product_cat","embeddable":true,"href":"https:\/\/www.limodor.com\/de\/wp-json\/wp\/v2\/product_cat?post=44663"},{"taxonomy":"product_tag","embeddable":true,"href":"https:\/\/www.limodor.com\/de\/wp-json\/wp\/v2\/product_tag?post=44663"}],"curies":[{"name":"wp","href":"https:\/\/api.w.org\/{rel}","templated":true}]}}