{"id":44680,"date":"2026-02-26T10:48:36","date_gmt":"2026-02-26T09:48:36","guid":{"rendered":"https:\/\/www.limodor.com\/de\/?post_type=product&#038;p=44680"},"modified":"2026-05-13T18:26:22","modified_gmt":"2026-05-13T16:26:22","slug":"deckel-glattflaechig-lf-elf-fuer-serie-lf-elf-60-100-ii","status":"publish","type":"product","link":"https:\/\/www.limodor.com\/de\/produkt\/deckel-glattflaechig-lf-elf-fuer-serie-lf-elf-60-100-ii\/","title":{"rendered":"Deckel glattfl\u00e4chig"},"content":{"rendered":"","protected":false},"excerpt":{"rendered":"<p>Deckel glattfl\u00e4chig bestehend aus Geh\u00e4usedeckel, Filter (Filterklasse ISO Coarse >45%), Regulierplatte und Abdeckplatte glattfl\u00e4chig.<\/p>\n","protected":false},"featured_media":44724,"template":"","meta":{"_acf_changed":false},"product_brand":[],"product_cat":[93,21,106],"product_tag":[],"class_list":{"0":"post-44680","1":"product","2":"type-product","3":"status-publish","4":"has-post-thumbnail","6":"product_cat-gehaeuseteile","7":"product_cat-produktbezeichnung","8":"product_cat-limodor-elf","10":"first","11":"instock","12":"taxable","13":"shipping-taxable","14":"purchasable","15":"product-type-simple"},"acf":[],"yoast_head":"<!-- This site is optimized with the Yoast SEO plugin v24.8.1 - https:\/\/yoast.com\/wordpress\/plugins\/seo\/ -->\n<title>Deckel glattfl\u00e4chig - LIMODOR<\/title>\n<meta name=\"robots\" content=\"index, follow, max-snippet:-1, max-image-preview:large, max-video-preview:-1\" \/>\n<link rel=\"canonical\" href=\"https:\/\/www.limodor.com\/de\/produkt\/deckel-glattflaechig-lf-elf-fuer-serie-lf-elf-60-100-ii\/\" \/>\n<meta property=\"og:locale\" content=\"de_DE\" \/>\n<meta property=\"og:type\" content=\"article\" \/>\n<meta property=\"og:title\" content=\"Deckel glattfl\u00e4chig - LIMODOR\" \/>\n<meta property=\"og:description\" content=\"Deckel glattfl\u00e4chig bestehend aus Geh\u00e4usedeckel, Filter (Filterklasse ISO Coarse &gt;45%), Regulierplatte und Abdeckplatte glattfl\u00e4chig.\" \/>\n<meta property=\"og:url\" content=\"https:\/\/www.limodor.com\/de\/produkt\/deckel-glattflaechig-lf-elf-fuer-serie-lf-elf-60-100-ii\/\" \/>\n<meta property=\"og:site_name\" content=\"Limodor DE\" \/>\n<meta property=\"article:modified_time\" content=\"2026-05-13T16:26:22+00:00\" \/>\n<meta name=\"twitter:card\" content=\"summary_large_image\" \/>\n<meta name=\"twitter:label1\" content=\"Gesch\u00e4tzte Lesezeit\" \/>\n\t<meta name=\"twitter:data1\" content=\"1\u00a0Minute\" \/>\n<script type=\"application\/ld+json\" class=\"yoast-schema-graph\">{\"@context\":\"https:\/\/schema.org\",\"@graph\":[{\"@type\":\"WebPage\",\"@id\":\"https:\/\/www.limodor.com\/de\/produkt\/deckel-glattflaechig-lf-elf-fuer-serie-lf-elf-60-100-ii\/\",\"url\":\"https:\/\/www.limodor.com\/de\/produkt\/deckel-glattflaechig-lf-elf-fuer-serie-lf-elf-60-100-ii\/\",\"name\":\"Deckel glattfl\u00e4chig - LIMODOR\",\"isPartOf\":{\"@id\":\"https:\/\/www.limodor.com\/de\/#website\"},\"primaryImageOfPage\":{\"@id\":\"https:\/\/www.limodor.com\/de\/produkt\/deckel-glattflaechig-lf-elf-fuer-serie-lf-elf-60-100-ii\/#primaryimage\"},\"image\":{\"@id\":\"https:\/\/www.limodor.com\/de\/produkt\/deckel-glattflaechig-lf-elf-fuer-serie-lf-elf-60-100-ii\/#primaryimage\"},\"thumbnailUrl\":\"https:\/\/www.limodor.com\/de\/wp-content\/uploads\/sites\/2\/2026\/02\/DE00003_Deckel-glatt.png\",\"datePublished\":\"2026-02-26T09:48:36+00:00\",\"dateModified\":\"2026-05-13T16:26:22+00:00\",\"breadcrumb\":{\"@id\":\"https:\/\/www.limodor.com\/de\/produkt\/deckel-glattflaechig-lf-elf-fuer-serie-lf-elf-60-100-ii\/#breadcrumb\"},\"inLanguage\":\"de\",\"potentialAction\":[{\"@type\":\"ReadAction\",\"target\":[\"https:\/\/www.limodor.com\/de\/produkt\/deckel-glattflaechig-lf-elf-fuer-serie-lf-elf-60-100-ii\/\"]}]},{\"@type\":\"ImageObject\",\"inLanguage\":\"de\",\"@id\":\"https:\/\/www.limodor.com\/de\/produkt\/deckel-glattflaechig-lf-elf-fuer-serie-lf-elf-60-100-ii\/#primaryimage\",\"url\":\"https:\/\/www.limodor.com\/de\/wp-content\/uploads\/sites\/2\/2026\/02\/DE00003_Deckel-glatt.png\",\"contentUrl\":\"https:\/\/www.limodor.com\/de\/wp-content\/uploads\/sites\/2\/2026\/02\/DE00003_Deckel-glatt.png\",\"width\":1181,\"height\":1181},{\"@type\":\"BreadcrumbList\",\"@id\":\"https:\/\/www.limodor.com\/de\/produkt\/deckel-glattflaechig-lf-elf-fuer-serie-lf-elf-60-100-ii\/#breadcrumb\",\"itemListElement\":[{\"@type\":\"ListItem\",\"position\":1,\"name\":\"Startseite\",\"item\":\"https:\/\/www.limodor.com\/de\/\"},{\"@type\":\"ListItem\",\"position\":2,\"name\":\"Shop\",\"item\":\"https:\/\/www.limodor.com\/de\/shop\/\"},{\"@type\":\"ListItem\",\"position\":3,\"name\":\"Deckel glattfl\u00e4chig LF\/ELF f\u00fcr Serie LF\/ELF 60\/100\/-II\"}]},{\"@type\":\"WebSite\",\"@id\":\"https:\/\/www.limodor.com\/de\/#website\",\"url\":\"https:\/\/www.limodor.com\/de\/\",\"name\":\"Limodor DE\",\"description\":\"\",\"potentialAction\":[{\"@type\":\"SearchAction\",\"target\":{\"@type\":\"EntryPoint\",\"urlTemplate\":\"https:\/\/www.limodor.com\/de\/?s={search_term_string}\"},\"query-input\":{\"@type\":\"PropertyValueSpecification\",\"valueRequired\":true,\"valueName\":\"search_term_string\"}}],\"inLanguage\":\"de\"}]}<\/script>\n<!-- \/ Yoast SEO plugin. -->","yoast_head_json":{"title":"Deckel glattfl\u00e4chig - LIMODOR","robots":{"index":"index","follow":"follow","max-snippet":"max-snippet:-1","max-image-preview":"max-image-preview:large","max-video-preview":"max-video-preview:-1"},"canonical":"https:\/\/www.limodor.com\/de\/produkt\/deckel-glattflaechig-lf-elf-fuer-serie-lf-elf-60-100-ii\/","og_locale":"de_DE","og_type":"article","og_title":"Deckel glattfl\u00e4chig - LIMODOR","og_description":"Deckel glattfl\u00e4chig bestehend aus Geh\u00e4usedeckel, Filter (Filterklasse ISO Coarse >45%), Regulierplatte und Abdeckplatte glattfl\u00e4chig.","og_url":"https:\/\/www.limodor.com\/de\/produkt\/deckel-glattflaechig-lf-elf-fuer-serie-lf-elf-60-100-ii\/","og_site_name":"Limodor DE","article_modified_time":"2026-05-13T16:26:22+00:00","twitter_card":"summary_large_image","twitter_misc":{"Gesch\u00e4tzte Lesezeit":"1\u00a0Minute"},"schema":{"@context":"https:\/\/schema.org","@graph":[{"@type":"WebPage","@id":"https:\/\/www.limodor.com\/de\/produkt\/deckel-glattflaechig-lf-elf-fuer-serie-lf-elf-60-100-ii\/","url":"https:\/\/www.limodor.com\/de\/produkt\/deckel-glattflaechig-lf-elf-fuer-serie-lf-elf-60-100-ii\/","name":"Deckel glattfl\u00e4chig - LIMODOR","isPartOf":{"@id":"https:\/\/www.limodor.com\/de\/#website"},"primaryImageOfPage":{"@id":"https:\/\/www.limodor.com\/de\/produkt\/deckel-glattflaechig-lf-elf-fuer-serie-lf-elf-60-100-ii\/#primaryimage"},"image":{"@id":"https:\/\/www.limodor.com\/de\/produkt\/deckel-glattflaechig-lf-elf-fuer-serie-lf-elf-60-100-ii\/#primaryimage"},"thumbnailUrl":"https:\/\/www.limodor.com\/de\/wp-content\/uploads\/sites\/2\/2026\/02\/DE00003_Deckel-glatt.png","datePublished":"2026-02-26T09:48:36+00:00","dateModified":"2026-05-13T16:26:22+00:00","breadcrumb":{"@id":"https:\/\/www.limodor.com\/de\/produkt\/deckel-glattflaechig-lf-elf-fuer-serie-lf-elf-60-100-ii\/#breadcrumb"},"inLanguage":"de","potentialAction":[{"@type":"ReadAction","target":["https:\/\/www.limodor.com\/de\/produkt\/deckel-glattflaechig-lf-elf-fuer-serie-lf-elf-60-100-ii\/"]}]},{"@type":"ImageObject","inLanguage":"de","@id":"https:\/\/www.limodor.com\/de\/produkt\/deckel-glattflaechig-lf-elf-fuer-serie-lf-elf-60-100-ii\/#primaryimage","url":"https:\/\/www.limodor.com\/de\/wp-content\/uploads\/sites\/2\/2026\/02\/DE00003_Deckel-glatt.png","contentUrl":"https:\/\/www.limodor.com\/de\/wp-content\/uploads\/sites\/2\/2026\/02\/DE00003_Deckel-glatt.png","width":1181,"height":1181},{"@type":"BreadcrumbList","@id":"https:\/\/www.limodor.com\/de\/produkt\/deckel-glattflaechig-lf-elf-fuer-serie-lf-elf-60-100-ii\/#breadcrumb","itemListElement":[{"@type":"ListItem","position":1,"name":"Startseite","item":"https:\/\/www.limodor.com\/de\/"},{"@type":"ListItem","position":2,"name":"Shop","item":"https:\/\/www.limodor.com\/de\/shop\/"},{"@type":"ListItem","position":3,"name":"Deckel glattfl\u00e4chig LF\/ELF f\u00fcr Serie LF\/ELF 60\/100\/-II"}]},{"@type":"WebSite","@id":"https:\/\/www.limodor.com\/de\/#website","url":"https:\/\/www.limodor.com\/de\/","name":"Limodor DE","description":"","potentialAction":[{"@type":"SearchAction","target":{"@type":"EntryPoint","urlTemplate":"https:\/\/www.limodor.com\/de\/?s={search_term_string}"},"query-input":{"@type":"PropertyValueSpecification","valueRequired":true,"valueName":"search_term_string"}}],"inLanguage":"de"}]}},"_links":{"self":[{"href":"https:\/\/www.limodor.com\/de\/wp-json\/wp\/v2\/product\/44680","targetHints":{"allow":["GET"]}}],"collection":[{"href":"https:\/\/www.limodor.com\/de\/wp-json\/wp\/v2\/product"}],"about":[{"href":"https:\/\/www.limodor.com\/de\/wp-json\/wp\/v2\/types\/product"}],"wp:featuredmedia":[{"embeddable":true,"href":"https:\/\/www.limodor.com\/de\/wp-json\/wp\/v2\/media\/44724"}],"wp:attachment":[{"href":"https:\/\/www.limodor.com\/de\/wp-json\/wp\/v2\/media?parent=44680"}],"wp:term":[{"taxonomy":"product_brand","embeddable":true,"href":"https:\/\/www.limodor.com\/de\/wp-json\/wp\/v2\/product_brand?post=44680"},{"taxonomy":"product_cat","embeddable":true,"href":"https:\/\/www.limodor.com\/de\/wp-json\/wp\/v2\/product_cat?post=44680"},{"taxonomy":"product_tag","embeddable":true,"href":"https:\/\/www.limodor.com\/de\/wp-json\/wp\/v2\/product_tag?post=44680"}],"curies":[{"name":"wp","href":"https:\/\/api.w.org\/{rel}","templated":true}]}}