{"id":45432,"date":"2026-03-06T11:56:54","date_gmt":"2026-03-06T10:56:54","guid":{"rendered":"https:\/\/www.limodor.com\/de\/?post_type=product&#038;p=45432"},"modified":"2026-05-05T23:56:24","modified_gmt":"2026-05-05T21:56:24","slug":"luftkanal-set-dn160-v2a","status":"publish","type":"product","link":"https:\/\/www.limodor.com\/de\/produkt\/luftkanal-set-dn160-v2a\/","title":{"rendered":"Luftkanal-Set DN160\/V2A"},"content":{"rendered":"","protected":false},"excerpt":{"rendered":"<p>L\u00fcftungsrohr aus Polypropylen (PP) f\u00fcr die Zu-\/Abluftf\u00fchrung in Kellerbereiche mit T-St\u00fcckanbindung inklusive Kondensatablauf und Zwischenelement. Das runde Aufsatzelement (Turm) mit L\u00fcftungslamellen besteht aus wetterbest\u00e4ndigem Edelstahl (V2A). Montagem\u00f6glichkeiten bzw. Fixierung der Kanalsetbauteile mittels Rohrschellen an der Wand. F\u00fcr die Montage des Aufsatzelementes wird ein bauseitiger Fundamentsockel ben\u00f6tigt. Abdichtung der Rohrdurchf\u00fchrung gegen\u00fcber Mauerwerk bauseitig. Das Luftkanal-Set DN160 ist in Kombination mit einem Wandl\u00fcfter Serie AIRODOR f\u00fcr die Zu-\/Abluftf\u00fchrung von Kellerr\u00e4umen verwendbar. Die Einbauh\u00fclse Airodor\/L500 oder L800 ist kompatibel mit der T-St\u00fcck-Anbindung.<\/p>\n","protected":false},"featured_media":45503,"template":"","meta":{"_acf_changed":false},"product_brand":[],"product_cat":[85],"product_tag":[],"class_list":{"0":"post-45432","1":"product","2":"type-product","3":"status-publish","4":"has-post-thumbnail","6":"product_cat-sonstiges-zubehoer","8":"first","9":"instock","10":"taxable","11":"shipping-taxable","12":"purchasable","13":"product-type-simple"},"acf":[],"yoast_head":"<!-- This site is optimized with the Yoast SEO plugin v24.8.1 - https:\/\/yoast.com\/wordpress\/plugins\/seo\/ -->\n<title>Luftkanal-Set DN160\/V2A - LIMODOR<\/title>\n<meta name=\"robots\" content=\"index, follow, max-snippet:-1, max-image-preview:large, max-video-preview:-1\" \/>\n<link rel=\"canonical\" href=\"https:\/\/www.limodor.com\/de\/produkt\/luftkanal-set-dn160-v2a\/\" \/>\n<meta property=\"og:locale\" content=\"de_DE\" \/>\n<meta property=\"og:type\" content=\"article\" \/>\n<meta property=\"og:title\" content=\"Luftkanal-Set DN160\/V2A - LIMODOR\" \/>\n<meta property=\"og:description\" content=\"L\u00fcftungsrohr aus Polypropylen (PP) f\u00fcr die Zu-\/Abluftf\u00fchrung in Kellerbereiche mit T-St\u00fcckanbindung inklusive Kondensatablauf und Zwischenelement. Das runde Aufsatzelement (Turm) mit L\u00fcftungslamellen besteht aus wetterbest\u00e4ndigem Edelstahl (V2A). Montagem\u00f6glichkeiten bzw. Fixierung der Kanalsetbauteile mittels Rohrschellen an der Wand. F\u00fcr die Montage des Aufsatzelementes wird ein bauseitiger Fundamentsockel ben\u00f6tigt. Abdichtung der Rohrdurchf\u00fchrung gegen\u00fcber Mauerwerk bauseitig. Das Luftkanal-Set DN160 ist in Kombination mit einem Wandl\u00fcfter Serie AIRODOR f\u00fcr die Zu-\/Abluftf\u00fchrung von Kellerr\u00e4umen verwendbar. Die Einbauh\u00fclse Airodor\/L500 oder L800 ist kompatibel mit der T-St\u00fcck-Anbindung.\" \/>\n<meta property=\"og:url\" content=\"https:\/\/www.limodor.com\/de\/produkt\/luftkanal-set-dn160-v2a\/\" \/>\n<meta property=\"og:site_name\" content=\"Limodor DE\" \/>\n<meta property=\"article:modified_time\" content=\"2026-05-05T21:56:24+00:00\" \/>\n<meta property=\"og:image\" content=\"https:\/\/www.limodor.com\/de\/wp-content\/uploads\/sites\/2\/2026\/03\/DE98300_SetDN160-V2A.png\" \/>\n\t<meta property=\"og:image:width\" content=\"1575\" \/>\n\t<meta property=\"og:image:height\" content=\"1575\" \/>\n\t<meta property=\"og:image:type\" content=\"image\/png\" \/>\n<meta name=\"twitter:card\" content=\"summary_large_image\" \/>\n<meta name=\"twitter:label1\" content=\"Gesch\u00e4tzte Lesezeit\" \/>\n\t<meta name=\"twitter:data1\" content=\"1\u00a0Minute\" \/>\n<script type=\"application\/ld+json\" class=\"yoast-schema-graph\">{\"@context\":\"https:\/\/schema.org\",\"@graph\":[{\"@type\":\"WebPage\",\"@id\":\"https:\/\/www.limodor.com\/de\/produkt\/luftkanal-set-dn160-v2a\/\",\"url\":\"https:\/\/www.limodor.com\/de\/produkt\/luftkanal-set-dn160-v2a\/\",\"name\":\"Luftkanal-Set DN160\/V2A - LIMODOR\",\"isPartOf\":{\"@id\":\"https:\/\/www.limodor.com\/de\/#website\"},\"primaryImageOfPage\":{\"@id\":\"https:\/\/www.limodor.com\/de\/produkt\/luftkanal-set-dn160-v2a\/#primaryimage\"},\"image\":{\"@id\":\"https:\/\/www.limodor.com\/de\/produkt\/luftkanal-set-dn160-v2a\/#primaryimage\"},\"thumbnailUrl\":\"https:\/\/www.limodor.com\/de\/wp-content\/uploads\/sites\/2\/2026\/03\/DE98300_SetDN160-V2A.png\",\"datePublished\":\"2026-03-06T10:56:54+00:00\",\"dateModified\":\"2026-05-05T21:56:24+00:00\",\"breadcrumb\":{\"@id\":\"https:\/\/www.limodor.com\/de\/produkt\/luftkanal-set-dn160-v2a\/#breadcrumb\"},\"inLanguage\":\"de\",\"potentialAction\":[{\"@type\":\"ReadAction\",\"target\":[\"https:\/\/www.limodor.com\/de\/produkt\/luftkanal-set-dn160-v2a\/\"]}]},{\"@type\":\"ImageObject\",\"inLanguage\":\"de\",\"@id\":\"https:\/\/www.limodor.com\/de\/produkt\/luftkanal-set-dn160-v2a\/#primaryimage\",\"url\":\"https:\/\/www.limodor.com\/de\/wp-content\/uploads\/sites\/2\/2026\/03\/DE98300_SetDN160-V2A.png\",\"contentUrl\":\"https:\/\/www.limodor.com\/de\/wp-content\/uploads\/sites\/2\/2026\/03\/DE98300_SetDN160-V2A.png\",\"width\":1575,\"height\":1575},{\"@type\":\"BreadcrumbList\",\"@id\":\"https:\/\/www.limodor.com\/de\/produkt\/luftkanal-set-dn160-v2a\/#breadcrumb\",\"itemListElement\":[{\"@type\":\"ListItem\",\"position\":1,\"name\":\"Startseite\",\"item\":\"https:\/\/www.limodor.com\/de\/\"},{\"@type\":\"ListItem\",\"position\":2,\"name\":\"Shop\",\"item\":\"https:\/\/www.limodor.com\/de\/shop\/\"},{\"@type\":\"ListItem\",\"position\":3,\"name\":\"Luftkanal-Set DN160\/V2A\"}]},{\"@type\":\"WebSite\",\"@id\":\"https:\/\/www.limodor.com\/de\/#website\",\"url\":\"https:\/\/www.limodor.com\/de\/\",\"name\":\"Limodor DE\",\"description\":\"\",\"potentialAction\":[{\"@type\":\"SearchAction\",\"target\":{\"@type\":\"EntryPoint\",\"urlTemplate\":\"https:\/\/www.limodor.com\/de\/?s={search_term_string}\"},\"query-input\":{\"@type\":\"PropertyValueSpecification\",\"valueRequired\":true,\"valueName\":\"search_term_string\"}}],\"inLanguage\":\"de\"}]}<\/script>\n<!-- \/ Yoast SEO plugin. -->","yoast_head_json":{"title":"Luftkanal-Set DN160\/V2A - LIMODOR","robots":{"index":"index","follow":"follow","max-snippet":"max-snippet:-1","max-image-preview":"max-image-preview:large","max-video-preview":"max-video-preview:-1"},"canonical":"https:\/\/www.limodor.com\/de\/produkt\/luftkanal-set-dn160-v2a\/","og_locale":"de_DE","og_type":"article","og_title":"Luftkanal-Set DN160\/V2A - LIMODOR","og_description":"L\u00fcftungsrohr aus Polypropylen (PP) f\u00fcr die Zu-\/Abluftf\u00fchrung in Kellerbereiche mit T-St\u00fcckanbindung inklusive Kondensatablauf und Zwischenelement. Das runde Aufsatzelement (Turm) mit L\u00fcftungslamellen besteht aus wetterbest\u00e4ndigem Edelstahl (V2A). Montagem\u00f6glichkeiten bzw. Fixierung der Kanalsetbauteile mittels Rohrschellen an der Wand. F\u00fcr die Montage des Aufsatzelementes wird ein bauseitiger Fundamentsockel ben\u00f6tigt. Abdichtung der Rohrdurchf\u00fchrung gegen\u00fcber Mauerwerk bauseitig. Das Luftkanal-Set DN160 ist in Kombination mit einem Wandl\u00fcfter Serie AIRODOR f\u00fcr die Zu-\/Abluftf\u00fchrung von Kellerr\u00e4umen verwendbar. Die Einbauh\u00fclse Airodor\/L500 oder L800 ist kompatibel mit der T-St\u00fcck-Anbindung.","og_url":"https:\/\/www.limodor.com\/de\/produkt\/luftkanal-set-dn160-v2a\/","og_site_name":"Limodor DE","article_modified_time":"2026-05-05T21:56:24+00:00","og_image":[{"width":1575,"height":1575,"url":"https:\/\/www.limodor.com\/de\/wp-content\/uploads\/sites\/2\/2026\/03\/DE98300_SetDN160-V2A.png","type":"image\/png"}],"twitter_card":"summary_large_image","twitter_misc":{"Gesch\u00e4tzte Lesezeit":"1\u00a0Minute"},"schema":{"@context":"https:\/\/schema.org","@graph":[{"@type":"WebPage","@id":"https:\/\/www.limodor.com\/de\/produkt\/luftkanal-set-dn160-v2a\/","url":"https:\/\/www.limodor.com\/de\/produkt\/luftkanal-set-dn160-v2a\/","name":"Luftkanal-Set DN160\/V2A - LIMODOR","isPartOf":{"@id":"https:\/\/www.limodor.com\/de\/#website"},"primaryImageOfPage":{"@id":"https:\/\/www.limodor.com\/de\/produkt\/luftkanal-set-dn160-v2a\/#primaryimage"},"image":{"@id":"https:\/\/www.limodor.com\/de\/produkt\/luftkanal-set-dn160-v2a\/#primaryimage"},"thumbnailUrl":"https:\/\/www.limodor.com\/de\/wp-content\/uploads\/sites\/2\/2026\/03\/DE98300_SetDN160-V2A.png","datePublished":"2026-03-06T10:56:54+00:00","dateModified":"2026-05-05T21:56:24+00:00","breadcrumb":{"@id":"https:\/\/www.limodor.com\/de\/produkt\/luftkanal-set-dn160-v2a\/#breadcrumb"},"inLanguage":"de","potentialAction":[{"@type":"ReadAction","target":["https:\/\/www.limodor.com\/de\/produkt\/luftkanal-set-dn160-v2a\/"]}]},{"@type":"ImageObject","inLanguage":"de","@id":"https:\/\/www.limodor.com\/de\/produkt\/luftkanal-set-dn160-v2a\/#primaryimage","url":"https:\/\/www.limodor.com\/de\/wp-content\/uploads\/sites\/2\/2026\/03\/DE98300_SetDN160-V2A.png","contentUrl":"https:\/\/www.limodor.com\/de\/wp-content\/uploads\/sites\/2\/2026\/03\/DE98300_SetDN160-V2A.png","width":1575,"height":1575},{"@type":"BreadcrumbList","@id":"https:\/\/www.limodor.com\/de\/produkt\/luftkanal-set-dn160-v2a\/#breadcrumb","itemListElement":[{"@type":"ListItem","position":1,"name":"Startseite","item":"https:\/\/www.limodor.com\/de\/"},{"@type":"ListItem","position":2,"name":"Shop","item":"https:\/\/www.limodor.com\/de\/shop\/"},{"@type":"ListItem","position":3,"name":"Luftkanal-Set DN160\/V2A"}]},{"@type":"WebSite","@id":"https:\/\/www.limodor.com\/de\/#website","url":"https:\/\/www.limodor.com\/de\/","name":"Limodor DE","description":"","potentialAction":[{"@type":"SearchAction","target":{"@type":"EntryPoint","urlTemplate":"https:\/\/www.limodor.com\/de\/?s={search_term_string}"},"query-input":{"@type":"PropertyValueSpecification","valueRequired":true,"valueName":"search_term_string"}}],"inLanguage":"de"}]}},"_links":{"self":[{"href":"https:\/\/www.limodor.com\/de\/wp-json\/wp\/v2\/product\/45432","targetHints":{"allow":["GET"]}}],"collection":[{"href":"https:\/\/www.limodor.com\/de\/wp-json\/wp\/v2\/product"}],"about":[{"href":"https:\/\/www.limodor.com\/de\/wp-json\/wp\/v2\/types\/product"}],"wp:featuredmedia":[{"embeddable":true,"href":"https:\/\/www.limodor.com\/de\/wp-json\/wp\/v2\/media\/45503"}],"wp:attachment":[{"href":"https:\/\/www.limodor.com\/de\/wp-json\/wp\/v2\/media?parent=45432"}],"wp:term":[{"taxonomy":"product_brand","embeddable":true,"href":"https:\/\/www.limodor.com\/de\/wp-json\/wp\/v2\/product_brand?post=45432"},{"taxonomy":"product_cat","embeddable":true,"href":"https:\/\/www.limodor.com\/de\/wp-json\/wp\/v2\/product_cat?post=45432"},{"taxonomy":"product_tag","embeddable":true,"href":"https:\/\/www.limodor.com\/de\/wp-json\/wp\/v2\/product_tag?post=45432"}],"curies":[{"name":"wp","href":"https:\/\/api.w.org\/{rel}","templated":true}]}}